{"id":36019,"date":"2025-09-19T22:50:11","date_gmt":"2025-09-19T19:50:11","guid":{"rendered":"https:\/\/keluvo.com\/se\/product\/plastpasar\/"},"modified":"2025-10-14T18:35:07","modified_gmt":"2025-10-14T15:35:07","slug":"plastpasar","status":"publish","type":"product","link":"https:\/\/keluvo.com\/se\/product\/plastpasar\/","title":{"rendered":"Plastp\u00e5sar"},"content":{"rendered":"<p style=\"text-align: center\" data-start=\"107\" data-end=\"163\"><strong>\ud83d\udca7 Res L\u00e4tt, H\u00e5ll Dig Organiserad \u2014 Och Spill Aldrig Igen!<\/strong><\/p>\n<p style=\"text-align: center\" data-start=\"165\" data-end=\"354\">Dessa p\u00e5fyllningsbara plastp\u00e5sar \u00e4r perfekta f\u00f6r att transportera schampo, lotion, reng\u00f6ringsmedel och mycket mer samtidigt som din v\u00e4ska h\u00e5lls fri fr\u00e5n kladd och \u00e4r TSA-klar.<\/p>\n<p data-start=\"165\" data-end=\"354\"><img decoding=\"async\" class=\"size-full wp-image-28625 aligncenter\" src=\"https:\/\/keluvo.com\/template\/wp-content\/uploads\/sites\/5\/2025\/07\/ed48cf8608560bf4974837889f70473559351ff5.webp\" alt=\"\" \/><\/p>\n<h2 style=\"text-align: center\" data-start=\"356\" data-end=\"376\">\u2705 Huvud Benefits<\/h2>\n<p data-start=\"379\" data-end=\"428\">\u2708\ufe0f Idealisk f\u00f6r flygning \u2014 uppfyller reglerna f\u00f6r v\u00e4tskeresor<\/p>\n<p data-start=\"431\" data-end=\"484\">\ud83d\udca6 L\u00e4cks\u00e4kra, kl\u00e4mbara flaskor h\u00e5ller v\u00e4tskor s\u00e4kra<\/p>\n<p data-start=\"487\" data-end=\"532\">\ud83e\uddfc Enkel pumpdispensering \u2014 ingen r\u00f6ra, inget avfall<\/p>\n<p data-start=\"535\" data-end=\"598\">\ud83c\udf92 L\u00e4tt och kompakt f\u00f6r handv\u00e4skor, gymv\u00e4skor eller backpacks<\/p>\n<p data-start=\"601\" data-end=\"636\">\u267b\ufe0f \u00c5teranv\u00e4ndbar och milj\u00f6v\u00e4nlig design<\/p>\n<p data-start=\"601\" data-end=\"636\"><img decoding=\"async\" class=\"size-full wp-image-28624 aligncenter\" src=\"https:\/\/keluvo.com\/template\/wp-content\/uploads\/sites\/5\/2025\/07\/S4561b744e98e422e8300d0af1046b752e.jpg_960x960q75.jpg_.avif\" alt=\"\" \/><\/p>\n<h2 style=\"text-align: center\" data-start=\"638\" data-end=\"657\">\ud83d\udee0\ufe0f Hur Man Anv\u00e4nder<\/h2>\n<ol data-start=\"658\" data-end=\"816\">\n<li data-start=\"658\" data-end=\"717\">\n<p data-start=\"661\" data-end=\"717\">Skruva loss och fyll varje flaska med din flytande produkt.<\/p>\n<\/li>\n<li data-start=\"718\" data-end=\"758\">\n<p data-start=\"721\" data-end=\"758\">Tryck f\u00f6r att pumpa n\u00e4r du beh\u00f6ver anv\u00e4nda produkten \u2014 enkelt och rent!<\/p>\n<\/li>\n<li data-start=\"759\" data-end=\"816\">\n<p data-start=\"762\" data-end=\"816\">Press to pump when you need to use \u2014 simple and clean!<\/p>\n<\/li>\n<\/ol>\n<h2 style=\"text-align: center\" data-start=\"818\" data-end=\"841\">\ud83d\udccf Produktdetaljer<\/h2>\n<ul data-start=\"842\" data-end=\"999\">\n<li data-start=\"893\" data-end=\"930\">\n<p data-start=\"895\" data-end=\"930\">T\u00e5lig transparent v\u00e4ska med blixtl\u00e5s<\/p>\n<\/li>\n<li data-start=\"931\" data-end=\"964\">\n<p data-start=\"933\" data-end=\"964\">Kompakt och godk\u00e4nd f\u00f6r handbagage<\/p>\n<\/li>\n<li data-start=\"965\" data-end=\"999\">\n<p data-start=\"967\" data-end=\"999\">Tillverkad av BPA-fri, s\u00e4ker plast<\/p>\n<\/li>\n<\/ul>\n<h2 style=\"text-align: center\" data-start=\"1001\" data-end=\"1025\">\ud83d\udce6 F\u00f6rpackningen Inneh\u00e5ller<\/h2>\n<ul data-start=\"1026\" data-end=\"1116\">\n<li data-start=\"1026\" data-end=\"1055\">5, 10, 50x plastp\u00e5sar.<\/li>\n<\/ul>\n","protected":false},"excerpt":{"rendered":"<p>\ud83d\udca7 Res L\u00e4tt, H\u00e5ll Dig Organiserad \u2014 Och Spill Aldrig Igen! Dessa p\u00e5fyllningsbara plastp\u00e5sar \u00e4r perfekta f\u00f6r att transportera schampo, [&hellip;]<\/p>\n","protected":false},"featured_media":36015,"comment_status":"open","ping_status":"closed","template":"","meta":{"site-sidebar-layout":"default","site-content-layout":"","ast-site-content-layout":"default","site-content-style":"default","site-sidebar-style":"default","ast-global-header-display":"","ast-banner-title-visibility":"","ast-main-header-display":"","ast-hfb-above-header-display":"","ast-hfb-below-header-display":"","ast-hfb-mobile-header-display":"","site-post-title":"","ast-breadcrumbs-content":"","ast-featured-img":"","footer-sml-layout":"","theme-transparent-header-meta":"default","adv-header-id-meta":"","stick-header-meta":"","header-above-stick-meta":"","header-main-stick-meta":"","header-below-stick-meta":"","astra-migrate-meta-layouts":"set","ast-page-background-enabled":"default","ast-page-background-meta":{"desktop":{"background-color":"var(--ast-global-color-4)","background-image":"","background-repeat":"repeat","background-position":"center center","background-size":"auto","background-attachment":"scroll","background-type":"","background-media":"","overlay-type":"","overlay-color":"","overlay-opacity":"","overlay-gradient":""},"tablet":{"background-color":"","background-image":"","background-repeat":"repeat","background-position":"center center","background-size":"auto","background-attachment":"scroll","background-type":"","background-media":"","overlay-type":"","overlay-color":"","overlay-opacity":"","overlay-gradient":""},"mobile":{"background-color":"","background-image":"","background-repeat":"repeat","background-position":"center center","background-size":"auto","background-attachment":"scroll","background-type":"","background-media":"","overlay-type":"","overlay-color":"","overlay-opacity":"","overlay-gradient":""}},"ast-content-background-meta":{"desktop":{"background-color":"var(--ast-global-color-5)","background-image":"","background-repeat":"repeat","background-position":"center center","background-size":"auto","background-attachment":"scroll","background-type":"","background-media":"","overlay-type":"","overlay-color":"","overlay-opacity":"","overlay-gradient":""},"tablet":{"background-color":"var(--ast-global-color-5)","background-image":"","background-repeat":"repeat","background-position":"center center","background-size":"auto","background-attachment":"scroll","background-type":"","background-media":"","overlay-type":"","overlay-color":"","overlay-opacity":"","overlay-gradient":""},"mobile":{"background-color":"var(--ast-global-color-5)","background-image":"","background-repeat":"repeat","background-position":"center center","background-size":"auto","background-attachment":"scroll","background-type":"","background-media":"","overlay-type":"","overlay-color":"","overlay-opacity":"","overlay-gradient":""}}},"product_brand":[],"product_cat":[992,993],"product_tag":[],"class_list":{"0":"post-36019","1":"product","2":"type-product","3":"status-publish","4":"has-post-thumbnail","6":"product_cat-beauty-and-hygiene-products","7":"product_cat-footwear-accessories","8":"pa_20941_3jrj4ci0-100-ml","9":"pa_20941_3jrj4ci0-30-ml","10":"pa_20941_3jrj4ci0-50-ml","11":"pa_20941_8rd0bzno-10-st","12":"pa_20941_8rd0bzno-5-st","13":"pa_20941_8rd0bzno-50-st","14":"desktop-align-left","15":"tablet-align-left","16":"mobile-align-left","18":"first","19":"instock","20":"shipping-taxable","21":"purchasable","22":"product-type-variable","23":"has-default-attributes"},"_links":{"self":[{"href":"https:\/\/keluvo.com\/se\/wp-json\/wp\/v2\/product\/36019","targetHints":{"allow":["GET"]}}],"collection":[{"href":"https:\/\/keluvo.com\/se\/wp-json\/wp\/v2\/product"}],"about":[{"href":"https:\/\/keluvo.com\/se\/wp-json\/wp\/v2\/types\/product"}],"replies":[{"embeddable":true,"href":"https:\/\/keluvo.com\/se\/wp-json\/wp\/v2\/comments?post=36019"}],"wp:featuredmedia":[{"embeddable":true,"href":"https:\/\/keluvo.com\/se\/wp-json\/wp\/v2\/media\/36015"}],"wp:attachment":[{"href":"https:\/\/keluvo.com\/se\/wp-json\/wp\/v2\/media?parent=36019"}],"wp:term":[{"taxonomy":"product_brand","embeddable":true,"href":"https:\/\/keluvo.com\/se\/wp-json\/wp\/v2\/product_brand?post=36019"},{"taxonomy":"product_cat","embeddable":true,"href":"https:\/\/keluvo.com\/se\/wp-json\/wp\/v2\/product_cat?post=36019"},{"taxonomy":"product_tag","embeddable":true,"href":"https:\/\/keluvo.com\/se\/wp-json\/wp\/v2\/product_tag?post=36019"}],"curies":[{"name":"wp","href":"https:\/\/api.w.org\/{rel}","templated":true}]}}