{"id":35890,"date":"2025-09-19T16:08:44","date_gmt":"2025-09-19T13:08:44","guid":{"rendered":"https:\/\/keluvo.com\/se\/product\/axelremsvaska-5\/"},"modified":"2025-09-19T16:08:57","modified_gmt":"2025-09-19T13:08:57","slug":"axelremsvaska-5","status":"publish","type":"product","link":"https:\/\/keluvo.com\/se\/product\/axelremsvaska-5\/","title":{"rendered":"Axelremsv\u00e4ska"},"content":{"rendered":"<p style=\"text-align: center\" data-start=\"0\" data-end=\"84\"><strong data-start=\"0\" data-end=\"84\">\ud83d\udc5cB\u00e4r dina viktigaste saker med stil med denna l\u00e4tta och m\u00e5ngsidiga axelremsv\u00e4ska!<\/strong><\/p>\n<p style=\"text-align: center\" data-start=\"86\" data-end=\"363\">Denna axelremsv\u00e4ska \u00e4r designad f\u00f6r daglig anv\u00e4ndning och \u00e4r tillverkad av slitstarkt PU-material och erbjuder tillr\u00e4ckligt med utrymme f\u00f6r dina dagliga f\u00f6rem\u00e5l samtidigt som den \u00e4r snygg och bekv\u00e4m. Med en enkel, modern design och flera fack \u00e4r den perfekt f\u00f6r avslappnade utflykter, resor, shopping eller g\u00e5vor.<\/p>\n<p data-start=\"86\" data-end=\"363\"><img decoding=\"async\" class=\"size-full wp-image-28517 aligncenter\" src=\"https:\/\/keluvo.com\/template\/wp-content\/uploads\/sites\/5\/2025\/07\/072112-ezgif.com-video-to-webp-converter.webp\" alt=\"\" \/><\/p>\n<h2 style=\"text-align: center\" data-start=\"370\" data-end=\"392\">\ud83c\udf1f Huvudf\u00f6rdelar<\/h2>\n<p data-start=\"395\" data-end=\"469\">\ud83d\udc5c H\u00f6gkvalitativt PU-material &#8211; starkt, l\u00e4tt och byggt f\u00f6r att h\u00e5lla<\/p>\n<p data-start=\"472\" data-end=\"547\">\ud83d\udd12 Smidig dragkedja &#8211; l\u00e4tt att \u00f6ppna, st\u00e4nga och s\u00e4kra dina f\u00f6rem\u00e5l<\/p>\n<p data-start=\"550\" data-end=\"617\">\ud83c\udf92 Flerfacksdesign &#8211; h\u00e5ller dina v\u00e4sentligheter organiserade<\/p>\n<p data-start=\"620\" data-end=\"684\">\ud83d\udd01 Konvertibel stil &#8211; anv\u00e4nd den som axelv\u00e4ska eller handv\u00e4ska<\/p>\n<p data-start=\"687\" data-end=\"755\">\ud83c\udf81 Bra presentid\u00e9 &#8211; perfekt f\u00f6r f\u00f6delsedagar, h\u00f6gtider med mera<\/p>\n<p data-start=\"758\" data-end=\"834\">\ud83c\udf0d Idealisk f\u00f6r alla tillf\u00e4llen &#8211; shopping, resor, camping eller vardagsbruk<\/p>\n<p data-start=\"758\" data-end=\"834\"><img fetchpriority=\"high\" decoding=\"async\" class=\"size-full wp-image-28516 aligncenter\" src=\"https:\/\/keluvo.com\/template\/wp-content\/uploads\/sites\/5\/2025\/07\/S16d89faee9e742bdafc5ca3c46c75ad4l.webp\" alt=\"\" width=\"800\" height=\"800\" \/><\/p>\n<h2 style=\"text-align: center\" data-start=\"841\" data-end=\"860\">\ud83e\udded Hur man anv\u00e4nder<\/h2>\n<ol data-start=\"861\" data-end=\"1112\">\n<li data-start=\"861\" data-end=\"952\">\n<p data-start=\"864\" data-end=\"952\">Fyll v\u00e4skan med dina dagliga n\u00f6dv\u00e4ndigheter som telefon, pl\u00e5nbok, nycklar, smink med mera.<\/p>\n<\/li>\n<li data-start=\"953\" data-end=\"1043\">\n<p data-start=\"956\" data-end=\"1043\">Anv\u00e4nd den justerbara remmen f\u00f6r att b\u00e4ra den \u00f6ver axeln eller b\u00e4r den i det \u00f6vre handtaget.<\/p>\n<\/li>\n<li data-start=\"1044\" data-end=\"1112\">\n<p data-start=\"1047\" data-end=\"1112\">st\u00e4ng blixtl\u00e5sen f\u00f6r att h\u00e5lla dina tillh\u00f6righeter s\u00e4kra n\u00e4r du \u00e4r p\u00e5 spr\u00e5ng.<\/p>\n<\/li>\n<\/ol>\n<h2 style=\"text-align: center\" data-start=\"1119\" data-end=\"1143\">\ud83d\udccf Produktdetaljer<\/h2>\n<ul data-start=\"1144\" data-end=\"1348\">\n<li data-start=\"1144\" data-end=\"1175\">\n<p data-start=\"1146\" data-end=\"1175\">Material: PU (polyuretan)<\/p>\n<\/li>\n<li data-start=\"1176\" data-end=\"1205\">\n<p data-start=\"1178\" data-end=\"1205\">V\u00e4skans storlek: 22 x 13 x 19 cm<\/p>\n<\/li>\n<li data-start=\"1206\" data-end=\"1229\">\n<p data-start=\"1208\" data-end=\"1229\">Handtagets h\u00f6jd: 7 cm<\/p>\n<\/li>\n<li data-start=\"1230\" data-end=\"1254\">\n<p data-start=\"1232\" data-end=\"1254\">St\u00e4ngningstyp: Dragkedja<\/p>\n<\/li>\n<li data-start=\"1290\" data-end=\"1348\">\n<p data-start=\"1292\" data-end=\"1348\">Anv\u00e4ndning: Casual, resor, shopping, camping och daglig anv\u00e4ndning<\/p>\n<\/li>\n<\/ul>\n<h2 style=\"text-align: center\" data-start=\"1355\" data-end=\"1380\">\ud83d\udce6 Paketet inneh\u00e5ller<\/h2>\n<ul data-start=\"1381\" data-end=\"1410\">\n<li data-start=\"1381\" data-end=\"1410\">\n<p data-start=\"1383\" data-end=\"1410\">1x axelremsv\u00e4ska.<\/p>\n<\/li>\n<\/ul>\n","protected":false},"excerpt":{"rendered":"<p>\ud83d\udc5cB\u00e4r dina viktigaste saker med stil med denna l\u00e4tta och m\u00e5ngsidiga axelremsv\u00e4ska! Denna axelremsv\u00e4ska \u00e4r designad f\u00f6r daglig anv\u00e4ndning och [&hellip;]<\/p>\n","protected":false},"featured_media":35886,"comment_status":"open","ping_status":"closed","template":"","meta":{"site-sidebar-layout":"default","site-content-layout":"","ast-site-content-layout":"default","site-content-style":"default","site-sidebar-style":"default","ast-global-header-display":"","ast-banner-title-visibility":"","ast-main-header-display":"","ast-hfb-above-header-display":"","ast-hfb-below-header-display":"","ast-hfb-mobile-header-display":"","site-post-title":"","ast-breadcrumbs-content":"","ast-featured-img":"","footer-sml-layout":"","theme-transparent-header-meta":"default","adv-header-id-meta":"","stick-header-meta":"","header-above-stick-meta":"","header-main-stick-meta":"","header-below-stick-meta":"","astra-migrate-meta-layouts":"set","ast-page-background-enabled":"default","ast-page-background-meta":{"desktop":{"background-color":"var(--ast-global-color-4)","background-image":"","background-repeat":"repeat","background-position":"center center","background-size":"auto","background-attachment":"scroll","background-type":"","background-media":"","overlay-type":"","overlay-color":"","overlay-opacity":"","overlay-gradient":""},"tablet":{"background-color":"","background-image":"","background-repeat":"repeat","background-position":"center center","background-size":"auto","background-attachment":"scroll","background-type":"","background-media":"","overlay-type":"","overlay-color":"","overlay-opacity":"","overlay-gradient":""},"mobile":{"background-color":"","background-image":"","background-repeat":"repeat","background-position":"center center","background-size":"auto","background-attachment":"scroll","background-type":"","background-media":"","overlay-type":"","overlay-color":"","overlay-opacity":"","overlay-gradient":""}},"ast-content-background-meta":{"desktop":{"background-color":"var(--ast-global-color-5)","background-image":"","background-repeat":"repeat","background-position":"center center","background-size":"auto","background-attachment":"scroll","background-type":"","background-media":"","overlay-type":"","overlay-color":"","overlay-opacity":"","overlay-gradient":""},"tablet":{"background-color":"var(--ast-global-color-5)","background-image":"","background-repeat":"repeat","background-position":"center center","background-size":"auto","background-attachment":"scroll","background-type":"","background-media":"","overlay-type":"","overlay-color":"","overlay-opacity":"","overlay-gradient":""},"mobile":{"background-color":"var(--ast-global-color-5)","background-image":"","background-repeat":"repeat","background-position":"center center","background-size":"auto","background-attachment":"scroll","background-type":"","background-media":"","overlay-type":"","overlay-color":"","overlay-opacity":"","overlay-gradient":""}}},"product_brand":[],"product_cat":[994,993],"product_tag":[],"class_list":{"0":"post-35890","1":"product","2":"type-product","3":"status-publish","4":"has-post-thumbnail","6":"product_cat-clothing-for-women","7":"product_cat-footwear-accessories","8":"pa_43928_gukbi3ae-khaki","9":"pa_43928_gukbi3ae-morkgron","10":"pa_43928_gukbi3ae-rod","11":"pa_43928_gukbi3ae-svart","12":"pa_43928_gukbi3ae-vit","13":"desktop-align-left","14":"tablet-align-left","15":"mobile-align-left","17":"first","18":"instock","19":"shipping-taxable","20":"purchasable","21":"product-type-variable"},"_links":{"self":[{"href":"https:\/\/keluvo.com\/se\/wp-json\/wp\/v2\/product\/35890","targetHints":{"allow":["GET"]}}],"collection":[{"href":"https:\/\/keluvo.com\/se\/wp-json\/wp\/v2\/product"}],"about":[{"href":"https:\/\/keluvo.com\/se\/wp-json\/wp\/v2\/types\/product"}],"replies":[{"embeddable":true,"href":"https:\/\/keluvo.com\/se\/wp-json\/wp\/v2\/comments?post=35890"}],"wp:featuredmedia":[{"embeddable":true,"href":"https:\/\/keluvo.com\/se\/wp-json\/wp\/v2\/media\/35886"}],"wp:attachment":[{"href":"https:\/\/keluvo.com\/se\/wp-json\/wp\/v2\/media?parent=35890"}],"wp:term":[{"taxonomy":"product_brand","embeddable":true,"href":"https:\/\/keluvo.com\/se\/wp-json\/wp\/v2\/product_brand?post=35890"},{"taxonomy":"product_cat","embeddable":true,"href":"https:\/\/keluvo.com\/se\/wp-json\/wp\/v2\/product_cat?post=35890"},{"taxonomy":"product_tag","embeddable":true,"href":"https:\/\/keluvo.com\/se\/wp-json\/wp\/v2\/product_tag?post=35890"}],"curies":[{"name":"wp","href":"https:\/\/api.w.org\/{rel}","templated":true}]}}