{"id":35881,"date":"2025-09-19T16:08:00","date_gmt":"2025-09-19T13:08:00","guid":{"rendered":"https:\/\/keluvo.com\/se\/product\/ryggsack-4\/"},"modified":"2025-09-19T16:08:00","modified_gmt":"2025-09-19T13:08:00","slug":"ryggsack-4","status":"publish","type":"product","link":"https:\/\/keluvo.com\/se\/product\/ryggsack-4\/","title":{"rendered":"Ryggs\u00e4ck"},"content":{"rendered":"<p style=\"text-align: center\" data-start=\"103\" data-end=\"142\"><strong>\ud83c\udf92 En Ryggs\u00e4ck. O\u00e4ndliga M\u00f6jligheter.<\/strong><\/p>\n<p style=\"text-align: center\" data-start=\"144\" data-end=\"347\">S\u00e4g adj\u00f6 till skrymmande bagage och hej till smarta, snygga resor! Denna ryggs\u00e4ck expanderar p\u00e5 n\u00e5gra sekunder f\u00f6r att passa allt du beh\u00f6ver &#8211; perfekt f\u00f6r daglig anv\u00e4ndning, weekendresor eller internationella \u00e4ventyr.<\/p>\n<p data-start=\"144\" data-end=\"347\"><img decoding=\"async\" class=\"size-full wp-image-28500 aligncenter\" src=\"https:\/\/keluvo.com\/template\/wp-content\/uploads\/sites\/5\/2025\/07\/1ad66b40cab12f3c19424f5b70ebe5d7c4d9aa05.gif\" alt=\"\" \/><\/p>\n<h2 style=\"text-align: center\" data-start=\"349\" data-end=\"369\"><strong>\u2705 Main Benefits<\/strong><\/h2>\n<p data-start=\"372\" data-end=\"423\">\u2708\ufe0f Expanderar f\u00f6r att passa 3X mer \u00e4n en vanlig ryggs\u00e4ck<\/p>\n<p data-start=\"426\" data-end=\"472\">\ud83d\udcbb Vadderat fack passar b\u00e4rbara datorer upp till 17\u201d<\/p>\n<p data-start=\"475\" data-end=\"523\">\ud83d\udd12 Dolda st\u00f6ldskyddsfickor f\u00f6r sinnesfrid<\/p>\n<p data-start=\"526\" data-end=\"577\">\ud83e\uddf3 Passar i bagageutrymmen och under flygplanss\u00e4ten<\/p>\n<p data-start=\"580\" data-end=\"631\">\ud83d\udca7 Vattenavvisande och byggd med slitstark materials<\/p>\n<p data-start=\"580\" data-end=\"631\"><img decoding=\"async\" class=\"size-full wp-image-28499 aligncenter\" src=\"https:\/\/keluvo.com\/template\/wp-content\/uploads\/sites\/5\/2025\/07\/47ff0ab996dca37eabaa66c0093e491969922352.avif\" alt=\"\" \/><\/p>\n<h2 style=\"text-align: center\" data-start=\"633\" data-end=\"652\"><strong>\ud83d\udee0\ufe0f Hur Man Anv\u00e4nder<\/strong><\/h2>\n<ol data-start=\"653\" data-end=\"852\">\n<li data-start=\"653\" data-end=\"703\">\n<p data-start=\"656\" data-end=\"703\">Packa dina viktigaste saker som en vanlig ryggs\u00e4ck.<\/p>\n<\/li>\n<li data-start=\"704\" data-end=\"756\">\n<p data-start=\"707\" data-end=\"756\">Dra upp dragkedjan i expansionslagret f\u00f6r att skapa mer utrymme.<\/p>\n<\/li>\n<li data-start=\"757\" data-end=\"817\">\n<p data-start=\"760\" data-end=\"817\">Skjut \u00f6ver resv\u00e4skans handtag eller b\u00e4r den bekv\u00e4mt.<\/p>\n<\/li>\n<li data-start=\"818\" data-end=\"852\">\n<p data-start=\"821\" data-end=\"852\">Dra upp dragkedjan och du \u00e4r redo att flyga!<\/p>\n<\/li>\n<\/ol>\n<h2 style=\"text-align: center\" data-start=\"854\" data-end=\"877\"><strong>\ud83d\udccf Produktdetaljer<\/strong><\/h2>\n<ul data-start=\"878\" data-end=\"1072\">\n<li data-start=\"878\" data-end=\"914\">\n<p data-start=\"880\" data-end=\"914\">Dimensioner: Expanderbar upp till 42 liter<\/p>\n<\/li>\n<li data-start=\"915\" data-end=\"957\">\n<p data-start=\"917\" data-end=\"957\">Passar b\u00e4rbara datorer i storlek: 13&#8243;, 15.6&#8243;, och 17&#8243;<\/p>\n<\/li>\n<li data-start=\"958\" data-end=\"1023\">\n<p data-start=\"960\" data-end=\"1023\">Fack: Huvudfack, laptopfack, dolda fickor<\/p>\n<\/li>\n<li data-start=\"1024\" data-end=\"1072\">\n<p data-start=\"1026\" data-end=\"1072\">Material: Vattenavvisande tyg med h\u00f6g densitet<\/p>\n<\/li>\n<\/ul>\n<h2 style=\"text-align: center\" data-start=\"1074\" data-end=\"1098\"><strong>\ud83d\udce6 Paketet Inneh\u00e5ller<\/strong><\/h2>\n<ul data-start=\"1099\" data-end=\"1130\">\n<li data-start=\"1099\" data-end=\"1130\">\n<p data-start=\"1101\" data-end=\"1130\">1x ryggs\u00e4ck.<\/p>\n<\/li>\n<\/ul>\n","protected":false},"excerpt":{"rendered":"<p>\ud83c\udf92 En Ryggs\u00e4ck. O\u00e4ndliga M\u00f6jligheter. S\u00e4g adj\u00f6 till skrymmande bagage och hej till smarta, snygga resor! Denna ryggs\u00e4ck expanderar p\u00e5 [&hellip;]<\/p>\n","protected":false},"featured_media":35877,"comment_status":"open","ping_status":"closed","template":"","meta":{"site-sidebar-layout":"default","site-content-layout":"","ast-site-content-layout":"default","site-content-style":"default","site-sidebar-style":"default","ast-global-header-display":"","ast-banner-title-visibility":"","ast-main-header-display":"","ast-hfb-above-header-display":"","ast-hfb-below-header-display":"","ast-hfb-mobile-header-display":"","site-post-title":"","ast-breadcrumbs-content":"","ast-featured-img":"","footer-sml-layout":"","theme-transparent-header-meta":"default","adv-header-id-meta":"","stick-header-meta":"","header-above-stick-meta":"","header-main-stick-meta":"","header-below-stick-meta":"","astra-migrate-meta-layouts":"set","ast-page-background-enabled":"default","ast-page-background-meta":{"desktop":{"background-color":"var(--ast-global-color-4)","background-image":"","background-repeat":"repeat","background-position":"center center","background-size":"auto","background-attachment":"scroll","background-type":"","background-media":"","overlay-type":"","overlay-color":"","overlay-opacity":"","overlay-gradient":""},"tablet":{"background-color":"","background-image":"","background-repeat":"repeat","background-position":"center center","background-size":"auto","background-attachment":"scroll","background-type":"","background-media":"","overlay-type":"","overlay-color":"","overlay-opacity":"","overlay-gradient":""},"mobile":{"background-color":"","background-image":"","background-repeat":"repeat","background-position":"center center","background-size":"auto","background-attachment":"scroll","background-type":"","background-media":"","overlay-type":"","overlay-color":"","overlay-opacity":"","overlay-gradient":""}},"ast-content-background-meta":{"desktop":{"background-color":"var(--ast-global-color-5)","background-image":"","background-repeat":"repeat","background-position":"center center","background-size":"auto","background-attachment":"scroll","background-type":"","background-media":"","overlay-type":"","overlay-color":"","overlay-opacity":"","overlay-gradient":""},"tablet":{"background-color":"var(--ast-global-color-5)","background-image":"","background-repeat":"repeat","background-position":"center center","background-size":"auto","background-attachment":"scroll","background-type":"","background-media":"","overlay-type":"","overlay-color":"","overlay-opacity":"","overlay-gradient":""},"mobile":{"background-color":"var(--ast-global-color-5)","background-image":"","background-repeat":"repeat","background-position":"center center","background-size":"auto","background-attachment":"scroll","background-type":"","background-media":"","overlay-type":"","overlay-color":"","overlay-opacity":"","overlay-gradient":""}}},"product_brand":[],"product_cat":[993],"product_tag":[],"class_list":{"0":"post-35881","1":"product","2":"type-product","3":"status-publish","4":"has-post-thumbnail","6":"product_cat-footwear-accessories","7":"desktop-align-left","8":"tablet-align-left","9":"mobile-align-left","11":"first","12":"instock","13":"shipping-taxable","14":"purchasable","15":"product-type-simple"},"_links":{"self":[{"href":"https:\/\/keluvo.com\/se\/wp-json\/wp\/v2\/product\/35881","targetHints":{"allow":["GET"]}}],"collection":[{"href":"https:\/\/keluvo.com\/se\/wp-json\/wp\/v2\/product"}],"about":[{"href":"https:\/\/keluvo.com\/se\/wp-json\/wp\/v2\/types\/product"}],"replies":[{"embeddable":true,"href":"https:\/\/keluvo.com\/se\/wp-json\/wp\/v2\/comments?post=35881"}],"wp:featuredmedia":[{"embeddable":true,"href":"https:\/\/keluvo.com\/se\/wp-json\/wp\/v2\/media\/35877"}],"wp:attachment":[{"href":"https:\/\/keluvo.com\/se\/wp-json\/wp\/v2\/media?parent=35881"}],"wp:term":[{"taxonomy":"product_brand","embeddable":true,"href":"https:\/\/keluvo.com\/se\/wp-json\/wp\/v2\/product_brand?post=35881"},{"taxonomy":"product_cat","embeddable":true,"href":"https:\/\/keluvo.com\/se\/wp-json\/wp\/v2\/product_cat?post=35881"},{"taxonomy":"product_tag","embeddable":true,"href":"https:\/\/keluvo.com\/se\/wp-json\/wp\/v2\/product_tag?post=35881"}],"curies":[{"name":"wp","href":"https:\/\/api.w.org\/{rel}","templated":true}]}}