{"id":35786,"date":"2025-09-19T16:04:14","date_gmt":"2025-09-19T13:04:14","guid":{"rendered":"https:\/\/keluvo.com\/se\/product\/harforlangningar\/"},"modified":"2025-09-19T16:04:44","modified_gmt":"2025-09-19T13:04:44","slug":"harforlangningar","status":"publish","type":"product","link":"https:\/\/keluvo.com\/se\/product\/harforlangningar\/","title":{"rendered":"H\u00e5rf\u00f6rl\u00e4ngningar"},"content":{"rendered":"<p style=\"text-align: center\" data-start=\"94\" data-end=\"151\"><strong>\ud83d\udc81\u200d\u2640\ufe0f Omedelbart L\u00e4ngre, Fylligare H\u00e5r \u2014 Bara Linda In Och Slay!<\/strong><\/p>\n<p style=\"text-align: center\" data-start=\"153\" data-end=\"329\">F\u00f6rvandla ditt utseende p\u00e5 n\u00e5gra sekunder med denna l\u00e4ttanv\u00e4nda h\u00e5rf\u00f6rl\u00e4ngning. Oavsett om du vill ha snyggt och rakt eller volumin\u00f6sa lockar, ger denna f\u00f6rl\u00e4ngning dig salongsv\u00e4rdigt h\u00e5r p\u00e5 ett \u00f6gonblick.<\/p>\n<p data-start=\"153\" data-end=\"329\"><img decoding=\"async\" class=\"size-full wp-image-28420 aligncenter\" src=\"https:\/\/keluvo.com\/template\/wp-content\/uploads\/sites\/5\/2025\/07\/072110-ezgif.com-video-to-webp-converter.webp\" alt=\"\" \/><\/p>\n<h2 style=\"text-align: center\" data-start=\"331\" data-end=\"351\">\u2705 Huvud Benefits<\/h2>\n<p data-start=\"354\" data-end=\"409\">\u23f1\ufe0f F\u00e4st p\u00e5 n\u00e5gra sekunder &#8211; inga verktyg eller salongsbes\u00f6k beh\u00f6vs<\/p>\n<p data-start=\"412\" data-end=\"454\">\ud83d\udc83 Ger omedelbar l\u00e4ngd, volym och glamour<\/p>\n<p data-start=\"457\" data-end=\"508\">\ud83d\udca8 L\u00e4tt och andas f\u00f6r komfort hela dagen<\/p>\n<p data-start=\"511\" data-end=\"565\">\ud83d\udd01 Styla det p\u00e5 ditt s\u00e4tt &#8211; rakt, lockigt, h\u00f6gt eller low<\/p>\n<p data-start=\"568\" data-end=\"610\">\ud83d\udc81\u200d\u2640\ufe0f Blandar sig naturligt med ditt riktiga h\u00e5r<\/p>\n<p data-start=\"568\" data-end=\"610\"><img decoding=\"async\" class=\"size-full wp-image-28423 aligncenter\" src=\"https:\/\/keluvo.com\/template\/wp-content\/uploads\/sites\/5\/2025\/07\/0c1aefb2-d4fc-4634-b456-d3ad0d4663b7.jpg\" alt=\"\" \/><\/p>\n<h2 style=\"text-align: center\" data-start=\"612\" data-end=\"631\">\ud83d\udee0\ufe0f Hur Man Anv\u00e4nder<\/h2>\n<ol data-start=\"632\" data-end=\"789\">\n<li data-start=\"632\" data-end=\"679\">\n<p data-start=\"635\" data-end=\"679\">Ta upp ditt riktiga h\u00e5r i en h\u00e4stsvans eller knut.<\/p>\n<\/li>\n<li data-start=\"680\" data-end=\"723\">\n<p data-start=\"683\" data-end=\"723\">F\u00e4st f\u00f6rl\u00e4ngningen \u00f6ver din h\u00e4stsvans.<\/p>\n<\/li>\n<li data-start=\"724\" data-end=\"772\">\n<p data-start=\"727\" data-end=\"772\">Vira kardborrebandet runt och s\u00e4kra det.<\/p>\n<\/li>\n<li data-start=\"773\" data-end=\"789\">\n<p data-start=\"776\" data-end=\"789\">Styla och k\u00f6r!<\/p>\n<\/li>\n<\/ol>\n<h2 style=\"text-align: center\" data-start=\"791\" data-end=\"814\">\ud83d\udccf Produktdetaljer<\/h2>\n<ul data-start=\"815\" data-end=\"1004\">\n<li data-start=\"815\" data-end=\"878\">\n<p data-start=\"817\" data-end=\"878\">L\u00e4ngd: Finns i olika stilar (lockigt, rakt, v\u00e5gigt)<\/p>\n<\/li>\n<li data-start=\"879\" data-end=\"923\">\n<p data-start=\"881\" data-end=\"923\">Material: V\u00e4rmebest\u00e4ndig syntetfiber<\/p>\n<\/li>\n<li data-start=\"924\" data-end=\"972\">\n<p data-start=\"926\" data-end=\"972\">Fit: S\u00e4ker kl\u00e4mma + omslutande kardborre design<\/p>\n<\/li>\n<li data-start=\"973\" data-end=\"1004\">\n<p data-start=\"975\" data-end=\"1004\">\u00c5teranv\u00e4ndbar och l\u00e4tt att underh\u00e5lla<\/p>\n<\/li>\n<\/ul>\n<h2 style=\"text-align: center\" data-start=\"1006\" data-end=\"1030\">\ud83d\udce6 Paketet Inneh\u00e5ller<\/h2>\n<ul data-start=\"1031\" data-end=\"1086\">\n<li data-start=\"1031\" data-end=\"1086\">\n<p data-start=\"1033\" data-end=\"1086\">1x h\u00e5rf\u00f6rl\u00e4ngning.<\/p>\n<\/li>\n<\/ul>\n","protected":false},"excerpt":{"rendered":"<p>\ud83d\udc81\u200d\u2640\ufe0f Omedelbart L\u00e4ngre, Fylligare H\u00e5r \u2014 Bara Linda In Och Slay! F\u00f6rvandla ditt utseende p\u00e5 n\u00e5gra sekunder med denna l\u00e4ttanv\u00e4nda [&hellip;]<\/p>\n","protected":false},"featured_media":35782,"comment_status":"open","ping_status":"closed","template":"","meta":{"site-sidebar-layout":"default","site-content-layout":"","ast-site-content-layout":"default","site-content-style":"default","site-sidebar-style":"default","ast-global-header-display":"","ast-banner-title-visibility":"","ast-main-header-display":"","ast-hfb-above-header-display":"","ast-hfb-below-header-display":"","ast-hfb-mobile-header-display":"","site-post-title":"","ast-breadcrumbs-content":"","ast-featured-img":"","footer-sml-layout":"","theme-transparent-header-meta":"default","adv-header-id-meta":"","stick-header-meta":"","header-above-stick-meta":"","header-main-stick-meta":"","header-below-stick-meta":"","astra-migrate-meta-layouts":"set","ast-page-background-enabled":"default","ast-page-background-meta":{"desktop":{"background-color":"var(--ast-global-color-4)","background-image":"","background-repeat":"repeat","background-position":"center center","background-size":"auto","background-attachment":"scroll","background-type":"","background-media":"","overlay-type":"","overlay-color":"","overlay-opacity":"","overlay-gradient":""},"tablet":{"background-color":"","background-image":"","background-repeat":"repeat","background-position":"center center","background-size":"auto","background-attachment":"scroll","background-type":"","background-media":"","overlay-type":"","overlay-color":"","overlay-opacity":"","overlay-gradient":""},"mobile":{"background-color":"","background-image":"","background-repeat":"repeat","background-position":"center center","background-size":"auto","background-attachment":"scroll","background-type":"","background-media":"","overlay-type":"","overlay-color":"","overlay-opacity":"","overlay-gradient":""}},"ast-content-background-meta":{"desktop":{"background-color":"var(--ast-global-color-5)","background-image":"","background-repeat":"repeat","background-position":"center center","background-size":"auto","background-attachment":"scroll","background-type":"","background-media":"","overlay-type":"","overlay-color":"","overlay-opacity":"","overlay-gradient":""},"tablet":{"background-color":"var(--ast-global-color-5)","background-image":"","background-repeat":"repeat","background-position":"center center","background-size":"auto","background-attachment":"scroll","background-type":"","background-media":"","overlay-type":"","overlay-color":"","overlay-opacity":"","overlay-gradient":""},"mobile":{"background-color":"var(--ast-global-color-5)","background-image":"","background-repeat":"repeat","background-position":"center center","background-size":"auto","background-attachment":"scroll","background-type":"","background-media":"","overlay-type":"","overlay-color":"","overlay-opacity":"","overlay-gradient":""}}},"product_brand":[],"product_cat":[992],"product_tag":[],"class_list":{"0":"post-35786","1":"product","2":"type-product","3":"status-publish","4":"has-post-thumbnail","6":"product_cat-beauty-and-hygiene-products","7":"pa_42500_xm6s6xbb-a","8":"pa_42500_xm6s6xbb-b","9":"pa_42500_xm6s6xbb-c","10":"pa_42500_xm6s6xbb-d","11":"pa_42500_xm6s6xbb-e","12":"pa_42500_xm6s6xbb-f","13":"pa_42500_xm6s6xbb-g","14":"pa_42500_xm6s6xbb-h","15":"pa_42500_xm6s6xbb-i","16":"pa_42500_xm6s6xbb-j","17":"pa_42500_xm6s6xbb-k","18":"desktop-align-left","19":"tablet-align-left","20":"mobile-align-left","22":"first","23":"instock","24":"shipping-taxable","25":"purchasable","26":"product-type-variable"},"_links":{"self":[{"href":"https:\/\/keluvo.com\/se\/wp-json\/wp\/v2\/product\/35786","targetHints":{"allow":["GET"]}}],"collection":[{"href":"https:\/\/keluvo.com\/se\/wp-json\/wp\/v2\/product"}],"about":[{"href":"https:\/\/keluvo.com\/se\/wp-json\/wp\/v2\/types\/product"}],"replies":[{"embeddable":true,"href":"https:\/\/keluvo.com\/se\/wp-json\/wp\/v2\/comments?post=35786"}],"wp:featuredmedia":[{"embeddable":true,"href":"https:\/\/keluvo.com\/se\/wp-json\/wp\/v2\/media\/35782"}],"wp:attachment":[{"href":"https:\/\/keluvo.com\/se\/wp-json\/wp\/v2\/media?parent=35786"}],"wp:term":[{"taxonomy":"product_brand","embeddable":true,"href":"https:\/\/keluvo.com\/se\/wp-json\/wp\/v2\/product_brand?post=35786"},{"taxonomy":"product_cat","embeddable":true,"href":"https:\/\/keluvo.com\/se\/wp-json\/wp\/v2\/product_cat?post=35786"},{"taxonomy":"product_tag","embeddable":true,"href":"https:\/\/keluvo.com\/se\/wp-json\/wp\/v2\/product_tag?post=35786"}],"curies":[{"name":"wp","href":"https:\/\/api.w.org\/{rel}","templated":true}]}}