{"id":35769,"date":"2025-09-19T16:03:08","date_gmt":"2025-09-19T13:03:08","guid":{"rendered":"https:\/\/keluvo.com\/se\/product\/sminkvaska-2\/"},"modified":"2025-09-19T16:03:21","modified_gmt":"2025-09-19T13:03:21","slug":"sminkvaska-2","status":"publish","type":"product","link":"https:\/\/keluvo.com\/se\/product\/sminkvaska-2\/","title":{"rendered":"Sminkv\u00e4ska"},"content":{"rendered":"<p style=\"text-align: center\" data-start=\"90\" data-end=\"133\"><strong>\ud83d\udc84 Packa, \u00d6ppna Och G\u00e5 &#8211; Smink P\u00e5 Ett Enkelt S\u00e4tt!<\/strong><\/p>\n<p style=\"text-align: center\" data-start=\"135\" data-end=\"296\">\u00c4r du tr\u00f6tt p\u00e5 att gr\u00e4va igenom v\u00e4skan efter det d\u00e4r l\u00e4ppstiftet? Den h\u00e4r smarta sminkv\u00e4skan \u00f6ppnas platt s\u00e5 att du kan se allt p\u00e5 en g\u00e5ng &#8211; och packas ihop p\u00e5 n\u00e5gra sekunder!<\/p>\n<p data-start=\"135\" data-end=\"296\"><img decoding=\"async\" class=\"size-full wp-image-28397 aligncenter\" src=\"https:\/\/keluvo.com\/template\/wp-content\/uploads\/sites\/5\/2025\/07\/vid1.webp\" alt=\"\" \/><\/p>\n<h2 style=\"text-align: center\" data-start=\"298\" data-end=\"318\">\u2705 Huvudf\u00f6rdelar<\/h2>\n<p data-start=\"321\" data-end=\"377\">\ud83d\udc5c \u00d6ppnas platt s\u00e5 att du enkelt kan hitta alla dina produkter<\/p>\n<p data-start=\"380\" data-end=\"431\">\ud83e\uddf5 St\u00e4ngs direkt med en enkel dragsko<\/p>\n<p data-start=\"434\" data-end=\"485\">\ud83d\udca7 Vattent\u00e4t insida h\u00e5ller sakerna rena och torra<\/p>\n<p data-start=\"488\" data-end=\"533\">\ud83d\udc96 Rymmer smink, borstar, hudv\u00e5rd och mer<\/p>\n<p data-start=\"536\" data-end=\"585\">\ud83c\udfa8 Finns i 4 s\u00f6ta f\u00e4rger som matchar din style<\/p>\n<p data-start=\"536\" data-end=\"585\"><img decoding=\"async\" class=\"size-full wp-image-28396 aligncenter\" src=\"https:\/\/keluvo.com\/template\/wp-content\/uploads\/sites\/5\/2025\/07\/vid2.webp\" alt=\"\" \/><\/p>\n<h2 style=\"text-align: center\" data-start=\"587\" data-end=\"606\">\ud83d\udee0\ufe0f Hur Man Anv\u00e4nder<\/h2>\n<ol data-start=\"607\" data-end=\"761\">\n<li data-start=\"607\" data-end=\"655\">\n<p data-start=\"610\" data-end=\"655\">Vik upp v\u00e4skan och placera dina saker inuti.<\/p>\n<\/li>\n<li data-start=\"656\" data-end=\"703\">\n<p data-start=\"659\" data-end=\"703\">Lay it flat for full access to everything.<\/p>\n<\/li>\n<li data-start=\"704\" data-end=\"761\">\n<p data-start=\"707\" data-end=\"761\">Dra i dragsn\u00f6ret f\u00f6r att st\u00e4nga &#8211; och du \u00e4r redo att \u00e5ka!<\/p>\n<\/li>\n<\/ol>\n<h2 style=\"text-align: center\" data-start=\"763\" data-end=\"786\">\ud83d\udccf Produktdetaljer<\/h2>\n<ul data-start=\"787\" data-end=\"928\">\n<li data-start=\"787\" data-end=\"821\">\n<p data-start=\"789\" data-end=\"821\">Storlek: 50 cm i diameter n\u00e4r den \u00e4r \u00f6ppen<\/p>\n<\/li>\n<li data-start=\"822\" data-end=\"869\">\n<p data-start=\"824\" data-end=\"869\">Material: Vattent\u00e4t och l\u00e4tt att torka av<\/p>\n<\/li>\n<li data-start=\"870\" data-end=\"928\">\n<p data-start=\"872\" data-end=\"928\">Kompakt, l\u00e4tt och perfekt f\u00f6r resor eller hemmabruk<\/p>\n<\/li>\n<\/ul>\n<h2 style=\"text-align: center\" data-start=\"930\" data-end=\"954\">\ud83d\udce6 Paketet Inneh\u00e5ller<\/h2>\n<ul data-start=\"955\" data-end=\"1003\">\n<li data-start=\"955\" data-end=\"1003\">\n<p data-start=\"957\" data-end=\"1003\">1x sminkv\u00e4ska.<\/p>\n<\/li>\n<\/ul>\n","protected":false},"excerpt":{"rendered":"<p>\ud83d\udc84 Packa, \u00d6ppna Och G\u00e5 &#8211; Smink P\u00e5 Ett Enkelt S\u00e4tt! \u00c4r du tr\u00f6tt p\u00e5 att gr\u00e4va igenom v\u00e4skan efter [&hellip;]<\/p>\n","protected":false},"featured_media":35765,"comment_status":"open","ping_status":"closed","template":"","meta":{"site-sidebar-layout":"default","site-content-layout":"","ast-site-content-layout":"default","site-content-style":"default","site-sidebar-style":"default","ast-global-header-display":"","ast-banner-title-visibility":"","ast-main-header-display":"","ast-hfb-above-header-display":"","ast-hfb-below-header-display":"","ast-hfb-mobile-header-display":"","site-post-title":"","ast-breadcrumbs-content":"","ast-featured-img":"","footer-sml-layout":"","theme-transparent-header-meta":"default","adv-header-id-meta":"","stick-header-meta":"","header-above-stick-meta":"","header-main-stick-meta":"","header-below-stick-meta":"","astra-migrate-meta-layouts":"set","ast-page-background-enabled":"default","ast-page-background-meta":{"desktop":{"background-color":"var(--ast-global-color-4)","background-image":"","background-repeat":"repeat","background-position":"center center","background-size":"auto","background-attachment":"scroll","background-type":"","background-media":"","overlay-type":"","overlay-color":"","overlay-opacity":"","overlay-gradient":""},"tablet":{"background-color":"","background-image":"","background-repeat":"repeat","background-position":"center center","background-size":"auto","background-attachment":"scroll","background-type":"","background-media":"","overlay-type":"","overlay-color":"","overlay-opacity":"","overlay-gradient":""},"mobile":{"background-color":"","background-image":"","background-repeat":"repeat","background-position":"center center","background-size":"auto","background-attachment":"scroll","background-type":"","background-media":"","overlay-type":"","overlay-color":"","overlay-opacity":"","overlay-gradient":""}},"ast-content-background-meta":{"desktop":{"background-color":"var(--ast-global-color-5)","background-image":"","background-repeat":"repeat","background-position":"center center","background-size":"auto","background-attachment":"scroll","background-type":"","background-media":"","overlay-type":"","overlay-color":"","overlay-opacity":"","overlay-gradient":""},"tablet":{"background-color":"var(--ast-global-color-5)","background-image":"","background-repeat":"repeat","background-position":"center center","background-size":"auto","background-attachment":"scroll","background-type":"","background-media":"","overlay-type":"","overlay-color":"","overlay-opacity":"","overlay-gradient":""},"mobile":{"background-color":"var(--ast-global-color-5)","background-image":"","background-repeat":"repeat","background-position":"center center","background-size":"auto","background-attachment":"scroll","background-type":"","background-media":"","overlay-type":"","overlay-color":"","overlay-opacity":"","overlay-gradient":""}}},"product_brand":[],"product_cat":[992],"product_tag":[],"class_list":{"0":"post-35769","1":"product","2":"type-product","3":"status-publish","4":"has-post-thumbnail","6":"product_cat-beauty-and-hygiene-products","7":"pa_18129_4292zmac-bla","8":"pa_18129_4292zmac-gra","9":"pa_18129_4292zmac-rosa","10":"pa_18129_4292zmac-svart","11":"desktop-align-left","12":"tablet-align-left","13":"mobile-align-left","15":"first","16":"instock","17":"shipping-taxable","18":"purchasable","19":"product-type-variable"},"_links":{"self":[{"href":"https:\/\/keluvo.com\/se\/wp-json\/wp\/v2\/product\/35769","targetHints":{"allow":["GET"]}}],"collection":[{"href":"https:\/\/keluvo.com\/se\/wp-json\/wp\/v2\/product"}],"about":[{"href":"https:\/\/keluvo.com\/se\/wp-json\/wp\/v2\/types\/product"}],"replies":[{"embeddable":true,"href":"https:\/\/keluvo.com\/se\/wp-json\/wp\/v2\/comments?post=35769"}],"wp:featuredmedia":[{"embeddable":true,"href":"https:\/\/keluvo.com\/se\/wp-json\/wp\/v2\/media\/35765"}],"wp:attachment":[{"href":"https:\/\/keluvo.com\/se\/wp-json\/wp\/v2\/media?parent=35769"}],"wp:term":[{"taxonomy":"product_brand","embeddable":true,"href":"https:\/\/keluvo.com\/se\/wp-json\/wp\/v2\/product_brand?post=35769"},{"taxonomy":"product_cat","embeddable":true,"href":"https:\/\/keluvo.com\/se\/wp-json\/wp\/v2\/product_cat?post=35769"},{"taxonomy":"product_tag","embeddable":true,"href":"https:\/\/keluvo.com\/se\/wp-json\/wp\/v2\/product_tag?post=35769"}],"curies":[{"name":"wp","href":"https:\/\/api.w.org\/{rel}","templated":true}]}}