{"id":35754,"date":"2025-09-19T16:02:14","date_gmt":"2025-09-19T13:02:14","guid":{"rendered":"https:\/\/keluvo.com\/se\/product\/smorjkoppling\/"},"modified":"2025-09-19T16:02:20","modified_gmt":"2025-09-19T13:02:20","slug":"smorjkoppling","status":"publish","type":"product","link":"https:\/\/keluvo.com\/se\/product\/smorjkoppling\/","title":{"rendered":"Sm\u00f6rjkoppling"},"content":{"rendered":"<p style=\"text-align: center\" data-start=\"0\" data-end=\"84\"><strong data-start=\"0\" data-end=\"84\">\ud83d\udd29L\u00e5s, T\u00e4ta Och Sm\u00f6rj Enkelt Med Den H\u00e4r Kraftiga Fettkopplingen Med Dubbla Handtag!<\/strong><\/p>\n<p style=\"text-align: center\" data-start=\"86\" data-end=\"389\">Den h\u00e4r uppgraderade fettkopplingen \u00e4r byggd f\u00f6r b\u00e5de kraft och precision och \u00e4r tillverkad av h\u00e5llbart rostfritt st\u00e5l och har en silikonoljet\u00e4tning av rymdkvalitet f\u00f6r l\u00e4ckagefri prestanda under h\u00f6gt tryck. Dess dubbelhandtagsdesign och halkfria grepp g\u00f6r sm\u00f6rjningen enklare, snabbare och s\u00e4krare &#8211; \u00e4ven i tr\u00e5nga utrymmen.<\/p>\n<p data-start=\"86\" data-end=\"389\"><img decoding=\"async\" class=\"size-full wp-image-28387 aligncenter\" src=\"https:\/\/keluvo.com\/template\/wp-content\/uploads\/sites\/5\/2025\/07\/07219-ezgif.com-video-to-webp-converter.webp\" alt=\"\" \/><\/p>\n<h2 style=\"text-align: center\" data-start=\"396\" data-end=\"418\">\ud83c\udf1f Huvudf\u00f6rdelar<\/h2>\n<p data-start=\"421\" data-end=\"484\">\ud83d\udd29 S\u00e4kert dubbelhandtagsl\u00e5s f\u00f6r snabb och enkel attachment<\/p>\n<p data-start=\"487\" data-end=\"534\">\ud83d\udee0\ufe0f Passar standardsm\u00f6rjnipplar (M6-M14)<\/p>\n<p data-start=\"537\" data-end=\"602\">\ud83d\udca7 L\u00e4cks\u00e4ker design med silikonoljet\u00e4tning av aerospace-kvalitet<\/p>\n<p data-start=\"605\" data-end=\"678\">\ud83e\uddf0 Kompatibel med alla fettsprutor &#8211; manuella, pneumatiska eller elektriska<\/p>\n<p data-start=\"681\" data-end=\"751\">\ud83d\udcaa T\u00e5l upp till 17 000 PSI &#8211; perfekt f\u00f6r h\u00f6gtrycksuppgifter<\/p>\n<p data-start=\"754\" data-end=\"814\">\ud83e\udde4 Halkfritt gummigrepp f\u00f6r b\u00e4ttre kontroll och s\u00e4kerhet<\/p>\n<p data-start=\"754\" data-end=\"814\"><img decoding=\"async\" class=\"size-full wp-image-28388 aligncenter\" src=\"https:\/\/keluvo.com\/template\/wp-content\/uploads\/sites\/5\/2025\/07\/3c7ccd65-ce7a-4877-a776-ebd5a418bdbc.webp\" alt=\"\" \/><\/p>\n<h2 style=\"text-align: center\" data-start=\"821\" data-end=\"840\">\ud83e\udded Hur Man Anv\u00e4nder<\/h2>\n<ol data-start=\"841\" data-end=\"1123\">\n<li data-start=\"841\" data-end=\"924\">\n<p data-start=\"844\" data-end=\"924\">F\u00e4st fettkopplingen p\u00e5 din fettspruta (manuell, pneumatisk eller elektrisk).<\/p>\n<\/li>\n<li data-start=\"925\" data-end=\"993\">\n<p data-start=\"928\" data-end=\"993\">Tryck p\u00e5 b\u00e5da handtagen f\u00f6r att l\u00e5sa kopplingen p\u00e5 sm\u00f6rjf\u00e4stet.<\/p>\n<\/li>\n<li data-start=\"994\" data-end=\"1055\">\n<p data-start=\"997\" data-end=\"1055\">B\u00f6rja sm\u00f6rja utan att oroa dig f\u00f6r l\u00e4ckage eller glidning.<\/p>\n<\/li>\n<li data-start=\"1056\" data-end=\"1123\">\n<p data-start=\"1059\" data-end=\"1123\">N\u00e4r du \u00e4r klar trycker du p\u00e5 handtagen igen f\u00f6r att lossa f\u00e4stet.<\/p>\n<\/li>\n<\/ol>\n<h2 style=\"text-align: center\" data-start=\"1130\" data-end=\"1154\">\ud83d\udccf Produktdetaljer<\/h2>\n<ul data-start=\"1155\" data-end=\"1468\">\n<li data-start=\"1202\" data-end=\"1245\">\n<p data-start=\"1204\" data-end=\"1245\">Material: Rostfritt st\u00e5l + gummigrepp<\/p>\n<\/li>\n<li data-start=\"1246\" data-end=\"1271\">\n<p data-start=\"1248\" data-end=\"1271\">Kopplingens l\u00e4ngd: 90 mm<\/p>\n<\/li>\n<li data-start=\"1272\" data-end=\"1308\">\n<p data-start=\"1274\" data-end=\"1308\">Slangens l\u00e4ngd (om den ing\u00e5r): 30 cm<\/p>\n<\/li>\n<li data-start=\"1309\" data-end=\"1332\">\n<p data-start=\"1311\" data-end=\"1332\">Pipdiameter: 14 mm<\/p>\n<\/li>\n<li data-start=\"1333\" data-end=\"1371\">\n<p data-start=\"1335\" data-end=\"1371\">Ollet\u00e4tning: Silikon av flyg- och rymdkvalitet<\/p>\n<\/li>\n<li data-start=\"1372\" data-end=\"1412\">\n<p data-start=\"1374\" data-end=\"1412\">Trycktolerans: Upp till 17.000 PSI<\/p>\n<\/li>\n<li data-start=\"1413\" data-end=\"1468\">\n<p data-start=\"1415\" data-end=\"1468\">Compatibilitet: M6, M8, M10, M12, M14 sm\u00f6rjnipplar<\/p>\n<\/li>\n<\/ul>\n<h2 style=\"text-align: center\" data-start=\"1475\" data-end=\"1500\">\ud83d\udce6 F\u00f6rpackningen Inneh\u00e5ller<\/h2>\n<p data-start=\"1501\" data-end=\"1512\">Option 1:<\/p>\n<ul data-start=\"1513\" data-end=\"1548\">\n<li data-start=\"1513\" data-end=\"1548\">\n<p data-start=\"1515\" data-end=\"1548\">1x dubbelgrepps sm\u00f6rjnippel (A)<\/p>\n<\/li>\n<\/ul>\n<p data-start=\"1560\" data-end=\"1571\">Option 2:<\/p>\n<ul data-start=\"1572\" data-end=\"1603\">\n<li data-start=\"1572\" data-end=\"1603\">\n<p data-start=\"1574\" data-end=\"1603\">1x sm\u00f6rjnippel med slang (B).<\/p>\n<\/li>\n<\/ul>\n","protected":false},"excerpt":{"rendered":"<p>\ud83d\udd29L\u00e5s, T\u00e4ta Och Sm\u00f6rj Enkelt Med Den H\u00e4r Kraftiga Fettkopplingen Med Dubbla Handtag! Den h\u00e4r uppgraderade fettkopplingen \u00e4r byggd f\u00f6r [&hellip;]<\/p>\n","protected":false},"featured_media":35750,"comment_status":"open","ping_status":"closed","template":"","meta":{"site-sidebar-layout":"default","site-content-layout":"","ast-site-content-layout":"default","site-content-style":"default","site-sidebar-style":"default","ast-global-header-display":"","ast-banner-title-visibility":"","ast-main-header-display":"","ast-hfb-above-header-display":"","ast-hfb-below-header-display":"","ast-hfb-mobile-header-display":"","site-post-title":"","ast-breadcrumbs-content":"","ast-featured-img":"","footer-sml-layout":"","theme-transparent-header-meta":"default","adv-header-id-meta":"","stick-header-meta":"","header-above-stick-meta":"","header-main-stick-meta":"","header-below-stick-meta":"","astra-migrate-meta-layouts":"set","ast-page-background-enabled":"default","ast-page-background-meta":{"desktop":{"background-color":"var(--ast-global-color-4)","background-image":"","background-repeat":"repeat","background-position":"center center","background-size":"auto","background-attachment":"scroll","background-type":"","background-media":"","overlay-type":"","overlay-color":"","overlay-opacity":"","overlay-gradient":""},"tablet":{"background-color":"","background-image":"","background-repeat":"repeat","background-position":"center center","background-size":"auto","background-attachment":"scroll","background-type":"","background-media":"","overlay-type":"","overlay-color":"","overlay-opacity":"","overlay-gradient":""},"mobile":{"background-color":"","background-image":"","background-repeat":"repeat","background-position":"center center","background-size":"auto","background-attachment":"scroll","background-type":"","background-media":"","overlay-type":"","overlay-color":"","overlay-opacity":"","overlay-gradient":""}},"ast-content-background-meta":{"desktop":{"background-color":"var(--ast-global-color-5)","background-image":"","background-repeat":"repeat","background-position":"center center","background-size":"auto","background-attachment":"scroll","background-type":"","background-media":"","overlay-type":"","overlay-color":"","overlay-opacity":"","overlay-gradient":""},"tablet":{"background-color":"var(--ast-global-color-5)","background-image":"","background-repeat":"repeat","background-position":"center center","background-size":"auto","background-attachment":"scroll","background-type":"","background-media":"","overlay-type":"","overlay-color":"","overlay-opacity":"","overlay-gradient":""},"mobile":{"background-color":"var(--ast-global-color-5)","background-image":"","background-repeat":"repeat","background-position":"center center","background-size":"auto","background-attachment":"scroll","background-type":"","background-media":"","overlay-type":"","overlay-color":"","overlay-opacity":"","overlay-gradient":""}}},"product_brand":[],"product_cat":[996],"product_tag":[],"class_list":{"0":"post-35754","1":"product","2":"type-product","3":"status-publish","4":"has-post-thumbnail","6":"product_cat-tools","7":"pa_28898_halfcdfp-a","8":"pa_28898_halfcdfp-b","9":"desktop-align-left","10":"tablet-align-left","11":"mobile-align-left","13":"first","14":"instock","15":"shipping-taxable","16":"purchasable","17":"product-type-variable"},"_links":{"self":[{"href":"https:\/\/keluvo.com\/se\/wp-json\/wp\/v2\/product\/35754","targetHints":{"allow":["GET"]}}],"collection":[{"href":"https:\/\/keluvo.com\/se\/wp-json\/wp\/v2\/product"}],"about":[{"href":"https:\/\/keluvo.com\/se\/wp-json\/wp\/v2\/types\/product"}],"replies":[{"embeddable":true,"href":"https:\/\/keluvo.com\/se\/wp-json\/wp\/v2\/comments?post=35754"}],"wp:featuredmedia":[{"embeddable":true,"href":"https:\/\/keluvo.com\/se\/wp-json\/wp\/v2\/media\/35750"}],"wp:attachment":[{"href":"https:\/\/keluvo.com\/se\/wp-json\/wp\/v2\/media?parent=35754"}],"wp:term":[{"taxonomy":"product_brand","embeddable":true,"href":"https:\/\/keluvo.com\/se\/wp-json\/wp\/v2\/product_brand?post=35754"},{"taxonomy":"product_cat","embeddable":true,"href":"https:\/\/keluvo.com\/se\/wp-json\/wp\/v2\/product_cat?post=35754"},{"taxonomy":"product_tag","embeddable":true,"href":"https:\/\/keluvo.com\/se\/wp-json\/wp\/v2\/product_tag?post=35754"}],"curies":[{"name":"wp","href":"https:\/\/api.w.org\/{rel}","templated":true}]}}