{"id":35741,"date":"2025-09-19T16:01:02","date_gmt":"2025-09-19T13:01:02","guid":{"rendered":"https:\/\/keluvo.com\/se\/product\/skohylla\/"},"modified":"2025-09-19T16:01:08","modified_gmt":"2025-09-19T13:01:08","slug":"skohylla","status":"publish","type":"product","link":"https:\/\/keluvo.com\/se\/product\/skohylla\/","title":{"rendered":"Skohylla"},"content":{"rendered":"<p style=\"text-align: center\" data-start=\"95\" data-end=\"136\"><strong>\ud83d\udeaaF\u00f6rvandla Alla D\u00f6rrar Till Smarta F\u00f6rvaringsutrymmen!<\/strong><\/p>\n<p style=\"text-align: center\" data-start=\"138\" data-end=\"312\">Har du slut p\u00e5 utrymme? Detta d\u00f6rrst\u00e4ll ger dig omedelbart hyllor, krokar och korgar utan borrning eller verktyg &#8211; perfekt f\u00f6r att organisera skor, v\u00e4skor, handdukar och mycket mer.<\/p>\n<p data-start=\"138\" data-end=\"312\"><img decoding=\"async\" class=\"size-full wp-image-28374 aligncenter\" src=\"https:\/\/keluvo.com\/template\/wp-content\/uploads\/sites\/5\/2025\/07\/07218-ezgif.com-video-to-webp-converter.webp\" alt=\"\" \/><\/p>\n<h2 style=\"text-align: center\" data-start=\"314\" data-end=\"334\"><strong>\u2705 Huvudf\u00f6rdelar<\/strong><\/h2>\n<p data-start=\"337\" data-end=\"394\">\ud83e\uddfa Stort f\u00f6rvaringsutrymme med flera hyllor och korgar<\/p>\n<p data-start=\"397\" data-end=\"453\">\ud83e\udde5 Krokar i dubbla rader f\u00f6r jackor, v\u00e4skor och accessories<\/p>\n<p data-start=\"456\" data-end=\"514\">\ud83d\udee0\ufe0f Enkel installation utan borrning &#8211; h\u00e4ng bara \u00f6ver d\u00f6rren<\/p>\n<p data-start=\"517\" data-end=\"563\">\ud83d\udca7 Vattent\u00e4t och rostbest\u00e4ndig metallram<\/p>\n<p data-start=\"566\" data-end=\"612\">\ud83d\udeaa Passar de flesta standardd\u00f6rrar utan scratching<\/p>\n<p data-start=\"566\" data-end=\"612\"><img decoding=\"async\" class=\"size-full wp-image-28376 aligncenter\" src=\"https:\/\/keluvo.com\/template\/wp-content\/uploads\/sites\/5\/2025\/07\/S1797fae39a4246e4ad7deddcaa7fa1dbT.jpg_960x960q75.jpg_.avif\" alt=\"\" \/><\/p>\n<h2 style=\"text-align: center\" data-start=\"614\" data-end=\"633\"><strong>\ud83d\udee0\ufe0f Anv\u00e4ndning<\/strong><\/h2>\n<ol data-start=\"634\" data-end=\"760\">\n<li data-start=\"634\" data-end=\"668\">\n<p data-start=\"637\" data-end=\"668\">H\u00e4ng ramen \u00f6ver vilken d\u00f6rr som helst.<\/p>\n<\/li>\n<li data-start=\"669\" data-end=\"708\">\n<p data-start=\"672\" data-end=\"708\">Justera och f\u00e4st metallkrokarna.<\/p>\n<\/li>\n<li data-start=\"709\" data-end=\"760\">\n<p data-start=\"712\" data-end=\"760\">Fyll hyllorna och krokarna med dina viktigaste saker!<\/p>\n<\/li>\n<\/ol>\n<h2 style=\"text-align: center\" data-start=\"762\" data-end=\"785\"><strong>\ud83d\udccf Produktdetaljer<\/strong><\/h2>\n<ul data-start=\"786\" data-end=\"979\">\n<li data-start=\"786\" data-end=\"839\">\n<p data-start=\"788\" data-end=\"839\">Material: Belagd metall (rostfri och vattent\u00e4t)<\/p>\n<\/li>\n<li data-start=\"840\" data-end=\"885\">\n<p data-start=\"842\" data-end=\"885\">Inneh\u00e5ller hyllor, krokar och n\u00e4tkorgar<\/p>\n<\/li>\n<li data-start=\"933\" data-end=\"979\">\n<p data-start=\"935\" data-end=\"979\">M\u00e5tt: Passar de flesta innerd\u00f6rrar<\/p>\n<\/li>\n<\/ul>\n<h2 style=\"text-align: center\" data-start=\"981\" data-end=\"1005\"><strong>\ud83d\udce6 Paketet Inneh\u00e5ller<\/strong><\/h2>\n<ul data-start=\"1006\" data-end=\"1070\">\n<li data-start=\"1006\" data-end=\"1070\">\n<p data-start=\"1008\" data-end=\"1070\">1x skost\u00e4ll.<\/p>\n<\/li>\n<\/ul>\n","protected":false},"excerpt":{"rendered":"<p>\ud83d\udeaaF\u00f6rvandla Alla D\u00f6rrar Till Smarta F\u00f6rvaringsutrymmen! Har du slut p\u00e5 utrymme? Detta d\u00f6rrst\u00e4ll ger dig omedelbart hyllor, krokar och korgar [&hellip;]<\/p>\n","protected":false},"featured_media":35737,"comment_status":"open","ping_status":"closed","template":"","meta":{"site-sidebar-layout":"default","site-content-layout":"","ast-site-content-layout":"default","site-content-style":"default","site-sidebar-style":"default","ast-global-header-display":"","ast-banner-title-visibility":"","ast-main-header-display":"","ast-hfb-above-header-display":"","ast-hfb-below-header-display":"","ast-hfb-mobile-header-display":"","site-post-title":"","ast-breadcrumbs-content":"","ast-featured-img":"","footer-sml-layout":"","theme-transparent-header-meta":"default","adv-header-id-meta":"","stick-header-meta":"","header-above-stick-meta":"","header-main-stick-meta":"","header-below-stick-meta":"","astra-migrate-meta-layouts":"set","ast-page-background-enabled":"default","ast-page-background-meta":{"desktop":{"background-color":"var(--ast-global-color-4)","background-image":"","background-repeat":"repeat","background-position":"center center","background-size":"auto","background-attachment":"scroll","background-type":"","background-media":"","overlay-type":"","overlay-color":"","overlay-opacity":"","overlay-gradient":""},"tablet":{"background-color":"","background-image":"","background-repeat":"repeat","background-position":"center center","background-size":"auto","background-attachment":"scroll","background-type":"","background-media":"","overlay-type":"","overlay-color":"","overlay-opacity":"","overlay-gradient":""},"mobile":{"background-color":"","background-image":"","background-repeat":"repeat","background-position":"center center","background-size":"auto","background-attachment":"scroll","background-type":"","background-media":"","overlay-type":"","overlay-color":"","overlay-opacity":"","overlay-gradient":""}},"ast-content-background-meta":{"desktop":{"background-color":"var(--ast-global-color-5)","background-image":"","background-repeat":"repeat","background-position":"center center","background-size":"auto","background-attachment":"scroll","background-type":"","background-media":"","overlay-type":"","overlay-color":"","overlay-opacity":"","overlay-gradient":""},"tablet":{"background-color":"var(--ast-global-color-5)","background-image":"","background-repeat":"repeat","background-position":"center center","background-size":"auto","background-attachment":"scroll","background-type":"","background-media":"","overlay-type":"","overlay-color":"","overlay-opacity":"","overlay-gradient":""},"mobile":{"background-color":"var(--ast-global-color-5)","background-image":"","background-repeat":"repeat","background-position":"center center","background-size":"auto","background-attachment":"scroll","background-type":"","background-media":"","overlay-type":"","overlay-color":"","overlay-opacity":"","overlay-gradient":""}}},"product_brand":[],"product_cat":[1001],"product_tag":[],"class_list":{"0":"post-35741","1":"product","2":"type-product","3":"status-publish","4":"has-post-thumbnail","6":"product_cat-household-goods","7":"pa_32443_ay7hgut4-svart","8":"pa_32443_ay7hgut4-vit","9":"desktop-align-left","10":"tablet-align-left","11":"mobile-align-left","13":"first","14":"instock","15":"shipping-taxable","16":"purchasable","17":"product-type-variable"},"_links":{"self":[{"href":"https:\/\/keluvo.com\/se\/wp-json\/wp\/v2\/product\/35741","targetHints":{"allow":["GET"]}}],"collection":[{"href":"https:\/\/keluvo.com\/se\/wp-json\/wp\/v2\/product"}],"about":[{"href":"https:\/\/keluvo.com\/se\/wp-json\/wp\/v2\/types\/product"}],"replies":[{"embeddable":true,"href":"https:\/\/keluvo.com\/se\/wp-json\/wp\/v2\/comments?post=35741"}],"wp:featuredmedia":[{"embeddable":true,"href":"https:\/\/keluvo.com\/se\/wp-json\/wp\/v2\/media\/35737"}],"wp:attachment":[{"href":"https:\/\/keluvo.com\/se\/wp-json\/wp\/v2\/media?parent=35741"}],"wp:term":[{"taxonomy":"product_brand","embeddable":true,"href":"https:\/\/keluvo.com\/se\/wp-json\/wp\/v2\/product_brand?post=35741"},{"taxonomy":"product_cat","embeddable":true,"href":"https:\/\/keluvo.com\/se\/wp-json\/wp\/v2\/product_cat?post=35741"},{"taxonomy":"product_tag","embeddable":true,"href":"https:\/\/keluvo.com\/se\/wp-json\/wp\/v2\/product_tag?post=35741"}],"curies":[{"name":"wp","href":"https:\/\/api.w.org\/{rel}","templated":true}]}}