{"id":35708,"date":"2025-09-19T15:58:54","date_gmt":"2025-09-19T12:58:54","guid":{"rendered":"https:\/\/keluvo.com\/se\/product\/laddare-for-bil\/"},"modified":"2025-09-19T15:58:54","modified_gmt":"2025-09-19T12:58:54","slug":"laddare-for-bil","status":"publish","type":"product","link":"https:\/\/keluvo.com\/se\/product\/laddare-for-bil\/","title":{"rendered":"Laddare f\u00f6r bil"},"content":{"rendered":"<p style=\"text-align: center\" data-start=\"102\" data-end=\"154\"><strong>\u26a1 Ladda Allt N\u00e4r Du \u00c4r P\u00e5 Spr\u00e5ng \u2014 Fr\u00e5n En Kompakt Kopp!<\/strong><\/p>\n<p style=\"text-align: center\" data-start=\"156\" data-end=\"433\">Denna innovativa biladdare i koppformat passar perfekt i bilens kopph\u00e5llare och levererar rej\u00e4l laddningskraft. Med flera USB-portar, AC-uttag, en snabbladdande QC 3.0-port och en ljusstark LCD-sk\u00e4rm \u00e4r den perfekt f\u00f6r bilresor, arbete fr\u00e5n bilen och vardagsanv\u00e4ndning.<\/p>\n<p data-start=\"156\" data-end=\"433\"><img decoding=\"async\" class=\"size-full wp-image-28345 aligncenter\" src=\"https:\/\/keluvo.com\/template\/wp-content\/uploads\/sites\/5\/2025\/07\/07217-ezgif.com-video-to-webp-converter.webp\" alt=\"\" \/><\/p>\n<h2 style=\"text-align: center\" data-start=\"435\" data-end=\"456\">\ud83d\udd0c Huvudf\u00f6rdelar<\/h2>\n<p data-start=\"459\" data-end=\"508\">\ud83d\ude97 Passar i muggh\u00e5llaren f\u00f6r enkel, stabil anv\u00e4ndning<\/p>\n<p data-start=\"511\" data-end=\"567\">\u26a1 Konverterar 12 V DC till 220 V AC (upp till 250 W total uteffekt)<\/p>\n<p data-start=\"570\" data-end=\"635\">\ud83d\udd0b Inneh\u00e5ller 4 USB-portar (1x QC 3.0, 3x smart USB), 2 AC-uttag<\/p>\n<p data-start=\"638\" data-end=\"693\">\ud83d\udcf1 Ladda b\u00e4rbara datorer, telefoner, surfplattor, kameror med mera<\/p>\n<p data-start=\"696\" data-end=\"756\">\ud83e\udde0 Intelligent LCD-sk\u00e4rm visar sp\u00e4nning och status i realtid<\/p>\n<p data-start=\"759\" data-end=\"849\">\ud83d\udd10 Inbyggda s\u00e4kringar och s\u00e4kerhetsskydd mot \u00f6verhettning, \u00f6versp\u00e4nning och kortslutning<\/p>\n<p data-start=\"759\" data-end=\"849\"><img decoding=\"async\" class=\"size-full wp-image-28346 aligncenter\" src=\"https:\/\/keluvo.com\/template\/wp-content\/uploads\/sites\/5\/2025\/07\/e03477984e0c71ac01d62d11dda01fd7a388170d-700.avif\" alt=\"\" \/><\/p>\n<h2 style=\"text-align: center\" data-start=\"851\" data-end=\"869\">\ud83d\udccc Anv\u00e4ndning<\/h2>\n<ol data-start=\"870\" data-end=\"1032\">\n<li data-start=\"870\" data-end=\"919\">\n<p data-start=\"873\" data-end=\"919\">Koppla in v\u00e4xelriktaren i bilens 12V-uttag.<\/p>\n<\/li>\n<li data-start=\"920\" data-end=\"960\">\n<p data-start=\"923\" data-end=\"960\">Insert devices into USB or AC ports.<\/p>\n<\/li>\n<li data-start=\"961\" data-end=\"1032\">\n<p data-start=\"964\" data-end=\"1032\">\u00d6vervaka effektniv\u00e5erna p\u00e5 LCD-displayen och ladda med tillf\u00f6rsikt<\/p>\n<\/li>\n<\/ol>\n<h2 style=\"text-align: center\" data-start=\"1034\" data-end=\"1057\">\ud83d\udcd0 Produktdetaljer<\/h2>\n<ul data-start=\"1058\" data-end=\"1194\">\n<li data-start=\"1058\" data-end=\"1084\">\n<p data-start=\"1060\" data-end=\"1084\">Storlek: 7 \u00d7 7,7 \u00d7 5,6 cm<\/p>\n<\/li>\n<li data-start=\"1085\" data-end=\"1120\">\n<p data-start=\"1087\" data-end=\"1120\">Ing\u00e5ng: DC 12V \u2192 Utg\u00e5ng: AC 220V<\/p>\n<\/li>\n<li data-start=\"1121\" data-end=\"1144\">\n<p data-start=\"1123\" data-end=\"1144\">USB-utg\u00e5ng: 5V\/4,4A<\/p>\n<\/li>\n<li data-start=\"1145\" data-end=\"1173\">\n<p data-start=\"1147\" data-end=\"1173\">Pl\u00e4ngd p\u00e5 n\u00e4tsladd: 80 cm<\/p>\n<\/li>\n<li data-start=\"1174\" data-end=\"1194\">\n<p data-start=\"1176\" data-end=\"1194\">Max effekt: 220W<\/p>\n<\/li>\n<\/ul>\n<h2 style=\"text-align: center\" data-start=\"1196\" data-end=\"1220\">\ud83d\udce6 Paketet Inneh\u00e5ller<\/h2>\n<ul data-start=\"1221\" data-end=\"1273\">\n<li data-start=\"1221\" data-end=\"1273\">\n<p data-start=\"1223\" data-end=\"1273\">1x billaddare.<\/p>\n<\/li>\n<\/ul>\n","protected":false},"excerpt":{"rendered":"<p>\u26a1 Ladda Allt N\u00e4r Du \u00c4r P\u00e5 Spr\u00e5ng \u2014 Fr\u00e5n En Kompakt Kopp! Denna innovativa biladdare i koppformat passar perfekt [&hellip;]<\/p>\n","protected":false},"featured_media":35704,"comment_status":"open","ping_status":"closed","template":"","meta":{"site-sidebar-layout":"default","site-content-layout":"","ast-site-content-layout":"default","site-content-style":"default","site-sidebar-style":"default","ast-global-header-display":"","ast-banner-title-visibility":"","ast-main-header-display":"","ast-hfb-above-header-display":"","ast-hfb-below-header-display":"","ast-hfb-mobile-header-display":"","site-post-title":"","ast-breadcrumbs-content":"","ast-featured-img":"","footer-sml-layout":"","theme-transparent-header-meta":"default","adv-header-id-meta":"","stick-header-meta":"","header-above-stick-meta":"","header-main-stick-meta":"","header-below-stick-meta":"","astra-migrate-meta-layouts":"set","ast-page-background-enabled":"default","ast-page-background-meta":{"desktop":{"background-color":"var(--ast-global-color-4)","background-image":"","background-repeat":"repeat","background-position":"center center","background-size":"auto","background-attachment":"scroll","background-type":"","background-media":"","overlay-type":"","overlay-color":"","overlay-opacity":"","overlay-gradient":""},"tablet":{"background-color":"","background-image":"","background-repeat":"repeat","background-position":"center center","background-size":"auto","background-attachment":"scroll","background-type":"","background-media":"","overlay-type":"","overlay-color":"","overlay-opacity":"","overlay-gradient":""},"mobile":{"background-color":"","background-image":"","background-repeat":"repeat","background-position":"center center","background-size":"auto","background-attachment":"scroll","background-type":"","background-media":"","overlay-type":"","overlay-color":"","overlay-opacity":"","overlay-gradient":""}},"ast-content-background-meta":{"desktop":{"background-color":"var(--ast-global-color-5)","background-image":"","background-repeat":"repeat","background-position":"center center","background-size":"auto","background-attachment":"scroll","background-type":"","background-media":"","overlay-type":"","overlay-color":"","overlay-opacity":"","overlay-gradient":""},"tablet":{"background-color":"var(--ast-global-color-5)","background-image":"","background-repeat":"repeat","background-position":"center center","background-size":"auto","background-attachment":"scroll","background-type":"","background-media":"","overlay-type":"","overlay-color":"","overlay-opacity":"","overlay-gradient":""},"mobile":{"background-color":"var(--ast-global-color-5)","background-image":"","background-repeat":"repeat","background-position":"center center","background-size":"auto","background-attachment":"scroll","background-type":"","background-media":"","overlay-type":"","overlay-color":"","overlay-opacity":"","overlay-gradient":""}}},"product_brand":[],"product_cat":[998],"product_tag":[],"class_list":{"0":"post-35708","1":"product","2":"type-product","3":"status-publish","4":"has-post-thumbnail","6":"product_cat-automotive-products","7":"desktop-align-left","8":"tablet-align-left","9":"mobile-align-left","11":"first","12":"instock","13":"shipping-taxable","14":"purchasable","15":"product-type-simple"},"_links":{"self":[{"href":"https:\/\/keluvo.com\/se\/wp-json\/wp\/v2\/product\/35708","targetHints":{"allow":["GET"]}}],"collection":[{"href":"https:\/\/keluvo.com\/se\/wp-json\/wp\/v2\/product"}],"about":[{"href":"https:\/\/keluvo.com\/se\/wp-json\/wp\/v2\/types\/product"}],"replies":[{"embeddable":true,"href":"https:\/\/keluvo.com\/se\/wp-json\/wp\/v2\/comments?post=35708"}],"wp:featuredmedia":[{"embeddable":true,"href":"https:\/\/keluvo.com\/se\/wp-json\/wp\/v2\/media\/35704"}],"wp:attachment":[{"href":"https:\/\/keluvo.com\/se\/wp-json\/wp\/v2\/media?parent=35708"}],"wp:term":[{"taxonomy":"product_brand","embeddable":true,"href":"https:\/\/keluvo.com\/se\/wp-json\/wp\/v2\/product_brand?post=35708"},{"taxonomy":"product_cat","embeddable":true,"href":"https:\/\/keluvo.com\/se\/wp-json\/wp\/v2\/product_cat?post=35708"},{"taxonomy":"product_tag","embeddable":true,"href":"https:\/\/keluvo.com\/se\/wp-json\/wp\/v2\/product_tag?post=35708"}],"curies":[{"name":"wp","href":"https:\/\/api.w.org\/{rel}","templated":true}]}}