{"id":35688,"date":"2025-09-19T15:58:00","date_gmt":"2025-09-19T12:58:00","guid":{"rendered":"https:\/\/keluvo.com\/se\/product\/korthallare\/"},"modified":"2025-09-19T15:58:10","modified_gmt":"2025-09-19T12:58:10","slug":"korthallare","status":"publish","type":"product","link":"https:\/\/keluvo.com\/se\/product\/korthallare\/","title":{"rendered":"Korth\u00e5llare"},"content":{"rendered":"<p style=\"text-align: center\" data-start=\"73\" data-end=\"125\"><strong>\ud83d\ude3a S\u00f6t, Kompakt Och Gjord F\u00f6r Att B\u00e4ra Dina V\u00e4sentligheter!<\/strong><\/p>\n<p style=\"text-align: center\" data-start=\"127\" data-end=\"377\">Denna bed\u00e5rande kattformade korth\u00e5llare ger en lekfull twist till din vardag. Den \u00e4r tillverkad av premium konstl\u00e4der med en smidig dragkedja och \u00e4r perfekt f\u00f6r f\u00f6rvaring av kort, mynt, nycklar och sm\u00e5 prydnadssaker &#8211; samtidigt som du visar att du \u00e4lskar katter!<\/p>\n<p data-start=\"127\" data-end=\"377\"><img decoding=\"async\" class=\"size-full wp-image-28330 aligncenter\" src=\"https:\/\/keluvo.com\/template\/wp-content\/uploads\/sites\/5\/2025\/07\/0003__8_58227754-94ff-41d3-b9f9-7d41d61b8c2e_480x480.webp\" alt=\"\" \/><\/p>\n<h2 style=\"text-align: center\" data-start=\"379\" data-end=\"400\">\ud83d\udc3e Huvudf\u00f6rdelar<\/h2>\n<p data-start=\"403\" data-end=\"451\">\ud83d\udc31 Unik design med kattansikte som f\u00e5r dig att le<\/p>\n<p data-start=\"454\" data-end=\"517\">\ud83e\uddf5 Mjukt konstl\u00e4der med sydda detaljer f\u00f6r ett premiumutseende<\/p>\n<p data-start=\"520\" data-end=\"563\">\ud83d\udd10 S\u00e4ker dragkedjest\u00e4ngning h\u00e5ller f\u00f6rem\u00e5l s\u00e4kra<\/p>\n<p data-start=\"566\" data-end=\"620\">\ud83d\udcb3 Passar kort, kontanter, mynt, l\u00e4ppstift, nycklar och mer<\/p>\n<p data-start=\"623\" data-end=\"670\">\ud83c\udf81 Bra present till katt\u00e4lskare, ton\u00e5ringar och barn<\/p>\n<p data-start=\"623\" data-end=\"670\"><img decoding=\"async\" class=\"size-full wp-image-28332 aligncenter\" src=\"https:\/\/keluvo.com\/template\/wp-content\/uploads\/sites\/5\/2025\/07\/0002__9_1400x.webp\" alt=\"\" \/><\/p>\n<h2 style=\"text-align: center\" data-start=\"672\" data-end=\"690\">\ud83d\udccc Hur Man Anv\u00e4nder<\/h2>\n<ol data-start=\"691\" data-end=\"793\">\n<li data-start=\"691\" data-end=\"712\">\n<p data-start=\"694\" data-end=\"712\">Dra upp dragkedjan i h\u00e5llaren.<\/p>\n<\/li>\n<li data-start=\"713\" data-end=\"739\">\n<p data-start=\"716\" data-end=\"739\">Store your essentials.<\/p>\n<\/li>\n<li data-start=\"740\" data-end=\"793\">\n<p data-start=\"743\" data-end=\"793\">Dra igen dragkedjan och stoppa den i v\u00e4skan eller fickan.<\/p>\n<\/li>\n<\/ol>\n<h2 style=\"text-align: center\" data-start=\"795\" data-end=\"818\">\ud83d\udcd0 Produktdetaljer<\/h2>\n<ul data-start=\"819\" data-end=\"953\">\n<li data-start=\"819\" data-end=\"865\">\n<p data-start=\"821\" data-end=\"865\">Storlek: 9 \u00d7 8,5 \u00d7 2 cm<\/p>\n<\/li>\n<li data-start=\"866\" data-end=\"914\">\n<p data-start=\"868\" data-end=\"914\">Material: konstl\u00e4der med polyesterfoder<\/p>\n<\/li>\n<\/ul>\n<h2 style=\"text-align: center\" data-start=\"955\" data-end=\"979\">\ud83d\udce6 F\u00f6rpackningen Inneh\u00e5ller<\/h2>\n<ul data-start=\"980\" data-end=\"1008\">\n<li data-start=\"980\" data-end=\"1008\">\n<p data-start=\"982\" data-end=\"1008\">1x kattkorth\u00e5llare.<\/p>\n<\/li>\n<\/ul>\n","protected":false},"excerpt":{"rendered":"<p>\ud83d\ude3a S\u00f6t, Kompakt Och Gjord F\u00f6r Att B\u00e4ra Dina V\u00e4sentligheter! Denna bed\u00e5rande kattformade korth\u00e5llare ger en lekfull twist till din [&hellip;]<\/p>\n","protected":false},"featured_media":35684,"comment_status":"open","ping_status":"closed","template":"","meta":{"site-sidebar-layout":"default","site-content-layout":"","ast-site-content-layout":"default","site-content-style":"default","site-sidebar-style":"default","ast-global-header-display":"","ast-banner-title-visibility":"","ast-main-header-display":"","ast-hfb-above-header-display":"","ast-hfb-below-header-display":"","ast-hfb-mobile-header-display":"","site-post-title":"","ast-breadcrumbs-content":"","ast-featured-img":"","footer-sml-layout":"","theme-transparent-header-meta":"default","adv-header-id-meta":"","stick-header-meta":"","header-above-stick-meta":"","header-main-stick-meta":"","header-below-stick-meta":"","astra-migrate-meta-layouts":"set","ast-page-background-enabled":"default","ast-page-background-meta":{"desktop":{"background-color":"var(--ast-global-color-4)","background-image":"","background-repeat":"repeat","background-position":"center center","background-size":"auto","background-attachment":"scroll","background-type":"","background-media":"","overlay-type":"","overlay-color":"","overlay-opacity":"","overlay-gradient":""},"tablet":{"background-color":"","background-image":"","background-repeat":"repeat","background-position":"center center","background-size":"auto","background-attachment":"scroll","background-type":"","background-media":"","overlay-type":"","overlay-color":"","overlay-opacity":"","overlay-gradient":""},"mobile":{"background-color":"","background-image":"","background-repeat":"repeat","background-position":"center center","background-size":"auto","background-attachment":"scroll","background-type":"","background-media":"","overlay-type":"","overlay-color":"","overlay-opacity":"","overlay-gradient":""}},"ast-content-background-meta":{"desktop":{"background-color":"var(--ast-global-color-5)","background-image":"","background-repeat":"repeat","background-position":"center center","background-size":"auto","background-attachment":"scroll","background-type":"","background-media":"","overlay-type":"","overlay-color":"","overlay-opacity":"","overlay-gradient":""},"tablet":{"background-color":"var(--ast-global-color-5)","background-image":"","background-repeat":"repeat","background-position":"center center","background-size":"auto","background-attachment":"scroll","background-type":"","background-media":"","overlay-type":"","overlay-color":"","overlay-opacity":"","overlay-gradient":""},"mobile":{"background-color":"var(--ast-global-color-5)","background-image":"","background-repeat":"repeat","background-position":"center center","background-size":"auto","background-attachment":"scroll","background-type":"","background-media":"","overlay-type":"","overlay-color":"","overlay-opacity":"","overlay-gradient":""}}},"product_brand":[],"product_cat":[993],"product_tag":[],"class_list":{"0":"post-35688","1":"product","2":"type-product","3":"status-publish","4":"has-post-thumbnail","6":"product_cat-footwear-accessories","7":"pa_37525_z9lza6et-brun","8":"pa_37525_z9lza6et-gra","9":"pa_37525_z9lza6et-orange","10":"pa_37525_z9lza6et-svart","11":"desktop-align-left","12":"tablet-align-left","13":"mobile-align-left","15":"first","16":"instock","17":"shipping-taxable","18":"purchasable","19":"product-type-variable"},"_links":{"self":[{"href":"https:\/\/keluvo.com\/se\/wp-json\/wp\/v2\/product\/35688","targetHints":{"allow":["GET"]}}],"collection":[{"href":"https:\/\/keluvo.com\/se\/wp-json\/wp\/v2\/product"}],"about":[{"href":"https:\/\/keluvo.com\/se\/wp-json\/wp\/v2\/types\/product"}],"replies":[{"embeddable":true,"href":"https:\/\/keluvo.com\/se\/wp-json\/wp\/v2\/comments?post=35688"}],"wp:featuredmedia":[{"embeddable":true,"href":"https:\/\/keluvo.com\/se\/wp-json\/wp\/v2\/media\/35684"}],"wp:attachment":[{"href":"https:\/\/keluvo.com\/se\/wp-json\/wp\/v2\/media?parent=35688"}],"wp:term":[{"taxonomy":"product_brand","embeddable":true,"href":"https:\/\/keluvo.com\/se\/wp-json\/wp\/v2\/product_brand?post=35688"},{"taxonomy":"product_cat","embeddable":true,"href":"https:\/\/keluvo.com\/se\/wp-json\/wp\/v2\/product_cat?post=35688"},{"taxonomy":"product_tag","embeddable":true,"href":"https:\/\/keluvo.com\/se\/wp-json\/wp\/v2\/product_tag?post=35688"}],"curies":[{"name":"wp","href":"https:\/\/api.w.org\/{rel}","templated":true}]}}