{"id":35627,"date":"2025-09-19T15:54:20","date_gmt":"2025-09-19T12:54:20","guid":{"rendered":"https:\/\/keluvo.com\/se\/product\/harbalsam\/"},"modified":"2025-09-19T15:54:26","modified_gmt":"2025-09-19T12:54:26","slug":"harbalsam","status":"publish","type":"product","link":"https:\/\/keluvo.com\/se\/product\/harbalsam\/","title":{"rendered":"H\u00e5rbalsam"},"content":{"rendered":"<p style=\"text-align: center\" data-start=\"81\" data-end=\"136\"><strong>\ud83d\udc86\u200d\u2640\ufe0f F\u00f6rvandla Torrt, Frissigt H\u00e5r Till Silkeslen Perfektion!<\/strong><\/p>\n<p style=\"text-align: center\" data-start=\"138\" data-end=\"396\">Detta keratinfyllda h\u00e5rbalsam ger n\u00e4ring p\u00e5 djupet och reparerar skadade h\u00e5rstr\u00e5n fr\u00e5n insidan och ut. Fullpackat med naturliga ingredienser och proteinrika formler \u00e5terst\u00e4ller det glans, styrka och mjukhet &#8211; och l\u00e4mnar ditt h\u00e5r friskare efter varje anv\u00e4ndning.<\/p>\n<p data-start=\"138\" data-end=\"396\"><img decoding=\"async\" class=\"size-full wp-image-28270 aligncenter\" src=\"https:\/\/keluvo.com\/template\/wp-content\/uploads\/sites\/5\/2025\/07\/07216-ezgif.com-video-to-webp-converter.webp\" alt=\"\" \/><\/p>\n<h2 style=\"text-align: center\" data-start=\"398\" data-end=\"418\"><strong>\u2728 Huvudsakliga F\u00f6rdelar<\/strong><\/h2>\n<p data-start=\"421\" data-end=\"466\">\ud83c\udf3f Reparerar kluvna toppar och torrt, spr\u00f6tt h\u00e5r<\/p>\n<p data-start=\"469\" data-end=\"516\">\ud83d\udca7 \u00c5terfuktar p\u00e5 djupet och \u00e5terst\u00e4ller naturlig glans<\/p>\n<p data-start=\"519\" data-end=\"565\">\ud83e\uddec Inneh\u00e5ller keratin och v\u00e4xtbaserade oils<\/p>\n<p data-start=\"568\" data-end=\"632\">\ud83d\udc86\u200d\u2640\ufe0f Massageaktiverat f\u00f6r b\u00e4ttre absorption och h\u00e5rbottenh\u00e4lsa<\/p>\n<p data-start=\"635\" data-end=\"707\">\u2705 Perfekt f\u00f6r alla h\u00e5rtyper &#8211; f\u00e4rgbehandlat, lockigt, rakt eller grovt<\/p>\n<p data-start=\"635\" data-end=\"707\"><img decoding=\"async\" class=\"size-full wp-image-28273 aligncenter\" src=\"https:\/\/keluvo.com\/template\/wp-content\/uploads\/sites\/5\/2025\/07\/spp_20240702154923_ee6133be56d801c74d364ce296588ffb.jpg\" alt=\"\" \/><\/p>\n<h2 style=\"text-align: center\" data-start=\"709\" data-end=\"727\"><strong>\ud83d\udccc Hur Man Anv\u00e4nder<\/strong><\/h2>\n<ol data-start=\"728\" data-end=\"876\">\n<li data-start=\"728\" data-end=\"780\">\n<p data-start=\"731\" data-end=\"780\">Applicera balsam i v\u00e5tt h\u00e5r efter schamponering.<\/p>\n<\/li>\n<li data-start=\"781\" data-end=\"824\">\n<p data-start=\"784\" data-end=\"824\">Massera f\u00f6rsiktigt in i h\u00e5rbotten och topparna.<\/p>\n<\/li>\n<li data-start=\"825\" data-end=\"876\">\n<p data-start=\"828\" data-end=\"876\">l\u00e5t verka i n\u00e5gra minuter och sk\u00f6lj sedan noggrant<\/p>\n<\/li>\n<\/ol>\n<h2 style=\"text-align: center\" data-start=\"878\" data-end=\"901\"><strong>\ud83d\udcd0 Produktdetaljer<\/strong><\/h2>\n<ul data-start=\"902\" data-end=\"1016\">\n<li data-start=\"902\" data-end=\"917\">\n<p data-start=\"904\" data-end=\"917\">Storlek: 100ml<\/p>\n<\/li>\n<li data-start=\"918\" data-end=\"993\">\n<p data-start=\"920\" data-end=\"993\">Rikt p\u00e5 aminosyror, kokosolja, ingef\u00e4raextrakt, kollagen och keratin<\/p>\n<\/li>\n<li data-start=\"994\" data-end=\"1016\">\n<p data-start=\"996\" data-end=\"1016\">S\u00e4kert f\u00f6r daglig anv\u00e4ndning<\/p>\n<\/li>\n<\/ul>\n<h2 style=\"text-align: center\" data-start=\"1018\" data-end=\"1042\"><strong>\ud83d\udce6 Paketet Inneh\u00e5ller<\/strong><\/h2>\n<ul data-start=\"1043\" data-end=\"1086\">\n<li data-start=\"1043\" data-end=\"1086\">\n<p data-start=\"1045\" data-end=\"1086\">1, 2x h\u00e5rbalsam.<\/p>\n<\/li>\n<\/ul>\n","protected":false},"excerpt":{"rendered":"<p>\ud83d\udc86\u200d\u2640\ufe0f F\u00f6rvandla Torrt, Frissigt H\u00e5r Till Silkeslen Perfektion! Detta keratinfyllda h\u00e5rbalsam ger n\u00e4ring p\u00e5 djupet och reparerar skadade h\u00e5rstr\u00e5n fr\u00e5n [&hellip;]<\/p>\n","protected":false},"featured_media":35623,"comment_status":"open","ping_status":"closed","template":"","meta":{"site-sidebar-layout":"default","site-content-layout":"","ast-site-content-layout":"default","site-content-style":"default","site-sidebar-style":"default","ast-global-header-display":"","ast-banner-title-visibility":"","ast-main-header-display":"","ast-hfb-above-header-display":"","ast-hfb-below-header-display":"","ast-hfb-mobile-header-display":"","site-post-title":"","ast-breadcrumbs-content":"","ast-featured-img":"","footer-sml-layout":"","theme-transparent-header-meta":"default","adv-header-id-meta":"","stick-header-meta":"","header-above-stick-meta":"","header-main-stick-meta":"","header-below-stick-meta":"","astra-migrate-meta-layouts":"set","ast-page-background-enabled":"default","ast-page-background-meta":{"desktop":{"background-color":"var(--ast-global-color-4)","background-image":"","background-repeat":"repeat","background-position":"center center","background-size":"auto","background-attachment":"scroll","background-type":"","background-media":"","overlay-type":"","overlay-color":"","overlay-opacity":"","overlay-gradient":""},"tablet":{"background-color":"","background-image":"","background-repeat":"repeat","background-position":"center center","background-size":"auto","background-attachment":"scroll","background-type":"","background-media":"","overlay-type":"","overlay-color":"","overlay-opacity":"","overlay-gradient":""},"mobile":{"background-color":"","background-image":"","background-repeat":"repeat","background-position":"center center","background-size":"auto","background-attachment":"scroll","background-type":"","background-media":"","overlay-type":"","overlay-color":"","overlay-opacity":"","overlay-gradient":""}},"ast-content-background-meta":{"desktop":{"background-color":"var(--ast-global-color-5)","background-image":"","background-repeat":"repeat","background-position":"center center","background-size":"auto","background-attachment":"scroll","background-type":"","background-media":"","overlay-type":"","overlay-color":"","overlay-opacity":"","overlay-gradient":""},"tablet":{"background-color":"var(--ast-global-color-5)","background-image":"","background-repeat":"repeat","background-position":"center center","background-size":"auto","background-attachment":"scroll","background-type":"","background-media":"","overlay-type":"","overlay-color":"","overlay-opacity":"","overlay-gradient":""},"mobile":{"background-color":"var(--ast-global-color-5)","background-image":"","background-repeat":"repeat","background-position":"center center","background-size":"auto","background-attachment":"scroll","background-type":"","background-media":"","overlay-type":"","overlay-color":"","overlay-opacity":"","overlay-gradient":""}}},"product_brand":[],"product_cat":[992],"product_tag":[],"class_list":{"0":"post-35627","1":"product","2":"type-product","3":"status-publish","4":"has-post-thumbnail","6":"product_cat-beauty-and-hygiene-products","7":"pa_30701_qtkyzov0-1-st","8":"pa_30701_qtkyzov0-2-st","9":"desktop-align-left","10":"tablet-align-left","11":"mobile-align-left","13":"first","14":"instock","15":"shipping-taxable","16":"purchasable","17":"product-type-variable"},"_links":{"self":[{"href":"https:\/\/keluvo.com\/se\/wp-json\/wp\/v2\/product\/35627","targetHints":{"allow":["GET"]}}],"collection":[{"href":"https:\/\/keluvo.com\/se\/wp-json\/wp\/v2\/product"}],"about":[{"href":"https:\/\/keluvo.com\/se\/wp-json\/wp\/v2\/types\/product"}],"replies":[{"embeddable":true,"href":"https:\/\/keluvo.com\/se\/wp-json\/wp\/v2\/comments?post=35627"}],"wp:featuredmedia":[{"embeddable":true,"href":"https:\/\/keluvo.com\/se\/wp-json\/wp\/v2\/media\/35623"}],"wp:attachment":[{"href":"https:\/\/keluvo.com\/se\/wp-json\/wp\/v2\/media?parent=35627"}],"wp:term":[{"taxonomy":"product_brand","embeddable":true,"href":"https:\/\/keluvo.com\/se\/wp-json\/wp\/v2\/product_brand?post=35627"},{"taxonomy":"product_cat","embeddable":true,"href":"https:\/\/keluvo.com\/se\/wp-json\/wp\/v2\/product_cat?post=35627"},{"taxonomy":"product_tag","embeddable":true,"href":"https:\/\/keluvo.com\/se\/wp-json\/wp\/v2\/product_tag?post=35627"}],"curies":[{"name":"wp","href":"https:\/\/api.w.org\/{rel}","templated":true}]}}