{"id":35537,"date":"2025-09-19T15:51:25","date_gmt":"2025-09-19T12:51:25","guid":{"rendered":"https:\/\/keluvo.com\/se\/product\/fargad-mascara\/"},"modified":"2025-09-19T15:53:04","modified_gmt":"2025-09-19T12:53:04","slug":"fargad-mascara","status":"publish","type":"product","link":"https:\/\/keluvo.com\/se\/product\/fargad-mascara\/","title":{"rendered":"F\u00e4rgad mascara"},"content":{"rendered":"<p style=\"text-align: center\" data-start=\"101\" data-end=\"153\"><strong>\ud83c\udf08 Skippa Tr\u00e5kiga Fransar \u2014 Bli Dj\u00e4rv Med Livfulla F\u00e4rger!<\/strong><\/p>\n<p style=\"text-align: center\" data-start=\"155\" data-end=\"388\">Denna f\u00e4rgstarka mascara ger liv \u00e5t dina fransar med 12 rika, livfulla nyanser som omedelbart lyfter alla makeup-looker. Oavsett om du ska vara glamor\u00f6s, lekfull eller nerv\u00f6s \u00e4r dessa kladdfria mascaror perfekta f\u00f6r kreativa \u00f6gon som sm\u00e4ller.<\/p>\n<p data-start=\"155\" data-end=\"388\"><img decoding=\"async\" class=\"size-full wp-image-28189 aligncenter\" src=\"https:\/\/keluvo.com\/template\/wp-content\/uploads\/sites\/5\/2025\/07\/07214-ezgif.com-video-to-webp-converter.webp\" alt=\"\" \/><\/p>\n<h2 style=\"text-align: center\" data-start=\"390\" data-end=\"410\">\u2728 Huvudf\u00f6rdelar<\/h2>\n<p data-start=\"413\" data-end=\"464\">\ud83c\udfa8 12 fantastiska f\u00e4rger som matchar alla hum\u00f6r och outfits<\/p>\n<p data-start=\"467\" data-end=\"507\">\ud83d\udca7 Vattenfast och l\u00e5ngvarig formula<\/p>\n<p data-start=\"510\" data-end=\"548\">\ud83d\udc41\ufe0f Volumiserar och definierar varje lash<\/p>\n<p data-start=\"551\" data-end=\"605\">\ud83d\udd8c\ufe0f Exakt borste f\u00f6r smidig applicering utan klumpar<\/p>\n<p data-start=\"551\" data-end=\"605\"><img decoding=\"async\" class=\"size-full wp-image-28173 aligncenter\" src=\"https:\/\/keluvo.com\/template\/wp-content\/uploads\/sites\/5\/2025\/07\/b0419026-55ef-4efe-88fb-b6886a41a57a.webp\" alt=\"\" \/><\/p>\n<h2 style=\"text-align: center\" data-start=\"667\" data-end=\"685\">\ud83d\udccc Anv\u00e4ndning<\/h2>\n<ol data-start=\"686\" data-end=\"789\">\n<li data-start=\"686\" data-end=\"708\">\n<p data-start=\"689\" data-end=\"708\">V\u00e4lj nyans.<\/p>\n<\/li>\n<li data-start=\"709\" data-end=\"745\">\n<p data-start=\"712\" data-end=\"745\">Applicera p\u00e5 \u00f6vre och nedre fransarna.<\/p>\n<\/li>\n<li data-start=\"746\" data-end=\"789\">\n<p data-start=\"749\" data-end=\"789\">L\u00e5t torka \u2014 och g\u00f6r dig redo f\u00f6r komplimanger!<\/p>\n<\/li>\n<\/ol>\n<h2 style=\"text-align: center\" data-start=\"791\" data-end=\"814\">\ud83d\udcd0 Produktdetaljer<\/h2>\n<ul data-start=\"815\" data-end=\"923\">\n<li data-start=\"815\" data-end=\"842\">\n<p data-start=\"817\" data-end=\"842\">Nettovikt: 21 g<\/p>\n<\/li>\n<li data-start=\"815\" data-end=\"842\">\n<p data-start=\"817\" data-end=\"842\">Storlek: 19 x 115 mm<\/p>\n<\/li>\n<li data-start=\"815\" data-end=\"842\">\n<p data-start=\"817\" data-end=\"842\">Utg\u00e5ngsdatum: 3 \u00e5r<\/p>\n<\/li>\n<li data-start=\"881\" data-end=\"923\">\n<p data-start=\"883\" data-end=\"923\">F\u00e4rgfri, kladdresistent formula<\/p>\n<\/li>\n<\/ul>\n<h2 style=\"text-align: center\" data-start=\"925\" data-end=\"949\">\ud83d\udce6 F\u00f6rpackningen Inneh\u00e5ller<\/h2>\n<ul data-start=\"950\" data-end=\"1002\">\n<li data-start=\"950\" data-end=\"1002\">\n<p data-start=\"952\" data-end=\"1002\">1, 2, 4x f\u00e4rgglada mascaror.<\/p>\n<\/li>\n<\/ul>\n","protected":false},"excerpt":{"rendered":"<p>\ud83c\udf08 Skippa Tr\u00e5kiga Fransar \u2014 Bli Dj\u00e4rv Med Livfulla F\u00e4rger! Denna f\u00e4rgstarka mascara ger liv \u00e5t dina fransar med 12 [&hellip;]<\/p>\n","protected":false},"featured_media":35533,"comment_status":"open","ping_status":"closed","template":"","meta":{"site-sidebar-layout":"default","site-content-layout":"","ast-site-content-layout":"default","site-content-style":"default","site-sidebar-style":"default","ast-global-header-display":"","ast-banner-title-visibility":"","ast-main-header-display":"","ast-hfb-above-header-display":"","ast-hfb-below-header-display":"","ast-hfb-mobile-header-display":"","site-post-title":"","ast-breadcrumbs-content":"","ast-featured-img":"","footer-sml-layout":"","theme-transparent-header-meta":"default","adv-header-id-meta":"","stick-header-meta":"","header-above-stick-meta":"","header-main-stick-meta":"","header-below-stick-meta":"","astra-migrate-meta-layouts":"set","ast-page-background-enabled":"default","ast-page-background-meta":{"desktop":{"background-color":"var(--ast-global-color-4)","background-image":"","background-repeat":"repeat","background-position":"center center","background-size":"auto","background-attachment":"scroll","background-type":"","background-media":"","overlay-type":"","overlay-color":"","overlay-opacity":"","overlay-gradient":""},"tablet":{"background-color":"","background-image":"","background-repeat":"repeat","background-position":"center center","background-size":"auto","background-attachment":"scroll","background-type":"","background-media":"","overlay-type":"","overlay-color":"","overlay-opacity":"","overlay-gradient":""},"mobile":{"background-color":"","background-image":"","background-repeat":"repeat","background-position":"center center","background-size":"auto","background-attachment":"scroll","background-type":"","background-media":"","overlay-type":"","overlay-color":"","overlay-opacity":"","overlay-gradient":""}},"ast-content-background-meta":{"desktop":{"background-color":"var(--ast-global-color-5)","background-image":"","background-repeat":"repeat","background-position":"center center","background-size":"auto","background-attachment":"scroll","background-type":"","background-media":"","overlay-type":"","overlay-color":"","overlay-opacity":"","overlay-gradient":""},"tablet":{"background-color":"var(--ast-global-color-5)","background-image":"","background-repeat":"repeat","background-position":"center center","background-size":"auto","background-attachment":"scroll","background-type":"","background-media":"","overlay-type":"","overlay-color":"","overlay-opacity":"","overlay-gradient":""},"mobile":{"background-color":"var(--ast-global-color-5)","background-image":"","background-repeat":"repeat","background-position":"center center","background-size":"auto","background-attachment":"scroll","background-type":"","background-media":"","overlay-type":"","overlay-color":"","overlay-opacity":"","overlay-gradient":""}}},"product_brand":[],"product_cat":[992],"product_tag":[],"class_list":{"0":"post-35537","1":"product","2":"type-product","3":"status-publish","4":"has-post-thumbnail","6":"product_cat-beauty-and-hygiene-products","7":"pa_18527_1mz26vl7-1-st","8":"pa_18527_1mz26vl7-2-st","9":"pa_18527_1mz26vl7-4-st","10":"pa_18527_fbg51w9x-gron","11":"pa_18527_fbg51w9x-gul","12":"pa_18527_fbg51w9x-himmelbla","13":"pa_18527_fbg51w9x-lila","14":"pa_18527_fbg51w9x-morkbla","15":"pa_18527_fbg51w9x-morkbrun","16":"pa_18527_fbg51w9x-morkrod","17":"pa_18527_fbg51w9x-rod-korall","18":"pa_18527_fbg51w9x-rosa","19":"pa_18527_fbg51w9x-smaragd","20":"pa_18527_fbg51w9x-svart","21":"pa_18527_fbg51w9x-vit","22":"desktop-align-left","23":"tablet-align-left","24":"mobile-align-left","26":"first","27":"instock","28":"shipping-taxable","29":"purchasable","30":"product-type-variable","31":"has-default-attributes"},"_links":{"self":[{"href":"https:\/\/keluvo.com\/se\/wp-json\/wp\/v2\/product\/35537","targetHints":{"allow":["GET"]}}],"collection":[{"href":"https:\/\/keluvo.com\/se\/wp-json\/wp\/v2\/product"}],"about":[{"href":"https:\/\/keluvo.com\/se\/wp-json\/wp\/v2\/types\/product"}],"replies":[{"embeddable":true,"href":"https:\/\/keluvo.com\/se\/wp-json\/wp\/v2\/comments?post=35537"}],"wp:featuredmedia":[{"embeddable":true,"href":"https:\/\/keluvo.com\/se\/wp-json\/wp\/v2\/media\/35533"}],"wp:attachment":[{"href":"https:\/\/keluvo.com\/se\/wp-json\/wp\/v2\/media?parent=35537"}],"wp:term":[{"taxonomy":"product_brand","embeddable":true,"href":"https:\/\/keluvo.com\/se\/wp-json\/wp\/v2\/product_brand?post=35537"},{"taxonomy":"product_cat","embeddable":true,"href":"https:\/\/keluvo.com\/se\/wp-json\/wp\/v2\/product_cat?post=35537"},{"taxonomy":"product_tag","embeddable":true,"href":"https:\/\/keluvo.com\/se\/wp-json\/wp\/v2\/product_tag?post=35537"}],"curies":[{"name":"wp","href":"https:\/\/api.w.org\/{rel}","templated":true}]}}