{"id":35522,"date":"2025-09-19T15:50:26","date_gmt":"2025-09-19T12:50:26","guid":{"rendered":"https:\/\/keluvo.com\/se\/product\/draneringsror\/"},"modified":"2025-09-19T15:50:35","modified_gmt":"2025-09-19T12:50:35","slug":"draneringsror","status":"publish","type":"product","link":"https:\/\/keluvo.com\/se\/product\/draneringsror\/","title":{"rendered":"Dr\u00e4neringsr\u00f6r"},"content":{"rendered":"<p style=\"text-align: center\" data-start=\"80\" data-end=\"128\"><strong>\ud83d\udebf S\u00e4g Adj\u00f6 Till D\u00e5lig Lukt Och Igensatta Avlopp!<\/strong><\/p>\n<p style=\"text-align: center\" data-start=\"130\" data-end=\"395\">Detta dr\u00e4neringsr\u00f6r skapar en t\u00e4t t\u00e4tning mellan diskb\u00e4nken och dr\u00e4neringssystemet f\u00f6r att blockera avloppsgaser, insekter och \u00e5terfl\u00f6de &#8211; samtidigt som det m\u00f6jligg\u00f6r ett j\u00e4mnt vattenfl\u00f6de. L\u00e4tt att installera och byggd f\u00f6r att h\u00e5lla, det \u00e4r en m\u00e5ste-ha-uppgradering f\u00f6r alla k\u00f6k eller badrum.<\/p>\n<p data-start=\"130\" data-end=\"395\"><img decoding=\"async\" class=\"size-full wp-image-28115 aligncenter\" src=\"https:\/\/keluvo.com\/template\/wp-content\/uploads\/sites\/5\/2025\/07\/e7c044463ccbb65ae4dea0f39f20a5da.gif\" alt=\"\" \/><\/p>\n<h2 style=\"text-align: center\" data-start=\"397\" data-end=\"418\">\ud83d\udd27 Huvudf\u00f6rdelar<\/h2>\n<p data-start=\"421\" data-end=\"479\">\ud83d\udeab Blockerar lukt och skadedjur fr\u00e5n att stiga upp genom dina r\u00f6r<\/p>\n<p data-start=\"482\" data-end=\"533\">\ud83d\udca7 F\u00f6rhindrar \u00e5terfl\u00f6de och s\u00e4kerst\u00e4ller snabb drainage<\/p>\n<p data-start=\"536\" data-end=\"594\">\ud83d\udee0\ufe0f Enkel installation med vridning och l\u00e5sning &#8211; inga verktyg beh\u00f6vs<\/p>\n<p data-start=\"597\" data-end=\"641\">\ud83e\uddfc H\u00e5ller diskb\u00e4nksomr\u00e5det hygieniskt och fr\u00e4scht<\/p>\n<p data-start=\"644\" data-end=\"694\">\ud83c\udfe0 Passar de flesta standarddiskb\u00e4nkar och tv\u00e4ttmaskiner<\/p>\n<p data-start=\"644\" data-end=\"694\"><img decoding=\"async\" class=\"size-full wp-image-28114 aligncenter\" src=\"https:\/\/keluvo.com\/template\/wp-content\/uploads\/sites\/5\/2025\/07\/acbbab7d0d76323f49fa28f42513704f.gif\" alt=\"\" \/><\/p>\n<h2 style=\"text-align: center\" data-start=\"696\" data-end=\"714\">\ud83d\udccc Hur Man Anv\u00e4nder<\/h2>\n<ol data-start=\"715\" data-end=\"854\">\n<li data-start=\"715\" data-end=\"756\">\n<p data-start=\"718\" data-end=\"756\">Inf\u00f6r i din dr\u00e4neringsanslutning.<\/p>\n<\/li>\n<li data-start=\"757\" data-end=\"794\">\n<p data-start=\"760\" data-end=\"794\">Vrid och l\u00e5s s\u00e4kert p\u00e5 plats.<\/p>\n<\/li>\n<li data-start=\"795\" data-end=\"854\">\n<p data-start=\"798\" data-end=\"854\">anslut din avloppsslang och njut av luktfri prestanda!<\/p>\n<\/li>\n<\/ol>\n<h2 style=\"text-align: center\" data-start=\"856\" data-end=\"879\">\ud83d\udcd0 Produktdetaljer<\/h2>\n<ul data-start=\"880\" data-end=\"993\">\n<li data-start=\"880\" data-end=\"917\">\n<p data-start=\"882\" data-end=\"917\">Material: flexibel silikon + ABS<\/p>\n<\/li>\n<li data-start=\"918\" data-end=\"944\">\n<p data-start=\"920\" data-end=\"944\">Ytterdiameter: 45-73mm<\/p>\n<\/li>\n<li data-start=\"945\" data-end=\"964\">\n<p data-start=\"947\" data-end=\"964\">H\u00f6jd: 7,5 cm<\/p>\n<\/li>\n<\/ul>\n<h2 style=\"text-align: center\" data-start=\"995\" data-end=\"1019\">\ud83d\udce6 Paketet Inneh\u00e5ller<\/h2>\n<ul data-start=\"1020\" data-end=\"1088\">\n<li data-start=\"1020\" data-end=\"1088\">\n<p data-start=\"1022\" data-end=\"1088\">1, 2, 3x dr\u00e4neringsr\u00f6r.<\/p>\n<\/li>\n<p>&lt;\/ul<\/p>\n","protected":false},"excerpt":{"rendered":"<p>\ud83d\udebf S\u00e4g Adj\u00f6 Till D\u00e5lig Lukt Och Igensatta Avlopp! Detta dr\u00e4neringsr\u00f6r skapar en t\u00e4t t\u00e4tning mellan diskb\u00e4nken och dr\u00e4neringssystemet f\u00f6r [&hellip;]<\/p>\n","protected":false},"featured_media":35518,"comment_status":"open","ping_status":"closed","template":"","meta":{"site-sidebar-layout":"default","site-content-layout":"","ast-site-content-layout":"default","site-content-style":"default","site-sidebar-style":"default","ast-global-header-display":"","ast-banner-title-visibility":"","ast-main-header-display":"","ast-hfb-above-header-display":"","ast-hfb-below-header-display":"","ast-hfb-mobile-header-display":"","site-post-title":"","ast-breadcrumbs-content":"","ast-featured-img":"","footer-sml-layout":"","theme-transparent-header-meta":"default","adv-header-id-meta":"","stick-header-meta":"","header-above-stick-meta":"","header-main-stick-meta":"","header-below-stick-meta":"","astra-migrate-meta-layouts":"set","ast-page-background-enabled":"default","ast-page-background-meta":{"desktop":{"background-color":"var(--ast-global-color-4)","background-image":"","background-repeat":"repeat","background-position":"center center","background-size":"auto","background-attachment":"scroll","background-type":"","background-media":"","overlay-type":"","overlay-color":"","overlay-opacity":"","overlay-gradient":""},"tablet":{"background-color":"","background-image":"","background-repeat":"repeat","background-position":"center center","background-size":"auto","background-attachment":"scroll","background-type":"","background-media":"","overlay-type":"","overlay-color":"","overlay-opacity":"","overlay-gradient":""},"mobile":{"background-color":"","background-image":"","background-repeat":"repeat","background-position":"center center","background-size":"auto","background-attachment":"scroll","background-type":"","background-media":"","overlay-type":"","overlay-color":"","overlay-opacity":"","overlay-gradient":""}},"ast-content-background-meta":{"desktop":{"background-color":"var(--ast-global-color-5)","background-image":"","background-repeat":"repeat","background-position":"center center","background-size":"auto","background-attachment":"scroll","background-type":"","background-media":"","overlay-type":"","overlay-color":"","overlay-opacity":"","overlay-gradient":""},"tablet":{"background-color":"var(--ast-global-color-5)","background-image":"","background-repeat":"repeat","background-position":"center center","background-size":"auto","background-attachment":"scroll","background-type":"","background-media":"","overlay-type":"","overlay-color":"","overlay-opacity":"","overlay-gradient":""},"mobile":{"background-color":"var(--ast-global-color-5)","background-image":"","background-repeat":"repeat","background-position":"center center","background-size":"auto","background-attachment":"scroll","background-type":"","background-media":"","overlay-type":"","overlay-color":"","overlay-opacity":"","overlay-gradient":""}}},"product_brand":[],"product_cat":[1001,996],"product_tag":[],"class_list":{"0":"post-35522","1":"product","2":"type-product","3":"status-publish","4":"has-post-thumbnail","6":"product_cat-household-goods","7":"product_cat-tools","8":"pa_28850_3fp1v1fe-1-st","9":"pa_28850_3fp1v1fe-2-st","10":"pa_28850_3fp1v1fe-3-st","11":"desktop-align-left","12":"tablet-align-left","13":"mobile-align-left","15":"first","16":"instock","17":"shipping-taxable","18":"purchasable","19":"product-type-variable"},"_links":{"self":[{"href":"https:\/\/keluvo.com\/se\/wp-json\/wp\/v2\/product\/35522","targetHints":{"allow":["GET"]}}],"collection":[{"href":"https:\/\/keluvo.com\/se\/wp-json\/wp\/v2\/product"}],"about":[{"href":"https:\/\/keluvo.com\/se\/wp-json\/wp\/v2\/types\/product"}],"replies":[{"embeddable":true,"href":"https:\/\/keluvo.com\/se\/wp-json\/wp\/v2\/comments?post=35522"}],"wp:featuredmedia":[{"embeddable":true,"href":"https:\/\/keluvo.com\/se\/wp-json\/wp\/v2\/media\/35518"}],"wp:attachment":[{"href":"https:\/\/keluvo.com\/se\/wp-json\/wp\/v2\/media?parent=35522"}],"wp:term":[{"taxonomy":"product_brand","embeddable":true,"href":"https:\/\/keluvo.com\/se\/wp-json\/wp\/v2\/product_brand?post=35522"},{"taxonomy":"product_cat","embeddable":true,"href":"https:\/\/keluvo.com\/se\/wp-json\/wp\/v2\/product_cat?post=35522"},{"taxonomy":"product_tag","embeddable":true,"href":"https:\/\/keluvo.com\/se\/wp-json\/wp\/v2\/product_tag?post=35522"}],"curies":[{"name":"wp","href":"https:\/\/api.w.org\/{rel}","templated":true}]}}