{"id":35495,"date":"2025-09-19T15:49:12","date_gmt":"2025-09-19T12:49:12","guid":{"rendered":"https:\/\/keluvo.com\/se\/product\/ishockeyform\/"},"modified":"2025-09-19T15:49:39","modified_gmt":"2025-09-19T12:49:39","slug":"ishockeyform","status":"publish","type":"product","link":"https:\/\/keluvo.com\/se\/product\/ishockeyform\/","title":{"rendered":"Ishockeyform"},"content":{"rendered":"<p style=\"text-align: center\" data-start=\"0\" data-end=\"97\"><strong data-start=\"0\" data-end=\"97\">\ud83e\uddcaSkapa Perfekta L\u00e5ngsamt Sm\u00e4ltande Isbollar Till Dina Drinkar Med Denna Ishockeyform Som \u00c4r L\u00e4tt Att Lossa!<\/strong><\/p>\n<p style=\"text-align: center\" data-start=\"99\" data-end=\"396\">Denna livsmedelsgodk\u00e4nda isform g\u00f6r stora 6 cm isbollar som sm\u00e4lter l\u00e5ngsammare \u00e4n vanliga isbitar &#8211; vilket h\u00e5ller dina drinkar kallare l\u00e4ngre utan att vattna ut dem. Oavsett om du \u00e4r v\u00e4rd f\u00f6r en fest eller njuter av en lugn kv\u00e4ll med en kyld whisky, ger denna form en rolig och funktionell twist till dina drycker.<\/p>\n<p data-start=\"99\" data-end=\"396\"><img decoding=\"async\" class=\"size-full wp-image-28094 aligncenter\" src=\"https:\/\/keluvo.com\/template\/wp-content\/uploads\/sites\/5\/2025\/07\/07212-ezgif.com-video-to-webp-converter.webp\" alt=\"\" \/><\/p>\n<h2 style=\"text-align: center\" data-start=\"403\" data-end=\"425\">\ud83c\udf1f Main Benefits<\/h2>\n<p data-start=\"428\" data-end=\"493\">\u2744\ufe0f L\u00e5ngsamt sm\u00e4ltande isbollar h\u00e5ller drycker kalla utan att sp\u00e4da ut<\/p>\n<p data-start=\"496\" data-end=\"570\">\ud83c\udf79 Perfekt f\u00f6r alla drycker &#8211; whisky, vin, l\u00e4sk, cocktails och mer<\/p>\n<p data-start=\"496\" data-end=\"570\">\ud83e\uddfc PET + PP av livsmedelskvalitet &#8211; s\u00e4ker, h\u00e5llbar, och l\u00e4tt att reng\u00f6ra<\/p>\n<p data-start=\"639\" data-end=\"697\">\ud83d\udc4c Enkel isfris\u00e4ttning &#8211; ingen kamp f\u00f6r att f\u00e5 ut isen<\/p>\n<p data-start=\"700\" data-end=\"763\">\ud83c\udf89 Perfekt f\u00f6r alla tillf\u00e4llen &#8211; hemma, fester, barer eller presenter<\/p>\n<p data-start=\"700\" data-end=\"763\"><img decoding=\"async\" class=\"size-full wp-image-28089 aligncenter\" src=\"https:\/\/keluvo.com\/template\/wp-content\/uploads\/sites\/5\/2025\/07\/72c90852-196c-48ac-bce1-753eb00c2912.webp\" alt=\"\" \/><\/p>\n<h2 style=\"text-align: center\" data-start=\"770\" data-end=\"789\">\ud83e\udded Hur Man Anv\u00e4nder<\/h2>\n<ol data-start=\"790\" data-end=\"1007\">\n<li data-start=\"790\" data-end=\"844\">\n<p data-start=\"793\" data-end=\"844\">\u00d6ppna formen och fyll med vatten upp till m\u00e4rket.<\/p>\n<\/li>\n<li data-start=\"845\" data-end=\"893\">\n<p data-start=\"848\" data-end=\"893\">St\u00e4ng formen och placera den i frysen.<\/p>\n<\/li>\n<li data-start=\"894\" data-end=\"958\">\n<p data-start=\"897\" data-end=\"958\">n\u00e4r den \u00e4r fryst, vrid eller tryck f\u00f6rsiktigt f\u00f6r att frig\u00f6ra isbollen.<\/p>\n<\/li>\n<li data-start=\"959\" data-end=\"1007\">\n<p data-start=\"962\" data-end=\"1007\">sl\u00e4pp den i din favoritdrink och njut!<\/p>\n<\/li>\n<\/ol>\n<h2 style=\"text-align: center\" data-start=\"1014\" data-end=\"1038\">\ud83d\udccf Produktdetaljer<\/h2>\n<ul data-start=\"1039\" data-end=\"1258\">\n<li data-start=\"1039\" data-end=\"1072\">\n<p data-start=\"1041\" data-end=\"1072\">Material: Livsmedelsgodk\u00e4nd PP + PET<\/p>\n<\/li>\n<li data-start=\"1073\" data-end=\"1100\">\n<p data-start=\"1075\" data-end=\"1100\">Itisbollens diameter: 5 cm<\/p>\n<\/li>\n<li data-start=\"1101\" data-end=\"1128\">\n<p data-start=\"1103\" data-end=\"1128\">Formens storlek: 5,5 x 5 cm<\/p>\n<\/li>\n<li data-start=\"1202\" data-end=\"1258\">\n<p data-start=\"1204\" data-end=\"1258\">Anv\u00e4ndning: Perfekt f\u00f6r k\u00f6k, bar, fester eller drinkbutiker<\/p>\n<\/li>\n<\/ul>\n<h2 style=\"text-align: center\" data-start=\"1265\" data-end=\"1290\">\ud83d\udce6 Paketet Inneh\u00e5ller<\/h2>\n<ul data-start=\"1291\" data-end=\"1313\">\n<li data-start=\"1291\" data-end=\"1313\">\n<p data-start=\"1293\" data-end=\"1313\">2, 4, 6x ishockeyform.<\/p>\n<\/li>\n<\/ul>\n","protected":false},"excerpt":{"rendered":"<p>\ud83e\uddcaSkapa Perfekta L\u00e5ngsamt Sm\u00e4ltande Isbollar Till Dina Drinkar Med Denna Ishockeyform Som \u00c4r L\u00e4tt Att Lossa! Denna livsmedelsgodk\u00e4nda isform g\u00f6r [&hellip;]<\/p>\n","protected":false},"featured_media":35491,"comment_status":"open","ping_status":"closed","template":"","meta":{"site-sidebar-layout":"default","site-content-layout":"","ast-site-content-layout":"default","site-content-style":"default","site-sidebar-style":"default","ast-global-header-display":"","ast-banner-title-visibility":"","ast-main-header-display":"","ast-hfb-above-header-display":"","ast-hfb-below-header-display":"","ast-hfb-mobile-header-display":"","site-post-title":"","ast-breadcrumbs-content":"","ast-featured-img":"","footer-sml-layout":"","theme-transparent-header-meta":"default","adv-header-id-meta":"","stick-header-meta":"","header-above-stick-meta":"","header-main-stick-meta":"","header-below-stick-meta":"","astra-migrate-meta-layouts":"set","ast-page-background-enabled":"default","ast-page-background-meta":{"desktop":{"background-color":"var(--ast-global-color-4)","background-image":"","background-repeat":"repeat","background-position":"center center","background-size":"auto","background-attachment":"scroll","background-type":"","background-media":"","overlay-type":"","overlay-color":"","overlay-opacity":"","overlay-gradient":""},"tablet":{"background-color":"","background-image":"","background-repeat":"repeat","background-position":"center center","background-size":"auto","background-attachment":"scroll","background-type":"","background-media":"","overlay-type":"","overlay-color":"","overlay-opacity":"","overlay-gradient":""},"mobile":{"background-color":"","background-image":"","background-repeat":"repeat","background-position":"center center","background-size":"auto","background-attachment":"scroll","background-type":"","background-media":"","overlay-type":"","overlay-color":"","overlay-opacity":"","overlay-gradient":""}},"ast-content-background-meta":{"desktop":{"background-color":"var(--ast-global-color-5)","background-image":"","background-repeat":"repeat","background-position":"center center","background-size":"auto","background-attachment":"scroll","background-type":"","background-media":"","overlay-type":"","overlay-color":"","overlay-opacity":"","overlay-gradient":""},"tablet":{"background-color":"var(--ast-global-color-5)","background-image":"","background-repeat":"repeat","background-position":"center center","background-size":"auto","background-attachment":"scroll","background-type":"","background-media":"","overlay-type":"","overlay-color":"","overlay-opacity":"","overlay-gradient":""},"mobile":{"background-color":"var(--ast-global-color-5)","background-image":"","background-repeat":"repeat","background-position":"center center","background-size":"auto","background-attachment":"scroll","background-type":"","background-media":"","overlay-type":"","overlay-color":"","overlay-opacity":"","overlay-gradient":""}}},"product_brand":[],"product_cat":[1001],"product_tag":[],"class_list":{"0":"post-35495","1":"product","2":"type-product","3":"status-publish","4":"has-post-thumbnail","6":"product_cat-household-goods","7":"pa_18326_6fmqgh9w-2-st","8":"pa_18326_6fmqgh9w-4-st","9":"pa_18326_6fmqgh9w-6-st","10":"pa_18326_atejv0u3-bla","11":"pa_18326_atejv0u3-rosa","12":"pa_18326_atejv0u3-vit","13":"desktop-align-left","14":"tablet-align-left","15":"mobile-align-left","17":"first","18":"instock","19":"shipping-taxable","20":"purchasable","21":"product-type-variable","22":"has-default-attributes"},"_links":{"self":[{"href":"https:\/\/keluvo.com\/se\/wp-json\/wp\/v2\/product\/35495","targetHints":{"allow":["GET"]}}],"collection":[{"href":"https:\/\/keluvo.com\/se\/wp-json\/wp\/v2\/product"}],"about":[{"href":"https:\/\/keluvo.com\/se\/wp-json\/wp\/v2\/types\/product"}],"replies":[{"embeddable":true,"href":"https:\/\/keluvo.com\/se\/wp-json\/wp\/v2\/comments?post=35495"}],"wp:featuredmedia":[{"embeddable":true,"href":"https:\/\/keluvo.com\/se\/wp-json\/wp\/v2\/media\/35491"}],"wp:attachment":[{"href":"https:\/\/keluvo.com\/se\/wp-json\/wp\/v2\/media?parent=35495"}],"wp:term":[{"taxonomy":"product_brand","embeddable":true,"href":"https:\/\/keluvo.com\/se\/wp-json\/wp\/v2\/product_brand?post=35495"},{"taxonomy":"product_cat","embeddable":true,"href":"https:\/\/keluvo.com\/se\/wp-json\/wp\/v2\/product_cat?post=35495"},{"taxonomy":"product_tag","embeddable":true,"href":"https:\/\/keluvo.com\/se\/wp-json\/wp\/v2\/product_tag?post=35495"}],"curies":[{"name":"wp","href":"https:\/\/api.w.org\/{rel}","templated":true}]}}