{"id":35438,"date":"2025-09-19T15:46:14","date_gmt":"2025-09-19T12:46:14","guid":{"rendered":"https:\/\/keluvo.com\/se\/product\/fallbart-pedalsteg\/"},"modified":"2025-10-07T15:32:34","modified_gmt":"2025-10-07T12:32:34","slug":"fallbart-pedalsteg","status":"publish","type":"product","link":"https:\/\/keluvo.com\/se\/product\/fallbart-pedalsteg\/","title":{"rendered":"F\u00e4llbart pedalsteg"},"content":{"rendered":"<p style=\"text-align: center\" data-start=\"0\" data-end=\"89\"><strong data-start=\"0\" data-end=\"89\">\ud83d\ude97 N\u00e5 Enkelt Ditt Biltak Och H\u00e5ll Dig S\u00e4ker I N\u00f6dsituationer Med Detta Hopf\u00e4llbara Pedalsteg!<\/strong><\/p>\n<p style=\"text-align: center\" data-start=\"91\" data-end=\"378\">Detta kompakta och h\u00e5llbara hopf\u00e4llbara pedalsteg \u00e4r utformat f\u00f6r att hj\u00e4lpa dig att snabbt komma \u00e5t ditt biltak f\u00f6r att lasta utrustning, reng\u00f6ra eller ta bilder. Den \u00e4r tillverkad av en stark aluminiumlegering med halkskydd och inbyggd s\u00e4kerhetshammare och fungerar \u00e4ven som ett n\u00f6dutrymningsverktyg &#8211; perfekt f\u00f6r alla f\u00f6rare.<\/p>\n<p data-start=\"91\" data-end=\"378\"><img decoding=\"async\" class=\"size-full wp-image-28033 aligncenter\" src=\"https:\/\/keluvo.com\/template\/wp-content\/uploads\/sites\/5\/2025\/07\/1d1eea45-4856-4874-ad46-22a01102ba6f.gif\" alt=\"\" \/><\/p>\n<h2 style=\"text-align: center\" data-start=\"385\" data-end=\"407\">\ud83c\udf1f Huvudf\u00f6rdelar<\/h2>\n<p data-start=\"410\" data-end=\"486\">\ud83d\ude97 Du n\u00e5r enkelt biltaket f\u00f6r att lasta bagage, kajaker, cyklar med mera<\/p>\n<p data-start=\"489\" data-end=\"558\">\ud83d\udd28 N\u00f6ds\u00e4kerhetshammaren hj\u00e4lper dig att krossa rutan om det beh\u00f6vs<\/p>\n<p data-start=\"561\" data-end=\"619\">\ud83e\uddb6 Halkfri yta ger stabil och s\u00e4ker footing<\/p>\n<p data-start=\"622\" data-end=\"684\">\ud83d\udee0\ufe0f Skyddande skum f\u00f6rhindrar repor p\u00e5 bilens lack<\/p>\n<p data-start=\"687\" data-end=\"752\">\ud83d\udce6 Vikbar och b\u00e4rbar &#8211; l\u00e4tt att f\u00f6rvara och ta med sig \u00f6verallt<\/p>\n<p data-start=\"687\" data-end=\"752\"><img decoding=\"async\" class=\"size-full wp-image-28038 aligncenter\" src=\"https:\/\/keluvo.com\/template\/wp-content\/uploads\/sites\/5\/2025\/07\/S48b8e74a25484405921417db8402fb81X.jpg\" alt=\"\" \/><\/p>\n<h2 style=\"text-align: center\" data-start=\"759\" data-end=\"778\">\ud83e\udded Anv\u00e4ndning<\/h2>\n<ol data-start=\"779\" data-end=\"1024\">\n<li data-start=\"779\" data-end=\"826\">\n<p data-start=\"782\" data-end=\"826\">Haka fast pedalen p\u00e5 bilens d\u00f6rrl\u00e5s.<\/p>\n<\/li>\n<li data-start=\"827\" data-end=\"888\">\n<p data-start=\"830\" data-end=\"888\">Trampa p\u00e5 den halkfria ytan f\u00f6r att s\u00e4kert n\u00e5 taket.<\/p>\n<\/li>\n<li data-start=\"889\" data-end=\"957\">\n<p data-start=\"892\" data-end=\"957\">N\u00e4r du \u00e4r klar viker du ihop och f\u00f6rvarar pedalen i handskfacket eller bagageutrymmet.<\/p>\n<\/li>\n<li data-start=\"958\" data-end=\"1024\">\n<p data-start=\"961\" data-end=\"1024\">I n\u00f6dfall kan du anv\u00e4nda hammar\u00e4nden f\u00f6r att krossa f\u00f6nstret.<\/p>\n<\/li>\n<\/ol>\n<h2 style=\"text-align: center\" data-start=\"1031\" data-end=\"1055\">\ud83d\udccf Produktdetaljer<\/h2>\n<ul data-start=\"1056\" data-end=\"1270\">\n<li data-start=\"1073\" data-end=\"1119\">\n<p data-start=\"1075\" data-end=\"1119\">Material: Aluminiumlegering + skyddsskum<\/p>\n<\/li>\n<li data-start=\"1120\" data-end=\"1166\">\n<p data-start=\"1122\" data-end=\"1166\">Storlek: 17 x 9 x 3,2 cm<\/p>\n<\/li>\n<li data-start=\"1167\" data-end=\"1207\">\n<p data-start=\"1169\" data-end=\"1207\">Max viktkapacitet: 85 kg<\/p>\n<\/li>\n<li data-start=\"1208\" data-end=\"1270\">\n<p data-start=\"1210\" data-end=\"1270\">Anv\u00e4ndning: Tilltr\u00e4de till tak, n\u00f6dutrymning, fotografering, reng\u00f6ring<\/p>\n<\/li>\n<\/ul>\n<h2 style=\"text-align: center\" data-start=\"1277\" data-end=\"1302\">\ud83d\udce6 Paketet Inneh\u00e5ller<\/h2>\n<ul data-start=\"1303\" data-end=\"1343\">\n<li data-start=\"1303\" data-end=\"1343\">\n<p data-start=\"1305\" data-end=\"1343\">1, 2, 3x hopf\u00e4llbart pedalsteg.<\/p>\n<\/li>\n<\/ul>\n","protected":false},"excerpt":{"rendered":"<p>\ud83d\ude97 N\u00e5 Enkelt Ditt Biltak Och H\u00e5ll Dig S\u00e4ker I N\u00f6dsituationer Med Detta Hopf\u00e4llbara Pedalsteg! Detta kompakta och h\u00e5llbara hopf\u00e4llbara [&hellip;]<\/p>\n","protected":false},"featured_media":35434,"comment_status":"open","ping_status":"closed","template":"","meta":{"site-sidebar-layout":"default","site-content-layout":"","ast-site-content-layout":"default","site-content-style":"default","site-sidebar-style":"default","ast-global-header-display":"","ast-banner-title-visibility":"","ast-main-header-display":"","ast-hfb-above-header-display":"","ast-hfb-below-header-display":"","ast-hfb-mobile-header-display":"","site-post-title":"","ast-breadcrumbs-content":"","ast-featured-img":"","footer-sml-layout":"","theme-transparent-header-meta":"default","adv-header-id-meta":"","stick-header-meta":"","header-above-stick-meta":"","header-main-stick-meta":"","header-below-stick-meta":"","astra-migrate-meta-layouts":"set","ast-page-background-enabled":"default","ast-page-background-meta":{"desktop":{"background-color":"var(--ast-global-color-4)","background-image":"","background-repeat":"repeat","background-position":"center center","background-size":"auto","background-attachment":"scroll","background-type":"","background-media":"","overlay-type":"","overlay-color":"","overlay-opacity":"","overlay-gradient":""},"tablet":{"background-color":"","background-image":"","background-repeat":"repeat","background-position":"center center","background-size":"auto","background-attachment":"scroll","background-type":"","background-media":"","overlay-type":"","overlay-color":"","overlay-opacity":"","overlay-gradient":""},"mobile":{"background-color":"","background-image":"","background-repeat":"repeat","background-position":"center center","background-size":"auto","background-attachment":"scroll","background-type":"","background-media":"","overlay-type":"","overlay-color":"","overlay-opacity":"","overlay-gradient":""}},"ast-content-background-meta":{"desktop":{"background-color":"var(--ast-global-color-5)","background-image":"","background-repeat":"repeat","background-position":"center center","background-size":"auto","background-attachment":"scroll","background-type":"","background-media":"","overlay-type":"","overlay-color":"","overlay-opacity":"","overlay-gradient":""},"tablet":{"background-color":"var(--ast-global-color-5)","background-image":"","background-repeat":"repeat","background-position":"center center","background-size":"auto","background-attachment":"scroll","background-type":"","background-media":"","overlay-type":"","overlay-color":"","overlay-opacity":"","overlay-gradient":""},"mobile":{"background-color":"var(--ast-global-color-5)","background-image":"","background-repeat":"repeat","background-position":"center center","background-size":"auto","background-attachment":"scroll","background-type":"","background-media":"","overlay-type":"","overlay-color":"","overlay-opacity":"","overlay-gradient":""}}},"product_brand":[],"product_cat":[15],"product_tag":[],"class_list":{"0":"post-35438","1":"product","2":"type-product","3":"status-publish","4":"has-post-thumbnail","6":"product_cat-uncategorized","7":"pa_32238_jq5wdjf8-1-st","8":"pa_32238_jq5wdjf8-2-st","9":"pa_32238_jq5wdjf8-3-st","10":"desktop-align-left","11":"tablet-align-left","12":"mobile-align-left","14":"first","15":"instock","16":"shipping-taxable","17":"purchasable","18":"product-type-variable"},"_links":{"self":[{"href":"https:\/\/keluvo.com\/se\/wp-json\/wp\/v2\/product\/35438","targetHints":{"allow":["GET"]}}],"collection":[{"href":"https:\/\/keluvo.com\/se\/wp-json\/wp\/v2\/product"}],"about":[{"href":"https:\/\/keluvo.com\/se\/wp-json\/wp\/v2\/types\/product"}],"replies":[{"embeddable":true,"href":"https:\/\/keluvo.com\/se\/wp-json\/wp\/v2\/comments?post=35438"}],"wp:featuredmedia":[{"embeddable":true,"href":"https:\/\/keluvo.com\/se\/wp-json\/wp\/v2\/media\/35434"}],"wp:attachment":[{"href":"https:\/\/keluvo.com\/se\/wp-json\/wp\/v2\/media?parent=35438"}],"wp:term":[{"taxonomy":"product_brand","embeddable":true,"href":"https:\/\/keluvo.com\/se\/wp-json\/wp\/v2\/product_brand?post=35438"},{"taxonomy":"product_cat","embeddable":true,"href":"https:\/\/keluvo.com\/se\/wp-json\/wp\/v2\/product_cat?post=35438"},{"taxonomy":"product_tag","embeddable":true,"href":"https:\/\/keluvo.com\/se\/wp-json\/wp\/v2\/product_tag?post=35438"}],"curies":[{"name":"wp","href":"https:\/\/api.w.org\/{rel}","templated":true}]}}