{"id":35387,"date":"2025-09-19T15:42:46","date_gmt":"2025-09-19T12:42:46","guid":{"rendered":"https:\/\/keluvo.com\/se\/product\/lappstiftset\/"},"modified":"2025-09-19T15:42:52","modified_gmt":"2025-09-19T12:42:52","slug":"lappstiftset","status":"publish","type":"product","link":"https:\/\/keluvo.com\/se\/product\/lappstiftset\/","title":{"rendered":"L\u00e4ppstiftset"},"content":{"rendered":"<p style=\"text-align: center\" data-start=\"83\" data-end=\"131\"><strong>\ud83d\udc84 Dj\u00e4rva L\u00e4ppar &amp; Lyxig Stil I En Perfekt Present!<\/strong><\/p>\n<p style=\"text-align: center\" data-start=\"133\" data-end=\"349\">Detta fantastiska l\u00e4ppstiftset inneh\u00e5ller fyra sammetslena matta l\u00e4ppstift f\u00f6rpackade i en chic minihandv\u00e4ska. Oavsett om du ska glamma upp dig inf\u00f6r en utekv\u00e4ll eller ge bort en present till n\u00e5gon speciell, \u00e4r detta den ultimata kombinationen av sk\u00f6nhet och mode.<\/p>\n<p data-start=\"133\" data-end=\"349\"><img decoding=\"async\" class=\"size-full wp-image-27991 aligncenter\" src=\"https:\/\/keluvo.com\/template\/wp-content\/uploads\/sites\/5\/2025\/07\/0721-ezgif.com-video-to-webp-converter.webp\" alt=\"\" \/><\/p>\n<h2 style=\"text-align: center\" data-start=\"351\" data-end=\"372\">\ud83d\udc8b Huvudf\u00f6rdelar<\/h2>\n<p data-start=\"375\" data-end=\"428\">\ud83d\udc84 Inneh\u00e5ller 4 kr\u00e4miga, pigmentrika sammetsl\u00e4ppstift<\/p>\n<p data-start=\"431\" data-end=\"484\">\ud83d\udc5c Levereras med en snygg kedjev\u00e4ska f\u00f6r enkel transport<\/p>\n<p data-start=\"487\" data-end=\"546\">\ud83d\udc8e Perfekt f\u00f6r resor, utekv\u00e4llar eller touch-ups p\u00e5 spr\u00e5ng<\/p>\n<p data-start=\"549\" data-end=\"598\">\ud83c\udf81 Bra present till flickv\u00e4nner, systrar eller dig sj\u00e4lv<\/p>\n<p data-start=\"601\" data-end=\"654\">\u2728 Sl\u00e4t, l\u00e5ngvarig konsistens som k\u00e4nns lyxig<\/p>\n<p data-start=\"601\" data-end=\"654\"><img decoding=\"async\" class=\"size-full wp-image-27995 aligncenter\" src=\"https:\/\/keluvo.com\/template\/wp-content\/uploads\/sites\/5\/2025\/07\/5_d18f4ad6-b23c-4b53-85a5-ff66c2adf2cf_1400x.webp\" alt=\"\" \/><\/p>\n<h2 style=\"text-align: center\" data-start=\"656\" data-end=\"674\">\ud83d\udccc Hur Man Anv\u00e4nder<\/h2>\n<ol data-start=\"675\" data-end=\"815\">\n<li data-start=\"675\" data-end=\"717\">\n<p data-start=\"678\" data-end=\"717\">V\u00e4lj din favoritnyans fr\u00e5n setet.<\/p>\n<\/li>\n<li data-start=\"718\" data-end=\"764\">\n<p data-start=\"721\" data-end=\"764\">F\u00f6rpacka dem i miniv\u00e4skan f\u00f6r sk\u00f6nhet p\u00e5 spr\u00e5ng!<\/p>\n<\/li>\n<li data-start=\"765\" data-end=\"815\">\n<p data-start=\"768\" data-end=\"815\">Pack them in the mini bag for beauty on-the-go!<\/p>\n<\/li>\n<\/ol>\n<h2 style=\"text-align: center\" data-start=\"817\" data-end=\"840\">\ud83d\udcd0 Produktdetaljer<\/h2>\n<ul data-start=\"841\" data-end=\"944\">\n<li data-start=\"841\" data-end=\"869\">\n<p data-start=\"843\" data-end=\"869\">L\u00e4ppstiftstorlek: 3,5 g vardera<\/p>\n<\/li>\n<li data-start=\"919\" data-end=\"944\">\n<p data-start=\"921\" data-end=\"944\">V\u00e4skstorlek: 18 x 12 x 12 cm<\/p>\n<\/li>\n<\/ul>\n<h2 style=\"text-align: center\" data-start=\"946\" data-end=\"970\">\ud83d\udce6 F\u00f6rpackningen Inneh\u00e5ller<\/h2>\n<ul data-start=\"971\" data-end=\"1016\">\n<li data-start=\"971\" data-end=\"994\">\n<p data-start=\"973\" data-end=\"994\">4x sammetsl\u00e4ppstift<\/p>\n<\/li>\n<li data-start=\"995\" data-end=\"1016\">\n<p data-start=\"997\" data-end=\"1016\">1x miniv\u00e4ska med kedja.<\/p>\n<\/li>\n<\/ul>\n","protected":false},"excerpt":{"rendered":"<p>\ud83d\udc84 Dj\u00e4rva L\u00e4ppar &amp; Lyxig Stil I En Perfekt Present! Detta fantastiska l\u00e4ppstiftset inneh\u00e5ller fyra sammetslena matta l\u00e4ppstift f\u00f6rpackade i [&hellip;]<\/p>\n","protected":false},"featured_media":35383,"comment_status":"open","ping_status":"closed","template":"","meta":{"site-sidebar-layout":"default","site-content-layout":"","ast-site-content-layout":"default","site-content-style":"default","site-sidebar-style":"default","ast-global-header-display":"","ast-banner-title-visibility":"","ast-main-header-display":"","ast-hfb-above-header-display":"","ast-hfb-below-header-display":"","ast-hfb-mobile-header-display":"","site-post-title":"","ast-breadcrumbs-content":"","ast-featured-img":"","footer-sml-layout":"","theme-transparent-header-meta":"default","adv-header-id-meta":"","stick-header-meta":"","header-above-stick-meta":"","header-main-stick-meta":"","header-below-stick-meta":"","astra-migrate-meta-layouts":"set","ast-page-background-enabled":"default","ast-page-background-meta":{"desktop":{"background-color":"var(--ast-global-color-4)","background-image":"","background-repeat":"repeat","background-position":"center center","background-size":"auto","background-attachment":"scroll","background-type":"","background-media":"","overlay-type":"","overlay-color":"","overlay-opacity":"","overlay-gradient":""},"tablet":{"background-color":"","background-image":"","background-repeat":"repeat","background-position":"center center","background-size":"auto","background-attachment":"scroll","background-type":"","background-media":"","overlay-type":"","overlay-color":"","overlay-opacity":"","overlay-gradient":""},"mobile":{"background-color":"","background-image":"","background-repeat":"repeat","background-position":"center center","background-size":"auto","background-attachment":"scroll","background-type":"","background-media":"","overlay-type":"","overlay-color":"","overlay-opacity":"","overlay-gradient":""}},"ast-content-background-meta":{"desktop":{"background-color":"var(--ast-global-color-5)","background-image":"","background-repeat":"repeat","background-position":"center center","background-size":"auto","background-attachment":"scroll","background-type":"","background-media":"","overlay-type":"","overlay-color":"","overlay-opacity":"","overlay-gradient":""},"tablet":{"background-color":"var(--ast-global-color-5)","background-image":"","background-repeat":"repeat","background-position":"center center","background-size":"auto","background-attachment":"scroll","background-type":"","background-media":"","overlay-type":"","overlay-color":"","overlay-opacity":"","overlay-gradient":""},"mobile":{"background-color":"var(--ast-global-color-5)","background-image":"","background-repeat":"repeat","background-position":"center center","background-size":"auto","background-attachment":"scroll","background-type":"","background-media":"","overlay-type":"","overlay-color":"","overlay-opacity":"","overlay-gradient":""}}},"product_brand":[],"product_cat":[992],"product_tag":[],"class_list":{"0":"post-35387","1":"product","2":"type-product","3":"status-publish","4":"has-post-thumbnail","6":"product_cat-beauty-and-hygiene-products","7":"pa_21513_zp4s7jty-rosa","8":"pa_21513_zp4s7jty-vit","9":"desktop-align-left","10":"tablet-align-left","11":"mobile-align-left","13":"first","14":"instock","15":"shipping-taxable","16":"purchasable","17":"product-type-variable"},"_links":{"self":[{"href":"https:\/\/keluvo.com\/se\/wp-json\/wp\/v2\/product\/35387","targetHints":{"allow":["GET"]}}],"collection":[{"href":"https:\/\/keluvo.com\/se\/wp-json\/wp\/v2\/product"}],"about":[{"href":"https:\/\/keluvo.com\/se\/wp-json\/wp\/v2\/types\/product"}],"replies":[{"embeddable":true,"href":"https:\/\/keluvo.com\/se\/wp-json\/wp\/v2\/comments?post=35387"}],"wp:featuredmedia":[{"embeddable":true,"href":"https:\/\/keluvo.com\/se\/wp-json\/wp\/v2\/media\/35383"}],"wp:attachment":[{"href":"https:\/\/keluvo.com\/se\/wp-json\/wp\/v2\/media?parent=35387"}],"wp:term":[{"taxonomy":"product_brand","embeddable":true,"href":"https:\/\/keluvo.com\/se\/wp-json\/wp\/v2\/product_brand?post=35387"},{"taxonomy":"product_cat","embeddable":true,"href":"https:\/\/keluvo.com\/se\/wp-json\/wp\/v2\/product_cat?post=35387"},{"taxonomy":"product_tag","embeddable":true,"href":"https:\/\/keluvo.com\/se\/wp-json\/wp\/v2\/product_tag?post=35387"}],"curies":[{"name":"wp","href":"https:\/\/api.w.org\/{rel}","templated":true}]}}