{"id":35348,"date":"2025-09-19T14:25:06","date_gmt":"2025-09-19T11:25:06","guid":{"rendered":"https:\/\/keluvo.com\/se\/product\/armband-3\/"},"modified":"2025-09-19T14:25:14","modified_gmt":"2025-09-19T11:25:14","slug":"armband-3","status":"publish","type":"product","link":"https:\/\/keluvo.com\/se\/product\/armband-3\/","title":{"rendered":"Armband"},"content":{"rendered":"<p style=\"text-align: center\" data-start=\"99\" data-end=\"170\"><strong data-start=\"99\" data-end=\"170\">\ud83d\udc3a Sl\u00e4pp Loss Din Inre Krigare Med Detta Vargarmband I Vikingastil!<\/strong><\/p>\n<p style=\"text-align: center\" data-start=\"172\" data-end=\"325\">Dj\u00e4rvt, kraftfullt och rikt p\u00e5 symbolik &#8211; det h\u00e4r armbandet \u00e4r inte bara ett smycke, det \u00e4r ett uttalande. Gjort f\u00f6r dem som v\u00e4rdes\u00e4tter styrka, lojalitet och en ur\u00e5ldrig anda.<\/p>\n<p data-start=\"172\" data-end=\"325\"><img decoding=\"async\" class=\"size-full wp-image-27524 aligncenter\" src=\"https:\/\/keluvo.com\/template\/wp-content\/uploads\/sites\/5\/2025\/07\/07115-ezgif.com-video-to-webp-converter.webp\" alt=\"\" \/><\/p>\n<h2 style=\"text-align: center\" data-start=\"327\" data-end=\"350\">\u2694\ufe0f Huvudf\u00f6rdelar<\/h2>\n<p data-start=\"353\" data-end=\"418\">\ud83d\udc3a Detaljerad varghuvuddesign som symboliserar mod och skydd<\/p>\n<p data-start=\"421\" data-end=\"489\">\ud83d\udd29 Tillverkat av rostfritt st\u00e5l &#8211; h\u00e5llbart, rostfritt och byggt f\u00f6r att h\u00e5lla<\/p>\n<p data-start=\"492\" data-end=\"535\">\ud83d\udccf Finns i 3 storlekar f\u00f6r en perfekt fit<\/p>\n<p data-start=\"492\" data-end=\"535\">\ud83d\udee1\ufe0f En bra present till vikingafans eller alla som \u00e4lskar unika accessoarer<\/p>\n<p data-start=\"614\" data-end=\"666\">\ud83c\udf81 Levereras i en tr\u00e4l\u00e5da f\u00f6r en extra touch av stil<\/p>\n<p data-start=\"614\" data-end=\"666\"><img decoding=\"async\" class=\"size-full wp-image-27525 aligncenter\" src=\"https:\/\/keluvo.com\/template\/wp-content\/uploads\/sites\/5\/2025\/07\/S693446c71ad04379b07c81582121c5b9z_783d475a-d143-4435-ae6c-8cc963fcca8a.webp\" alt=\"\" \/><\/p>\n<h2 style=\"text-align: center\" data-start=\"668\" data-end=\"688\">\ud83e\uddfe Hur Man Anv\u00e4nder<\/h2>\n<ol data-start=\"689\" data-end=\"830\">\n<li data-start=\"689\" data-end=\"755\">\n<p data-start=\"692\" data-end=\"755\">Vrapa det runt din handled och s\u00e4kra varghuvudena tillsammans.<\/p>\n<\/li>\n<li data-start=\"756\" data-end=\"830\">\n<p data-start=\"759\" data-end=\"830\">B\u00e4r det dagligen eller vid speciella tillf\u00e4llen f\u00f6r att visa din styrka och stil.<\/p>\n<\/li>\n<\/ol>\n<h2 style=\"text-align: center\" data-start=\"832\" data-end=\"857\">\ud83d\udccf Produktdetaljer<\/h2>\n<ul data-start=\"858\" data-end=\"974\">\n<li data-start=\"858\" data-end=\"887\">\n<p data-start=\"860\" data-end=\"887\">Material: Rostfritt st\u00e5l<\/p>\n<\/li>\n<li data-start=\"888\" data-end=\"921\">\n<p data-start=\"890\" data-end=\"921\">Storlekar: 19 cm, 21 cm eller 23 cm<\/p>\n<\/li>\n<li data-start=\"922\" data-end=\"974\">\n<p data-start=\"924\" data-end=\"974\">F\u00e4rg: Silverf\u00e4rgad finish med intrikata detaljer<\/p>\n<\/li>\n<\/ul>\n<h2 style=\"text-align: center\" data-start=\"976\" data-end=\"1002\">\ud83d\udce6 Paketet Inneh\u00e5ller<\/h2>\n<ul data-start=\"1003\" data-end=\"1060\">\n<li data-start=\"1003\" data-end=\"1031\">\n<p data-start=\"1005\" data-end=\"1031\">1x armband<\/p>\n<\/li>\n<li data-start=\"1032\" data-end=\"1060\">\n<p data-start=\"1034\" data-end=\"1060\">1x premium presentask i tr\u00e4.<\/p>\n<\/li>\n<\/ul>\n","protected":false},"excerpt":{"rendered":"<p>\ud83d\udc3a Sl\u00e4pp Loss Din Inre Krigare Med Detta Vargarmband I Vikingastil! Dj\u00e4rvt, kraftfullt och rikt p\u00e5 symbolik &#8211; det h\u00e4r [&hellip;]<\/p>\n","protected":false},"featured_media":35344,"comment_status":"open","ping_status":"closed","template":"","meta":{"site-sidebar-layout":"default","site-content-layout":"","ast-site-content-layout":"default","site-content-style":"default","site-sidebar-style":"default","ast-global-header-display":"","ast-banner-title-visibility":"","ast-main-header-display":"","ast-hfb-above-header-display":"","ast-hfb-below-header-display":"","ast-hfb-mobile-header-display":"","site-post-title":"","ast-breadcrumbs-content":"","ast-featured-img":"","footer-sml-layout":"","theme-transparent-header-meta":"default","adv-header-id-meta":"","stick-header-meta":"","header-above-stick-meta":"","header-main-stick-meta":"","header-below-stick-meta":"","astra-migrate-meta-layouts":"set","ast-page-background-enabled":"default","ast-page-background-meta":{"desktop":{"background-color":"var(--ast-global-color-4)","background-image":"","background-repeat":"repeat","background-position":"center center","background-size":"auto","background-attachment":"scroll","background-type":"","background-media":"","overlay-type":"","overlay-color":"","overlay-opacity":"","overlay-gradient":""},"tablet":{"background-color":"","background-image":"","background-repeat":"repeat","background-position":"center center","background-size":"auto","background-attachment":"scroll","background-type":"","background-media":"","overlay-type":"","overlay-color":"","overlay-opacity":"","overlay-gradient":""},"mobile":{"background-color":"","background-image":"","background-repeat":"repeat","background-position":"center center","background-size":"auto","background-attachment":"scroll","background-type":"","background-media":"","overlay-type":"","overlay-color":"","overlay-opacity":"","overlay-gradient":""}},"ast-content-background-meta":{"desktop":{"background-color":"var(--ast-global-color-5)","background-image":"","background-repeat":"repeat","background-position":"center center","background-size":"auto","background-attachment":"scroll","background-type":"","background-media":"","overlay-type":"","overlay-color":"","overlay-opacity":"","overlay-gradient":""},"tablet":{"background-color":"var(--ast-global-color-5)","background-image":"","background-repeat":"repeat","background-position":"center center","background-size":"auto","background-attachment":"scroll","background-type":"","background-media":"","overlay-type":"","overlay-color":"","overlay-opacity":"","overlay-gradient":""},"mobile":{"background-color":"var(--ast-global-color-5)","background-image":"","background-repeat":"repeat","background-position":"center center","background-size":"auto","background-attachment":"scroll","background-type":"","background-media":"","overlay-type":"","overlay-color":"","overlay-opacity":"","overlay-gradient":""}}},"product_brand":[],"product_cat":[15],"product_tag":[],"class_list":{"0":"post-35348","1":"product","2":"type-product","3":"status-publish","4":"has-post-thumbnail","6":"product_cat-uncategorized","7":"pa_41777_iv9mgteh-19-cm","8":"pa_41777_iv9mgteh-21-cm","9":"pa_41777_iv9mgteh-23-cm","10":"desktop-align-left","11":"tablet-align-left","12":"mobile-align-left","14":"first","15":"instock","16":"shipping-taxable","17":"purchasable","18":"product-type-variable"},"_links":{"self":[{"href":"https:\/\/keluvo.com\/se\/wp-json\/wp\/v2\/product\/35348","targetHints":{"allow":["GET"]}}],"collection":[{"href":"https:\/\/keluvo.com\/se\/wp-json\/wp\/v2\/product"}],"about":[{"href":"https:\/\/keluvo.com\/se\/wp-json\/wp\/v2\/types\/product"}],"replies":[{"embeddable":true,"href":"https:\/\/keluvo.com\/se\/wp-json\/wp\/v2\/comments?post=35348"}],"wp:featuredmedia":[{"embeddable":true,"href":"https:\/\/keluvo.com\/se\/wp-json\/wp\/v2\/media\/35344"}],"wp:attachment":[{"href":"https:\/\/keluvo.com\/se\/wp-json\/wp\/v2\/media?parent=35348"}],"wp:term":[{"taxonomy":"product_brand","embeddable":true,"href":"https:\/\/keluvo.com\/se\/wp-json\/wp\/v2\/product_brand?post=35348"},{"taxonomy":"product_cat","embeddable":true,"href":"https:\/\/keluvo.com\/se\/wp-json\/wp\/v2\/product_cat?post=35348"},{"taxonomy":"product_tag","embeddable":true,"href":"https:\/\/keluvo.com\/se\/wp-json\/wp\/v2\/product_tag?post=35348"}],"curies":[{"name":"wp","href":"https:\/\/api.w.org\/{rel}","templated":true}]}}