{"id":35265,"date":"2025-09-19T14:21:20","date_gmt":"2025-09-19T11:21:20","guid":{"rendered":"https:\/\/keluvo.com\/se\/product\/lasglasogon\/"},"modified":"2025-09-19T14:22:16","modified_gmt":"2025-09-19T11:22:16","slug":"lasglasogon","status":"publish","type":"product","link":"https:\/\/keluvo.com\/se\/product\/lasglasogon\/","title":{"rendered":"L\u00e4sglas\u00f6gon"},"content":{"rendered":"<p style=\"text-align: center\" data-start=\"138\" data-end=\"215\"><strong data-start=\"138\" data-end=\"213\">\ud83d\udc53 Kompakta, Eleganta Och Byggda F\u00f6r Komfort\u2014Se Klart Var Du \u00c4n G\u00e5r!<\/strong><\/p>\n<p style=\"text-align: center\" data-start=\"217\" data-end=\"402\">Dessa ultral\u00e4tta, vikbara l\u00e4sglas\u00f6gon \u00e4r utformade f\u00f6r m\u00e4nniskor som vill ha klarhet och bekv\u00e4mlighet. Med linser som blockerar bl\u00e5tt ljus kan du l\u00e4sa, scrolla och arbeta utan att anstr\u00e4nga \u00f6gonen.<\/p>\n<p data-start=\"217\" data-end=\"402\"><img decoding=\"async\" class=\"size-full wp-image-27463 aligncenter\" src=\"https:\/\/keluvo.com\/template\/wp-content\/uploads\/sites\/5\/2025\/07\/1_49aa4d4c-6b48-4fb3-9ed6-ac3955902043.webp\" alt=\"\" \/><\/p>\n<h2 style=\"text-align: center\" data-start=\"404\" data-end=\"427\">\ud83e\udde0 Huvudf\u00f6rdelar<\/h2>\n<p data-start=\"430\" data-end=\"476\">\ud83d\udd35 Bl\u00e5ljusblockering f\u00f6r sk\u00e4rmskydd<\/p>\n<p data-start=\"479\" data-end=\"534\">\ud83d\udcd6 Kristallklar syn f\u00f6r l\u00e4sning eller n\u00e4rarbete<\/p>\n<p data-start=\"537\" data-end=\"591\">\ud83d\udd27 Skruvfri design\u2014inga l\u00f6sa delar eller reparationer beh\u00f6vs<\/p>\n<p data-start=\"594\" data-end=\"654\">\ud83d\udce6 Vikbar b\u00e5ge som enkelt f\u00e5r plats i fickor, v\u00e4skor eller fodral<\/p>\n<p data-start=\"657\" data-end=\"714\">\ud83d\udc43 Flexibla n\u00e4skuddar och fj\u00e4drande skalmar f\u00f6r bekv\u00e4m passform<\/p>\n<p data-start=\"657\" data-end=\"714\"><img decoding=\"async\" class=\"size-full wp-image-27462 aligncenter\" src=\"https:\/\/keluvo.com\/template\/wp-content\/uploads\/sites\/5\/2025\/07\/2_32bc4961-1870-4d1a-8cb7-866ca5e53c55.webp\" alt=\"\" \/><\/p>\n<h2 style=\"text-align: center\" data-start=\"716\" data-end=\"736\">\ud83e\uddf3 Anv\u00e4ndning<\/h2>\n<ol data-start=\"737\" data-end=\"913\">\n<li data-start=\"737\" data-end=\"797\">\n<p data-start=\"740\" data-end=\"797\">Vik upp b\u00e5gen och justera den f\u00f6rsiktigt s\u00e5 att den passar ditt ansikte.<\/p>\n<\/li>\n<li data-start=\"798\" data-end=\"850\">\n<p data-start=\"801\" data-end=\"850\">Anv\u00e4nd dem f\u00f6r l\u00e4sning, sk\u00e4rmtid eller hobbyer.<\/p>\n<\/li>\n<li data-start=\"851\" data-end=\"913\">\n<p data-start=\"854\" data-end=\"913\">Vik ihop och f\u00f6rvara dem i det medf\u00f6ljande kompakta fodralet n\u00e4r du \u00e4r klar.<\/p>\n<\/li>\n<\/ol>\n<h2 style=\"text-align: center\" data-start=\"915\" data-end=\"940\">\ud83d\udccf Produktdetaljer<\/h2>\n<ul data-start=\"941\" data-end=\"1120\">\n<li data-start=\"941\" data-end=\"979\">\n<p data-start=\"943\" data-end=\"979\">Vikt: endast 11 g\u2014superl\u00e4tt<\/p>\n<\/li>\n<li data-start=\"980\" data-end=\"1036\">\n<p data-start=\"982\" data-end=\"1036\">Material: Memory TR90-b\u00e5ge + linser mot bl\u00e5tt ljus<\/p>\n<\/li>\n<li data-start=\"1037\" data-end=\"1078\">\n<p data-start=\"1039\" data-end=\"1078\">B\u00e5gtyper: Fyrkantiga och runda alternativ<\/p>\n<\/li>\n<\/ul>\n<h2 style=\"text-align: center\"><strong data-start=\"138\" data-end=\"213\">\ud83d\udc53 Diopterinformation<\/strong><\/h2>\n<ul>\n<li>+1,00\/ L\u00e4mplig f\u00f6r personer i \u00e5ldern 40-45<\/li>\n<li>+1,50\/ L\u00e4mplig f\u00f6r personer i \u00e5ldern 45-50<\/li>\n<li>+2,00\/ L\u00e4mplig f\u00f6r personer i \u00e5ldern 50-55<\/li>\n<li>+2,50\/ L\u00e4mplig f\u00f6r personer i \u00e5ldern 55-60<\/li>\n<li>+3,00\/ L\u00e4mplig f\u00f6r personer i \u00e5ldern 60-65<\/li>\n<li>+3,50\/ L\u00e4mplig f\u00f6r personer i \u00e5ldern 65-70<\/li>\n<li>+4,00\/ L\u00e4mplig f\u00f6r personer i \u00e5ldern 70-75<\/li>\n<\/ul>\n<p>&nbsp;<\/p>\n<h2 style=\"text-align: center\" data-start=\"1122\" data-end=\"1148\">\ud83d\udce6 Paketet inneh\u00e5ller<\/h2>\n<ul data-start=\"1149\" data-end=\"1207\">\n<li data-start=\"1149\" data-end=\"1207\">\n<p data-start=\"1151\" data-end=\"1207\">1x l\u00e4sglas\u00f6gon.<\/p>\n<\/li>\n<\/ul>\n","protected":false},"excerpt":{"rendered":"<p>\ud83d\udc53 Kompakta, Eleganta Och Byggda F\u00f6r Komfort\u2014Se Klart Var Du \u00c4n G\u00e5r! Dessa ultral\u00e4tta, vikbara l\u00e4sglas\u00f6gon \u00e4r utformade f\u00f6r m\u00e4nniskor [&hellip;]<\/p>\n","protected":false},"featured_media":35261,"comment_status":"open","ping_status":"closed","template":"","meta":{"site-sidebar-layout":"default","site-content-layout":"","ast-site-content-layout":"default","site-content-style":"default","site-sidebar-style":"default","ast-global-header-display":"","ast-banner-title-visibility":"","ast-main-header-display":"","ast-hfb-above-header-display":"","ast-hfb-below-header-display":"","ast-hfb-mobile-header-display":"","site-post-title":"","ast-breadcrumbs-content":"","ast-featured-img":"","footer-sml-layout":"","theme-transparent-header-meta":"default","adv-header-id-meta":"","stick-header-meta":"","header-above-stick-meta":"","header-main-stick-meta":"","header-below-stick-meta":"","astra-migrate-meta-layouts":"set","ast-page-background-enabled":"default","ast-page-background-meta":{"desktop":{"background-color":"var(--ast-global-color-4)","background-image":"","background-repeat":"repeat","background-position":"center center","background-size":"auto","background-attachment":"scroll","background-type":"","background-media":"","overlay-type":"","overlay-color":"","overlay-opacity":"","overlay-gradient":""},"tablet":{"background-color":"","background-image":"","background-repeat":"repeat","background-position":"center center","background-size":"auto","background-attachment":"scroll","background-type":"","background-media":"","overlay-type":"","overlay-color":"","overlay-opacity":"","overlay-gradient":""},"mobile":{"background-color":"","background-image":"","background-repeat":"repeat","background-position":"center center","background-size":"auto","background-attachment":"scroll","background-type":"","background-media":"","overlay-type":"","overlay-color":"","overlay-opacity":"","overlay-gradient":""}},"ast-content-background-meta":{"desktop":{"background-color":"var(--ast-global-color-5)","background-image":"","background-repeat":"repeat","background-position":"center center","background-size":"auto","background-attachment":"scroll","background-type":"","background-media":"","overlay-type":"","overlay-color":"","overlay-opacity":"","overlay-gradient":""},"tablet":{"background-color":"var(--ast-global-color-5)","background-image":"","background-repeat":"repeat","background-position":"center center","background-size":"auto","background-attachment":"scroll","background-type":"","background-media":"","overlay-type":"","overlay-color":"","overlay-opacity":"","overlay-gradient":""},"mobile":{"background-color":"var(--ast-global-color-5)","background-image":"","background-repeat":"repeat","background-position":"center center","background-size":"auto","background-attachment":"scroll","background-type":"","background-media":"","overlay-type":"","overlay-color":"","overlay-opacity":"","overlay-gradient":""}}},"product_brand":[],"product_cat":[993],"product_tag":[],"class_list":{"0":"post-35265","1":"product","2":"type-product","3":"status-publish","4":"has-post-thumbnail","6":"product_cat-footwear-accessories","7":"pa_44740_dwgpnjh8-1-00","8":"pa_44740_dwgpnjh8-1-50","9":"pa_44740_dwgpnjh8-2-00","10":"pa_44740_dwgpnjh8-2-50","11":"pa_44740_dwgpnjh8-3-00","12":"pa_44740_dwgpnjh8-3-50","13":"pa_44740_dwgpnjh8-4-00","14":"pa_44740_j858sxid-fyrkant","15":"pa_44740_j858sxid-hexagonal","16":"pa_44740_j858sxid-runda","17":"desktop-align-left","18":"tablet-align-left","19":"mobile-align-left","21":"first","22":"instock","23":"shipping-taxable","24":"purchasable","25":"product-type-variable","26":"has-default-attributes"},"_links":{"self":[{"href":"https:\/\/keluvo.com\/se\/wp-json\/wp\/v2\/product\/35265","targetHints":{"allow":["GET"]}}],"collection":[{"href":"https:\/\/keluvo.com\/se\/wp-json\/wp\/v2\/product"}],"about":[{"href":"https:\/\/keluvo.com\/se\/wp-json\/wp\/v2\/types\/product"}],"replies":[{"embeddable":true,"href":"https:\/\/keluvo.com\/se\/wp-json\/wp\/v2\/comments?post=35265"}],"wp:featuredmedia":[{"embeddable":true,"href":"https:\/\/keluvo.com\/se\/wp-json\/wp\/v2\/media\/35261"}],"wp:attachment":[{"href":"https:\/\/keluvo.com\/se\/wp-json\/wp\/v2\/media?parent=35265"}],"wp:term":[{"taxonomy":"product_brand","embeddable":true,"href":"https:\/\/keluvo.com\/se\/wp-json\/wp\/v2\/product_brand?post=35265"},{"taxonomy":"product_cat","embeddable":true,"href":"https:\/\/keluvo.com\/se\/wp-json\/wp\/v2\/product_cat?post=35265"},{"taxonomy":"product_tag","embeddable":true,"href":"https:\/\/keluvo.com\/se\/wp-json\/wp\/v2\/product_tag?post=35265"}],"curies":[{"name":"wp","href":"https:\/\/api.w.org\/{rel}","templated":true}]}}