{"id":35220,"date":"2025-09-19T14:19:10","date_gmt":"2025-09-19T11:19:10","guid":{"rendered":"https:\/\/keluvo.com\/se\/product\/vattentatt-mobilskal\/"},"modified":"2025-09-19T14:19:34","modified_gmt":"2025-09-19T11:19:34","slug":"vattentatt-mobilskal","status":"publish","type":"product","link":"https:\/\/keluvo.com\/se\/product\/vattentatt-mobilskal\/","title":{"rendered":"Vattent\u00e4tt mobilskal"},"content":{"rendered":"<p style=\"text-align: center\" data-start=\"104\" data-end=\"154\"><strong data-start=\"104\" data-end=\"152\">\ud83d\udcf1 Ta Med Din Telefon Var Som Helst &#8211; \u00c4ven Under Vattnet!<\/strong><\/p>\n<p style=\"text-align: center\" data-start=\"156\" data-end=\"325\">Skydda din telefon fr\u00e5n vatten, sand och smuts samtidigt som du fortfarande kan anv\u00e4nda peksk\u00e4rmen. Detta vattent\u00e4ta fodral \u00e4r perfekt f\u00f6r stranddagar, simning, b\u00e5tliv eller till och med regniga vandringar.<\/p>\n<p data-start=\"156\" data-end=\"325\"><img decoding=\"async\" class=\"size-full wp-image-27422 aligncenter\" src=\"https:\/\/keluvo.com\/template\/wp-content\/uploads\/sites\/5\/2025\/07\/07113-ezgif.com-video-to-webp-converter.webp\" alt=\"\" \/><\/p>\n<h2 style=\"text-align: center\" data-start=\"327\" data-end=\"350\">\ud83d\udca7 Huvudf\u00f6rdelar<\/h2>\n<p data-start=\"353\" data-end=\"387\">\ud83c\udf0a 100% vattent\u00e4tt och dammt\u00e4tt<\/p>\n<p data-start=\"390\" data-end=\"449\">\ud83d\udcf8 Klar front g\u00f6r att du kan ta foton och videor under vattnet<\/p>\n<p data-start=\"452\" data-end=\"510\">\u270b Full peksk\u00e4rmsfunktion &#8211; anv\u00e4nd din telefon som vanligt<\/p>\n<p data-start=\"513\" data-end=\"556\">\ud83e\uddf5 H\u00e5llbar t\u00e4tning med s\u00e4kra l\u00e5skl\u00e4mmor<\/p>\n<p data-start=\"559\" data-end=\"609\">\ud83c\udfbd Levereras med en halsrem f\u00f6r handsfree-b\u00e4rande<\/p>\n<p data-start=\"559\" data-end=\"609\"><img decoding=\"async\" class=\"size-full wp-image-27424 aligncenter\" src=\"https:\/\/keluvo.com\/template\/wp-content\/uploads\/sites\/5\/2025\/07\/1_10_e6622add-1075-462d-a34d-a2b7e69e4b18.jpg\" alt=\"\" \/><\/p>\n<h2 style=\"text-align: center\" data-start=\"611\" data-end=\"631\">\ud83c\udfc4 Hur Man Anv\u00e4nder<\/h2>\n<ol data-start=\"632\" data-end=\"808\">\n<li data-start=\"632\" data-end=\"687\">\n<p data-start=\"635\" data-end=\"687\">\u00d6ppna l\u00e5sflikarna och skjut in din telefon.<\/p>\n<\/li>\n<li data-start=\"688\" data-end=\"732\">\n<p data-start=\"691\" data-end=\"732\">B\u00e4r det runt halsen och anv\u00e4nd din telefon med sj\u00e4lvf\u00f6rtroende &#8211; \u00e4ven under vattnet!<\/p>\n<\/li>\n<li data-start=\"733\" data-end=\"808\">\n<p data-start=\"736\" data-end=\"808\">Wear it around your neck and use your phone confidently\u2014even underwater!<\/p>\n<\/li>\n<\/ol>\n<h2 style=\"text-align: center\" data-start=\"810\" data-end=\"835\">\ud83d\udccf Produktdetaljer<\/h2>\n<ul data-start=\"836\" data-end=\"1007\">\n<li data-start=\"836\" data-end=\"878\">\n<p data-start=\"838\" data-end=\"878\">Passar de flesta smartphones upp till 6,5 tum<\/p>\n<\/li>\n<li data-start=\"879\" data-end=\"929\">\n<p data-start=\"881\" data-end=\"929\">Material: Vattent\u00e4t PVC + s\u00e4ker l\u00e5st\u00e4tning<\/p>\n<\/li>\n<li data-start=\"930\" data-end=\"958\">\n<p data-start=\"932\" data-end=\"958\">L\u00e4tt och \u00e5teranv\u00e4ndbar<\/p>\n<\/li>\n<li data-start=\"959\" data-end=\"1007\">\n<p data-start=\"961\" data-end=\"1007\">Gott f\u00f6r simning, kajakpaddling, skid\u00e5kning och mycket mer<\/p>\n<\/li>\n<\/ul>\n<h2 style=\"text-align: center\" data-start=\"1009\" data-end=\"1035\">\ud83d\udce6 Paketet Inneh\u00e5ller<\/h2>\n<ul data-start=\"1036\" data-end=\"1091\">\n<li data-start=\"1036\" data-end=\"1064\">\n<p data-start=\"1038\" data-end=\"1064\">1\u00d7 vattent\u00e4tt mobilskal<\/p>\n<\/li>\n<li data-start=\"1065\" data-end=\"1091\">\n<p data-start=\"1067\" data-end=\"1091\">1\u00d7 justerbar halsrem.<\/p>\n<\/li>\n<\/ul>\n","protected":false},"excerpt":{"rendered":"<p>\ud83d\udcf1 Ta Med Din Telefon Var Som Helst &#8211; \u00c4ven Under Vattnet! Skydda din telefon fr\u00e5n vatten, sand och smuts [&hellip;]<\/p>\n","protected":false},"featured_media":35216,"comment_status":"open","ping_status":"closed","template":"","meta":{"site-sidebar-layout":"default","site-content-layout":"","ast-site-content-layout":"default","site-content-style":"default","site-sidebar-style":"default","ast-global-header-display":"","ast-banner-title-visibility":"","ast-main-header-display":"","ast-hfb-above-header-display":"","ast-hfb-below-header-display":"","ast-hfb-mobile-header-display":"","site-post-title":"","ast-breadcrumbs-content":"","ast-featured-img":"","footer-sml-layout":"","theme-transparent-header-meta":"default","adv-header-id-meta":"","stick-header-meta":"","header-above-stick-meta":"","header-main-stick-meta":"","header-below-stick-meta":"","astra-migrate-meta-layouts":"set","ast-page-background-enabled":"default","ast-page-background-meta":{"desktop":{"background-color":"var(--ast-global-color-4)","background-image":"","background-repeat":"repeat","background-position":"center center","background-size":"auto","background-attachment":"scroll","background-type":"","background-media":"","overlay-type":"","overlay-color":"","overlay-opacity":"","overlay-gradient":""},"tablet":{"background-color":"","background-image":"","background-repeat":"repeat","background-position":"center center","background-size":"auto","background-attachment":"scroll","background-type":"","background-media":"","overlay-type":"","overlay-color":"","overlay-opacity":"","overlay-gradient":""},"mobile":{"background-color":"","background-image":"","background-repeat":"repeat","background-position":"center center","background-size":"auto","background-attachment":"scroll","background-type":"","background-media":"","overlay-type":"","overlay-color":"","overlay-opacity":"","overlay-gradient":""}},"ast-content-background-meta":{"desktop":{"background-color":"var(--ast-global-color-5)","background-image":"","background-repeat":"repeat","background-position":"center center","background-size":"auto","background-attachment":"scroll","background-type":"","background-media":"","overlay-type":"","overlay-color":"","overlay-opacity":"","overlay-gradient":""},"tablet":{"background-color":"var(--ast-global-color-5)","background-image":"","background-repeat":"repeat","background-position":"center center","background-size":"auto","background-attachment":"scroll","background-type":"","background-media":"","overlay-type":"","overlay-color":"","overlay-opacity":"","overlay-gradient":""},"mobile":{"background-color":"var(--ast-global-color-5)","background-image":"","background-repeat":"repeat","background-position":"center center","background-size":"auto","background-attachment":"scroll","background-type":"","background-media":"","overlay-type":"","overlay-color":"","overlay-opacity":"","overlay-gradient":""}}},"product_brand":[],"product_cat":[993],"product_tag":[],"class_list":{"0":"post-35220","1":"product","2":"type-product","3":"status-publish","4":"has-post-thumbnail","6":"product_cat-footwear-accessories","7":"pa_33387_cd7cx1xw-gron","8":"pa_33387_cd7cx1xw-gul","9":"pa_33387_cd7cx1xw-lila","10":"pa_33387_cd7cx1xw-ljusbla","11":"pa_33387_cd7cx1xw-morkbla","12":"pa_33387_cd7cx1xw-orange","13":"pa_33387_cd7cx1xw-rod","14":"pa_33387_cd7cx1xw-rosa","15":"pa_33387_cd7cx1xw-svart","16":"pa_33387_cd7cx1xw-transparent","17":"desktop-align-left","18":"tablet-align-left","19":"mobile-align-left","21":"first","22":"instock","23":"shipping-taxable","24":"purchasable","25":"product-type-variable"},"_links":{"self":[{"href":"https:\/\/keluvo.com\/se\/wp-json\/wp\/v2\/product\/35220","targetHints":{"allow":["GET"]}}],"collection":[{"href":"https:\/\/keluvo.com\/se\/wp-json\/wp\/v2\/product"}],"about":[{"href":"https:\/\/keluvo.com\/se\/wp-json\/wp\/v2\/types\/product"}],"replies":[{"embeddable":true,"href":"https:\/\/keluvo.com\/se\/wp-json\/wp\/v2\/comments?post=35220"}],"wp:featuredmedia":[{"embeddable":true,"href":"https:\/\/keluvo.com\/se\/wp-json\/wp\/v2\/media\/35216"}],"wp:attachment":[{"href":"https:\/\/keluvo.com\/se\/wp-json\/wp\/v2\/media?parent=35220"}],"wp:term":[{"taxonomy":"product_brand","embeddable":true,"href":"https:\/\/keluvo.com\/se\/wp-json\/wp\/v2\/product_brand?post=35220"},{"taxonomy":"product_cat","embeddable":true,"href":"https:\/\/keluvo.com\/se\/wp-json\/wp\/v2\/product_cat?post=35220"},{"taxonomy":"product_tag","embeddable":true,"href":"https:\/\/keluvo.com\/se\/wp-json\/wp\/v2\/product_tag?post=35220"}],"curies":[{"name":"wp","href":"https:\/\/api.w.org\/{rel}","templated":true}]}}