{"id":35181,"date":"2025-09-19T14:16:18","date_gmt":"2025-09-19T11:16:18","guid":{"rendered":"https:\/\/keluvo.com\/se\/product\/lock-till-kopp-i-bambu\/"},"modified":"2025-09-19T14:16:27","modified_gmt":"2025-09-19T11:16:27","slug":"lock-till-kopp-i-bambu","status":"publish","type":"product","link":"https:\/\/keluvo.com\/se\/product\/lock-till-kopp-i-bambu\/","title":{"rendered":"Lock till kopp i bambu"},"content":{"rendered":"<p style=\"text-align: center\" data-start=\"118\" data-end=\"181\"><strong data-start=\"118\" data-end=\"179\">\ud83c\udf77 Sippa, Snacka Och Koppla Av\u2014Allt I Ett Snyggt Glaslock!<\/strong><\/p>\n<p style=\"text-align: center\" data-start=\"183\" data-end=\"372\">F\u00f6rvandla varje vinkv\u00e4ll till en elegant smakupplevelse. Det h\u00e4r smarta bambukopplocket sitter direkt p\u00e5 ditt vinglas och fungerar \u00e4ven som en snackbricka s\u00e5 att du kan njuta av ost, kex eller frukt handsfree!<\/p>\n<p data-start=\"183\" data-end=\"372\"><img decoding=\"async\" class=\"size-full wp-image-27392 aligncenter\" src=\"https:\/\/keluvo.com\/template\/wp-content\/uploads\/sites\/5\/2025\/07\/07111-ezgif.com-video-to-webp-converter-1.webp\" alt=\"\" \/><\/p>\n<h2 style=\"text-align: center\" data-start=\"374\" data-end=\"397\">\ud83c\udf3f Huvudf\u00f6rdelar<\/h2>\n<p data-start=\"400\" data-end=\"457\">\ud83c\udf47 H\u00e5ller sm\u00e5 bitar som ost, charkuterier eller frukt<\/p>\n<p data-start=\"460\" data-end=\"503\">\ud83e\udeb5 Tillverkad av milj\u00f6v\u00e4nlig, naturlig bambu<\/p>\n<p data-start=\"506\" data-end=\"542\">\ud83c\udf77 Passar de flesta vanliga vinglas<\/p>\n<p data-start=\"545\" data-end=\"602\">\ud83e\uddc0 Perfekt f\u00f6r picknick, vinprovningar eller mysiga kv\u00e4llar<\/p>\n<p data-start=\"605\" data-end=\"644\">\ud83c\udf81 Bra present till vin\u00e4lskare och hosts<\/p>\n<p data-start=\"605\" data-end=\"644\"><img decoding=\"async\" class=\"size-full wp-image-27393 aligncenter\" src=\"https:\/\/keluvo.com\/template\/wp-content\/uploads\/sites\/5\/2025\/07\/6_f77497b9-d49f-4d96-b090-fe16b83547e7_1400x.webp\" alt=\"\" \/><\/p>\n<h2 style=\"text-align: center\" data-start=\"646\" data-end=\"667\">\ud83c\udf7d\ufe0f Hur Man Anv\u00e4nder<\/h2>\n<ol data-start=\"668\" data-end=\"819\">\n<li data-start=\"668\" data-end=\"720\">\n<p data-start=\"671\" data-end=\"720\">Placera bambulocket ovanp\u00e5 ditt vinglas.<\/p>\n<\/li>\n<li data-start=\"721\" data-end=\"768\">\n<p data-start=\"724\" data-end=\"768\">L\u00e4gg till n\u00e5gra goda snacks p\u00e5 den \u00f6vre ytan.<\/p>\n<\/li>\n<li data-start=\"769\" data-end=\"819\">\n<p data-start=\"772\" data-end=\"819\">Drick och \u00e4t med l\u00e4tthet &#8211; inga extra tallrikar beh\u00f6vs!<\/p>\n<\/li>\n<\/ol>\n<h2 style=\"text-align: center\" data-start=\"821\" data-end=\"846\">\ud83d\udccf Produktdetaljer<\/h2>\n<ul data-start=\"847\" data-end=\"938\">\n<li data-start=\"847\" data-end=\"875\">\n<p data-start=\"849\" data-end=\"875\">Material: Naturlig bambu<\/p>\n<\/li>\n<li data-start=\"876\" data-end=\"909\">\n<p data-start=\"878\" data-end=\"909\">Storlek: Cirka 6,35 cm i diameter<\/p>\n<\/li>\n<li data-start=\"910\" data-end=\"938\">\n<p data-start=\"912\" data-end=\"938\">L\u00e4tt att reng\u00f6ra och \u00e5teranv\u00e4nda<\/p>\n<\/li>\n<\/ul>\n<h2 style=\"text-align: center\" data-start=\"940\" data-end=\"966\">\ud83d\udce6 Paketet Inneh\u00e5ller<\/h2>\n<ul data-start=\"967\" data-end=\"1027\">\n<li data-start=\"967\" data-end=\"1027\">\n<p data-start=\"969\" data-end=\"1027\">2, 4, 6x lock till bambuglas.<\/p>\n<\/li>\n<\/ul>\n","protected":false},"excerpt":{"rendered":"<p>\ud83c\udf77 Sippa, Snacka Och Koppla Av\u2014Allt I Ett Snyggt Glaslock! F\u00f6rvandla varje vinkv\u00e4ll till en elegant smakupplevelse. Det h\u00e4r smarta [&hellip;]<\/p>\n","protected":false},"featured_media":35177,"comment_status":"open","ping_status":"closed","template":"","meta":{"site-sidebar-layout":"default","site-content-layout":"","ast-site-content-layout":"default","site-content-style":"default","site-sidebar-style":"default","ast-global-header-display":"","ast-banner-title-visibility":"","ast-main-header-display":"","ast-hfb-above-header-display":"","ast-hfb-below-header-display":"","ast-hfb-mobile-header-display":"","site-post-title":"","ast-breadcrumbs-content":"","ast-featured-img":"","footer-sml-layout":"","theme-transparent-header-meta":"default","adv-header-id-meta":"","stick-header-meta":"","header-above-stick-meta":"","header-main-stick-meta":"","header-below-stick-meta":"","astra-migrate-meta-layouts":"set","ast-page-background-enabled":"default","ast-page-background-meta":{"desktop":{"background-color":"var(--ast-global-color-4)","background-image":"","background-repeat":"repeat","background-position":"center center","background-size":"auto","background-attachment":"scroll","background-type":"","background-media":"","overlay-type":"","overlay-color":"","overlay-opacity":"","overlay-gradient":""},"tablet":{"background-color":"","background-image":"","background-repeat":"repeat","background-position":"center center","background-size":"auto","background-attachment":"scroll","background-type":"","background-media":"","overlay-type":"","overlay-color":"","overlay-opacity":"","overlay-gradient":""},"mobile":{"background-color":"","background-image":"","background-repeat":"repeat","background-position":"center center","background-size":"auto","background-attachment":"scroll","background-type":"","background-media":"","overlay-type":"","overlay-color":"","overlay-opacity":"","overlay-gradient":""}},"ast-content-background-meta":{"desktop":{"background-color":"var(--ast-global-color-5)","background-image":"","background-repeat":"repeat","background-position":"center center","background-size":"auto","background-attachment":"scroll","background-type":"","background-media":"","overlay-type":"","overlay-color":"","overlay-opacity":"","overlay-gradient":""},"tablet":{"background-color":"var(--ast-global-color-5)","background-image":"","background-repeat":"repeat","background-position":"center center","background-size":"auto","background-attachment":"scroll","background-type":"","background-media":"","overlay-type":"","overlay-color":"","overlay-opacity":"","overlay-gradient":""},"mobile":{"background-color":"var(--ast-global-color-5)","background-image":"","background-repeat":"repeat","background-position":"center center","background-size":"auto","background-attachment":"scroll","background-type":"","background-media":"","overlay-type":"","overlay-color":"","overlay-opacity":"","overlay-gradient":""}}},"product_brand":[],"product_cat":[1001],"product_tag":[],"class_list":{"0":"post-35181","1":"product","2":"type-product","3":"status-publish","4":"has-post-thumbnail","6":"product_cat-household-goods","7":"pa_44757_achyjx5o-2-st","8":"pa_44757_achyjx5o-4-st","9":"pa_44757_achyjx5o-6-st","10":"desktop-align-left","11":"tablet-align-left","12":"mobile-align-left","14":"first","15":"instock","16":"shipping-taxable","17":"purchasable","18":"product-type-variable"},"_links":{"self":[{"href":"https:\/\/keluvo.com\/se\/wp-json\/wp\/v2\/product\/35181","targetHints":{"allow":["GET"]}}],"collection":[{"href":"https:\/\/keluvo.com\/se\/wp-json\/wp\/v2\/product"}],"about":[{"href":"https:\/\/keluvo.com\/se\/wp-json\/wp\/v2\/types\/product"}],"replies":[{"embeddable":true,"href":"https:\/\/keluvo.com\/se\/wp-json\/wp\/v2\/comments?post=35181"}],"wp:featuredmedia":[{"embeddable":true,"href":"https:\/\/keluvo.com\/se\/wp-json\/wp\/v2\/media\/35177"}],"wp:attachment":[{"href":"https:\/\/keluvo.com\/se\/wp-json\/wp\/v2\/media?parent=35181"}],"wp:term":[{"taxonomy":"product_brand","embeddable":true,"href":"https:\/\/keluvo.com\/se\/wp-json\/wp\/v2\/product_brand?post=35181"},{"taxonomy":"product_cat","embeddable":true,"href":"https:\/\/keluvo.com\/se\/wp-json\/wp\/v2\/product_cat?post=35181"},{"taxonomy":"product_tag","embeddable":true,"href":"https:\/\/keluvo.com\/se\/wp-json\/wp\/v2\/product_tag?post=35181"}],"curies":[{"name":"wp","href":"https:\/\/api.w.org\/{rel}","templated":true}]}}