{"id":35159,"date":"2025-09-19T14:14:52","date_gmt":"2025-09-19T11:14:52","guid":{"rendered":"https:\/\/keluvo.com\/se\/product\/hartrimmer\/"},"modified":"2025-09-19T14:14:52","modified_gmt":"2025-09-19T11:14:52","slug":"hartrimmer","status":"publish","type":"product","link":"https:\/\/keluvo.com\/se\/product\/hartrimmer\/","title":{"rendered":"H\u00e5rtrimmer"},"content":{"rendered":"<p style=\"text-align: center\" data-start=\"101\" data-end=\"171\"><strong data-start=\"101\" data-end=\"169\">\u2702\ufe0f Trimma Sv\u00e5r\u00e5tkomliga Omr\u00e5den Enkelt Med Den H\u00e4r Smarta H\u00e5rtrimmern!<\/strong><\/p>\n<p style=\"text-align: center\" data-start=\"173\" data-end=\"340\">S\u00e4g adj\u00f6 till besv\u00e4rliga rakningsvinklar och missade fl\u00e4ckar. Den h\u00e4r f\u00f6rl\u00e4ngningsbara h\u00e5rtrimmern hj\u00e4lper dig att trimma halsringning, rygg och polisonger med precision &#8211; helt sj\u00e4lv!<\/p>\n<p data-start=\"173\" data-end=\"340\"><img decoding=\"async\" class=\"size-full wp-image-27366 aligncenter\" src=\"https:\/\/keluvo.com\/template\/wp-content\/uploads\/sites\/5\/2025\/07\/gif2-80.webp\" alt=\"\" \/><\/p>\n<h2 style=\"text-align: center\" data-start=\"342\" data-end=\"365\">\ud83d\udca1 Huvudf\u00f6rdelar<\/h2>\n<p data-start=\"368\" data-end=\"417\">\ud83d\ude4c Extra r\u00e4ckvidd f\u00f6r trimning av knepiga st\u00e4llen<\/p>\n<p data-start=\"420\" data-end=\"462\">\ud83d\udc88 J\u00e4mna, rena snitt utan irritation<\/p>\n<p data-start=\"420\" data-end=\"462\">\ud83d\udd0b Uppladdningsbart batteri med l\u00e5ng anv\u00e4ndningstid<\/p>\n<p data-start=\"514\" data-end=\"562\">\ud83c\udfaf Flera guidekammar f\u00f6r perfekt l\u00e4ngd<\/p>\n<p data-start=\"565\" data-end=\"595\">\ud83d\udc5c Kompakt och resbarfriendly<\/p>\n<p data-start=\"565\" data-end=\"595\"><img decoding=\"async\" class=\"size-full wp-image-27367 aligncenter\" src=\"https:\/\/keluvo.com\/template\/wp-content\/uploads\/sites\/5\/2025\/07\/gif4.gif\" alt=\"\" \/><\/p>\n<h2 style=\"text-align: center\" data-start=\"597\" data-end=\"620\">\ud83e\uddd1\u200d\ud83e\uddb1 Hur Man Anv\u00e4nder<\/h2>\n<ol data-start=\"621\" data-end=\"812\">\n<li data-start=\"621\" data-end=\"656\">\n<p data-start=\"624\" data-end=\"656\">F\u00e4st \u00f6nskad guidekam.<\/p>\n<\/li>\n<li data-start=\"657\" data-end=\"690\">\n<p data-start=\"660\" data-end=\"690\">F\u00f6rl\u00e4ng handtaget vid behov.<\/p>\n<\/li>\n<li data-start=\"691\" data-end=\"761\">\n<p data-start=\"694\" data-end=\"761\">S\u00e4tt p\u00e5 den och f\u00f6r trimmern l\u00e4ngs h\u00e5rf\u00e4stet eller halsen.<\/p>\n<\/li>\n<li data-start=\"762\" data-end=\"812\">\n<p data-start=\"765\" data-end=\"812\">Reng\u00f6r bladet efter anv\u00e4ndning f\u00f6r b\u00e4sta prestanda.<\/p>\n<\/li>\n<\/ol>\n<h2 style=\"text-align: center\" data-start=\"814\" data-end=\"839\">\ud83d\udccf Produktdetaljer<\/h2>\n<ul data-start=\"840\" data-end=\"1000\">\n<li data-start=\"840\" data-end=\"877\">\n<p data-start=\"842\" data-end=\"877\">USB-laddningsbart (kabel ing\u00e5r)<\/p>\n<\/li>\n<li data-start=\"878\" data-end=\"911\">\n<p data-start=\"880\" data-end=\"911\">Anv\u00e4ndningstid: upp till 120 minuter<\/p>\n<\/li>\n<li data-start=\"912\" data-end=\"955\">\n<p data-start=\"914\" data-end=\"955\">Inneh\u00e5ller 6 guidekammar + reng\u00f6ringsborste<\/p>\n<\/li>\n<li data-start=\"956\" data-end=\"1000\">\n<p data-start=\"958\" data-end=\"1000\">Ergonomiskt handtag f\u00f6r enkelt grepp och kontroll<\/p>\n<\/li>\n<\/ul>\n<h2 style=\"text-align: center\" data-start=\"1002\" data-end=\"1028\">\ud83d\udce6 Paketet Inneh\u00e5ller<\/h2>\n<ul data-start=\"1029\" data-end=\"1136\">\n<li data-start=\"1029\" data-end=\"1071\">\n<p data-start=\"1031\" data-end=\"1071\">1\u00d7 h\u00e5rtrimmer med f\u00f6rl\u00e4ngningsbart handtag<\/p>\n<\/li>\n<li data-start=\"1072\" data-end=\"1090\">\n<p data-start=\"1074\" data-end=\"1090\">6\u00d7 guidekammar<\/p>\n<\/li>\n<li data-start=\"1091\" data-end=\"1116\">\n<p data-start=\"1093\" data-end=\"1116\">1\u00d7 USB-laddningskabel<\/p>\n<\/li>\n<li data-start=\"1117\" data-end=\"1136\">\n<p data-start=\"1119\" data-end=\"1136\">1\u00d7 reng\u00f6ringsborste.<\/p>\n<\/li>\n<\/ul>\n","protected":false},"excerpt":{"rendered":"<p>\u2702\ufe0f Trimma Sv\u00e5r\u00e5tkomliga Omr\u00e5den Enkelt Med Den H\u00e4r Smarta H\u00e5rtrimmern! S\u00e4g adj\u00f6 till besv\u00e4rliga rakningsvinklar och missade fl\u00e4ckar. Den h\u00e4r [&hellip;]<\/p>\n","protected":false},"featured_media":35156,"comment_status":"open","ping_status":"closed","template":"","meta":{"site-sidebar-layout":"default","site-content-layout":"","ast-site-content-layout":"default","site-content-style":"default","site-sidebar-style":"default","ast-global-header-display":"","ast-banner-title-visibility":"","ast-main-header-display":"","ast-hfb-above-header-display":"","ast-hfb-below-header-display":"","ast-hfb-mobile-header-display":"","site-post-title":"","ast-breadcrumbs-content":"","ast-featured-img":"","footer-sml-layout":"","theme-transparent-header-meta":"default","adv-header-id-meta":"","stick-header-meta":"","header-above-stick-meta":"","header-main-stick-meta":"","header-below-stick-meta":"","astra-migrate-meta-layouts":"set","ast-page-background-enabled":"default","ast-page-background-meta":{"desktop":{"background-color":"var(--ast-global-color-4)","background-image":"","background-repeat":"repeat","background-position":"center center","background-size":"auto","background-attachment":"scroll","background-type":"","background-media":"","overlay-type":"","overlay-color":"","overlay-opacity":"","overlay-gradient":""},"tablet":{"background-color":"","background-image":"","background-repeat":"repeat","background-position":"center center","background-size":"auto","background-attachment":"scroll","background-type":"","background-media":"","overlay-type":"","overlay-color":"","overlay-opacity":"","overlay-gradient":""},"mobile":{"background-color":"","background-image":"","background-repeat":"repeat","background-position":"center center","background-size":"auto","background-attachment":"scroll","background-type":"","background-media":"","overlay-type":"","overlay-color":"","overlay-opacity":"","overlay-gradient":""}},"ast-content-background-meta":{"desktop":{"background-color":"var(--ast-global-color-5)","background-image":"","background-repeat":"repeat","background-position":"center center","background-size":"auto","background-attachment":"scroll","background-type":"","background-media":"","overlay-type":"","overlay-color":"","overlay-opacity":"","overlay-gradient":""},"tablet":{"background-color":"var(--ast-global-color-5)","background-image":"","background-repeat":"repeat","background-position":"center center","background-size":"auto","background-attachment":"scroll","background-type":"","background-media":"","overlay-type":"","overlay-color":"","overlay-opacity":"","overlay-gradient":""},"mobile":{"background-color":"var(--ast-global-color-5)","background-image":"","background-repeat":"repeat","background-position":"center center","background-size":"auto","background-attachment":"scroll","background-type":"","background-media":"","overlay-type":"","overlay-color":"","overlay-opacity":"","overlay-gradient":""}}},"product_brand":[],"product_cat":[992],"product_tag":[],"class_list":{"0":"post-35159","1":"product","2":"type-product","3":"status-publish","4":"has-post-thumbnail","6":"product_cat-beauty-and-hygiene-products","7":"desktop-align-left","8":"tablet-align-left","9":"mobile-align-left","11":"first","12":"instock","13":"shipping-taxable","14":"purchasable","15":"product-type-simple"},"_links":{"self":[{"href":"https:\/\/keluvo.com\/se\/wp-json\/wp\/v2\/product\/35159","targetHints":{"allow":["GET"]}}],"collection":[{"href":"https:\/\/keluvo.com\/se\/wp-json\/wp\/v2\/product"}],"about":[{"href":"https:\/\/keluvo.com\/se\/wp-json\/wp\/v2\/types\/product"}],"replies":[{"embeddable":true,"href":"https:\/\/keluvo.com\/se\/wp-json\/wp\/v2\/comments?post=35159"}],"wp:featuredmedia":[{"embeddable":true,"href":"https:\/\/keluvo.com\/se\/wp-json\/wp\/v2\/media\/35156"}],"wp:attachment":[{"href":"https:\/\/keluvo.com\/se\/wp-json\/wp\/v2\/media?parent=35159"}],"wp:term":[{"taxonomy":"product_brand","embeddable":true,"href":"https:\/\/keluvo.com\/se\/wp-json\/wp\/v2\/product_brand?post=35159"},{"taxonomy":"product_cat","embeddable":true,"href":"https:\/\/keluvo.com\/se\/wp-json\/wp\/v2\/product_cat?post=35159"},{"taxonomy":"product_tag","embeddable":true,"href":"https:\/\/keluvo.com\/se\/wp-json\/wp\/v2\/product_tag?post=35159"}],"curies":[{"name":"wp","href":"https:\/\/api.w.org\/{rel}","templated":true}]}}