{"id":35099,"date":"2025-09-19T14:12:23","date_gmt":"2025-09-19T11:12:23","guid":{"rendered":"https:\/\/keluvo.com\/se\/product\/oforstorbar-hundleksak\/"},"modified":"2025-09-19T14:12:33","modified_gmt":"2025-09-19T11:12:33","slug":"oforstorbar-hundleksak","status":"publish","type":"product","link":"https:\/\/keluvo.com\/se\/product\/oforstorbar-hundleksak\/","title":{"rendered":"Of\u00f6rst\u00f6rbar hundleksak"},"content":{"rendered":"<p style=\"text-align: center\" data-start=\"84\" data-end=\"156\"><strong data-start=\"84\" data-end=\"156\">Den Sista Hundleksaken Du N\u00e5gonsin Kommer Att Beh\u00f6va\u2014Byggd F\u00f6r Att \u00d6verleva Varje Tugga! \ud83d\udc36\ud83e\uddb4<\/strong><\/p>\n<p style=\"text-align: center\" data-start=\"158\" data-end=\"333\">S\u00e4g adj\u00f6 till s\u00f6ndertuggade leksaker och bortkastade pengar. Denna of\u00f6rst\u00f6rbara hundleksak \u00e4r tillverkad av patenterad latex som \u00e4r tuff, flexibel och utformad f\u00f6r att h\u00e5lla &#8211; \u00e4ven f\u00f6r de mest beslutsamma tuggarna!<\/p>\n<p data-start=\"158\" data-end=\"333\"><img decoding=\"async\" class=\"size-full wp-image-27328 aligncenter\" src=\"https:\/\/keluvo.com\/template\/wp-content\/uploads\/sites\/5\/2025\/07\/10-768x779-1.jpg\" alt=\"\" \/><\/p>\n<h2 style=\"text-align: center\" data-start=\"335\" data-end=\"356\"><strong>Huvud Benefits<\/strong><\/h2>\n<p data-start=\"359\" data-end=\"409\">\ud83d\udee1\ufe0f Ultra-h\u00e5llbar, rivt\u00e5ligt latexmaterial<\/p>\n<p data-start=\"412\" data-end=\"460\">\ud83e\uddfc L\u00e4tt att reng\u00f6ra och s\u00e4ker f\u00f6r hundens mun<\/p>\n<p data-start=\"463\" data-end=\"525\">\ud83e\uddb7 Speciell textur st\u00f6der tandh\u00e4lsan och minskar plack<\/p>\n<p data-start=\"528\" data-end=\"581\">\ud83c\udfbe L\u00e4tt med h\u00f6g studs &#8211; perfekt f\u00f6r apport<\/p>\n<p data-start=\"584\" data-end=\"639\">\ud83d\udd0a Inbyggd squeaker h\u00e5ller din hund upphetsad och engagerad<\/p>\n<p data-start=\"584\" data-end=\"639\"><img decoding=\"async\" class=\"size-full wp-image-27325 aligncenter\" src=\"https:\/\/keluvo.com\/template\/wp-content\/uploads\/sites\/5\/2025\/07\/1-1-1.jpg\" alt=\"\" \/><\/p>\n<h2 style=\"text-align: center\" data-start=\"641\" data-end=\"678\"><strong>Varf\u00f6r Hundar (Och \u00c4gare) \u00c4lskar It<\/strong><\/h2>\n<p data-start=\"681\" data-end=\"728\">\u2714\ufe0f Underh\u00e5ller i timmar utan att falla apart<\/p>\n<p data-start=\"731\" data-end=\"775\">\u2714\ufe0f S\u00e4ker och giftfri &#8211; inga skadliga chemicals<\/p>\n<p data-start=\"778\" data-end=\"820\">\u2714\ufe0f L\u00e4mplig f\u00f6r alla hundstorlekar och breeds<\/p>\n<p data-start=\"823\" data-end=\"858\">\u2714\ufe0f Perfekt f\u00f6r lek inomhus eller utomhus<\/p>\n<h2 style=\"text-align: center\" data-start=\"860\" data-end=\"883\"><strong>Produktdetaljer<\/strong><\/h2>\n<ul data-start=\"884\" data-end=\"1040\">\n<li data-start=\"884\" data-end=\"920\">\n<p data-start=\"886\" data-end=\"920\">Material: Patenterad h\u00e5llbar latex<\/p>\n<\/li>\n<li data-start=\"921\" data-end=\"976\">\n<p data-start=\"923\" data-end=\"976\">Storlek: 6,5 cm<\/p>\n<\/li>\n<li data-start=\"977\" data-end=\"1014\">\n<p data-start=\"979\" data-end=\"1014\">Ljud: Gnisslande k\u00e4rna f\u00f6r extra kul<\/p>\n<\/li>\n<li data-start=\"1015\" data-end=\"1040\">\n<p data-start=\"1017\" data-end=\"1040\">L\u00e4tt att sk\u00f6lja och \u00e5teranv\u00e4nda<\/p>\n<\/li>\n<\/ul>\n<h2 style=\"text-align: center\" data-start=\"1042\" data-end=\"1066\"><strong>F\u00f6rpackningen Inneh\u00e5ller<\/strong><\/h2>\n<ul data-start=\"1067\" data-end=\"1118\">\n<li data-start=\"1067\" data-end=\"1118\">\n<p data-start=\"1069\" data-end=\"1118\">1x of\u00f6rst\u00f6rbar hundleksak.<\/p>\n<\/li>\n<\/ul>\n","protected":false},"excerpt":{"rendered":"<p>Den Sista Hundleksaken Du N\u00e5gonsin Kommer Att Beh\u00f6va\u2014Byggd F\u00f6r Att \u00d6verleva Varje Tugga! \ud83d\udc36\ud83e\uddb4 S\u00e4g adj\u00f6 till s\u00f6ndertuggade leksaker och [&hellip;]<\/p>\n","protected":false},"featured_media":35095,"comment_status":"open","ping_status":"closed","template":"","meta":{"site-sidebar-layout":"default","site-content-layout":"","ast-site-content-layout":"default","site-content-style":"default","site-sidebar-style":"default","ast-global-header-display":"","ast-banner-title-visibility":"","ast-main-header-display":"","ast-hfb-above-header-display":"","ast-hfb-below-header-display":"","ast-hfb-mobile-header-display":"","site-post-title":"","ast-breadcrumbs-content":"","ast-featured-img":"","footer-sml-layout":"","theme-transparent-header-meta":"default","adv-header-id-meta":"","stick-header-meta":"","header-above-stick-meta":"","header-main-stick-meta":"","header-below-stick-meta":"","astra-migrate-meta-layouts":"set","ast-page-background-enabled":"default","ast-page-background-meta":{"desktop":{"background-color":"var(--ast-global-color-4)","background-image":"","background-repeat":"repeat","background-position":"center center","background-size":"auto","background-attachment":"scroll","background-type":"","background-media":"","overlay-type":"","overlay-color":"","overlay-opacity":"","overlay-gradient":""},"tablet":{"background-color":"","background-image":"","background-repeat":"repeat","background-position":"center center","background-size":"auto","background-attachment":"scroll","background-type":"","background-media":"","overlay-type":"","overlay-color":"","overlay-opacity":"","overlay-gradient":""},"mobile":{"background-color":"","background-image":"","background-repeat":"repeat","background-position":"center center","background-size":"auto","background-attachment":"scroll","background-type":"","background-media":"","overlay-type":"","overlay-color":"","overlay-opacity":"","overlay-gradient":""}},"ast-content-background-meta":{"desktop":{"background-color":"var(--ast-global-color-5)","background-image":"","background-repeat":"repeat","background-position":"center center","background-size":"auto","background-attachment":"scroll","background-type":"","background-media":"","overlay-type":"","overlay-color":"","overlay-opacity":"","overlay-gradient":""},"tablet":{"background-color":"var(--ast-global-color-5)","background-image":"","background-repeat":"repeat","background-position":"center center","background-size":"auto","background-attachment":"scroll","background-type":"","background-media":"","overlay-type":"","overlay-color":"","overlay-opacity":"","overlay-gradient":""},"mobile":{"background-color":"var(--ast-global-color-5)","background-image":"","background-repeat":"repeat","background-position":"center center","background-size":"auto","background-attachment":"scroll","background-type":"","background-media":"","overlay-type":"","overlay-color":"","overlay-opacity":"","overlay-gradient":""}}},"product_brand":[],"product_cat":[997],"product_tag":[],"class_list":{"0":"post-35099","1":"product","2":"type-product","3":"status-publish","4":"has-post-thumbnail","6":"product_cat-pets-products","7":"pa_31823_kptjuemd-baseboll","8":"pa_31823_kptjuemd-fotboll","9":"pa_31823_kptjuemd-rugby","10":"pa_31823_kptjuemd-tennis","11":"desktop-align-left","12":"tablet-align-left","13":"mobile-align-left","15":"first","16":"instock","17":"shipping-taxable","18":"purchasable","19":"product-type-variable"},"_links":{"self":[{"href":"https:\/\/keluvo.com\/se\/wp-json\/wp\/v2\/product\/35099","targetHints":{"allow":["GET"]}}],"collection":[{"href":"https:\/\/keluvo.com\/se\/wp-json\/wp\/v2\/product"}],"about":[{"href":"https:\/\/keluvo.com\/se\/wp-json\/wp\/v2\/types\/product"}],"replies":[{"embeddable":true,"href":"https:\/\/keluvo.com\/se\/wp-json\/wp\/v2\/comments?post=35099"}],"wp:featuredmedia":[{"embeddable":true,"href":"https:\/\/keluvo.com\/se\/wp-json\/wp\/v2\/media\/35095"}],"wp:attachment":[{"href":"https:\/\/keluvo.com\/se\/wp-json\/wp\/v2\/media?parent=35099"}],"wp:term":[{"taxonomy":"product_brand","embeddable":true,"href":"https:\/\/keluvo.com\/se\/wp-json\/wp\/v2\/product_brand?post=35099"},{"taxonomy":"product_cat","embeddable":true,"href":"https:\/\/keluvo.com\/se\/wp-json\/wp\/v2\/product_cat?post=35099"},{"taxonomy":"product_tag","embeddable":true,"href":"https:\/\/keluvo.com\/se\/wp-json\/wp\/v2\/product_tag?post=35099"}],"curies":[{"name":"wp","href":"https:\/\/api.w.org\/{rel}","templated":true}]}}