{"id":35089,"date":"2025-09-19T14:11:40","date_gmt":"2025-09-19T11:11:40","guid":{"rendered":"https:\/\/keluvo.com\/se\/product\/pussel-3\/"},"modified":"2025-09-19T14:11:40","modified_gmt":"2025-09-19T11:11:40","slug":"pussel-3","status":"publish","type":"product","link":"https:\/\/keluvo.com\/se\/product\/pussel-3\/","title":{"rendered":"Pussel"},"content":{"rendered":"<p style=\"text-align: center\" data-start=\"77\" data-end=\"139\"><strong data-start=\"77\" data-end=\"139\">F\u00f6rvandla L\u00e4rande Till Lek Med F\u00e4rgglada Djurpussel! \ud83e\udde0\ud83e\udde9<\/strong><\/p>\n<p style=\"text-align: center\" data-start=\"141\" data-end=\"338\">Den h\u00e4r pusselsatsen g\u00f6r utbildning rolig och hands-on. Det \u00e4r utformat f\u00f6r att \u00f6ka ditt barns kreativitet, logik och koordination och \u00e4r perfekt f\u00f6r nyfikna sm\u00e5 sinnen som \u00e4lskar att bygga och utforska.<\/p>\n<p data-start=\"141\" data-end=\"338\"><img decoding=\"async\" class=\"size-full wp-image-27312 aligncenter\" src=\"https:\/\/keluvo.com\/template\/wp-content\/uploads\/sites\/5\/2025\/07\/2_9d23a664-89cb-4efd-8832-efa7ee9282e4_480x480.gif\" alt=\"\" \/><\/p>\n<h2 style=\"text-align: center\" data-start=\"340\" data-end=\"361\">\ud83d\udc3e Huvudf\u00f6rdelar<\/h2>\n<p data-start=\"364\" data-end=\"411\">\ud83c\udfa8 Utvecklar observationsf\u00f6rm\u00e5ga och finmotorik<\/p>\n<p data-start=\"414\" data-end=\"466\">\ud83e\udde0 Uppmuntrar logiskt t\u00e4nkande och probleml\u00f6sning<\/p>\n<p data-start=\"469\" data-end=\"523\">\ud83d\udc18 Har s\u00f6ta djurmotiv som h\u00e5ller barnen engagerade<\/p>\n<p data-start=\"526\" data-end=\"568\">\ud83c\udf31 Tillverkad av milj\u00f6v\u00e4nligt, barns\u00e4kert tr\u00e4<\/p>\n<p data-start=\"571\" data-end=\"624\">\ud83c\udf92 Levereras i en kompakt burk &#8211; perfekt f\u00f6r f\u00f6rvaring eller resor<\/p>\n<p data-start=\"571\" data-end=\"624\"><img decoding=\"async\" class=\"size-full wp-image-27313 aligncenter\" src=\"https:\/\/keluvo.com\/template\/wp-content\/uploads\/sites\/5\/2025\/07\/1_6d03ae06-05c3-4207-b6de-871d432870a8_480x480.gif\" alt=\"\" \/><\/p>\n<h2 style=\"text-align: center\" data-start=\"626\" data-end=\"645\">\ud83e\udde9 Hur Man Spelar<\/h2>\n<ol data-start=\"646\" data-end=\"815\">\n<li data-start=\"646\" data-end=\"704\">\n<p data-start=\"649\" data-end=\"704\">V\u00e4lj ett m\u00f6nsterkort och l\u00e4gg ut de matchande bitarna<\/p>\n<\/li>\n<li data-start=\"705\" data-end=\"761\">\n<p data-start=\"708\" data-end=\"761\">F\u00f6rs\u00f6k att \u00e5terskapa bilden med hj\u00e4lp av de f\u00e4rgglada formerna<\/p>\n<\/li>\n<li data-start=\"762\" data-end=\"815\">\n<p data-start=\"765\" data-end=\"815\">Upprepa med ett nytt kort eller uppfinn dina egna djur!<\/p>\n<\/li>\n<\/ol>\n<h2 style=\"text-align: center\" data-start=\"817\" data-end=\"840\">\ud83d\udccf Produktdetaljer<\/h2>\n<ul data-start=\"841\" data-end=\"997\">\n<li data-start=\"841\" data-end=\"879\">\n<p data-start=\"843\" data-end=\"879\">\u00c5lder: Inte l\u00e4mplig f\u00f6r barn under 3<\/p>\n<\/li>\n<li data-start=\"880\" data-end=\"911\">\n<p data-start=\"882\" data-end=\"911\">Material: H\u00f6gkvalitativt tr\u00e4<\/p>\n<\/li>\n<li data-start=\"912\" data-end=\"967\">\n<p data-start=\"914\" data-end=\"967\">Stycken: 34 f\u00e4rgglada tr\u00e4former + 60 designkort<\/p>\n<\/li>\n<li data-start=\"968\" data-end=\"997\">\n<p data-start=\"970\" data-end=\"997\">Inkluderar: Praktisk f\u00f6rvaringsl\u00e5da<\/p>\n<\/li>\n<\/ul>\n<h2 style=\"text-align: center\" data-start=\"999\" data-end=\"1023\">\ud83d\udce6 F\u00f6rpackningen Inneh\u00e5ller<\/h2>\n<ul data-start=\"1024\" data-end=\"1070\">\n<li data-start=\"1024\" data-end=\"1070\">\n<p data-start=\"1026\" data-end=\"1070\">1x pusselset (bitar, kort, burk).<\/p>\n<\/li>\n<\/ul>\n","protected":false},"excerpt":{"rendered":"<p>F\u00f6rvandla L\u00e4rande Till Lek Med F\u00e4rgglada Djurpussel! \ud83e\udde0\ud83e\udde9 Den h\u00e4r pusselsatsen g\u00f6r utbildning rolig och hands-on. Det \u00e4r utformat f\u00f6r [&hellip;]<\/p>\n","protected":false},"featured_media":35085,"comment_status":"open","ping_status":"closed","template":"","meta":{"site-sidebar-layout":"default","site-content-layout":"","ast-site-content-layout":"default","site-content-style":"default","site-sidebar-style":"default","ast-global-header-display":"","ast-banner-title-visibility":"","ast-main-header-display":"","ast-hfb-above-header-display":"","ast-hfb-below-header-display":"","ast-hfb-mobile-header-display":"","site-post-title":"","ast-breadcrumbs-content":"","ast-featured-img":"","footer-sml-layout":"","theme-transparent-header-meta":"default","adv-header-id-meta":"","stick-header-meta":"","header-above-stick-meta":"","header-main-stick-meta":"","header-below-stick-meta":"","astra-migrate-meta-layouts":"set","ast-page-background-enabled":"default","ast-page-background-meta":{"desktop":{"background-color":"var(--ast-global-color-4)","background-image":"","background-repeat":"repeat","background-position":"center center","background-size":"auto","background-attachment":"scroll","background-type":"","background-media":"","overlay-type":"","overlay-color":"","overlay-opacity":"","overlay-gradient":""},"tablet":{"background-color":"","background-image":"","background-repeat":"repeat","background-position":"center center","background-size":"auto","background-attachment":"scroll","background-type":"","background-media":"","overlay-type":"","overlay-color":"","overlay-opacity":"","overlay-gradient":""},"mobile":{"background-color":"","background-image":"","background-repeat":"repeat","background-position":"center center","background-size":"auto","background-attachment":"scroll","background-type":"","background-media":"","overlay-type":"","overlay-color":"","overlay-opacity":"","overlay-gradient":""}},"ast-content-background-meta":{"desktop":{"background-color":"var(--ast-global-color-5)","background-image":"","background-repeat":"repeat","background-position":"center center","background-size":"auto","background-attachment":"scroll","background-type":"","background-media":"","overlay-type":"","overlay-color":"","overlay-opacity":"","overlay-gradient":""},"tablet":{"background-color":"var(--ast-global-color-5)","background-image":"","background-repeat":"repeat","background-position":"center center","background-size":"auto","background-attachment":"scroll","background-type":"","background-media":"","overlay-type":"","overlay-color":"","overlay-opacity":"","overlay-gradient":""},"mobile":{"background-color":"var(--ast-global-color-5)","background-image":"","background-repeat":"repeat","background-position":"center center","background-size":"auto","background-attachment":"scroll","background-type":"","background-media":"","overlay-type":"","overlay-color":"","overlay-opacity":"","overlay-gradient":""}}},"product_brand":[],"product_cat":[990],"product_tag":[],"class_list":{"0":"post-35089","1":"product","2":"type-product","3":"status-publish","4":"has-post-thumbnail","6":"product_cat-toys-childrens-and-baby-products","7":"desktop-align-left","8":"tablet-align-left","9":"mobile-align-left","11":"first","12":"instock","13":"shipping-taxable","14":"purchasable","15":"product-type-simple"},"_links":{"self":[{"href":"https:\/\/keluvo.com\/se\/wp-json\/wp\/v2\/product\/35089","targetHints":{"allow":["GET"]}}],"collection":[{"href":"https:\/\/keluvo.com\/se\/wp-json\/wp\/v2\/product"}],"about":[{"href":"https:\/\/keluvo.com\/se\/wp-json\/wp\/v2\/types\/product"}],"replies":[{"embeddable":true,"href":"https:\/\/keluvo.com\/se\/wp-json\/wp\/v2\/comments?post=35089"}],"wp:featuredmedia":[{"embeddable":true,"href":"https:\/\/keluvo.com\/se\/wp-json\/wp\/v2\/media\/35085"}],"wp:attachment":[{"href":"https:\/\/keluvo.com\/se\/wp-json\/wp\/v2\/media?parent=35089"}],"wp:term":[{"taxonomy":"product_brand","embeddable":true,"href":"https:\/\/keluvo.com\/se\/wp-json\/wp\/v2\/product_brand?post=35089"},{"taxonomy":"product_cat","embeddable":true,"href":"https:\/\/keluvo.com\/se\/wp-json\/wp\/v2\/product_cat?post=35089"},{"taxonomy":"product_tag","embeddable":true,"href":"https:\/\/keluvo.com\/se\/wp-json\/wp\/v2\/product_tag?post=35089"}],"curies":[{"name":"wp","href":"https:\/\/api.w.org\/{rel}","templated":true}]}}