{"id":34895,"date":"2025-09-19T14:03:49","date_gmt":"2025-09-19T11:03:49","guid":{"rendered":"https:\/\/keluvo.com\/se\/product\/bee-vattenkoppar\/"},"modified":"2025-09-19T14:04:14","modified_gmt":"2025-09-19T11:04:14","slug":"bee-vattenkoppar","status":"publish","type":"product","link":"https:\/\/keluvo.com\/se\/product\/bee-vattenkoppar\/","title":{"rendered":"Bee vattenkoppar"},"content":{"rendered":"<p style=\"text-align: center\" data-start=\"89\" data-end=\"149\"><strong data-start=\"89\" data-end=\"149\">H\u00e5ll Din Tr\u00e4dg\u00e5rd Surrande Med Glada, Hydrerade Bin! \ud83d\udc1d\ud83d\udca7<\/strong><\/p>\n<p style=\"text-align: center\" data-start=\"151\" data-end=\"333\">De h\u00e4r f\u00e4rgglada vattenkopparna f\u00f6r bin \u00e4r utformade f\u00f6r att ge bin en s\u00e4ker och enkel plats att dricka vatten p\u00e5. Fyll dem bara och placera dem n\u00e4ra dina blommor &#8211; perfekt f\u00f6r tr\u00e4dg\u00e5rdar, balkonger eller uteplatser!<\/p>\n<p data-start=\"151\" data-end=\"333\"><img decoding=\"async\" class=\"size-full wp-image-27048 aligncenter\" src=\"https:\/\/keluvo.com\/template\/wp-content\/uploads\/sites\/5\/2025\/07\/070210-ezgif.com-video-to-webp-converter-2.webp\" alt=\"\" \/><\/p>\n<h2 style=\"text-align: center\" data-start=\"335\" data-end=\"356\"><strong>Huvudf\u00f6rdelar<\/strong><\/h2>\n<p data-start=\"359\" data-end=\"400\">\ud83d\udc1d Hj\u00e4lper bin att h\u00e5lla sig hydrerade och friska<\/p>\n<p data-start=\"403\" data-end=\"463\">\ud83c\udf08 Ljusa f\u00e4rger lockar bin och ger charm \u00e5t din tr\u00e4dg\u00e5rd<\/p>\n<p data-start=\"466\" data-end=\"510\">\ud83e\uddf1 Tillverkad av h\u00e5llbar, milj\u00f6v\u00e4nlig keramik<\/p>\n<p data-start=\"513\" data-end=\"564\">\ud83c\udf38 Perfekt f\u00f6r blomster\u00e4lskare och tr\u00e4dg\u00e5rdsentusiaster<\/p>\n<p data-start=\"567\" data-end=\"605\">\ud83c\udf81 En omt\u00e4nksam g\u00e5va till naturen lovers<\/p>\n<p data-start=\"567\" data-end=\"605\"><img decoding=\"async\" class=\"size-full wp-image-27053 aligncenter\" src=\"https:\/\/keluvo.com\/template\/wp-content\/uploads\/sites\/5\/2025\/07\/18aafb9b-0c3f-4f3d-8d21-ed1d2681322f.jpg\" alt=\"\" \/><\/p>\n<h2 style=\"text-align: center\" data-start=\"607\" data-end=\"626\"><strong>Hur Man Anv\u00e4nder<\/strong><\/h2>\n<ol data-start=\"627\" data-end=\"736\">\n<li data-start=\"627\" data-end=\"662\">\n<p data-start=\"630\" data-end=\"662\">Fyll kopparna med rent vatten.<\/p>\n<\/li>\n<li data-start=\"663\" data-end=\"701\">\n<p data-start=\"666\" data-end=\"701\">Placera dem n\u00e4ra v\u00e4xter eller blommor.<\/p>\n<\/li>\n<li data-start=\"702\" data-end=\"736\">\n<p data-start=\"705\" data-end=\"736\">Se hur bina kommer p\u00e5 bes\u00f6k!<\/p>\n<\/li>\n<\/ol>\n<h2 style=\"text-align: center\" data-start=\"738\" data-end=\"761\"><strong>Produktdetaljer<\/strong><\/h2>\n<ul data-start=\"762\" data-end=\"886\">\n<li data-start=\"762\" data-end=\"796\">\n<p data-start=\"764\" data-end=\"796\">Material: H\u00f6gkvalitativ keramik<\/p>\n<\/li>\n<li data-start=\"762\" data-end=\"796\">Optioner: 1 f\u00f6rpackning: 5 st vattenkoppar f\u00f6r bin, 2 f\u00f6rpackningar: 10 st bivattenkoppar<\/li>\n<\/ul>\n<h2 style=\"text-align: center\" data-start=\"888\" data-end=\"912\"><strong>F\u00f6rpackningen Inneh\u00e5ller<\/strong><\/h2>\n<ul data-start=\"913\" data-end=\"967\">\n<li data-start=\"913\" data-end=\"967\">\n<p data-start=\"915\" data-end=\"967\">1, 2x f\u00f6rpackning\/s bivattenkoppar.<\/p>\n<\/li>\n<\/ul>\n","protected":false},"excerpt":{"rendered":"<p>H\u00e5ll Din Tr\u00e4dg\u00e5rd Surrande Med Glada, Hydrerade Bin! \ud83d\udc1d\ud83d\udca7 De h\u00e4r f\u00e4rgglada vattenkopparna f\u00f6r bin \u00e4r utformade f\u00f6r att ge [&hellip;]<\/p>\n","protected":false},"featured_media":34891,"comment_status":"open","ping_status":"closed","template":"","meta":{"site-sidebar-layout":"default","site-content-layout":"","ast-site-content-layout":"default","site-content-style":"default","site-sidebar-style":"default","ast-global-header-display":"","ast-banner-title-visibility":"","ast-main-header-display":"","ast-hfb-above-header-display":"","ast-hfb-below-header-display":"","ast-hfb-mobile-header-display":"","site-post-title":"","ast-breadcrumbs-content":"","ast-featured-img":"","footer-sml-layout":"","theme-transparent-header-meta":"default","adv-header-id-meta":"","stick-header-meta":"","header-above-stick-meta":"","header-main-stick-meta":"","header-below-stick-meta":"","astra-migrate-meta-layouts":"set","ast-page-background-enabled":"default","ast-page-background-meta":{"desktop":{"background-color":"var(--ast-global-color-4)","background-image":"","background-repeat":"repeat","background-position":"center center","background-size":"auto","background-attachment":"scroll","background-type":"","background-media":"","overlay-type":"","overlay-color":"","overlay-opacity":"","overlay-gradient":""},"tablet":{"background-color":"","background-image":"","background-repeat":"repeat","background-position":"center center","background-size":"auto","background-attachment":"scroll","background-type":"","background-media":"","overlay-type":"","overlay-color":"","overlay-opacity":"","overlay-gradient":""},"mobile":{"background-color":"","background-image":"","background-repeat":"repeat","background-position":"center center","background-size":"auto","background-attachment":"scroll","background-type":"","background-media":"","overlay-type":"","overlay-color":"","overlay-opacity":"","overlay-gradient":""}},"ast-content-background-meta":{"desktop":{"background-color":"var(--ast-global-color-5)","background-image":"","background-repeat":"repeat","background-position":"center center","background-size":"auto","background-attachment":"scroll","background-type":"","background-media":"","overlay-type":"","overlay-color":"","overlay-opacity":"","overlay-gradient":""},"tablet":{"background-color":"var(--ast-global-color-5)","background-image":"","background-repeat":"repeat","background-position":"center center","background-size":"auto","background-attachment":"scroll","background-type":"","background-media":"","overlay-type":"","overlay-color":"","overlay-opacity":"","overlay-gradient":""},"mobile":{"background-color":"var(--ast-global-color-5)","background-image":"","background-repeat":"repeat","background-position":"center center","background-size":"auto","background-attachment":"scroll","background-type":"","background-media":"","overlay-type":"","overlay-color":"","overlay-opacity":"","overlay-gradient":""}}},"product_brand":[],"product_cat":[1001],"product_tag":[],"class_list":{"0":"post-34895","1":"product","2":"type-product","3":"status-publish","4":"has-post-thumbnail","6":"product_cat-household-goods","7":"pa_21921_koss7gsl-bla","8":"pa_21921_koss7gsl-gra","9":"pa_21921_koss7gsl-gul","10":"pa_21921_koss7gsl-lila","11":"pa_21921_koss7gsl-rod","12":"pa_21921_puka0hk3-1-forpackning","13":"pa_21921_puka0hk3-2-forpackningar","14":"desktop-align-left","15":"tablet-align-left","16":"mobile-align-left","18":"first","19":"instock","20":"shipping-taxable","21":"purchasable","22":"product-type-variable","23":"has-default-attributes"},"_links":{"self":[{"href":"https:\/\/keluvo.com\/se\/wp-json\/wp\/v2\/product\/34895","targetHints":{"allow":["GET"]}}],"collection":[{"href":"https:\/\/keluvo.com\/se\/wp-json\/wp\/v2\/product"}],"about":[{"href":"https:\/\/keluvo.com\/se\/wp-json\/wp\/v2\/types\/product"}],"replies":[{"embeddable":true,"href":"https:\/\/keluvo.com\/se\/wp-json\/wp\/v2\/comments?post=34895"}],"wp:featuredmedia":[{"embeddable":true,"href":"https:\/\/keluvo.com\/se\/wp-json\/wp\/v2\/media\/34891"}],"wp:attachment":[{"href":"https:\/\/keluvo.com\/se\/wp-json\/wp\/v2\/media?parent=34895"}],"wp:term":[{"taxonomy":"product_brand","embeddable":true,"href":"https:\/\/keluvo.com\/se\/wp-json\/wp\/v2\/product_brand?post=34895"},{"taxonomy":"product_cat","embeddable":true,"href":"https:\/\/keluvo.com\/se\/wp-json\/wp\/v2\/product_cat?post=34895"},{"taxonomy":"product_tag","embeddable":true,"href":"https:\/\/keluvo.com\/se\/wp-json\/wp\/v2\/product_tag?post=34895"}],"curies":[{"name":"wp","href":"https:\/\/api.w.org\/{rel}","templated":true}]}}