{"id":34841,"date":"2025-09-19T14:01:54","date_gmt":"2025-09-19T11:01:54","guid":{"rendered":"https:\/\/keluvo.com\/se\/product\/nattlampa-4\/"},"modified":"2025-09-19T14:03:03","modified_gmt":"2025-09-19T11:03:03","slug":"nattlampa-4","status":"publish","type":"product","link":"https:\/\/keluvo.com\/se\/product\/nattlampa-4\/","title":{"rendered":"Nattlampa"},"content":{"rendered":"<p style=\"text-align: center\" data-start=\"93\" data-end=\"159\"><strong data-start=\"93\" data-end=\"159\">\ud83d\udca1 L\u00e4gg Till En Retrogl\u00f6d I Din Bil Med Dessa Livfulla Billampor!<\/strong><\/p>\n<p style=\"text-align: center\" data-start=\"161\" data-end=\"343\">F\u00f6rvandla din bilinteri\u00f6r till en f\u00e4rgstark atmosf\u00e4r. Dessa nattlampor ansluts direkt till bilens USB- eller t\u00e4ndaruttag och avger i\u00f6gonfallande ljus i valfri f\u00e4rg.<\/p>\n<p data-start=\"161\" data-end=\"343\"><img decoding=\"async\" class=\"size-full wp-image-27609 aligncenter\" src=\"https:\/\/keluvo.com\/template\/wp-content\/uploads\/sites\/5\/2025\/07\/ab60a7b21ce8fe197a4ce66b37a9c97a9ddf7f9f-1000.webp\" alt=\"\" \/><\/p>\n<h2 style=\"text-align: center\" data-start=\"345\" data-end=\"368\">\ud83d\ude98 Huvudf\u00f6rdelar<\/h2>\n<p data-start=\"371\" data-end=\"412\">\ud83c\udf08 Finns i flera livfulla f\u00e4rger<\/p>\n<p data-start=\"415\" data-end=\"466\">\u26a1 Enkel plug-and-play-installation &#8211; inga verktyg beh\u00f6vs<\/p>\n<p data-start=\"469\" data-end=\"515\">\ud83d\udd04 Fungerar med USB- eller cigarett\u00e4ndarportar<\/p>\n<p data-start=\"518\" data-end=\"559\">\ud83d\udca1 Ljusstark, energibesparande LED-teknik<\/p>\n<p data-start=\"562\" data-end=\"608\">\ud83d\udd27 H\u00e5llbar glas- och metallkonstruktion f\u00f6r l\u00e5ng livsl\u00e4ngd<\/p>\n<p data-start=\"562\" data-end=\"608\"><img decoding=\"async\" class=\"size-full wp-image-27608 aligncenter\" src=\"https:\/\/keluvo.com\/template\/wp-content\/uploads\/sites\/5\/2025\/07\/b31a942238608acf9f0b9a1691a72d11ed2cce7a.jpg\" alt=\"\" \/><\/p>\n<h2 style=\"text-align: center\" data-start=\"610\" data-end=\"631\">\ud83d\udee0\ufe0f Hur Man Anv\u00e4nder<\/h2>\n<ol data-start=\"632\" data-end=\"762\">\n<li data-start=\"632\" data-end=\"664\">\n<p data-start=\"635\" data-end=\"664\">V\u00e4lj din favoritf\u00e4rg.<\/p>\n<\/li>\n<li data-start=\"665\" data-end=\"730\">\n<p data-start=\"668\" data-end=\"730\">Anslut lampan till bilens USB- eller cigarett\u00e4ndarport.<\/p>\n<\/li>\n<li data-start=\"731\" data-end=\"762\">\n<p data-start=\"734\" data-end=\"762\">Njut av omedelbar st\u00e4mningsbelysning!<\/p>\n<\/li>\n<\/ol>\n<h2 style=\"text-align: center\" data-start=\"764\" data-end=\"789\">\ud83d\udccf Produktdetaljer<\/h2>\n<ul data-start=\"790\" data-end=\"979\">\n<li data-start=\"816\" data-end=\"835\">\n<p data-start=\"818\" data-end=\"835\">Sp\u00e4nning: DC 12V<\/p>\n<\/li>\n<li data-start=\"836\" data-end=\"875\">\n<p data-start=\"838\" data-end=\"875\">Material: Glas + metallkomponenter<\/p>\n<\/li>\n<li data-start=\"938\" data-end=\"979\">\n<p data-start=\"940\" data-end=\"979\">Passar de flesta bilar, lastbilar och motorcyklar<\/p>\n<\/li>\n<\/ul>\n<h2 style=\"text-align: center\" data-start=\"981\" data-end=\"1007\">\ud83d\udce6 Paketet Inneh\u00e5ller<\/h2>\n<ul data-start=\"1008\" data-end=\"1050\">\n<li data-start=\"1008\" data-end=\"1050\">\n<p data-start=\"1010\" data-end=\"1050\">1, 2, 4\u00d7 nattlampor.<\/p>\n<\/li>\n<\/ul>\n","protected":false},"excerpt":{"rendered":"<p>\ud83d\udca1 L\u00e4gg Till En Retrogl\u00f6d I Din Bil Med Dessa Livfulla Billampor! F\u00f6rvandla din bilinteri\u00f6r till en f\u00e4rgstark atmosf\u00e4r. Dessa [&hellip;]<\/p>\n","protected":false},"featured_media":34837,"comment_status":"open","ping_status":"closed","template":"","meta":{"site-sidebar-layout":"default","site-content-layout":"","ast-site-content-layout":"default","site-content-style":"default","site-sidebar-style":"default","ast-global-header-display":"","ast-banner-title-visibility":"","ast-main-header-display":"","ast-hfb-above-header-display":"","ast-hfb-below-header-display":"","ast-hfb-mobile-header-display":"","site-post-title":"","ast-breadcrumbs-content":"","ast-featured-img":"","footer-sml-layout":"","theme-transparent-header-meta":"default","adv-header-id-meta":"","stick-header-meta":"","header-above-stick-meta":"","header-main-stick-meta":"","header-below-stick-meta":"","astra-migrate-meta-layouts":"set","ast-page-background-enabled":"default","ast-page-background-meta":{"desktop":{"background-color":"var(--ast-global-color-4)","background-image":"","background-repeat":"repeat","background-position":"center center","background-size":"auto","background-attachment":"scroll","background-type":"","background-media":"","overlay-type":"","overlay-color":"","overlay-opacity":"","overlay-gradient":""},"tablet":{"background-color":"","background-image":"","background-repeat":"repeat","background-position":"center center","background-size":"auto","background-attachment":"scroll","background-type":"","background-media":"","overlay-type":"","overlay-color":"","overlay-opacity":"","overlay-gradient":""},"mobile":{"background-color":"","background-image":"","background-repeat":"repeat","background-position":"center center","background-size":"auto","background-attachment":"scroll","background-type":"","background-media":"","overlay-type":"","overlay-color":"","overlay-opacity":"","overlay-gradient":""}},"ast-content-background-meta":{"desktop":{"background-color":"var(--ast-global-color-5)","background-image":"","background-repeat":"repeat","background-position":"center center","background-size":"auto","background-attachment":"scroll","background-type":"","background-media":"","overlay-type":"","overlay-color":"","overlay-opacity":"","overlay-gradient":""},"tablet":{"background-color":"var(--ast-global-color-5)","background-image":"","background-repeat":"repeat","background-position":"center center","background-size":"auto","background-attachment":"scroll","background-type":"","background-media":"","overlay-type":"","overlay-color":"","overlay-opacity":"","overlay-gradient":""},"mobile":{"background-color":"var(--ast-global-color-5)","background-image":"","background-repeat":"repeat","background-position":"center center","background-size":"auto","background-attachment":"scroll","background-type":"","background-media":"","overlay-type":"","overlay-color":"","overlay-opacity":"","overlay-gradient":""}}},"product_brand":[],"product_cat":[998,993],"product_tag":[],"class_list":{"0":"post-34841","1":"product","2":"type-product","3":"status-publish","4":"has-post-thumbnail","6":"product_cat-automotive-products","7":"product_cat-footwear-accessories","8":"pa_31040_hqyl4pmi-bla","9":"pa_31040_hqyl4pmi-gron","10":"pa_31040_hqyl4pmi-lila","11":"pa_31040_hqyl4pmi-rod","12":"pa_31040_hqyl4pmi-rosa","13":"pa_31040_hqyl4pmi-varm","14":"pa_31040_hqyl4pmi-vit","15":"pa_31040_i2kmzkd7-1-st","16":"pa_31040_i2kmzkd7-2-st","17":"pa_31040_i2kmzkd7-4-st","18":"desktop-align-left","19":"tablet-align-left","20":"mobile-align-left","22":"first","23":"instock","24":"shipping-taxable","25":"purchasable","26":"product-type-variable","27":"has-default-attributes"},"_links":{"self":[{"href":"https:\/\/keluvo.com\/se\/wp-json\/wp\/v2\/product\/34841","targetHints":{"allow":["GET"]}}],"collection":[{"href":"https:\/\/keluvo.com\/se\/wp-json\/wp\/v2\/product"}],"about":[{"href":"https:\/\/keluvo.com\/se\/wp-json\/wp\/v2\/types\/product"}],"replies":[{"embeddable":true,"href":"https:\/\/keluvo.com\/se\/wp-json\/wp\/v2\/comments?post=34841"}],"wp:featuredmedia":[{"embeddable":true,"href":"https:\/\/keluvo.com\/se\/wp-json\/wp\/v2\/media\/34837"}],"wp:attachment":[{"href":"https:\/\/keluvo.com\/se\/wp-json\/wp\/v2\/media?parent=34841"}],"wp:term":[{"taxonomy":"product_brand","embeddable":true,"href":"https:\/\/keluvo.com\/se\/wp-json\/wp\/v2\/product_brand?post=34841"},{"taxonomy":"product_cat","embeddable":true,"href":"https:\/\/keluvo.com\/se\/wp-json\/wp\/v2\/product_cat?post=34841"},{"taxonomy":"product_tag","embeddable":true,"href":"https:\/\/keluvo.com\/se\/wp-json\/wp\/v2\/product_tag?post=34841"}],"curies":[{"name":"wp","href":"https:\/\/api.w.org\/{rel}","templated":true}]}}