{"id":34795,"date":"2025-09-19T13:59:31","date_gmt":"2025-09-19T10:59:31","guid":{"rendered":"https:\/\/keluvo.com\/se\/product\/sliphuvud-med-diamant\/"},"modified":"2025-09-19T13:59:53","modified_gmt":"2025-09-19T10:59:53","slug":"sliphuvud-med-diamant","status":"publish","type":"product","link":"https:\/\/keluvo.com\/se\/product\/sliphuvud-med-diamant\/","title":{"rendered":"Sliphuvud med diamant"},"content":{"rendered":"<p style=\"text-align: center\" data-start=\"106\" data-end=\"156\"><strong data-start=\"106\" data-end=\"156\">Sk\u00e4r Renare. Slipa Snabbare. Byggd F\u00f6r Att H\u00e5lla. \u2699\ufe0f\ud83d\udca5<\/strong><\/p>\n<p style=\"text-align: center\" data-start=\"158\" data-end=\"319\">Det h\u00e4r diamantsliphuvudet \u00e4r speciellt utformat f\u00f6r vinkelslipar &#8211; perfekt f\u00f6r exakt sp\u00e5rning och trimning av h\u00e5rda material som marmor, granit och sten.<\/p>\n<p data-start=\"158\" data-end=\"319\"><img decoding=\"async\" class=\"size-full wp-image-26989 aligncenter\" src=\"https:\/\/keluvo.com\/template\/wp-content\/uploads\/sites\/5\/2025\/07\/07028-ezgif.com-video-to-webp-converter-1.webp\" alt=\"\" \/><\/p>\n<h2 style=\"text-align: center\" data-start=\"321\" data-end=\"343\">\ud83d\udee0\ufe0f Huvudf\u00f6rdelar<\/h2>\n<p data-start=\"346\" data-end=\"401\">\ud83d\udc8e L\u00f6dd diamantbel\u00e4ggning f\u00f6r h\u00f6g sk\u00e4reffektivitet<\/p>\n<p data-start=\"404\" data-end=\"456\">\ud83d\udd29 M10-g\u00e4ngat gr\u00e4nssnitt passar de flesta vinkelslipar<\/p>\n<p data-start=\"459\" data-end=\"517\">\ud83e\uddf1 Sk\u00e4r genom marmor, granit, kvarts, kakel med mera<\/p>\n<p data-start=\"520\" data-end=\"572\">\ud83d\udd27 Robust och slitstark &#8211; deformeras eller g\u00e5r inte s\u00f6nder<\/p>\n<p data-start=\"575\" data-end=\"619\">\ud83d\udd04 J\u00e4mn prestanda med minimala vibrationer<\/p>\n<p data-start=\"575\" data-end=\"619\"><img decoding=\"async\" class=\"size-full wp-image-26990 aligncenter\" src=\"https:\/\/keluvo.com\/template\/wp-content\/uploads\/sites\/5\/2025\/07\/d07db71a-6fb1-4236-ac5e-96feb0b46948.jpg\" alt=\"\" \/><\/p>\n<h2 style=\"text-align: center\" data-start=\"621\" data-end=\"639\">\ud83e\ude9a Hur Man Anv\u00e4nder<\/h2>\n<ol data-start=\"640\" data-end=\"798\">\n<li data-start=\"640\" data-end=\"689\">\n<p data-start=\"643\" data-end=\"689\">F\u00e4st p\u00e5 ditt M10-kompatibla sliphuvud.<\/p>\n<\/li>\n<li data-start=\"690\" data-end=\"738\">\n<p data-start=\"693\" data-end=\"738\">S\u00e4tt p\u00e5 det och f\u00f6r det f\u00f6rsiktigt \u00f6ver materialet.<\/p>\n<\/li>\n<li data-start=\"739\" data-end=\"798\">\n<p data-start=\"742\" data-end=\"798\">skapa rena sp\u00e5r eller trim med kontroll och precision.<\/p>\n<\/li>\n<\/ol>\n<h2 style=\"text-align: center\" data-start=\"800\" data-end=\"823\">\ud83d\udccf Produktdetaljer<\/h2>\n<ul data-start=\"824\" data-end=\"977\">\n<li data-start=\"824\" data-end=\"886\">\n<p data-start=\"826\" data-end=\"886\">Storlekar: 6mm, 10mm, 15mm (olika arbets- och totall\u00e4ngder)<\/p>\n<\/li>\n<li data-start=\"887\" data-end=\"921\">\n<p data-start=\"889\" data-end=\"921\">Material: Diamantl\u00f6dat st\u00e5l<\/p>\n<\/li>\n<li data-start=\"922\" data-end=\"977\">\n<p data-start=\"924\" data-end=\"977\">Anv\u00e4ndningsomr\u00e5de: Marmor, granit, kvarts, keramik, sten<\/p>\n<\/li>\n<\/ul>\n<h2 style=\"text-align: center\" data-start=\"979\" data-end=\"1003\">\ud83d\udce6 Paketet Inneh\u00e5ller<\/h2>\n<ul data-start=\"1004\" data-end=\"1050\">\n<li data-start=\"1004\" data-end=\"1050\">\n<p data-start=\"1006\" data-end=\"1050\">1, 2, 3x Diamantsliphuvud.<\/p>\n<\/li>\n<\/ul>\n","protected":false},"excerpt":{"rendered":"<p>Sk\u00e4r Renare. Slipa Snabbare. Byggd F\u00f6r Att H\u00e5lla. \u2699\ufe0f\ud83d\udca5 Det h\u00e4r diamantsliphuvudet \u00e4r speciellt utformat f\u00f6r vinkelslipar &#8211; perfekt f\u00f6r [&hellip;]<\/p>\n","protected":false},"featured_media":34791,"comment_status":"open","ping_status":"closed","template":"","meta":{"site-sidebar-layout":"default","site-content-layout":"","ast-site-content-layout":"default","site-content-style":"default","site-sidebar-style":"default","ast-global-header-display":"","ast-banner-title-visibility":"","ast-main-header-display":"","ast-hfb-above-header-display":"","ast-hfb-below-header-display":"","ast-hfb-mobile-header-display":"","site-post-title":"","ast-breadcrumbs-content":"","ast-featured-img":"","footer-sml-layout":"","theme-transparent-header-meta":"default","adv-header-id-meta":"","stick-header-meta":"","header-above-stick-meta":"","header-main-stick-meta":"","header-below-stick-meta":"","astra-migrate-meta-layouts":"set","ast-page-background-enabled":"default","ast-page-background-meta":{"desktop":{"background-color":"var(--ast-global-color-4)","background-image":"","background-repeat":"repeat","background-position":"center center","background-size":"auto","background-attachment":"scroll","background-type":"","background-media":"","overlay-type":"","overlay-color":"","overlay-opacity":"","overlay-gradient":""},"tablet":{"background-color":"","background-image":"","background-repeat":"repeat","background-position":"center center","background-size":"auto","background-attachment":"scroll","background-type":"","background-media":"","overlay-type":"","overlay-color":"","overlay-opacity":"","overlay-gradient":""},"mobile":{"background-color":"","background-image":"","background-repeat":"repeat","background-position":"center center","background-size":"auto","background-attachment":"scroll","background-type":"","background-media":"","overlay-type":"","overlay-color":"","overlay-opacity":"","overlay-gradient":""}},"ast-content-background-meta":{"desktop":{"background-color":"var(--ast-global-color-5)","background-image":"","background-repeat":"repeat","background-position":"center center","background-size":"auto","background-attachment":"scroll","background-type":"","background-media":"","overlay-type":"","overlay-color":"","overlay-opacity":"","overlay-gradient":""},"tablet":{"background-color":"var(--ast-global-color-5)","background-image":"","background-repeat":"repeat","background-position":"center center","background-size":"auto","background-attachment":"scroll","background-type":"","background-media":"","overlay-type":"","overlay-color":"","overlay-opacity":"","overlay-gradient":""},"mobile":{"background-color":"var(--ast-global-color-5)","background-image":"","background-repeat":"repeat","background-position":"center center","background-size":"auto","background-attachment":"scroll","background-type":"","background-media":"","overlay-type":"","overlay-color":"","overlay-opacity":"","overlay-gradient":""}}},"product_brand":[],"product_cat":[996],"product_tag":[],"class_list":{"0":"post-34795","1":"product","2":"type-product","3":"status-publish","4":"has-post-thumbnail","6":"product_cat-tools","7":"pa_45978_hmreg2q8-1-st","8":"pa_45978_hmreg2q8-2-st","9":"pa_45978_hmreg2q8-3-st","10":"pa_45978_mm6ks6ko-10-mm","11":"pa_45978_mm6ks6ko-15-mm","12":"pa_45978_mm6ks6ko-6-mm","13":"desktop-align-left","14":"tablet-align-left","15":"mobile-align-left","17":"first","18":"instock","19":"shipping-taxable","20":"purchasable","21":"product-type-variable","22":"has-default-attributes"},"_links":{"self":[{"href":"https:\/\/keluvo.com\/se\/wp-json\/wp\/v2\/product\/34795","targetHints":{"allow":["GET"]}}],"collection":[{"href":"https:\/\/keluvo.com\/se\/wp-json\/wp\/v2\/product"}],"about":[{"href":"https:\/\/keluvo.com\/se\/wp-json\/wp\/v2\/types\/product"}],"replies":[{"embeddable":true,"href":"https:\/\/keluvo.com\/se\/wp-json\/wp\/v2\/comments?post=34795"}],"wp:featuredmedia":[{"embeddable":true,"href":"https:\/\/keluvo.com\/se\/wp-json\/wp\/v2\/media\/34791"}],"wp:attachment":[{"href":"https:\/\/keluvo.com\/se\/wp-json\/wp\/v2\/media?parent=34795"}],"wp:term":[{"taxonomy":"product_brand","embeddable":true,"href":"https:\/\/keluvo.com\/se\/wp-json\/wp\/v2\/product_brand?post=34795"},{"taxonomy":"product_cat","embeddable":true,"href":"https:\/\/keluvo.com\/se\/wp-json\/wp\/v2\/product_cat?post=34795"},{"taxonomy":"product_tag","embeddable":true,"href":"https:\/\/keluvo.com\/se\/wp-json\/wp\/v2\/product_tag?post=34795"}],"curies":[{"name":"wp","href":"https:\/\/api.w.org\/{rel}","templated":true}]}}