{"id":34777,"date":"2025-09-19T13:58:35","date_gmt":"2025-09-19T10:58:35","guid":{"rendered":"https:\/\/keluvo.com\/se\/product\/nattlampa-3\/"},"modified":"2025-09-19T13:58:43","modified_gmt":"2025-09-19T10:58:43","slug":"nattlampa-3","status":"publish","type":"product","link":"https:\/\/keluvo.com\/se\/product\/nattlampa-3\/","title":{"rendered":"Nattlampa"},"content":{"rendered":"<p style=\"text-align: center\" data-start=\"0\" data-end=\"84\"><strong data-start=\"0\" data-end=\"84\">\ud83c\udf50En mjuk, kl\u00e4mbar nattlampa som ger komfort, lugn och f\u00e4rg till alla rum.<\/strong><\/p>\n<p style=\"text-align: center\" data-start=\"86\" data-end=\"468\">Denna bed\u00e5rande p\u00e4ronformade nattlampa \u00e4r tillverkad av livsmedelsgodk\u00e4nd silikon, vilket g\u00f6r den ultramjuk, s\u00e4ker och perfekt att gosa med. Med mild LED-belysning och justerbar ljusstyrka \u00e4r den idealisk f\u00f6r att lugna barn att somna, bl\u00f6jbyten sent p\u00e5 kv\u00e4llen eller helt enkelt l\u00e4gga till en mysig gl\u00f6d i alla utrymmen. Den \u00e4r uppladdningsbar, b\u00e4rbar och rolig att anv\u00e4nda &#8211; tryck bara f\u00f6r att \u00e4ndra f\u00e4rg eller justera ljusstyrkan!<\/p>\n<p data-start=\"86\" data-end=\"468\"><img decoding=\"async\" class=\"size-full wp-image-26979 aligncenter\" src=\"https:\/\/keluvo.com\/template\/wp-content\/uploads\/sites\/5\/2025\/07\/839a8020-c898-41b2-9133-adf4e56accb9.webp\" alt=\"\" \/><\/p>\n<h2 style=\"text-align: center\" data-start=\"475\" data-end=\"497\">\ud83c\udf1f Huvudf\u00f6rdelar<\/h2>\n<p data-start=\"500\" data-end=\"565\">\ud83c\udf50 <strong data-start=\"503\" data-end=\"526\">Supermjuk Silikon<\/strong> \u2013 s\u00e4ker, BPA-fri och rolig att kl\u00e4mma p\u00e5<\/p>\n<p data-start=\"568\" data-end=\"641\">\ud83c\udf08 <strong data-start=\"571\" data-end=\"590\">7 F\u00e4rgalternativ<\/strong> \u2013 tryck f\u00f6r att \u00e4ndra ljuset till din favoritnyans<\/p>\n<p data-start=\"644\" data-end=\"716\">\ud83d\udca1 <strong data-start=\"647\" data-end=\"670\">3 Ljusstyrkeniv\u00e5er<\/strong> \u2013 perfekt f\u00f6r matning, s\u00f6mn, eller l\u00e4sning<\/p>\n<p data-start=\"719\" data-end=\"772\">\ud83d\udd0b <strong data-start=\"722\" data-end=\"746\">Laddningsbar Via USB<\/strong> \u2013 inget behov av batterier<\/p>\n<p data-start=\"775\" data-end=\"836\">\ud83e\uddf8 <strong data-start=\"778\" data-end=\"807\">Perfekt F\u00f6r Barn Och Vuxna<\/strong> \u2013 ger v\u00e4rme till alla utrymmen<\/p>\n<p data-start=\"839\" data-end=\"904\">\ud83c\udf81 <strong data-start=\"842\" data-end=\"858\">Perfekt Present<\/strong> \u2013 f\u00f6r f\u00f6delsedagar, h\u00f6gtider eller inredning i barnkammaren<\/p>\n<p data-start=\"839\" data-end=\"904\"><img decoding=\"async\" class=\"size-full wp-image-26981 aligncenter\" src=\"https:\/\/keluvo.com\/template\/wp-content\/uploads\/sites\/5\/2025\/07\/d9138447-8282-40b9-bc81-10b1fbe68eaa.webp\" alt=\"\" \/><\/p>\n<h2 style=\"text-align: center\" data-start=\"911\" data-end=\"930\">\ud83e\udded Hur Man Anv\u00e4nder<\/h2>\n<ol data-start=\"931\" data-end=\"1163\">\n<li data-start=\"931\" data-end=\"976\">\n<p data-start=\"934\" data-end=\"976\">Tryck p\u00e5 p\u00e4ronlampan f\u00f6r att s\u00e4tta p\u00e5 eller st\u00e4nga av den.<\/p>\n<\/li>\n<li data-start=\"977\" data-end=\"1038\">\n<p data-start=\"980\" data-end=\"1038\">Tryck p\u00e5 \u25cb-knappen f\u00f6r att v\u00e4xla mellan 3 ljusstyrkeniv\u00e5er.<\/p>\n<\/li>\n<li data-start=\"1039\" data-end=\"1104\">\n<p data-start=\"1042\" data-end=\"1104\">v\u00e4xla till 7-f\u00e4rgsl\u00e4ge och tryck sedan p\u00e5 lampan f\u00f6r att \u00e4ndra f\u00e4rg.<\/p>\n<\/li>\n<li data-start=\"1105\" data-end=\"1163\">\n<p data-start=\"1108\" data-end=\"1163\">ladda med USB-kabeln n\u00e4r batteriet tar slut.<\/p>\n<\/li>\n<\/ol>\n<h2 style=\"text-align: center\" data-start=\"1170\" data-end=\"1194\">\ud83d\udccf Produktdetaljer<\/h2>\n<ul data-start=\"1195\" data-end=\"1457\">\n<li data-start=\"1195\" data-end=\"1237\">\n<p data-start=\"1197\" data-end=\"1237\">Material: BPA-fri silikon av livsmedelskvalitet<\/p>\n<\/li>\n<li data-start=\"1238\" data-end=\"1285\">\n<p data-start=\"1240\" data-end=\"1285\">Ljustyp: Mjuk LED (ingen bl\u00e4ndning, inget flimmer)<\/p>\n<\/li>\n<li data-start=\"1286\" data-end=\"1326\">\n<p data-start=\"1288\" data-end=\"1326\">Batteri: 1200 mAh (USB-uppladdningsbart)<\/p>\n<\/li>\n<li data-start=\"1327\" data-end=\"1390\">\n<p data-start=\"1329\" data-end=\"1390\">Kontroller: Tryck och tryck p\u00e5 knappen f\u00f6r ljusstyrka &amp; f\u00e4rgl\u00e4gen<\/p>\n<\/li>\n<li data-start=\"1391\" data-end=\"1457\">\n<p data-start=\"1393\" data-end=\"1457\">Anv\u00e4ndning: L\u00e4mplig f\u00f6r barnkammare, barnrum, sovsal, camping och mer<\/p>\n<\/li>\n<\/ul>\n<h2 style=\"text-align: center\" data-start=\"1464\" data-end=\"1489\">\ud83d\udce6 Paketet Inneh\u00e5ller<\/h2>\n<ul data-start=\"1490\" data-end=\"1546\">\n<li data-start=\"1490\" data-end=\"1520\">\n<p data-start=\"1492\" data-end=\"1520\">1, 2, 4x p\u00e4ronformad nattlampa<\/p>\n<\/li>\n<li data-start=\"1521\" data-end=\"1546\">\n<p data-start=\"1523\" data-end=\"1546\">1x USB-laddningskabel.<\/p>\n<\/li>\n<\/ul>\n","protected":false},"excerpt":{"rendered":"<p>\ud83c\udf50En mjuk, kl\u00e4mbar nattlampa som ger komfort, lugn och f\u00e4rg till alla rum. Denna bed\u00e5rande p\u00e4ronformade nattlampa \u00e4r tillverkad av [&hellip;]<\/p>\n","protected":false},"featured_media":34773,"comment_status":"open","ping_status":"closed","template":"","meta":{"site-sidebar-layout":"default","site-content-layout":"","ast-site-content-layout":"default","site-content-style":"default","site-sidebar-style":"default","ast-global-header-display":"","ast-banner-title-visibility":"","ast-main-header-display":"","ast-hfb-above-header-display":"","ast-hfb-below-header-display":"","ast-hfb-mobile-header-display":"","site-post-title":"","ast-breadcrumbs-content":"","ast-featured-img":"","footer-sml-layout":"","theme-transparent-header-meta":"default","adv-header-id-meta":"","stick-header-meta":"","header-above-stick-meta":"","header-main-stick-meta":"","header-below-stick-meta":"","astra-migrate-meta-layouts":"set","ast-page-background-enabled":"default","ast-page-background-meta":{"desktop":{"background-color":"var(--ast-global-color-4)","background-image":"","background-repeat":"repeat","background-position":"center center","background-size":"auto","background-attachment":"scroll","background-type":"","background-media":"","overlay-type":"","overlay-color":"","overlay-opacity":"","overlay-gradient":""},"tablet":{"background-color":"","background-image":"","background-repeat":"repeat","background-position":"center center","background-size":"auto","background-attachment":"scroll","background-type":"","background-media":"","overlay-type":"","overlay-color":"","overlay-opacity":"","overlay-gradient":""},"mobile":{"background-color":"","background-image":"","background-repeat":"repeat","background-position":"center center","background-size":"auto","background-attachment":"scroll","background-type":"","background-media":"","overlay-type":"","overlay-color":"","overlay-opacity":"","overlay-gradient":""}},"ast-content-background-meta":{"desktop":{"background-color":"var(--ast-global-color-5)","background-image":"","background-repeat":"repeat","background-position":"center center","background-size":"auto","background-attachment":"scroll","background-type":"","background-media":"","overlay-type":"","overlay-color":"","overlay-opacity":"","overlay-gradient":""},"tablet":{"background-color":"var(--ast-global-color-5)","background-image":"","background-repeat":"repeat","background-position":"center center","background-size":"auto","background-attachment":"scroll","background-type":"","background-media":"","overlay-type":"","overlay-color":"","overlay-opacity":"","overlay-gradient":""},"mobile":{"background-color":"var(--ast-global-color-5)","background-image":"","background-repeat":"repeat","background-position":"center center","background-size":"auto","background-attachment":"scroll","background-type":"","background-media":"","overlay-type":"","overlay-color":"","overlay-opacity":"","overlay-gradient":""}}},"product_brand":[],"product_cat":[15],"product_tag":[],"class_list":{"0":"post-34777","1":"product","2":"type-product","3":"status-publish","4":"has-post-thumbnail","6":"product_cat-uncategorized","7":"pa_33871_566prbij-1-st","8":"pa_33871_566prbij-2-st","9":"pa_33871_566prbij-4-st","10":"desktop-align-left","11":"tablet-align-left","12":"mobile-align-left","14":"first","15":"instock","16":"shipping-taxable","17":"purchasable","18":"product-type-variable"},"_links":{"self":[{"href":"https:\/\/keluvo.com\/se\/wp-json\/wp\/v2\/product\/34777","targetHints":{"allow":["GET"]}}],"collection":[{"href":"https:\/\/keluvo.com\/se\/wp-json\/wp\/v2\/product"}],"about":[{"href":"https:\/\/keluvo.com\/se\/wp-json\/wp\/v2\/types\/product"}],"replies":[{"embeddable":true,"href":"https:\/\/keluvo.com\/se\/wp-json\/wp\/v2\/comments?post=34777"}],"wp:featuredmedia":[{"embeddable":true,"href":"https:\/\/keluvo.com\/se\/wp-json\/wp\/v2\/media\/34773"}],"wp:attachment":[{"href":"https:\/\/keluvo.com\/se\/wp-json\/wp\/v2\/media?parent=34777"}],"wp:term":[{"taxonomy":"product_brand","embeddable":true,"href":"https:\/\/keluvo.com\/se\/wp-json\/wp\/v2\/product_brand?post=34777"},{"taxonomy":"product_cat","embeddable":true,"href":"https:\/\/keluvo.com\/se\/wp-json\/wp\/v2\/product_cat?post=34777"},{"taxonomy":"product_tag","embeddable":true,"href":"https:\/\/keluvo.com\/se\/wp-json\/wp\/v2\/product_tag?post=34777"}],"curies":[{"name":"wp","href":"https:\/\/api.w.org\/{rel}","templated":true}]}}