{"id":34761,"date":"2025-09-19T13:57:39","date_gmt":"2025-09-19T10:57:39","guid":{"rendered":"https:\/\/keluvo.com\/se\/product\/knaskydd-4\/"},"modified":"2025-09-19T13:57:46","modified_gmt":"2025-09-19T10:57:46","slug":"knaskydd-4","status":"publish","type":"product","link":"https:\/\/keluvo.com\/se\/product\/knaskydd-4\/","title":{"rendered":"Kn\u00e4skydd"},"content":{"rendered":"<p style=\"text-align: center\" data-start=\"105\" data-end=\"147\"><strong data-start=\"105\" data-end=\"145\">\ud83c\udf31 Tr\u00e4dg\u00e5rdsarbete L\u00e4ngre, Utan Kn\u00e4sm\u00e4rtor!<\/strong><\/p>\n<p style=\"text-align: center\" data-start=\"149\" data-end=\"342\">Dessa kn\u00e4avlastande kuddar ger den perfekta balansen mellan st\u00f6d, komfort och flexibilitet s\u00e5 att du kan njuta av tr\u00e4dg\u00e5rdsarbete utan anstr\u00e4ngning eller \u00f6mhet &#8211; oavsett hur l\u00e4nge du \u00e4r p\u00e5 kn\u00e4na.<\/p>\n<p data-start=\"149\" data-end=\"342\"><img decoding=\"async\" class=\"size-full wp-image-27580 aligncenter\" src=\"https:\/\/keluvo.com\/template\/wp-content\/uploads\/sites\/5\/2025\/07\/2_c63497c4-328f-40d7-93a3-7f89c7c29dce.webp\" alt=\"\" \/><\/p>\n<h2 style=\"text-align: center\" data-start=\"344\" data-end=\"367\">\ud83c\udf3f Huvudf\u00f6rdelar<\/h2>\n<p data-start=\"370\" data-end=\"424\">\ud83e\uddf5 Tjock vadderad stoppning minskar trycket p\u00e5 kn\u00e4na<\/p>\n<p data-start=\"427\" data-end=\"479\">\ud83d\udeab Halkfritt grepp h\u00e5ller dig stabil p\u00e5 alla underlag<\/p>\n<p data-start=\"482\" data-end=\"530\">\ud83d\udd04 Justerbara remmar passar alla storlekar bekv\u00e4mt<\/p>\n<p data-start=\"533\" data-end=\"580\">\ud83d\udca8 L\u00e4tt och andningsbar f\u00f6r anv\u00e4ndning hela dagen<\/p>\n<p data-start=\"583\" data-end=\"628\">\ud83d\udca7 Vattent\u00e4tt material f\u00f6r anv\u00e4ndning i alla weather<\/p>\n<p data-start=\"583\" data-end=\"628\"><img decoding=\"async\" class=\"size-full wp-image-27582 aligncenter\" src=\"https:\/\/keluvo.com\/template\/wp-content\/uploads\/sites\/5\/2025\/07\/4_aef9c009-91c8-48a4-b9da-6974fb49729d.webp\" alt=\"\" \/><\/p>\n<h2 style=\"text-align: center\" data-start=\"630\" data-end=\"651\">\ud83d\udee0\ufe0f Hur Man Anv\u00e4nder<\/h2>\n<ol data-start=\"652\" data-end=\"809\">\n<li data-start=\"652\" data-end=\"709\">\n<p data-start=\"655\" data-end=\"709\">Slipa dynorna \u00f6ver kn\u00e4na och justera remmarna.<\/p>\n<\/li>\n<li data-start=\"710\" data-end=\"770\">\n<p data-start=\"713\" data-end=\"770\">Kn\u00e4b\u00f6j bekv\u00e4mt n\u00e4r du planterar, rensar ogr\u00e4s eller vattnar.<\/p>\n<\/li>\n<li data-start=\"771\" data-end=\"809\">\n<p data-start=\"774\" data-end=\"809\">torka av och f\u00f6rvara till n\u00e4sta g\u00e5ng!<\/p>\n<\/li>\n<\/ol>\n<h2 style=\"text-align: center\" data-start=\"811\" data-end=\"836\">\ud83d\udccf Produktdetaljer<\/h2>\n<ul data-start=\"837\" data-end=\"998\">\n<li data-start=\"878\" data-end=\"924\">\n<p data-start=\"880\" data-end=\"924\">Mjuk vadderad k\u00e4rna med flexibelt yttre skal<\/p>\n<\/li>\n<li data-start=\"925\" data-end=\"964\">\n<p data-start=\"927\" data-end=\"964\">V\u00e4derbest\u00e4ndiga och tv\u00e4ttbara material<\/p>\n<\/li>\n<li data-start=\"965\" data-end=\"998\">\n<p data-start=\"967\" data-end=\"998\">En storlek passar de flesta (justerbar)<\/p>\n<\/li>\n<\/ul>\n<h2 style=\"text-align: center\" data-start=\"1000\" data-end=\"1026\">\ud83d\udce6 I Paketet Ing\u00e5r<\/h2>\n<ul data-start=\"1027\" data-end=\"1067\">\n<li data-start=\"1027\" data-end=\"1067\">\n<p data-start=\"1029\" data-end=\"1067\">1\u00d7 par kn\u00e4skydd.<\/p>\n<\/li>\n<\/ul>\n","protected":false},"excerpt":{"rendered":"<p>\ud83c\udf31 Tr\u00e4dg\u00e5rdsarbete L\u00e4ngre, Utan Kn\u00e4sm\u00e4rtor! Dessa kn\u00e4avlastande kuddar ger den perfekta balansen mellan st\u00f6d, komfort och flexibilitet s\u00e5 att du [&hellip;]<\/p>\n","protected":false},"featured_media":34757,"comment_status":"open","ping_status":"closed","template":"","meta":{"site-sidebar-layout":"default","site-content-layout":"","ast-site-content-layout":"default","site-content-style":"default","site-sidebar-style":"default","ast-global-header-display":"","ast-banner-title-visibility":"","ast-main-header-display":"","ast-hfb-above-header-display":"","ast-hfb-below-header-display":"","ast-hfb-mobile-header-display":"","site-post-title":"","ast-breadcrumbs-content":"","ast-featured-img":"","footer-sml-layout":"","theme-transparent-header-meta":"default","adv-header-id-meta":"","stick-header-meta":"","header-above-stick-meta":"","header-main-stick-meta":"","header-below-stick-meta":"","astra-migrate-meta-layouts":"set","ast-page-background-enabled":"default","ast-page-background-meta":{"desktop":{"background-color":"var(--ast-global-color-4)","background-image":"","background-repeat":"repeat","background-position":"center center","background-size":"auto","background-attachment":"scroll","background-type":"","background-media":"","overlay-type":"","overlay-color":"","overlay-opacity":"","overlay-gradient":""},"tablet":{"background-color":"","background-image":"","background-repeat":"repeat","background-position":"center center","background-size":"auto","background-attachment":"scroll","background-type":"","background-media":"","overlay-type":"","overlay-color":"","overlay-opacity":"","overlay-gradient":""},"mobile":{"background-color":"","background-image":"","background-repeat":"repeat","background-position":"center center","background-size":"auto","background-attachment":"scroll","background-type":"","background-media":"","overlay-type":"","overlay-color":"","overlay-opacity":"","overlay-gradient":""}},"ast-content-background-meta":{"desktop":{"background-color":"var(--ast-global-color-5)","background-image":"","background-repeat":"repeat","background-position":"center center","background-size":"auto","background-attachment":"scroll","background-type":"","background-media":"","overlay-type":"","overlay-color":"","overlay-opacity":"","overlay-gradient":""},"tablet":{"background-color":"var(--ast-global-color-5)","background-image":"","background-repeat":"repeat","background-position":"center center","background-size":"auto","background-attachment":"scroll","background-type":"","background-media":"","overlay-type":"","overlay-color":"","overlay-opacity":"","overlay-gradient":""},"mobile":{"background-color":"var(--ast-global-color-5)","background-image":"","background-repeat":"repeat","background-position":"center center","background-size":"auto","background-attachment":"scroll","background-type":"","background-media":"","overlay-type":"","overlay-color":"","overlay-opacity":"","overlay-gradient":""}}},"product_brand":[],"product_cat":[15],"product_tag":[],"class_list":{"0":"post-34761","1":"product","2":"type-product","3":"status-publish","4":"has-post-thumbnail","6":"product_cat-uncategorized","7":"pa_18152_hoqch06u-gron","8":"pa_18152_hoqch06u-lila","9":"pa_18152_hoqch06u-svart","10":"desktop-align-left","11":"tablet-align-left","12":"mobile-align-left","14":"first","15":"instock","16":"shipping-taxable","17":"purchasable","18":"product-type-variable"},"_links":{"self":[{"href":"https:\/\/keluvo.com\/se\/wp-json\/wp\/v2\/product\/34761","targetHints":{"allow":["GET"]}}],"collection":[{"href":"https:\/\/keluvo.com\/se\/wp-json\/wp\/v2\/product"}],"about":[{"href":"https:\/\/keluvo.com\/se\/wp-json\/wp\/v2\/types\/product"}],"replies":[{"embeddable":true,"href":"https:\/\/keluvo.com\/se\/wp-json\/wp\/v2\/comments?post=34761"}],"wp:featuredmedia":[{"embeddable":true,"href":"https:\/\/keluvo.com\/se\/wp-json\/wp\/v2\/media\/34757"}],"wp:attachment":[{"href":"https:\/\/keluvo.com\/se\/wp-json\/wp\/v2\/media?parent=34761"}],"wp:term":[{"taxonomy":"product_brand","embeddable":true,"href":"https:\/\/keluvo.com\/se\/wp-json\/wp\/v2\/product_brand?post=34761"},{"taxonomy":"product_cat","embeddable":true,"href":"https:\/\/keluvo.com\/se\/wp-json\/wp\/v2\/product_cat?post=34761"},{"taxonomy":"product_tag","embeddable":true,"href":"https:\/\/keluvo.com\/se\/wp-json\/wp\/v2\/product_tag?post=34761"}],"curies":[{"name":"wp","href":"https:\/\/api.w.org\/{rel}","templated":true}]}}