{"id":34744,"date":"2025-09-19T13:56:49","date_gmt":"2025-09-19T10:56:49","guid":{"rendered":"https:\/\/keluvo.com\/se\/product\/magisk-kub\/"},"modified":"2025-09-19T13:56:58","modified_gmt":"2025-09-19T10:56:58","slug":"magisk-kub","status":"publish","type":"product","link":"https:\/\/keluvo.com\/se\/product\/magisk-kub\/","title":{"rendered":"Magisk kub"},"content":{"rendered":"<p style=\"text-align: center\" data-start=\"97\" data-end=\"167\"><strong data-start=\"97\" data-end=\"165\">\ud83e\uddf2 Skapa \u00d6ver 70 Former Med Den H\u00e4r Magiska Magnetiska Pusselkuben!<\/strong><\/p>\n<p style=\"text-align: center\" data-start=\"169\" data-end=\"367\">Det h\u00e4r \u00e4r inte bara en leksak &#8211; det \u00e4r en fantasibyggare! Den magiska kuben f\u00f6rvandlas till dussintals fascinerande former, vilket underh\u00e5ller b\u00e5de barn och vuxna samtidigt som det \u00f6kar kreativiteten och fokus.<\/p>\n<p data-start=\"169\" data-end=\"367\"><img decoding=\"async\" class=\"size-full wp-image-27573 aligncenter\" src=\"https:\/\/keluvo.com\/template\/wp-content\/uploads\/sites\/5\/2025\/07\/02_f3bc32a1-c105-4498-8403-7093a58725d2.webp\" alt=\"\" \/><\/p>\n<h2 style=\"text-align: center\" data-start=\"369\" data-end=\"392\">\ud83c\udf00 Huvudf\u00f6rdelar<\/h2>\n<p data-start=\"395\" data-end=\"443\">\ud83c\udfa8 Mer \u00e4n 70 formkombinationer att uppt\u00e4cka<\/p>\n<p data-start=\"446\" data-end=\"504\">\ud83c\udf08 Konstn\u00e4rliga m\u00f6nster och livfulla f\u00e4rger p\u00e5 alla ytor<\/p>\n<p data-start=\"507\" data-end=\"561\">\ud83e\udde0 Uppmuntrar till fokus, probleml\u00f6sning och avkoppling<\/p>\n<p data-start=\"564\" data-end=\"619\">\ud83d\udc6b Kul f\u00f6r alla \u00e5ldrar &#8211; perfekt f\u00f6r barn, ton\u00e5ringar och vuxna<\/p>\n<p data-start=\"622\" data-end=\"663\">\ud83d\udce6 Kompakt och b\u00e4rbar f\u00f6r lek \u00f6verallt<\/p>\n<p data-start=\"622\" data-end=\"663\"><img decoding=\"async\" class=\"size-full wp-image-27569 aligncenter\" src=\"https:\/\/keluvo.com\/template\/wp-content\/uploads\/sites\/5\/2025\/07\/SKU-04_196777ce-8986-4073-a4e9-2c40163527d6.webp\" alt=\"\" \/><\/p>\n<h2 style=\"text-align: center\" data-start=\"665\" data-end=\"685\">\ud83c\udfae S\u00e5 H\u00e4r Anv\u00e4nder Du Den<\/h2>\n<ol data-start=\"686\" data-end=\"828\">\n<li data-start=\"686\" data-end=\"717\">\n<p data-start=\"689\" data-end=\"717\">Starta med kubformen.<\/p>\n<\/li>\n<li data-start=\"718\" data-end=\"765\">\n<p data-start=\"721\" data-end=\"765\">Vrid och vik f\u00f6r att avsl\u00f6ja o\u00e4ndliga 3D-former.<\/p>\n<\/li>\n<li data-start=\"766\" data-end=\"828\">\n<p data-start=\"769\" data-end=\"828\">Skapa nya former eller utmana v\u00e4nner att sl\u00e5 din design!<\/p>\n<\/li>\n<\/ol>\n<h2 style=\"text-align: center\" data-start=\"830\" data-end=\"855\">\ud83d\udccf Produktdetaljer<\/h2>\n<ul data-start=\"856\" data-end=\"959\">\n<li data-start=\"856\" data-end=\"884\">\n<p data-start=\"858\" data-end=\"884\">Storlek: 6 cm \u00d7 6 cm \u00d7 6 cm<\/p>\n<\/li>\n<li data-start=\"885\" data-end=\"901\">\n<p data-start=\"887\" data-end=\"901\">Vikt: 120g<\/p>\n<\/li>\n<li data-start=\"902\" data-end=\"959\">\n<p data-start=\"904\" data-end=\"959\">Material: H\u00e5llbar plast med glansiga tryckta ytor<\/p>\n<\/li>\n<\/ul>\n<h2 style=\"text-align: center\" data-start=\"961\" data-end=\"987\">\ud83d\udce6 F\u00f6rpackningen Inneh\u00e5ller<\/h2>\n<ul data-start=\"988\" data-end=\"1012\">\n<li data-start=\"988\" data-end=\"1012\">\n<p data-start=\"990\" data-end=\"1012\">1\u00d7 magisk kub.<\/p>\n<\/li>\n<\/ul>\n","protected":false},"excerpt":{"rendered":"<p>\ud83e\uddf2 Skapa \u00d6ver 70 Former Med Den H\u00e4r Magiska Magnetiska Pusselkuben! Det h\u00e4r \u00e4r inte bara en leksak &#8211; det [&hellip;]<\/p>\n","protected":false},"featured_media":34740,"comment_status":"open","ping_status":"closed","template":"","meta":{"site-sidebar-layout":"default","site-content-layout":"","ast-site-content-layout":"default","site-content-style":"default","site-sidebar-style":"default","ast-global-header-display":"","ast-banner-title-visibility":"","ast-main-header-display":"","ast-hfb-above-header-display":"","ast-hfb-below-header-display":"","ast-hfb-mobile-header-display":"","site-post-title":"","ast-breadcrumbs-content":"","ast-featured-img":"","footer-sml-layout":"","theme-transparent-header-meta":"default","adv-header-id-meta":"","stick-header-meta":"","header-above-stick-meta":"","header-main-stick-meta":"","header-below-stick-meta":"","astra-migrate-meta-layouts":"set","ast-page-background-enabled":"default","ast-page-background-meta":{"desktop":{"background-color":"var(--ast-global-color-4)","background-image":"","background-repeat":"repeat","background-position":"center center","background-size":"auto","background-attachment":"scroll","background-type":"","background-media":"","overlay-type":"","overlay-color":"","overlay-opacity":"","overlay-gradient":""},"tablet":{"background-color":"","background-image":"","background-repeat":"repeat","background-position":"center center","background-size":"auto","background-attachment":"scroll","background-type":"","background-media":"","overlay-type":"","overlay-color":"","overlay-opacity":"","overlay-gradient":""},"mobile":{"background-color":"","background-image":"","background-repeat":"repeat","background-position":"center center","background-size":"auto","background-attachment":"scroll","background-type":"","background-media":"","overlay-type":"","overlay-color":"","overlay-opacity":"","overlay-gradient":""}},"ast-content-background-meta":{"desktop":{"background-color":"var(--ast-global-color-5)","background-image":"","background-repeat":"repeat","background-position":"center center","background-size":"auto","background-attachment":"scroll","background-type":"","background-media":"","overlay-type":"","overlay-color":"","overlay-opacity":"","overlay-gradient":""},"tablet":{"background-color":"var(--ast-global-color-5)","background-image":"","background-repeat":"repeat","background-position":"center center","background-size":"auto","background-attachment":"scroll","background-type":"","background-media":"","overlay-type":"","overlay-color":"","overlay-opacity":"","overlay-gradient":""},"mobile":{"background-color":"var(--ast-global-color-5)","background-image":"","background-repeat":"repeat","background-position":"center center","background-size":"auto","background-attachment":"scroll","background-type":"","background-media":"","overlay-type":"","overlay-color":"","overlay-opacity":"","overlay-gradient":""}}},"product_brand":[],"product_cat":[990],"product_tag":[],"class_list":{"0":"post-34744","1":"product","2":"type-product","3":"status-publish","4":"has-post-thumbnail","6":"product_cat-toys-childrens-and-baby-products","7":"pa_38174_4cnw6eqq-a","8":"pa_38174_4cnw6eqq-b","9":"pa_38174_4cnw6eqq-c","10":"pa_38174_4cnw6eqq-d","11":"desktop-align-left","12":"tablet-align-left","13":"mobile-align-left","15":"first","16":"instock","17":"shipping-taxable","18":"purchasable","19":"product-type-variable"},"_links":{"self":[{"href":"https:\/\/keluvo.com\/se\/wp-json\/wp\/v2\/product\/34744","targetHints":{"allow":["GET"]}}],"collection":[{"href":"https:\/\/keluvo.com\/se\/wp-json\/wp\/v2\/product"}],"about":[{"href":"https:\/\/keluvo.com\/se\/wp-json\/wp\/v2\/types\/product"}],"replies":[{"embeddable":true,"href":"https:\/\/keluvo.com\/se\/wp-json\/wp\/v2\/comments?post=34744"}],"wp:featuredmedia":[{"embeddable":true,"href":"https:\/\/keluvo.com\/se\/wp-json\/wp\/v2\/media\/34740"}],"wp:attachment":[{"href":"https:\/\/keluvo.com\/se\/wp-json\/wp\/v2\/media?parent=34744"}],"wp:term":[{"taxonomy":"product_brand","embeddable":true,"href":"https:\/\/keluvo.com\/se\/wp-json\/wp\/v2\/product_brand?post=34744"},{"taxonomy":"product_cat","embeddable":true,"href":"https:\/\/keluvo.com\/se\/wp-json\/wp\/v2\/product_cat?post=34744"},{"taxonomy":"product_tag","embeddable":true,"href":"https:\/\/keluvo.com\/se\/wp-json\/wp\/v2\/product_tag?post=34744"}],"curies":[{"name":"wp","href":"https:\/\/api.w.org\/{rel}","templated":true}]}}