{"id":34678,"date":"2025-09-19T13:54:06","date_gmt":"2025-09-19T10:54:06","guid":{"rendered":"https:\/\/keluvo.com\/se\/product\/rengoringsduk\/"},"modified":"2025-09-19T13:54:38","modified_gmt":"2025-09-19T10:54:38","slug":"rengoringsduk","status":"publish","type":"product","link":"https:\/\/keluvo.com\/se\/product\/rengoringsduk\/","title":{"rendered":"Reng\u00f6ringsduk"},"content":{"rendered":"<p style=\"text-align: center\" data-start=\"82\" data-end=\"140\"><strong data-start=\"82\" data-end=\"140\">Reng\u00f6r Snabbare. Glansar B\u00e4ttre. Inga R\u00e4nder. Ingen Stress! \ud83e\uddfc\u2728<\/strong><\/p>\n<p style=\"text-align: center\" data-start=\"142\" data-end=\"312\">Den h\u00e4r reng\u00f6ringsduken \u00e4r din allt-i-ett-reng\u00f6ringshj\u00e4lte. Utformad f\u00f6r att f\u00e5nga upp damm, torka upp spill och l\u00e4mna ytor gl\u00e4nsande &#8211; utan behov av kemikalier eller skrubbning!<\/p>\n<p data-start=\"142\" data-end=\"312\"><img decoding=\"async\" class=\"size-full wp-image-26945 aligncenter\" src=\"https:\/\/keluvo.com\/template\/wp-content\/uploads\/sites\/5\/2025\/07\/07027-ezgif.com-video-to-webp-converter-1.webp\" alt=\"\" \/><\/p>\n<h2 style=\"text-align: center\" data-start=\"314\" data-end=\"335\">\ud83e\uddfd Huvudf\u00f6rdelar<\/h2>\n<p data-start=\"338\" data-end=\"387\">\ud83d\udca6 Inga vattenm\u00e4rken, r\u00e4nder eller ludd l\u00e4mnas kvar<\/p>\n<p data-start=\"390\" data-end=\"444\">\ud83e\ude9f Perfekt f\u00f6r glas, speglar, b\u00e4nkskivor med mera<\/p>\n<p data-start=\"447\" data-end=\"500\">\ud83e\uddf9 Tjock dubbelskiktsdesign f\u00f6r maximal absorption<\/p>\n<p data-start=\"503\" data-end=\"537\">\u267b\ufe0f \u00c5teranv\u00e4ndbar och maskintv\u00e4ttbar<\/p>\n<p data-start=\"540\" data-end=\"573\">\ud83c\udf31 Kemikaliefri och milj\u00f6v\u00e4nlig<\/p>\n<p data-start=\"540\" data-end=\"573\"><img decoding=\"async\" class=\"size-full wp-image-26949 aligncenter\" src=\"https:\/\/keluvo.com\/template\/wp-content\/uploads\/sites\/5\/2025\/07\/35f16383-2a85-47aa-8fd5-44c2f652ebfb.webp\" alt=\"\" \/><\/p>\n<h2 style=\"text-align: center\" data-start=\"575\" data-end=\"593\">\ud83e\uddfc Hur Man Anv\u00e4nder<\/h2>\n<ol data-start=\"594\" data-end=\"722\">\n<li data-start=\"594\" data-end=\"647\">\n<p data-start=\"597\" data-end=\"647\">V\u00e5t trasan l\u00e4tt eller anv\u00e4nd den torr f\u00f6r dammtorkning.<\/p>\n<\/li>\n<li data-start=\"648\" data-end=\"702\">\n<p data-start=\"651\" data-end=\"702\">Torka av alla ytor &#8211; glas, metall, kakel eller tr\u00e4.<\/p>\n<\/li>\n<li data-start=\"703\" data-end=\"722\">\n<p data-start=\"706\" data-end=\"722\">Sk\u00f6lj och \u00e5teranv\u00e4nd!<\/p>\n<\/li>\n<\/ol>\n<h2 style=\"text-align: center\" data-start=\"724\" data-end=\"747\">\ud83d\udccf Produktdetaljer<\/h2>\n<ul data-start=\"748\" data-end=\"888\">\n<li data-start=\"748\" data-end=\"766\">\n<p data-start=\"750\" data-end=\"766\">Storlek: 20x25cm, 30x30cm, 20x30cm, 30x40cm.<\/p>\n<\/li>\n<li data-start=\"767\" data-end=\"805\">\n<p data-start=\"769\" data-end=\"805\">Material: Premium mikrofiberblandning<\/p>\n<\/li>\n<li data-start=\"827\" data-end=\"888\">\n<p data-start=\"829\" data-end=\"888\">M\u00e5ngsidig anv\u00e4ndning: Anv\u00e4nd i k\u00f6ket, bilen, badrummet eller f\u00f6nstren.<\/p>\n<\/li>\n<\/ul>\n<h2 style=\"text-align: center\" data-start=\"890\" data-end=\"914\">\ud83d\udce6 F\u00f6rpackningen Inneh\u00e5ller<\/h2>\n<ul data-start=\"915\" data-end=\"975\">\n<li data-start=\"915\" data-end=\"975\">\n<p data-start=\"917\" data-end=\"975\">1, 4 eller 10x reng\u00f6ringsdukar.<\/p>\n<\/li>\n<\/ul>\n","protected":false},"excerpt":{"rendered":"<p>Reng\u00f6r Snabbare. Glansar B\u00e4ttre. Inga R\u00e4nder. Ingen Stress! \ud83e\uddfc\u2728 Den h\u00e4r reng\u00f6ringsduken \u00e4r din allt-i-ett-reng\u00f6ringshj\u00e4lte. Utformad f\u00f6r att f\u00e5nga upp [&hellip;]<\/p>\n","protected":false},"featured_media":34674,"comment_status":"open","ping_status":"closed","template":"","meta":{"site-sidebar-layout":"default","site-content-layout":"","ast-site-content-layout":"default","site-content-style":"default","site-sidebar-style":"default","ast-global-header-display":"","ast-banner-title-visibility":"","ast-main-header-display":"","ast-hfb-above-header-display":"","ast-hfb-below-header-display":"","ast-hfb-mobile-header-display":"","site-post-title":"","ast-breadcrumbs-content":"","ast-featured-img":"","footer-sml-layout":"","theme-transparent-header-meta":"default","adv-header-id-meta":"","stick-header-meta":"","header-above-stick-meta":"","header-main-stick-meta":"","header-below-stick-meta":"","astra-migrate-meta-layouts":"set","ast-page-background-enabled":"default","ast-page-background-meta":{"desktop":{"background-color":"var(--ast-global-color-4)","background-image":"","background-repeat":"repeat","background-position":"center center","background-size":"auto","background-attachment":"scroll","background-type":"","background-media":"","overlay-type":"","overlay-color":"","overlay-opacity":"","overlay-gradient":""},"tablet":{"background-color":"","background-image":"","background-repeat":"repeat","background-position":"center center","background-size":"auto","background-attachment":"scroll","background-type":"","background-media":"","overlay-type":"","overlay-color":"","overlay-opacity":"","overlay-gradient":""},"mobile":{"background-color":"","background-image":"","background-repeat":"repeat","background-position":"center center","background-size":"auto","background-attachment":"scroll","background-type":"","background-media":"","overlay-type":"","overlay-color":"","overlay-opacity":"","overlay-gradient":""}},"ast-content-background-meta":{"desktop":{"background-color":"var(--ast-global-color-5)","background-image":"","background-repeat":"repeat","background-position":"center center","background-size":"auto","background-attachment":"scroll","background-type":"","background-media":"","overlay-type":"","overlay-color":"","overlay-opacity":"","overlay-gradient":""},"tablet":{"background-color":"var(--ast-global-color-5)","background-image":"","background-repeat":"repeat","background-position":"center center","background-size":"auto","background-attachment":"scroll","background-type":"","background-media":"","overlay-type":"","overlay-color":"","overlay-opacity":"","overlay-gradient":""},"mobile":{"background-color":"var(--ast-global-color-5)","background-image":"","background-repeat":"repeat","background-position":"center center","background-size":"auto","background-attachment":"scroll","background-type":"","background-media":"","overlay-type":"","overlay-color":"","overlay-opacity":"","overlay-gradient":""}}},"product_brand":[],"product_cat":[1001],"product_tag":[],"class_list":{"0":"post-34678","1":"product","2":"type-product","3":"status-publish","4":"has-post-thumbnail","6":"product_cat-household-goods","7":"pa_32330_8on7wix0-1-st","8":"pa_32330_8on7wix0-10-st","9":"pa_32330_8on7wix0-4-st","10":"pa_32330_d7p6og9s-20x25-cm","11":"pa_32330_d7p6og9s-20x30-cm","12":"pa_32330_d7p6og9s-30x30cm","13":"pa_32330_d7p6og9s-30x40cm","14":"desktop-align-left","15":"tablet-align-left","16":"mobile-align-left","18":"first","19":"instock","20":"shipping-taxable","21":"purchasable","22":"product-type-variable","23":"has-default-attributes"},"_links":{"self":[{"href":"https:\/\/keluvo.com\/se\/wp-json\/wp\/v2\/product\/34678","targetHints":{"allow":["GET"]}}],"collection":[{"href":"https:\/\/keluvo.com\/se\/wp-json\/wp\/v2\/product"}],"about":[{"href":"https:\/\/keluvo.com\/se\/wp-json\/wp\/v2\/types\/product"}],"replies":[{"embeddable":true,"href":"https:\/\/keluvo.com\/se\/wp-json\/wp\/v2\/comments?post=34678"}],"wp:featuredmedia":[{"embeddable":true,"href":"https:\/\/keluvo.com\/se\/wp-json\/wp\/v2\/media\/34674"}],"wp:attachment":[{"href":"https:\/\/keluvo.com\/se\/wp-json\/wp\/v2\/media?parent=34678"}],"wp:term":[{"taxonomy":"product_brand","embeddable":true,"href":"https:\/\/keluvo.com\/se\/wp-json\/wp\/v2\/product_brand?post=34678"},{"taxonomy":"product_cat","embeddable":true,"href":"https:\/\/keluvo.com\/se\/wp-json\/wp\/v2\/product_cat?post=34678"},{"taxonomy":"product_tag","embeddable":true,"href":"https:\/\/keluvo.com\/se\/wp-json\/wp\/v2\/product_tag?post=34678"}],"curies":[{"name":"wp","href":"https:\/\/api.w.org\/{rel}","templated":true}]}}