{"id":34656,"date":"2025-09-19T13:52:58","date_gmt":"2025-09-19T10:52:58","guid":{"rendered":"https:\/\/keluvo.com\/se\/product\/automatiskt-bevattningssystem\/"},"modified":"2025-09-19T13:53:22","modified_gmt":"2025-09-19T10:53:22","slug":"automatiskt-bevattningssystem","status":"publish","type":"product","link":"https:\/\/keluvo.com\/se\/product\/automatiskt-bevattningssystem\/","title":{"rendered":"Automatiskt bevattningssystem"},"content":{"rendered":"<p style=\"text-align: center\" data-start=\"92\" data-end=\"143\"><strong>\ud83c\udf3f H\u00e5ll Dina V\u00e4xter Glada \u2014 \u00c4ven N\u00e4r Du \u00c4r Borta!<\/strong><\/p>\n<p style=\"text-align: center\" data-start=\"145\" data-end=\"399\">Detta automatiska bevattningssystem ser till att dina v\u00e4xter h\u00e5ller sig hydrerade utan daglig uppm\u00e4rksamhet. F\u00e4st bara spetsen p\u00e5 en flaska, s\u00e4tt ner den i jorden och l\u00e5t den l\u00e5ngsamt sl\u00e4ppa ut vatten \u00f6ver tid. Inga timers, ingen stress &#8211; bara enkel, handsfree v\u00e4xtv\u00e5rd!<\/p>\n<p data-start=\"145\" data-end=\"399\"><img decoding=\"async\" class=\"size-full wp-image-27941 aligncenter\" src=\"https:\/\/keluvo.com\/template\/wp-content\/uploads\/sites\/5\/2025\/07\/07113-ezgif.com-video-to-webp-converter-1.webp\" alt=\"\" \/><\/p>\n<h2 style=\"text-align: center\" data-start=\"401\" data-end=\"422\">\ud83d\udca7 Huvudf\u00f6rdelar<\/h2>\n<p data-start=\"425\" data-end=\"479\">\ud83e\udeb4 Vattnar dina v\u00e4xter konsekvent n\u00e4r du \u00e4r borta<\/p>\n<p data-start=\"482\" data-end=\"540\">\ud83e\uddc3 Passar de flesta plastflaskor &#8211; l\u00e4tt att installera och \u00e5teranv\u00e4nda<\/p>\n<p data-start=\"543\" data-end=\"590\">\ud83d\udd52 L\u00e5ngsamt droppsystem h\u00e5ller jorden fuktig i flera dagar<\/p>\n<p data-start=\"593\" data-end=\"635\">\ud83c\udf3c Perfekt f\u00f6r inomhus och utomhus plants<\/p>\n<p data-start=\"638\" data-end=\"668\">\u267b\ufe0f Milj\u00f6v\u00e4nlig och \u00e5teranv\u00e4ndbar<\/p>\n<p data-start=\"638\" data-end=\"668\"><img decoding=\"async\" class=\"size-full wp-image-27943 aligncenter\" src=\"https:\/\/keluvo.com\/template\/wp-content\/uploads\/sites\/5\/2025\/07\/Screenshot_12_a3e56a69-726a-4b18-ad50-2034c0e4ba0b_large.webp\" alt=\"\" \/><\/p>\n<h2 style=\"text-align: center\" data-start=\"670\" data-end=\"688\">\ud83d\udccc Hur Man Anv\u00e4nder<\/h2>\n<ol data-start=\"689\" data-end=\"816\">\n<li data-start=\"689\" data-end=\"726\">\n<p data-start=\"692\" data-end=\"726\">Fyll en plastflaska med vatten.<\/p>\n<\/li>\n<li data-start=\"727\" data-end=\"774\">\n<p data-start=\"730\" data-end=\"774\">F\u00e4st spetsen och justera fl\u00f6det om det beh\u00f6vs.<\/p>\n<\/li>\n<li data-start=\"775\" data-end=\"816\">\n<p data-start=\"778\" data-end=\"816\">s\u00e4tt i jorden n\u00e4ra din v\u00e4xt<\/p>\n<\/li>\n<\/ol>\n<h2 style=\"text-align: center\" data-start=\"818\" data-end=\"841\">\ud83d\udcd0 Produktdetaljer<\/h2>\n<ul data-start=\"842\" data-end=\"925\">\n<li data-start=\"900\" data-end=\"925\">\n<p data-start=\"902\" data-end=\"925\">Spikens h\u00f6jd: 13,5 cm<\/p>\n<\/li>\n<\/ul>\n<h2 style=\"text-align: center\" data-start=\"927\" data-end=\"951\">\ud83d\udce6 Paketet Inneh\u00e5ller<\/h2>\n<ul data-start=\"952\" data-end=\"985\">\n<li data-start=\"952\" data-end=\"985\">\n<p data-start=\"954\" data-end=\"985\">1, 6, 12x automatiskt bevattningssystem.<\/p>\n<\/li>\n<\/ul>\n","protected":false},"excerpt":{"rendered":"<p>\ud83c\udf3f H\u00e5ll Dina V\u00e4xter Glada \u2014 \u00c4ven N\u00e4r Du \u00c4r Borta! Detta automatiska bevattningssystem ser till att dina v\u00e4xter h\u00e5ller [&hellip;]<\/p>\n","protected":false},"featured_media":34652,"comment_status":"open","ping_status":"closed","template":"","meta":{"site-sidebar-layout":"default","site-content-layout":"","ast-site-content-layout":"default","site-content-style":"default","site-sidebar-style":"default","ast-global-header-display":"","ast-banner-title-visibility":"","ast-main-header-display":"","ast-hfb-above-header-display":"","ast-hfb-below-header-display":"","ast-hfb-mobile-header-display":"","site-post-title":"","ast-breadcrumbs-content":"","ast-featured-img":"","footer-sml-layout":"","theme-transparent-header-meta":"default","adv-header-id-meta":"","stick-header-meta":"","header-above-stick-meta":"","header-main-stick-meta":"","header-below-stick-meta":"","astra-migrate-meta-layouts":"set","ast-page-background-enabled":"default","ast-page-background-meta":{"desktop":{"background-color":"var(--ast-global-color-4)","background-image":"","background-repeat":"repeat","background-position":"center center","background-size":"auto","background-attachment":"scroll","background-type":"","background-media":"","overlay-type":"","overlay-color":"","overlay-opacity":"","overlay-gradient":""},"tablet":{"background-color":"","background-image":"","background-repeat":"repeat","background-position":"center center","background-size":"auto","background-attachment":"scroll","background-type":"","background-media":"","overlay-type":"","overlay-color":"","overlay-opacity":"","overlay-gradient":""},"mobile":{"background-color":"","background-image":"","background-repeat":"repeat","background-position":"center center","background-size":"auto","background-attachment":"scroll","background-type":"","background-media":"","overlay-type":"","overlay-color":"","overlay-opacity":"","overlay-gradient":""}},"ast-content-background-meta":{"desktop":{"background-color":"var(--ast-global-color-5)","background-image":"","background-repeat":"repeat","background-position":"center center","background-size":"auto","background-attachment":"scroll","background-type":"","background-media":"","overlay-type":"","overlay-color":"","overlay-opacity":"","overlay-gradient":""},"tablet":{"background-color":"var(--ast-global-color-5)","background-image":"","background-repeat":"repeat","background-position":"center center","background-size":"auto","background-attachment":"scroll","background-type":"","background-media":"","overlay-type":"","overlay-color":"","overlay-opacity":"","overlay-gradient":""},"mobile":{"background-color":"var(--ast-global-color-5)","background-image":"","background-repeat":"repeat","background-position":"center center","background-size":"auto","background-attachment":"scroll","background-type":"","background-media":"","overlay-type":"","overlay-color":"","overlay-opacity":"","overlay-gradient":""}}},"product_brand":[],"product_cat":[1001],"product_tag":[],"class_list":{"0":"post-34656","1":"product","2":"type-product","3":"status-publish","4":"has-post-thumbnail","6":"product_cat-household-goods","7":"pa_21873_l7flrqht-bla","8":"pa_21873_l7flrqht-gron","9":"pa_21873_tasmdb6i-1-st","10":"pa_21873_tasmdb6i-12-st","11":"pa_21873_tasmdb6i-6-st","12":"desktop-align-left","13":"tablet-align-left","14":"mobile-align-left","16":"first","17":"instock","18":"shipping-taxable","19":"purchasable","20":"product-type-variable","21":"has-default-attributes"},"_links":{"self":[{"href":"https:\/\/keluvo.com\/se\/wp-json\/wp\/v2\/product\/34656","targetHints":{"allow":["GET"]}}],"collection":[{"href":"https:\/\/keluvo.com\/se\/wp-json\/wp\/v2\/product"}],"about":[{"href":"https:\/\/keluvo.com\/se\/wp-json\/wp\/v2\/types\/product"}],"replies":[{"embeddable":true,"href":"https:\/\/keluvo.com\/se\/wp-json\/wp\/v2\/comments?post=34656"}],"wp:featuredmedia":[{"embeddable":true,"href":"https:\/\/keluvo.com\/se\/wp-json\/wp\/v2\/media\/34652"}],"wp:attachment":[{"href":"https:\/\/keluvo.com\/se\/wp-json\/wp\/v2\/media?parent=34656"}],"wp:term":[{"taxonomy":"product_brand","embeddable":true,"href":"https:\/\/keluvo.com\/se\/wp-json\/wp\/v2\/product_brand?post=34656"},{"taxonomy":"product_cat","embeddable":true,"href":"https:\/\/keluvo.com\/se\/wp-json\/wp\/v2\/product_cat?post=34656"},{"taxonomy":"product_tag","embeddable":true,"href":"https:\/\/keluvo.com\/se\/wp-json\/wp\/v2\/product_tag?post=34656"}],"curies":[{"name":"wp","href":"https:\/\/api.w.org\/{rel}","templated":true}]}}