{"id":34643,"date":"2025-09-19T13:52:13","date_gmt":"2025-09-19T10:52:13","guid":{"rendered":"https:\/\/keluvo.com\/se\/product\/angstrykjarn-2\/"},"modified":"2025-09-19T13:52:19","modified_gmt":"2025-09-19T10:52:19","slug":"angstrykjarn-2","status":"publish","type":"product","link":"https:\/\/keluvo.com\/se\/product\/angstrykjarn-2\/","title":{"rendered":"\u00c5ngstrykj\u00e4rn"},"content":{"rendered":"<p style=\"text-align: center\" data-start=\"85\" data-end=\"139\"><strong>\ud83d\udc54 S\u00e4g Adj\u00f6 Till Rynkor \u2014 Snabbt, Enkelt, Och Var Som Helst!<\/strong><\/p>\n<p style=\"text-align: center\" data-start=\"141\" data-end=\"414\">Med detta kraftfulla \u00e5ngstrykj\u00e4rn kan du sl\u00e4ta ut kl\u00e4der p\u00e5 n\u00e5gra sekunder utan att anv\u00e4nda ett skrymmande strykj\u00e4rn. Det v\u00e4rms upp snabbt, fungerar p\u00e5 alla tyger och \u00e4r perfekt f\u00f6r hemmet eller resan. Oavsett om det \u00e4r skjortor, gardiner eller k\u00e4nsliga tyger &#8211; det h\u00e4r \u00e5ngstrykj\u00e4rnet f\u00e5r jobbet gjort utan anstr\u00e4ngning.<\/p>\n<p data-start=\"141\" data-end=\"414\"><img decoding=\"async\" class=\"size-full wp-image-27926 aligncenter\" src=\"https:\/\/keluvo.com\/template\/wp-content\/uploads\/sites\/5\/2025\/07\/07112-ezgif.com-video-to-webp-converter-1.webp\" alt=\"\" \/><\/p>\n<h2 style=\"text-align: center\" data-start=\"416\" data-end=\"437\">\ud83d\udd25 Huvudf\u00f6rdelar<\/h2>\n<p data-start=\"440\" data-end=\"496\">\ud83d\udca8 Snabb och kraftfull \u00e5nga tar bort rynkor direkt<\/p>\n<p data-start=\"499\" data-end=\"546\">\ud83d\udc57 S\u00e4kert f\u00f6r alla tyger \u2014 fr\u00e5n bomull till siden<\/p>\n<p data-start=\"549\" data-end=\"598\">\ud83e\uddf3 Kompakt och l\u00e4tt \u2014 perfekt f\u00f6r resor<\/p>\n<p data-start=\"601\" data-end=\"640\">\u26a1 Snabb uppv\u00e4rmningstid f\u00f6r anv\u00e4ndning p\u00e5 spr\u00e5ng<\/p>\n<p data-start=\"643\" data-end=\"693\">\ud83e\uddfc Kan ocks\u00e5 anv\u00e4ndas f\u00f6r l\u00e4tt reng\u00f6ring av plagg<\/p>\n<p data-start=\"643\" data-end=\"693\"><img decoding=\"async\" class=\"size-full wp-image-27927 aligncenter\" src=\"https:\/\/keluvo.com\/template\/wp-content\/uploads\/sites\/5\/2025\/07\/S0f5b405516c74e8780d54510a71a2ed1Y.jpg\" alt=\"\" \/><\/p>\n<h2 style=\"text-align: center\" data-start=\"695\" data-end=\"713\">\ud83d\udccc Hur Man Anv\u00e4nder<\/h2>\n<ol data-start=\"714\" data-end=\"852\">\n<li data-start=\"714\" data-end=\"743\">\n<p data-start=\"717\" data-end=\"743\">Fyll tanken med vatten.<\/p>\n<\/li>\n<li data-start=\"744\" data-end=\"786\">\n<p data-start=\"747\" data-end=\"786\">Glid \u00e5ngstrykj\u00e4rnet \u00f6ver kl\u00e4derna &#8211; ingen strykbr\u00e4da beh\u00f6vs!<\/p>\n<\/li>\n<\/ol>\n<h2 style=\"text-align: center\" data-start=\"854\" data-end=\"877\">\ud83d\udcd0 Produktdetaljer<\/h2>\n<ul data-start=\"878\" data-end=\"974\">\n<li data-start=\"878\" data-end=\"910\">\n<p data-start=\"880\" data-end=\"910\">Fullautomatisk \u00e5ngutmatning<\/p>\n<\/li>\n<li data-start=\"911\" data-end=\"945\">\n<p data-start=\"913\" data-end=\"945\">Ergonomisk design f\u00f6r enkelt grepp<\/p>\n<\/li>\n<li data-start=\"946\" data-end=\"974\">\n<p data-start=\"948\" data-end=\"974\">L\u00e4tt och b\u00e4rbar<\/p>\n<\/li>\n<li data-start=\"946\" data-end=\"974\">EU-kontakt<\/li>\n<\/ul>\n<h2 style=\"text-align: center\" data-start=\"976\" data-end=\"1000\">\ud83d\udce6 Paketet Inneh\u00e5ller<\/h2>\n<ul data-start=\"1001\" data-end=\"1051\">\n<li data-start=\"1001\" data-end=\"1032\">\n<p data-start=\"1003\" data-end=\"1032\">1x \u00e5ngstrykj\u00e4rn<\/p>\n<\/li>\n<li data-start=\"1033\" data-end=\"1051\">\n<p data-start=\"1035\" data-end=\"1051\">1x bruksanvisning.<\/p>\n<\/li>\n<\/ul>\n","protected":false},"excerpt":{"rendered":"<p>\ud83d\udc54 S\u00e4g Adj\u00f6 Till Rynkor \u2014 Snabbt, Enkelt, Och Var Som Helst! Med detta kraftfulla \u00e5ngstrykj\u00e4rn kan du sl\u00e4ta ut [&hellip;]<\/p>\n","protected":false},"featured_media":34639,"comment_status":"open","ping_status":"closed","template":"","meta":{"site-sidebar-layout":"default","site-content-layout":"","ast-site-content-layout":"default","site-content-style":"default","site-sidebar-style":"default","ast-global-header-display":"","ast-banner-title-visibility":"","ast-main-header-display":"","ast-hfb-above-header-display":"","ast-hfb-below-header-display":"","ast-hfb-mobile-header-display":"","site-post-title":"","ast-breadcrumbs-content":"","ast-featured-img":"","footer-sml-layout":"","theme-transparent-header-meta":"default","adv-header-id-meta":"","stick-header-meta":"","header-above-stick-meta":"","header-main-stick-meta":"","header-below-stick-meta":"","astra-migrate-meta-layouts":"set","ast-page-background-enabled":"default","ast-page-background-meta":{"desktop":{"background-color":"var(--ast-global-color-4)","background-image":"","background-repeat":"repeat","background-position":"center center","background-size":"auto","background-attachment":"scroll","background-type":"","background-media":"","overlay-type":"","overlay-color":"","overlay-opacity":"","overlay-gradient":""},"tablet":{"background-color":"","background-image":"","background-repeat":"repeat","background-position":"center center","background-size":"auto","background-attachment":"scroll","background-type":"","background-media":"","overlay-type":"","overlay-color":"","overlay-opacity":"","overlay-gradient":""},"mobile":{"background-color":"","background-image":"","background-repeat":"repeat","background-position":"center center","background-size":"auto","background-attachment":"scroll","background-type":"","background-media":"","overlay-type":"","overlay-color":"","overlay-opacity":"","overlay-gradient":""}},"ast-content-background-meta":{"desktop":{"background-color":"var(--ast-global-color-5)","background-image":"","background-repeat":"repeat","background-position":"center center","background-size":"auto","background-attachment":"scroll","background-type":"","background-media":"","overlay-type":"","overlay-color":"","overlay-opacity":"","overlay-gradient":""},"tablet":{"background-color":"var(--ast-global-color-5)","background-image":"","background-repeat":"repeat","background-position":"center center","background-size":"auto","background-attachment":"scroll","background-type":"","background-media":"","overlay-type":"","overlay-color":"","overlay-opacity":"","overlay-gradient":""},"mobile":{"background-color":"var(--ast-global-color-5)","background-image":"","background-repeat":"repeat","background-position":"center center","background-size":"auto","background-attachment":"scroll","background-type":"","background-media":"","overlay-type":"","overlay-color":"","overlay-opacity":"","overlay-gradient":""}}},"product_brand":[],"product_cat":[1001],"product_tag":[],"class_list":{"0":"post-34643","1":"product","2":"type-product","3":"status-publish","4":"has-post-thumbnail","6":"product_cat-household-goods","7":"pa_45886_imgni4rj-svart","8":"pa_45886_imgni4rj-vit","9":"desktop-align-left","10":"tablet-align-left","11":"mobile-align-left","13":"first","14":"instock","15":"shipping-taxable","16":"purchasable","17":"product-type-variable"},"_links":{"self":[{"href":"https:\/\/keluvo.com\/se\/wp-json\/wp\/v2\/product\/34643","targetHints":{"allow":["GET"]}}],"collection":[{"href":"https:\/\/keluvo.com\/se\/wp-json\/wp\/v2\/product"}],"about":[{"href":"https:\/\/keluvo.com\/se\/wp-json\/wp\/v2\/types\/product"}],"replies":[{"embeddable":true,"href":"https:\/\/keluvo.com\/se\/wp-json\/wp\/v2\/comments?post=34643"}],"wp:featuredmedia":[{"embeddable":true,"href":"https:\/\/keluvo.com\/se\/wp-json\/wp\/v2\/media\/34639"}],"wp:attachment":[{"href":"https:\/\/keluvo.com\/se\/wp-json\/wp\/v2\/media?parent=34643"}],"wp:term":[{"taxonomy":"product_brand","embeddable":true,"href":"https:\/\/keluvo.com\/se\/wp-json\/wp\/v2\/product_brand?post=34643"},{"taxonomy":"product_cat","embeddable":true,"href":"https:\/\/keluvo.com\/se\/wp-json\/wp\/v2\/product_cat?post=34643"},{"taxonomy":"product_tag","embeddable":true,"href":"https:\/\/keluvo.com\/se\/wp-json\/wp\/v2\/product_tag?post=34643"}],"curies":[{"name":"wp","href":"https:\/\/api.w.org\/{rel}","templated":true}]}}