{"id":34624,"date":"2025-09-19T13:51:21","date_gmt":"2025-09-19T10:51:21","guid":{"rendered":"https:\/\/keluvo.com\/se\/product\/sang-for-husdjur\/"},"modified":"2025-09-19T13:51:31","modified_gmt":"2025-09-19T10:51:31","slug":"sang-for-husdjur","status":"publish","type":"product","link":"https:\/\/keluvo.com\/se\/product\/sang-for-husdjur\/","title":{"rendered":"S\u00e4ng f\u00f6r husdjur"},"content":{"rendered":"<p style=\"text-align: center\" data-start=\"73\" data-end=\"125\"><strong>\ud83c\udf4c Ge ditt husdjur den bekv\u00e4maste (och s\u00f6taste) tuppluren n\u00e5gonsin!<\/strong><\/p>\n<p style=\"text-align: center\" data-start=\"127\" data-end=\"348\">Denna mysiga bananformade husdjurss\u00e4ng \u00e4r den ultimata gosplatsen f\u00f6r katter, sm\u00e5 hundar eller n\u00e5gon annan liten lurvig v\u00e4n. Den \u00e4r mjuk, varm och oemotst\u00e5ndligt rolig &#8211; den f\u00e5r ditt husdjur att k\u00e4nna sig tryggt samtidigt som den ger en personlig touch till ditt rum.<\/p>\n<p data-start=\"127\" data-end=\"348\"><img decoding=\"async\" class=\"size-full wp-image-27911 aligncenter\" src=\"https:\/\/keluvo.com\/template\/wp-content\/uploads\/sites\/5\/2025\/07\/giphy_16700f9f-feee-4f2f-8448-e840952d4683_480x480.webp\" alt=\"\" \/><\/p>\n<h2 style=\"text-align: center\" data-start=\"350\" data-end=\"371\"><strong>\ud83d\udc3e Huvudf\u00f6rdelar<\/strong><\/h2>\n<p data-start=\"374\" data-end=\"429\">\ud83c\udf4c Rolig banandesign som ditt husdjur kommer att \u00e4lska att krypa i into<\/p>\n<p data-start=\"432\" data-end=\"482\">\ud83d\udecf\ufe0f Mjuk plyschinredning h\u00e5ller dem mysiga och varma<\/p>\n<p data-start=\"485\" data-end=\"535\">\ud83d\udc36 Perfekt f\u00f6r katter, sm\u00e5 hundar, kaniner med mera<\/p>\n<p data-start=\"538\" data-end=\"569\">\ud83e\uddfc L\u00e4tt att reng\u00f6ra och underh\u00e5lla<\/p>\n<p data-start=\"572\" data-end=\"616\">\ud83c\udfe0 Ger en lekfull touch till din heminredning<\/p>\n<p data-start=\"572\" data-end=\"616\"><img decoding=\"async\" class=\"size-full wp-image-27910 aligncenter\" src=\"https:\/\/keluvo.com\/template\/wp-content\/uploads\/sites\/5\/2025\/07\/cHamFunny-Banana-Cat-Bed-House-Cute-Cozy-Cat-Mat-Beds-Warm-Durable-Portable-Pet-Basket-Kennel_1fef26a7-665f-4c6b-8d6e-c88ebfe21313_480x480.webp\" alt=\"\" \/><\/p>\n<h2 style=\"text-align: center\" data-start=\"618\" data-end=\"636\"><strong>\ud83d\udccc Hur man anv\u00e4nder<\/strong><\/h2>\n<ol data-start=\"637\" data-end=\"781\">\n<li data-start=\"637\" data-end=\"694\">\n<p data-start=\"640\" data-end=\"694\">Veckla upp och placera s\u00e4ngen p\u00e5 ditt husdjurs favoritplats.<\/p>\n<\/li>\n<li data-start=\"695\" data-end=\"747\">\n<p data-start=\"698\" data-end=\"747\">L\u00e5t dem kl\u00e4ttra in och njuta av sin banankokong.<\/p>\n<\/li>\n<li data-start=\"748\" data-end=\"781\">\n<p data-start=\"751\" data-end=\"781\">Se dem sova som kungligheter!<\/p>\n<\/li>\n<\/ol>\n<h2 style=\"text-align: center\" data-start=\"783\" data-end=\"806\"><strong>\ud83d\udcd0 Produktdetaljer<\/strong><\/h2>\n<ul data-start=\"807\" data-end=\"909\">\n<li data-start=\"807\" data-end=\"840\">\n<p data-start=\"809\" data-end=\"840\">Material: mjuk plysch + svamp<\/p>\n<\/li>\n<li data-start=\"873\" data-end=\"909\">\n<p data-start=\"875\" data-end=\"909\">L\u00e4mplig f\u00f6r katter och sm\u00e5 hundar<\/p>\n<\/li>\n<li data-start=\"873\" data-end=\"909\">Storlekar: S (40x15x11cm), M (52x20x15cm), L (62x25x18cm), XL (82x30x20cm).<\/li>\n<\/ul>\n<h2 style=\"text-align: center\" data-start=\"911\" data-end=\"935\"><strong>\ud83d\udce6 I paketet ing\u00e5r<\/strong><\/h2>\n<ul data-start=\"936\" data-end=\"964\">\n<li data-start=\"936\" data-end=\"964\">\n<p data-start=\"938\" data-end=\"964\">1x s\u00e4ng f\u00f6r husdjur.<\/p>\n<\/li>\n<\/ul>\n","protected":false},"excerpt":{"rendered":"<p>\ud83c\udf4c Ge ditt husdjur den bekv\u00e4maste (och s\u00f6taste) tuppluren n\u00e5gonsin! Denna mysiga bananformade husdjurss\u00e4ng \u00e4r den ultimata gosplatsen f\u00f6r katter, [&hellip;]<\/p>\n","protected":false},"featured_media":34620,"comment_status":"open","ping_status":"closed","template":"","meta":{"site-sidebar-layout":"default","site-content-layout":"","ast-site-content-layout":"default","site-content-style":"default","site-sidebar-style":"default","ast-global-header-display":"","ast-banner-title-visibility":"","ast-main-header-display":"","ast-hfb-above-header-display":"","ast-hfb-below-header-display":"","ast-hfb-mobile-header-display":"","site-post-title":"","ast-breadcrumbs-content":"","ast-featured-img":"","footer-sml-layout":"","theme-transparent-header-meta":"default","adv-header-id-meta":"","stick-header-meta":"","header-above-stick-meta":"","header-main-stick-meta":"","header-below-stick-meta":"","astra-migrate-meta-layouts":"set","ast-page-background-enabled":"default","ast-page-background-meta":{"desktop":{"background-color":"var(--ast-global-color-4)","background-image":"","background-repeat":"repeat","background-position":"center center","background-size":"auto","background-attachment":"scroll","background-type":"","background-media":"","overlay-type":"","overlay-color":"","overlay-opacity":"","overlay-gradient":""},"tablet":{"background-color":"","background-image":"","background-repeat":"repeat","background-position":"center center","background-size":"auto","background-attachment":"scroll","background-type":"","background-media":"","overlay-type":"","overlay-color":"","overlay-opacity":"","overlay-gradient":""},"mobile":{"background-color":"","background-image":"","background-repeat":"repeat","background-position":"center center","background-size":"auto","background-attachment":"scroll","background-type":"","background-media":"","overlay-type":"","overlay-color":"","overlay-opacity":"","overlay-gradient":""}},"ast-content-background-meta":{"desktop":{"background-color":"var(--ast-global-color-5)","background-image":"","background-repeat":"repeat","background-position":"center center","background-size":"auto","background-attachment":"scroll","background-type":"","background-media":"","overlay-type":"","overlay-color":"","overlay-opacity":"","overlay-gradient":""},"tablet":{"background-color":"var(--ast-global-color-5)","background-image":"","background-repeat":"repeat","background-position":"center center","background-size":"auto","background-attachment":"scroll","background-type":"","background-media":"","overlay-type":"","overlay-color":"","overlay-opacity":"","overlay-gradient":""},"mobile":{"background-color":"var(--ast-global-color-5)","background-image":"","background-repeat":"repeat","background-position":"center center","background-size":"auto","background-attachment":"scroll","background-type":"","background-media":"","overlay-type":"","overlay-color":"","overlay-opacity":"","overlay-gradient":""}}},"product_brand":[],"product_cat":[997],"product_tag":[],"class_list":{"0":"post-34624","1":"product","2":"type-product","3":"status-publish","4":"has-post-thumbnail","6":"product_cat-pets-products","7":"pa_23835_6bgkfgt1-s","8":"pa_23835_6bgkfgt1-m","9":"pa_23835_6bgkfgt1-l","10":"pa_23835_6bgkfgt1-xl","11":"desktop-align-left","12":"tablet-align-left","13":"mobile-align-left","15":"first","16":"instock","17":"shipping-taxable","18":"purchasable","19":"product-type-variable"},"_links":{"self":[{"href":"https:\/\/keluvo.com\/se\/wp-json\/wp\/v2\/product\/34624","targetHints":{"allow":["GET"]}}],"collection":[{"href":"https:\/\/keluvo.com\/se\/wp-json\/wp\/v2\/product"}],"about":[{"href":"https:\/\/keluvo.com\/se\/wp-json\/wp\/v2\/types\/product"}],"replies":[{"embeddable":true,"href":"https:\/\/keluvo.com\/se\/wp-json\/wp\/v2\/comments?post=34624"}],"wp:featuredmedia":[{"embeddable":true,"href":"https:\/\/keluvo.com\/se\/wp-json\/wp\/v2\/media\/34620"}],"wp:attachment":[{"href":"https:\/\/keluvo.com\/se\/wp-json\/wp\/v2\/media?parent=34624"}],"wp:term":[{"taxonomy":"product_brand","embeddable":true,"href":"https:\/\/keluvo.com\/se\/wp-json\/wp\/v2\/product_brand?post=34624"},{"taxonomy":"product_cat","embeddable":true,"href":"https:\/\/keluvo.com\/se\/wp-json\/wp\/v2\/product_cat?post=34624"},{"taxonomy":"product_tag","embeddable":true,"href":"https:\/\/keluvo.com\/se\/wp-json\/wp\/v2\/product_tag?post=34624"}],"curies":[{"name":"wp","href":"https:\/\/api.w.org\/{rel}","templated":true}]}}