{"id":34608,"date":"2025-09-19T13:50:36","date_gmt":"2025-09-19T10:50:36","guid":{"rendered":"https:\/\/keluvo.com\/se\/product\/nattlampa-2\/"},"modified":"2025-09-19T13:50:42","modified_gmt":"2025-09-19T10:50:42","slug":"nattlampa-2","status":"publish","type":"product","link":"https:\/\/keluvo.com\/se\/product\/nattlampa-2\/","title":{"rendered":"Nattlampa"},"content":{"rendered":"<p style=\"text-align: center\" data-start=\"82\" data-end=\"114\"><strong>\ud83d\udc7b Mys Med Sp\u00f6klik S\u00f6tma!<\/strong><\/p>\n<p style=\"text-align: center\" data-start=\"116\" data-end=\"372\">Dessa bed\u00e5rande nattlampor (sm\u00e5 sp\u00f6ken) rostar marshmallows \u00f6ver en gl\u00f6dande l\u00e4gereld &#8211; och de \u00e4r h\u00e4r f\u00f6r att ge charm, v\u00e4rme och Halloween-vibbar till ditt hem. Oavsett om du dekorerar f\u00f6r en l\u00e4skig s\u00e4song eller bara \u00e4lskar s\u00f6ta nattlampor \u00e4r den h\u00e4r ett m\u00e5ste!<\/p>\n<p data-start=\"116\" data-end=\"372\"><img decoding=\"async\" class=\"size-full wp-image-27902 aligncenter\" src=\"https:\/\/keluvo.com\/template\/wp-content\/uploads\/sites\/5\/2025\/07\/1-26.webp\" alt=\"\" \/><\/p>\n<h2 style=\"text-align: center\" data-start=\"374\" data-end=\"395\">\ud83d\udd25 Huvudf\u00f6rdelar<\/h2>\n<p data-start=\"398\" data-end=\"445\">\ud83d\udc7b Rolig sp\u00f6kdesign som f\u00e5r alla att le<\/p>\n<p data-start=\"448\" data-end=\"501\">\ud83d\udd25 Flimrande flameffekt f\u00f6r en mysig, magisk glow<\/p>\n<p data-start=\"504\" data-end=\"555\">\ud83d\udecb\ufe0f Kompakt och b\u00e4rbar &#8211; perfekt f\u00f6r alla h\u00f6rn<\/p>\n<p data-start=\"558\" data-end=\"603\">\ud83c\udf83 Idealisk Halloween-dekoration eller nattlampa<\/p>\n<p data-start=\"606\" data-end=\"666\">\ud83d\udca1 Ger ett mjukt, lugnande ljus till sovrum eller vardagsrum<\/p>\n<p data-start=\"606\" data-end=\"666\"><img decoding=\"async\" class=\"size-full wp-image-27903 aligncenter\" src=\"https:\/\/keluvo.com\/template\/wp-content\/uploads\/sites\/5\/2025\/07\/38793819-10c3-47c4-9a2e-70d9c7ac6221.webp\" alt=\"\" \/><\/p>\n<h2 style=\"text-align: center\" data-start=\"668\" data-end=\"686\">\ud83d\udccc Hur Man Anv\u00e4nder<\/h2>\n<ol data-start=\"687\" data-end=\"823\">\n<li data-start=\"687\" data-end=\"724\">\n<p data-start=\"690\" data-end=\"724\">Koppla in den i ett vanligt uttag.<\/p>\n<\/li>\n<li data-start=\"725\" data-end=\"773\">\n<p data-start=\"728\" data-end=\"773\">Se l\u00e5gan flacka och sp\u00f6kena lysa.<\/p>\n<\/li>\n<li data-start=\"774\" data-end=\"823\">\n<p data-start=\"777\" data-end=\"823\">Njut av de kusliga vibbarna hela dagen och natten!<\/p>\n<\/li>\n<\/ol>\n<h2 style=\"text-align: center\" data-start=\"825\" data-end=\"848\">\ud83d\udcd0 Produktdetaljer<\/h2>\n<ul data-start=\"849\" data-end=\"928\">\n<li data-start=\"849\" data-end=\"876\">\n<p data-start=\"851\" data-end=\"876\">Material: h\u00e5llbart harts<\/p>\n<\/li>\n<li data-start=\"877\" data-end=\"894\">\n<p data-start=\"879\" data-end=\"894\">Sp\u00e4nning: 110V<\/p>\n<\/li>\n<li data-start=\"895\" data-end=\"911\">\n<p data-start=\"897\" data-end=\"911\">Vikt: 360g<\/p>\n<\/li>\n<li data-start=\"895\" data-end=\"911\">EU-kontakt<\/li>\n<\/ul>\n<h2 style=\"text-align: center\" data-start=\"930\" data-end=\"954\">\ud83d\udce6 Paketet Inneh\u00e5ller<\/h2>\n<ul data-start=\"955\" data-end=\"998\">\n<li data-start=\"955\" data-end=\"998\">\n<p data-start=\"957\" data-end=\"998\">1x nattlampa.<\/p>\n<\/li>\n<\/ul>\n","protected":false},"excerpt":{"rendered":"<p>\ud83d\udc7b Mys Med Sp\u00f6klik S\u00f6tma! Dessa bed\u00e5rande nattlampor (sm\u00e5 sp\u00f6ken) rostar marshmallows \u00f6ver en gl\u00f6dande l\u00e4gereld &#8211; och de \u00e4r [&hellip;]<\/p>\n","protected":false},"featured_media":34604,"comment_status":"open","ping_status":"closed","template":"","meta":{"site-sidebar-layout":"default","site-content-layout":"","ast-site-content-layout":"default","site-content-style":"default","site-sidebar-style":"default","ast-global-header-display":"","ast-banner-title-visibility":"","ast-main-header-display":"","ast-hfb-above-header-display":"","ast-hfb-below-header-display":"","ast-hfb-mobile-header-display":"","site-post-title":"","ast-breadcrumbs-content":"","ast-featured-img":"","footer-sml-layout":"","theme-transparent-header-meta":"default","adv-header-id-meta":"","stick-header-meta":"","header-above-stick-meta":"","header-main-stick-meta":"","header-below-stick-meta":"","astra-migrate-meta-layouts":"set","ast-page-background-enabled":"default","ast-page-background-meta":{"desktop":{"background-color":"var(--ast-global-color-4)","background-image":"","background-repeat":"repeat","background-position":"center center","background-size":"auto","background-attachment":"scroll","background-type":"","background-media":"","overlay-type":"","overlay-color":"","overlay-opacity":"","overlay-gradient":""},"tablet":{"background-color":"","background-image":"","background-repeat":"repeat","background-position":"center center","background-size":"auto","background-attachment":"scroll","background-type":"","background-media":"","overlay-type":"","overlay-color":"","overlay-opacity":"","overlay-gradient":""},"mobile":{"background-color":"","background-image":"","background-repeat":"repeat","background-position":"center center","background-size":"auto","background-attachment":"scroll","background-type":"","background-media":"","overlay-type":"","overlay-color":"","overlay-opacity":"","overlay-gradient":""}},"ast-content-background-meta":{"desktop":{"background-color":"var(--ast-global-color-5)","background-image":"","background-repeat":"repeat","background-position":"center center","background-size":"auto","background-attachment":"scroll","background-type":"","background-media":"","overlay-type":"","overlay-color":"","overlay-opacity":"","overlay-gradient":""},"tablet":{"background-color":"var(--ast-global-color-5)","background-image":"","background-repeat":"repeat","background-position":"center center","background-size":"auto","background-attachment":"scroll","background-type":"","background-media":"","overlay-type":"","overlay-color":"","overlay-opacity":"","overlay-gradient":""},"mobile":{"background-color":"var(--ast-global-color-5)","background-image":"","background-repeat":"repeat","background-position":"center center","background-size":"auto","background-attachment":"scroll","background-type":"","background-media":"","overlay-type":"","overlay-color":"","overlay-opacity":"","overlay-gradient":""}}},"product_brand":[],"product_cat":[1001],"product_tag":[],"class_list":{"0":"post-34608","1":"product","2":"type-product","3":"status-publish","4":"has-post-thumbnail","6":"product_cat-household-goods","7":"pa_23389_r3wvplwv-gul","8":"pa_23389_r3wvplwv-vit","9":"desktop-align-left","10":"tablet-align-left","11":"mobile-align-left","13":"first","14":"instock","15":"shipping-taxable","16":"purchasable","17":"product-type-variable"},"_links":{"self":[{"href":"https:\/\/keluvo.com\/se\/wp-json\/wp\/v2\/product\/34608","targetHints":{"allow":["GET"]}}],"collection":[{"href":"https:\/\/keluvo.com\/se\/wp-json\/wp\/v2\/product"}],"about":[{"href":"https:\/\/keluvo.com\/se\/wp-json\/wp\/v2\/types\/product"}],"replies":[{"embeddable":true,"href":"https:\/\/keluvo.com\/se\/wp-json\/wp\/v2\/comments?post=34608"}],"wp:featuredmedia":[{"embeddable":true,"href":"https:\/\/keluvo.com\/se\/wp-json\/wp\/v2\/media\/34604"}],"wp:attachment":[{"href":"https:\/\/keluvo.com\/se\/wp-json\/wp\/v2\/media?parent=34608"}],"wp:term":[{"taxonomy":"product_brand","embeddable":true,"href":"https:\/\/keluvo.com\/se\/wp-json\/wp\/v2\/product_brand?post=34608"},{"taxonomy":"product_cat","embeddable":true,"href":"https:\/\/keluvo.com\/se\/wp-json\/wp\/v2\/product_cat?post=34608"},{"taxonomy":"product_tag","embeddable":true,"href":"https:\/\/keluvo.com\/se\/wp-json\/wp\/v2\/product_tag?post=34608"}],"curies":[{"name":"wp","href":"https:\/\/api.w.org\/{rel}","templated":true}]}}