{"id":34595,"date":"2025-09-19T13:49:31","date_gmt":"2025-09-19T10:49:31","guid":{"rendered":"https:\/\/keluvo.com\/se\/product\/planteringskarl\/"},"modified":"2025-09-19T13:49:35","modified_gmt":"2025-09-19T10:49:35","slug":"planteringskarl","status":"publish","type":"product","link":"https:\/\/keluvo.com\/se\/product\/planteringskarl\/","title":{"rendered":"Planteringsk\u00e4rl"},"content":{"rendered":"<p style=\"text-align: center\" data-start=\"70\" data-end=\"108\"><strong>\ud83d\udc31 Ge Dina V\u00e4xter En Lekfull Touch!<\/strong><\/p>\n<p style=\"text-align: center\" data-start=\"110\" data-end=\"336\">Dessa bed\u00e5rande kattformade planteringskrukor \u00e4r det <em data-start=\"153\" data-end=\"164\">perfekta<\/em> s\u00e4ttet att lysa upp ditt utrymme och samtidigt visa upp dina favoritv\u00e4xter. De \u00e4r handgjorda med k\u00e4rlek och charm och g\u00f6r att varje hylla, skrivbord eller f\u00f6nsterbr\u00e4da k\u00e4nns roligare och mer full av liv.<\/p>\n<p data-start=\"110\" data-end=\"336\"><img decoding=\"async\" class=\"size-full wp-image-27891 aligncenter\" src=\"https:\/\/keluvo.com\/template\/wp-content\/uploads\/sites\/5\/2025\/07\/3OElfGkEEtBt5Mw6z3Bz.jpg\" alt=\"\" \/><\/p>\n<h2 style=\"text-align: center\" data-start=\"338\" data-end=\"359\">\ud83c\udf3f Huvudf\u00f6rdelar<\/h2>\n<p data-start=\"362\" data-end=\"417\">\ud83d\ude3b Finurlig kattdesign som ger gl\u00e4dje \u00e5t din inredning<\/p>\n<p data-start=\"420\" data-end=\"470\">\ud83e\udeb4 Perfekt f\u00f6r suckulenter, \u00f6rter eller sm\u00e5 blommor<\/p>\n<p data-start=\"473\" data-end=\"525\">\ud83d\udca7 V\u00e4derbest\u00e4ndig f\u00f6r b\u00e5de inomhus- och utomhusbruk<\/p>\n<p data-start=\"528\" data-end=\"580\">\ud83c\udf81 Perfekt present till katt\u00e4lskare och v\u00e4xter enthusiasts<\/p>\n<p data-start=\"583\" data-end=\"634\">\ud83d\udd90\ufe0f Handgjord av h\u00f6gkvalitativa, h\u00e5llbara material<\/p>\n<p data-start=\"583\" data-end=\"634\"><img decoding=\"async\" class=\"size-full wp-image-27890 aligncenter\" src=\"https:\/\/keluvo.com\/template\/wp-content\/uploads\/sites\/5\/2025\/07\/QW6s7AOIzLnuJY3XG20Z.jpg\" alt=\"\" \/><\/p>\n<h2 style=\"text-align: center\" data-start=\"636\" data-end=\"654\">\ud83d\udccc Hur Man Anv\u00e4nder<\/h2>\n<ol data-start=\"655\" data-end=\"793\">\n<li data-start=\"655\" data-end=\"708\">\n<p data-start=\"658\" data-end=\"708\">Fyll med din lilla favoritv\u00e4xt eller suckulent.<\/p>\n<\/li>\n<li data-start=\"709\" data-end=\"754\">\n<p data-start=\"712\" data-end=\"754\">Placera p\u00e5 skrivbordet, hyllan eller f\u00f6nsterbr\u00e4dan.<\/p>\n<\/li>\n<li data-start=\"755\" data-end=\"793\">\n<p data-start=\"758\" data-end=\"793\">Njut av de glada vibbarna hela dagen!<\/p>\n<\/li>\n<\/ol>\n<h2 style=\"text-align: center\" data-start=\"795\" data-end=\"818\">\ud83d\udcd0 Produktdetaljer<\/h2>\n<ul data-start=\"819\" data-end=\"960\">\n<li data-start=\"866\" data-end=\"912\">\n<p data-start=\"868\" data-end=\"912\">Passar f\u00f6r jord, sm\u00e5sten eller konstgjorda v\u00e4xter<\/p>\n<\/li>\n<li data-start=\"913\" data-end=\"960\">\n<p data-start=\"915\" data-end=\"960\">L\u00e4tt men robust keramikkonstruktion<\/p>\n<\/li>\n<\/ul>\n<h2 style=\"text-align: center\" data-start=\"962\" data-end=\"986\">\ud83d\udce6 F\u00f6rpackningen Inneh\u00e5ller<\/h2>\n<ul data-start=\"987\" data-end=\"1047\">\n<li data-start=\"987\" data-end=\"1047\">\n<p data-start=\"989\" data-end=\"1047\">1x planteringskruka.<\/p>\n<\/li>\n<\/ul>\n","protected":false},"excerpt":{"rendered":"<p>\ud83d\udc31 Ge Dina V\u00e4xter En Lekfull Touch! Dessa bed\u00e5rande kattformade planteringskrukor \u00e4r det perfekta s\u00e4ttet att lysa upp ditt utrymme [&hellip;]<\/p>\n","protected":false},"featured_media":34591,"comment_status":"open","ping_status":"closed","template":"","meta":{"site-sidebar-layout":"default","site-content-layout":"","ast-site-content-layout":"default","site-content-style":"default","site-sidebar-style":"default","ast-global-header-display":"","ast-banner-title-visibility":"","ast-main-header-display":"","ast-hfb-above-header-display":"","ast-hfb-below-header-display":"","ast-hfb-mobile-header-display":"","site-post-title":"","ast-breadcrumbs-content":"","ast-featured-img":"","footer-sml-layout":"","theme-transparent-header-meta":"default","adv-header-id-meta":"","stick-header-meta":"","header-above-stick-meta":"","header-main-stick-meta":"","header-below-stick-meta":"","astra-migrate-meta-layouts":"set","ast-page-background-enabled":"default","ast-page-background-meta":{"desktop":{"background-color":"var(--ast-global-color-4)","background-image":"","background-repeat":"repeat","background-position":"center center","background-size":"auto","background-attachment":"scroll","background-type":"","background-media":"","overlay-type":"","overlay-color":"","overlay-opacity":"","overlay-gradient":""},"tablet":{"background-color":"","background-image":"","background-repeat":"repeat","background-position":"center center","background-size":"auto","background-attachment":"scroll","background-type":"","background-media":"","overlay-type":"","overlay-color":"","overlay-opacity":"","overlay-gradient":""},"mobile":{"background-color":"","background-image":"","background-repeat":"repeat","background-position":"center center","background-size":"auto","background-attachment":"scroll","background-type":"","background-media":"","overlay-type":"","overlay-color":"","overlay-opacity":"","overlay-gradient":""}},"ast-content-background-meta":{"desktop":{"background-color":"var(--ast-global-color-5)","background-image":"","background-repeat":"repeat","background-position":"center center","background-size":"auto","background-attachment":"scroll","background-type":"","background-media":"","overlay-type":"","overlay-color":"","overlay-opacity":"","overlay-gradient":""},"tablet":{"background-color":"var(--ast-global-color-5)","background-image":"","background-repeat":"repeat","background-position":"center center","background-size":"auto","background-attachment":"scroll","background-type":"","background-media":"","overlay-type":"","overlay-color":"","overlay-opacity":"","overlay-gradient":""},"mobile":{"background-color":"var(--ast-global-color-5)","background-image":"","background-repeat":"repeat","background-position":"center center","background-size":"auto","background-attachment":"scroll","background-type":"","background-media":"","overlay-type":"","overlay-color":"","overlay-opacity":"","overlay-gradient":""}}},"product_brand":[],"product_cat":[1001],"product_tag":[],"class_list":{"0":"post-34595","1":"product","2":"type-product","3":"status-publish","4":"has-post-thumbnail","6":"product_cat-household-goods","7":"pa_31371_arfmw562-a","8":"pa_31371_arfmw562-b","9":"desktop-align-left","10":"tablet-align-left","11":"mobile-align-left","13":"first","14":"instock","15":"shipping-taxable","16":"purchasable","17":"product-type-variable"},"_links":{"self":[{"href":"https:\/\/keluvo.com\/se\/wp-json\/wp\/v2\/product\/34595","targetHints":{"allow":["GET"]}}],"collection":[{"href":"https:\/\/keluvo.com\/se\/wp-json\/wp\/v2\/product"}],"about":[{"href":"https:\/\/keluvo.com\/se\/wp-json\/wp\/v2\/types\/product"}],"replies":[{"embeddable":true,"href":"https:\/\/keluvo.com\/se\/wp-json\/wp\/v2\/comments?post=34595"}],"wp:featuredmedia":[{"embeddable":true,"href":"https:\/\/keluvo.com\/se\/wp-json\/wp\/v2\/media\/34591"}],"wp:attachment":[{"href":"https:\/\/keluvo.com\/se\/wp-json\/wp\/v2\/media?parent=34595"}],"wp:term":[{"taxonomy":"product_brand","embeddable":true,"href":"https:\/\/keluvo.com\/se\/wp-json\/wp\/v2\/product_brand?post=34595"},{"taxonomy":"product_cat","embeddable":true,"href":"https:\/\/keluvo.com\/se\/wp-json\/wp\/v2\/product_cat?post=34595"},{"taxonomy":"product_tag","embeddable":true,"href":"https:\/\/keluvo.com\/se\/wp-json\/wp\/v2\/product_tag?post=34595"}],"curies":[{"name":"wp","href":"https:\/\/api.w.org\/{rel}","templated":true}]}}