{"id":34543,"date":"2025-09-19T13:47:10","date_gmt":"2025-09-19T10:47:10","guid":{"rendered":"https:\/\/keluvo.com\/se\/product\/luftfuktare\/"},"modified":"2025-09-19T13:47:15","modified_gmt":"2025-09-19T10:47:15","slug":"luftfuktare","status":"publish","type":"product","link":"https:\/\/keluvo.com\/se\/product\/luftfuktare\/","title":{"rendered":"Luftfuktare"},"content":{"rendered":"<p style=\"text-align: center\" data-start=\"101\" data-end=\"151\"><strong>\ud83d\udca7 F\u00e5 torr luft att f\u00f6rsvinna &#8211; med en gnutta magi!<\/strong><\/p>\n<p style=\"text-align: center\" data-start=\"153\" data-end=\"389\">Denna unika luftfuktare \u00e5terfuktar inte bara ditt utrymme &#8211; den f\u00e5r \u00e4ven vattendropparna att sv\u00e4va f\u00f6r att skapa en fantastisk visuell effekt samtidigt som luftkvaliteten f\u00f6rb\u00e4ttras. S\u00e4g adj\u00f6 till torr hud, irriterade bih\u00e5lor och tr\u00e5kiga luftfuktare.<\/p>\n<p data-start=\"153\" data-end=\"389\"><img decoding=\"async\" class=\"size-full wp-image-27841 aligncenter\" src=\"https:\/\/keluvo.com\/template\/wp-content\/uploads\/sites\/5\/2025\/07\/giphy_23e55794-3e27-4981-a114-ead9f8ddb4ba_480x480.webp\" alt=\"\" \/><\/p>\n<h2 style=\"text-align: center\" data-start=\"391\" data-end=\"411\"><strong>\u2728 Main Benefits<\/strong><\/h2>\n<p data-start=\"414\" data-end=\"463\">\ud83c\udf2b\ufe0f H\u00e5ller luften frisk och huden \u00e5terfuktad<\/p>\n<p data-start=\"466\" data-end=\"515\">\ud83c\udf00 Cool antigravitationsdesign som \u00e4r rolig att titta p\u00e5<\/p>\n<p data-start=\"518\" data-end=\"572\">\ud83c\udf3f Hj\u00e4lper mot allergier, torrhosta och bih\u00e5leproblem<\/p>\n<p data-start=\"575\" data-end=\"619\">\ud83d\udd07 Ultratyst &#8211; perfekt f\u00f6r s\u00f6mn eller arbete<\/p>\n<p data-start=\"622\" data-end=\"659\">\ud83d\udca1 Kan \u00e4ven anv\u00e4ndas som en snygg inredningsdetalj<\/p>\n<p data-start=\"622\" data-end=\"659\"><img decoding=\"async\" class=\"size-full wp-image-27842 aligncenter\" src=\"https:\/\/keluvo.com\/template\/wp-content\/uploads\/sites\/5\/2025\/07\/INTUITYVUSVALDYMASVIENUPRISILIETIMU_22638fc3-a6e2-4db9-b07b-b037847ef88a.jpg\" alt=\"\" \/><\/p>\n<h2 style=\"text-align: center\" data-start=\"661\" data-end=\"679\"><strong>\ud83d\udccc Hur Man Anv\u00e4nder<\/strong><\/h2>\n<ol data-start=\"680\" data-end=\"802\">\n<li data-start=\"680\" data-end=\"712\">\n<p data-start=\"683\" data-end=\"712\">Fyll p\u00e5 rent vatten i tanken.<\/p>\n<\/li>\n<li data-start=\"713\" data-end=\"746\">\n<p data-start=\"716\" data-end=\"746\">Anslut och tryck p\u00e5 knappen.<\/p>\n<\/li>\n<li data-start=\"747\" data-end=\"802\">\n<p data-start=\"750\" data-end=\"802\">njut av den svala dimman och de fascinerande flytande dropparna.<\/p>\n<\/li>\n<\/ol>\n<h2 style=\"text-align: center\" data-start=\"804\" data-end=\"827\"><strong>\ud83d\udcd0 Produktdetaljer<\/strong><\/h2>\n<ul data-start=\"828\" data-end=\"916\">\n<li data-start=\"828\" data-end=\"843\">\n<p data-start=\"830\" data-end=\"843\">USB-driven<\/p>\n<\/li>\n<li data-start=\"844\" data-end=\"868\">\n<p data-start=\"846\" data-end=\"868\">Kompakt och b\u00e4rbar<\/p>\n<\/li>\n<li data-start=\"869\" data-end=\"916\">\n<p data-start=\"871\" data-end=\"916\">S\u00e4ker f\u00f6r sovrum, kontor och barnrum<\/p>\n<\/li>\n<\/ul>\n<h2 style=\"text-align: center\" data-start=\"918\" data-end=\"942\"><strong>\ud83d\udce6 Paketet Inneh\u00e5ller<\/strong><\/h2>\n<ul data-start=\"943\" data-end=\"1009\">\n<li data-start=\"943\" data-end=\"973\">\n<p data-start=\"945\" data-end=\"973\">1x luftfuktare<\/p>\n<\/li>\n<li data-start=\"974\" data-end=\"990\">\n<p data-start=\"976\" data-end=\"990\">1x USB-kabel<\/p>\n<\/li>\n<li data-start=\"991\" data-end=\"1009\">\n<p data-start=\"993\" data-end=\"1009\">1x anv\u00e4ndarhandbok.<\/p>\n<\/li>\n<\/ul>\n","protected":false},"excerpt":{"rendered":"<p>\ud83d\udca7 F\u00e5 torr luft att f\u00f6rsvinna &#8211; med en gnutta magi! Denna unika luftfuktare \u00e5terfuktar inte bara ditt utrymme &#8211; [&hellip;]<\/p>\n","protected":false},"featured_media":34539,"comment_status":"open","ping_status":"closed","template":"","meta":{"site-sidebar-layout":"default","site-content-layout":"","ast-site-content-layout":"default","site-content-style":"default","site-sidebar-style":"default","ast-global-header-display":"","ast-banner-title-visibility":"","ast-main-header-display":"","ast-hfb-above-header-display":"","ast-hfb-below-header-display":"","ast-hfb-mobile-header-display":"","site-post-title":"","ast-breadcrumbs-content":"","ast-featured-img":"","footer-sml-layout":"","theme-transparent-header-meta":"default","adv-header-id-meta":"","stick-header-meta":"","header-above-stick-meta":"","header-main-stick-meta":"","header-below-stick-meta":"","astra-migrate-meta-layouts":"set","ast-page-background-enabled":"default","ast-page-background-meta":{"desktop":{"background-color":"var(--ast-global-color-4)","background-image":"","background-repeat":"repeat","background-position":"center center","background-size":"auto","background-attachment":"scroll","background-type":"","background-media":"","overlay-type":"","overlay-color":"","overlay-opacity":"","overlay-gradient":""},"tablet":{"background-color":"","background-image":"","background-repeat":"repeat","background-position":"center center","background-size":"auto","background-attachment":"scroll","background-type":"","background-media":"","overlay-type":"","overlay-color":"","overlay-opacity":"","overlay-gradient":""},"mobile":{"background-color":"","background-image":"","background-repeat":"repeat","background-position":"center center","background-size":"auto","background-attachment":"scroll","background-type":"","background-media":"","overlay-type":"","overlay-color":"","overlay-opacity":"","overlay-gradient":""}},"ast-content-background-meta":{"desktop":{"background-color":"var(--ast-global-color-5)","background-image":"","background-repeat":"repeat","background-position":"center center","background-size":"auto","background-attachment":"scroll","background-type":"","background-media":"","overlay-type":"","overlay-color":"","overlay-opacity":"","overlay-gradient":""},"tablet":{"background-color":"var(--ast-global-color-5)","background-image":"","background-repeat":"repeat","background-position":"center center","background-size":"auto","background-attachment":"scroll","background-type":"","background-media":"","overlay-type":"","overlay-color":"","overlay-opacity":"","overlay-gradient":""},"mobile":{"background-color":"var(--ast-global-color-5)","background-image":"","background-repeat":"repeat","background-position":"center center","background-size":"auto","background-attachment":"scroll","background-type":"","background-media":"","overlay-type":"","overlay-color":"","overlay-opacity":"","overlay-gradient":""}}},"product_brand":[],"product_cat":[1001,991],"product_tag":[],"class_list":{"0":"post-34543","1":"product","2":"type-product","3":"status-publish","4":"has-post-thumbnail","6":"product_cat-household-goods","7":"product_cat-health-care-supplies","8":"pa_23946_knja2g37-gron","9":"pa_23946_knja2g37-vit","10":"desktop-align-left","11":"tablet-align-left","12":"mobile-align-left","14":"first","15":"instock","16":"shipping-taxable","17":"purchasable","18":"product-type-variable"},"_links":{"self":[{"href":"https:\/\/keluvo.com\/se\/wp-json\/wp\/v2\/product\/34543","targetHints":{"allow":["GET"]}}],"collection":[{"href":"https:\/\/keluvo.com\/se\/wp-json\/wp\/v2\/product"}],"about":[{"href":"https:\/\/keluvo.com\/se\/wp-json\/wp\/v2\/types\/product"}],"replies":[{"embeddable":true,"href":"https:\/\/keluvo.com\/se\/wp-json\/wp\/v2\/comments?post=34543"}],"wp:featuredmedia":[{"embeddable":true,"href":"https:\/\/keluvo.com\/se\/wp-json\/wp\/v2\/media\/34539"}],"wp:attachment":[{"href":"https:\/\/keluvo.com\/se\/wp-json\/wp\/v2\/media?parent=34543"}],"wp:term":[{"taxonomy":"product_brand","embeddable":true,"href":"https:\/\/keluvo.com\/se\/wp-json\/wp\/v2\/product_brand?post=34543"},{"taxonomy":"product_cat","embeddable":true,"href":"https:\/\/keluvo.com\/se\/wp-json\/wp\/v2\/product_cat?post=34543"},{"taxonomy":"product_tag","embeddable":true,"href":"https:\/\/keluvo.com\/se\/wp-json\/wp\/v2\/product_tag?post=34543"}],"curies":[{"name":"wp","href":"https:\/\/api.w.org\/{rel}","templated":true}]}}