{"id":34388,"date":"2025-09-18T19:25:54","date_gmt":"2025-09-18T16:25:54","guid":{"rendered":"https:\/\/keluvo.com\/se\/product\/bitar-for-skruvmejsel\/"},"modified":"2025-09-19T18:13:21","modified_gmt":"2025-09-19T15:13:21","slug":"bitar-for-skruvmejsel","status":"publish","type":"product","link":"https:\/\/keluvo.com\/se\/product\/bitar-for-skruvmejsel\/","title":{"rendered":"Bitar f\u00f6r skruvmejsel"},"content":{"rendered":"<p style=\"text-align: center\" data-start=\"75\" data-end=\"314\"><strong>\ud83e\uddf2 Den Ultimata Skruvmejselbitsatsen Som Varje Verktygsl\u00e5da Beh\u00f6ver<\/strong><\/p>\n<p style=\"text-align: center\" data-start=\"75\" data-end=\"314\">Den h\u00e4r magnetiska bitsatsen med 8 delar g\u00f6r skruvning, borrning och fixering snabbare och enklare &#8211; med starka magnetiska spetsar som h\u00e5ller skruvarna p\u00e5 plats och f\u00f6rl\u00e4ngd l\u00e4ngd f\u00f6r sv\u00e5r\u00e5tkomliga st\u00e4llen. Byggd f\u00f6r att klara alla jobb, stora som sm\u00e5!<\/p>\n<p data-start=\"75\" data-end=\"314\"><img decoding=\"async\" class=\"size-full wp-image-26150 aligncenter\" src=\"https:\/\/keluvo.com\/template\/wp-content\/uploads\/sites\/5\/2025\/07\/07021-ezgif.com-video-to-webp-converter.webp\" alt=\"\" \/><\/p>\n<h2 style=\"text-align: center\" data-start=\"356\" data-end=\"377\">\u2728 Huvudf\u00f6rdelar<\/h2>\n<p data-start=\"380\" data-end=\"432\">\ud83e\uddf2 Magnetiska spetsar f\u00f6r s\u00e4ker och halkfri skruvh\u00e5llning<\/p>\n<p data-start=\"435\" data-end=\"481\">\ud83e\ude9b Extra l\u00e5ng design f\u00f6r sv\u00e5r\u00e5tkomliga st\u00e4llen areas<\/p>\n<p data-start=\"484\" data-end=\"530\">\ud83d\udee0\ufe0f Slitstarkt legerat st\u00e5l f\u00f6r l\u00e5ngvarig anv\u00e4ndning<\/p>\n<p data-start=\"533\" data-end=\"590\">\ud83d\udd04 Kompatibel med alla vanliga borrar och skruvmejslar<\/p>\n<p data-start=\"593\" data-end=\"638\">\ud83d\udce6 Levereras i ett kompakt fodral f\u00f6r enkel f\u00f6rvaring<\/p>\n<p><img decoding=\"async\" class=\"size-full wp-image-26154\" src=\"https:\/\/keluvo.com\/template\/wp-content\/uploads\/sites\/5\/2025\/07\/Zestaw-Bitow-Magnetycznych-8szt-Dlugie-Bity-XXL-Wkretaki-Srubokrety-PH2.jpeg\" alt=\"\" \/><\/p>\n<h2 style=\"text-align: center\" data-start=\"640\" data-end=\"659\">\ud83d\udd27 Hur Man Anv\u00e4nder<\/h2>\n<ol data-start=\"660\" data-end=\"834\">\n<li data-start=\"660\" data-end=\"707\">\n<p data-start=\"663\" data-end=\"707\">F\u00e4st en bits p\u00e5 skruvmejseln eller borren.<\/p>\n<\/li>\n<li data-start=\"708\" data-end=\"770\">\n<p data-start=\"711\" data-end=\"770\">Dra in skruvar rent, \u00e4ven i knepiga vinklar eller p\u00e5 djupa st\u00e4llen.<\/p>\n<\/li>\n<\/ol>\n<h2 style=\"text-align: center\" data-start=\"836\" data-end=\"863\">\ud83d\udccf Satsen Inneh\u00e5ller Storlekarna<\/h2>\n<ul data-start=\"864\" data-end=\"988\">\n<li data-start=\"864\" data-end=\"878\">\n<p data-start=\"866\" data-end=\"878\">PH2 x 50mm<\/p>\n<\/li>\n<li data-start=\"879\" data-end=\"893\">\n<p data-start=\"881\" data-end=\"893\">PH2 x 65mm<\/p>\n<\/li>\n<li data-start=\"894\" data-end=\"908\">\n<p data-start=\"896\" data-end=\"908\">PH2 x 80mm<\/p>\n<\/li>\n<li data-start=\"909\" data-end=\"924\">\n<p data-start=\"911\" data-end=\"924\">PH2 x 100mm<\/p>\n<\/li>\n<li data-start=\"925\" data-end=\"940\">\n<p data-start=\"927\" data-end=\"940\">PH2 x 120mm<\/p>\n<\/li>\n<li data-start=\"941\" data-end=\"956\">\n<p data-start=\"943\" data-end=\"956\">PH2 x 150mm<\/p>\n<\/li>\n<li data-start=\"957\" data-end=\"972\">\n<p data-start=\"959\" data-end=\"972\">PH2 x 200mm<\/p>\n<\/li>\n<li data-start=\"973\" data-end=\"988\">\n<p data-start=\"975\" data-end=\"988\">PH2 x 250mm<\/p>\n<\/li>\n<\/ul>\n<h2 style=\"text-align: center\" data-start=\"990\" data-end=\"1015\">\ud83d\udce6 F\u00f6rpackningen Inneh\u00e5ller<\/h2>\n<ul data-start=\"1016\" data-end=\"1066\">\n<li data-start=\"1016\" data-end=\"1048\">\n<p data-start=\"1018\" data-end=\"1048\">8x magnetiska skruvmejselbits<\/p>\n<\/li>\n<li data-start=\"1049\" data-end=\"1066\">\n<p data-start=\"1051\" data-end=\"1066\">1x f\u00f6rvaringsv\u00e4ska.<\/p>\n<\/li>\n<\/ul>\n","protected":false},"excerpt":{"rendered":"<p>\ud83e\uddf2 Den Ultimata Skruvmejselbitsatsen Som Varje Verktygsl\u00e5da Beh\u00f6ver Den h\u00e4r magnetiska bitsatsen med 8 delar g\u00f6r skruvning, borrning och fixering [&hellip;]<\/p>\n","protected":false},"featured_media":34384,"comment_status":"open","ping_status":"closed","template":"","meta":{"site-sidebar-layout":"default","site-content-layout":"","ast-site-content-layout":"default","site-content-style":"default","site-sidebar-style":"default","ast-global-header-display":"","ast-banner-title-visibility":"","ast-main-header-display":"","ast-hfb-above-header-display":"","ast-hfb-below-header-display":"","ast-hfb-mobile-header-display":"","site-post-title":"","ast-breadcrumbs-content":"","ast-featured-img":"","footer-sml-layout":"","theme-transparent-header-meta":"default","adv-header-id-meta":"","stick-header-meta":"","header-above-stick-meta":"","header-main-stick-meta":"","header-below-stick-meta":"","astra-migrate-meta-layouts":"set","ast-page-background-enabled":"default","ast-page-background-meta":{"desktop":{"background-color":"var(--ast-global-color-4)","background-image":"","background-repeat":"repeat","background-position":"center center","background-size":"auto","background-attachment":"scroll","background-type":"","background-media":"","overlay-type":"","overlay-color":"","overlay-opacity":"","overlay-gradient":""},"tablet":{"background-color":"","background-image":"","background-repeat":"repeat","background-position":"center center","background-size":"auto","background-attachment":"scroll","background-type":"","background-media":"","overlay-type":"","overlay-color":"","overlay-opacity":"","overlay-gradient":""},"mobile":{"background-color":"","background-image":"","background-repeat":"repeat","background-position":"center center","background-size":"auto","background-attachment":"scroll","background-type":"","background-media":"","overlay-type":"","overlay-color":"","overlay-opacity":"","overlay-gradient":""}},"ast-content-background-meta":{"desktop":{"background-color":"var(--ast-global-color-5)","background-image":"","background-repeat":"repeat","background-position":"center center","background-size":"auto","background-attachment":"scroll","background-type":"","background-media":"","overlay-type":"","overlay-color":"","overlay-opacity":"","overlay-gradient":""},"tablet":{"background-color":"var(--ast-global-color-5)","background-image":"","background-repeat":"repeat","background-position":"center center","background-size":"auto","background-attachment":"scroll","background-type":"","background-media":"","overlay-type":"","overlay-color":"","overlay-opacity":"","overlay-gradient":""},"mobile":{"background-color":"var(--ast-global-color-5)","background-image":"","background-repeat":"repeat","background-position":"center center","background-size":"auto","background-attachment":"scroll","background-type":"","background-media":"","overlay-type":"","overlay-color":"","overlay-opacity":"","overlay-gradient":""}}},"product_brand":[],"product_cat":[996],"product_tag":[],"class_list":{"0":"post-34388","1":"product","2":"type-product","3":"status-publish","4":"has-post-thumbnail","6":"product_cat-tools","7":"desktop-align-left","8":"tablet-align-left","9":"mobile-align-left","11":"first","12":"instock","13":"shipping-taxable","14":"purchasable","15":"product-type-simple"},"_links":{"self":[{"href":"https:\/\/keluvo.com\/se\/wp-json\/wp\/v2\/product\/34388","targetHints":{"allow":["GET"]}}],"collection":[{"href":"https:\/\/keluvo.com\/se\/wp-json\/wp\/v2\/product"}],"about":[{"href":"https:\/\/keluvo.com\/se\/wp-json\/wp\/v2\/types\/product"}],"replies":[{"embeddable":true,"href":"https:\/\/keluvo.com\/se\/wp-json\/wp\/v2\/comments?post=34388"}],"wp:featuredmedia":[{"embeddable":true,"href":"https:\/\/keluvo.com\/se\/wp-json\/wp\/v2\/media\/34384"}],"wp:attachment":[{"href":"https:\/\/keluvo.com\/se\/wp-json\/wp\/v2\/media?parent=34388"}],"wp:term":[{"taxonomy":"product_brand","embeddable":true,"href":"https:\/\/keluvo.com\/se\/wp-json\/wp\/v2\/product_brand?post=34388"},{"taxonomy":"product_cat","embeddable":true,"href":"https:\/\/keluvo.com\/se\/wp-json\/wp\/v2\/product_cat?post=34388"},{"taxonomy":"product_tag","embeddable":true,"href":"https:\/\/keluvo.com\/se\/wp-json\/wp\/v2\/product_tag?post=34388"}],"curies":[{"name":"wp","href":"https:\/\/api.w.org\/{rel}","templated":true}]}}