{"id":34373,"date":"2025-09-18T19:25:00","date_gmt":"2025-09-18T16:25:00","guid":{"rendered":"https:\/\/keluvo.com\/se\/product\/fiskbete\/"},"modified":"2025-09-19T18:12:05","modified_gmt":"2025-09-19T15:12:05","slug":"fiskbete","status":"publish","type":"product","link":"https:\/\/keluvo.com\/se\/product\/fiskbete\/","title":{"rendered":"Fiskbete"},"content":{"rendered":"<p style=\"text-align: center\" data-start=\"87\" data-end=\"292\"><strong>\ud83c\udfa3 F\u00e5nga Mer Fisk, Snabbare\u2014Varje G\u00e5ng Du Kastar!<\/strong><\/p>\n<p style=\"text-align: center\" data-start=\"87\" data-end=\"292\">Denna kraftfulla naturliga fiskbetesv\u00e4tska lockar fisk direkt genom att stimulera deras lukt- och smaksinne, vilket f\u00e5r dem att bita och stanna l\u00e4ngre p\u00e5 kroken. Fungerar i s\u00f6tvatten eller saltvatten. Perfekt f\u00f6r nyb\u00f6rjare och proffs!<\/p>\n<p data-start=\"87\" data-end=\"292\"><img decoding=\"async\" class=\"size-full wp-image-26137 aligncenter\" src=\"https:\/\/keluvo.com\/template\/wp-content\/uploads\/sites\/5\/2025\/07\/0702-ezgif.com-video-to-webp-converter.webp\" alt=\"\" \/><\/p>\n<h2 style=\"text-align: center\" data-start=\"359\" data-end=\"380\">\u2728 Huvudf\u00f6rdelar<\/h2>\n<p data-start=\"383\" data-end=\"436\">\ud83d\udc1f \u00d6kar betets doft f\u00f6r att snabbt locka fisk<\/p>\n<p data-start=\"439\" data-end=\"495\">\ud83c\udf0a Fungerar f\u00f6r alla typer av fisk\u2014s\u00f6tvatten eller saltvatten<\/p>\n<p data-start=\"498\" data-end=\"538\">\ud83c\udf3f Tillverkad av s\u00e4kra, naturliga ingredienser<\/p>\n<p data-start=\"541\" data-end=\"592\">\ud83e\uddea Enkel att anv\u00e4nda med pellets, matbeten eller vatten<\/p>\n<p data-start=\"595\" data-end=\"647\">\u23f1 H\u00e5ller fisken n\u00e4ra kroken f\u00f6r l\u00e4ngre f\u00e5ngsttider<\/p>\n<p data-start=\"595\" data-end=\"647\"><img decoding=\"async\" class=\"size-full wp-image-26139 aligncenter\" src=\"https:\/\/keluvo.com\/template\/wp-content\/uploads\/sites\/5\/2025\/07\/5-600x600-1.jpeg\" alt=\"\" \/><\/p>\n<h2 style=\"text-align: center\" data-start=\"649\" data-end=\"668\">\ud83d\udd27 Hur Man Anv\u00e4nder<\/h2>\n<ol data-start=\"669\" data-end=\"810\">\n<li data-start=\"669\" data-end=\"718\">\n<p data-start=\"672\" data-end=\"718\">Utsp\u00e4d med vatten eller applicera direkt p\u00e5 betet.<\/p>\n<\/li>\n<li data-start=\"719\" data-end=\"769\">\n<p data-start=\"722\" data-end=\"769\">Kasta ut din lina och l\u00e5t doften g\u00f6ra jobbet.<\/p>\n<\/li>\n<li data-start=\"770\" data-end=\"810\">\n<p data-start=\"773\" data-end=\"810\">Dra in din f\u00e5ngst &#8211; om och om igen!<\/p>\n<\/li>\n<\/ol>\n<h2 style=\"text-align: center\" data-start=\"812\" data-end=\"836\">\ud83d\udccf Produktdetaljer<\/h2>\n<ul data-start=\"837\" data-end=\"990\">\n<li data-start=\"837\" data-end=\"853\">\n<p data-start=\"839\" data-end=\"853\">Volym: 60ml<\/p>\n<\/li>\n<li data-start=\"854\" data-end=\"903\">\n<p data-start=\"856\" data-end=\"903\">Anv\u00e4ndning: F\u00f6r alla typer av bete (pellets, mat, etc.)<\/p>\n<\/li>\n<li data-start=\"904\" data-end=\"947\">\n<p data-start=\"906\" data-end=\"947\">Ingredienser: Naturlig, fisks\u00e4ker formula<\/p>\n<\/li>\n<li data-start=\"948\" data-end=\"990\">\n<p data-start=\"950\" data-end=\"990\">S\u00e4ker f\u00f6r havs- och s\u00f6tvattensfiske<\/p>\n<\/li>\n<\/ul>\n<h2 style=\"text-align: center\" data-start=\"992\" data-end=\"1017\">\ud83d\udce6 F\u00f6rpackningen Inneh\u00e5ller<\/h2>\n<ul data-start=\"1018\" data-end=\"1056\">\n<li data-start=\"1018\" data-end=\"1056\">\n<p data-start=\"1020\" data-end=\"1056\">1, 3, 5x flaska fiskbete (60ml).<\/p>\n<\/li>\n<\/ul>\n","protected":false},"excerpt":{"rendered":"<p>\ud83c\udfa3 F\u00e5nga Mer Fisk, Snabbare\u2014Varje G\u00e5ng Du Kastar! Denna kraftfulla naturliga fiskbetesv\u00e4tska lockar fisk direkt genom att stimulera deras lukt- [&hellip;]<\/p>\n","protected":false},"featured_media":34369,"comment_status":"open","ping_status":"closed","template":"","meta":{"site-sidebar-layout":"default","site-content-layout":"","ast-site-content-layout":"default","site-content-style":"default","site-sidebar-style":"default","ast-global-header-display":"","ast-banner-title-visibility":"","ast-main-header-display":"","ast-hfb-above-header-display":"","ast-hfb-below-header-display":"","ast-hfb-mobile-header-display":"","site-post-title":"","ast-breadcrumbs-content":"","ast-featured-img":"","footer-sml-layout":"","theme-transparent-header-meta":"default","adv-header-id-meta":"","stick-header-meta":"","header-above-stick-meta":"","header-main-stick-meta":"","header-below-stick-meta":"","astra-migrate-meta-layouts":"set","ast-page-background-enabled":"default","ast-page-background-meta":{"desktop":{"background-color":"var(--ast-global-color-4)","background-image":"","background-repeat":"repeat","background-position":"center center","background-size":"auto","background-attachment":"scroll","background-type":"","background-media":"","overlay-type":"","overlay-color":"","overlay-opacity":"","overlay-gradient":""},"tablet":{"background-color":"","background-image":"","background-repeat":"repeat","background-position":"center center","background-size":"auto","background-attachment":"scroll","background-type":"","background-media":"","overlay-type":"","overlay-color":"","overlay-opacity":"","overlay-gradient":""},"mobile":{"background-color":"","background-image":"","background-repeat":"repeat","background-position":"center center","background-size":"auto","background-attachment":"scroll","background-type":"","background-media":"","overlay-type":"","overlay-color":"","overlay-opacity":"","overlay-gradient":""}},"ast-content-background-meta":{"desktop":{"background-color":"var(--ast-global-color-5)","background-image":"","background-repeat":"repeat","background-position":"center center","background-size":"auto","background-attachment":"scroll","background-type":"","background-media":"","overlay-type":"","overlay-color":"","overlay-opacity":"","overlay-gradient":""},"tablet":{"background-color":"var(--ast-global-color-5)","background-image":"","background-repeat":"repeat","background-position":"center center","background-size":"auto","background-attachment":"scroll","background-type":"","background-media":"","overlay-type":"","overlay-color":"","overlay-opacity":"","overlay-gradient":""},"mobile":{"background-color":"var(--ast-global-color-5)","background-image":"","background-repeat":"repeat","background-position":"center center","background-size":"auto","background-attachment":"scroll","background-type":"","background-media":"","overlay-type":"","overlay-color":"","overlay-opacity":"","overlay-gradient":""}}},"product_brand":[],"product_cat":[1000],"product_tag":[],"class_list":{"0":"post-34373","1":"product","2":"type-product","3":"status-publish","4":"has-post-thumbnail","6":"product_cat-hiking-camping-and-leisure-goods","7":"pa_28401_lpbj9i0q-1-st","8":"pa_28401_lpbj9i0q-3-st","9":"pa_28401_lpbj9i0q-5-st","10":"desktop-align-left","11":"tablet-align-left","12":"mobile-align-left","14":"first","15":"instock","16":"shipping-taxable","17":"purchasable","18":"product-type-variable"},"_links":{"self":[{"href":"https:\/\/keluvo.com\/se\/wp-json\/wp\/v2\/product\/34373","targetHints":{"allow":["GET"]}}],"collection":[{"href":"https:\/\/keluvo.com\/se\/wp-json\/wp\/v2\/product"}],"about":[{"href":"https:\/\/keluvo.com\/se\/wp-json\/wp\/v2\/types\/product"}],"replies":[{"embeddable":true,"href":"https:\/\/keluvo.com\/se\/wp-json\/wp\/v2\/comments?post=34373"}],"wp:featuredmedia":[{"embeddable":true,"href":"https:\/\/keluvo.com\/se\/wp-json\/wp\/v2\/media\/34369"}],"wp:attachment":[{"href":"https:\/\/keluvo.com\/se\/wp-json\/wp\/v2\/media?parent=34373"}],"wp:term":[{"taxonomy":"product_brand","embeddable":true,"href":"https:\/\/keluvo.com\/se\/wp-json\/wp\/v2\/product_brand?post=34373"},{"taxonomy":"product_cat","embeddable":true,"href":"https:\/\/keluvo.com\/se\/wp-json\/wp\/v2\/product_cat?post=34373"},{"taxonomy":"product_tag","embeddable":true,"href":"https:\/\/keluvo.com\/se\/wp-json\/wp\/v2\/product_tag?post=34373"}],"curies":[{"name":"wp","href":"https:\/\/api.w.org\/{rel}","templated":true}]}}