{"id":34330,"date":"2025-09-18T19:22:27","date_gmt":"2025-09-18T16:22:27","guid":{"rendered":"https:\/\/keluvo.com\/se\/product\/resvaska-2\/"},"modified":"2025-09-18T19:22:40","modified_gmt":"2025-09-18T16:22:40","slug":"resvaska-2","status":"publish","type":"product","link":"https:\/\/keluvo.com\/se\/product\/resvaska-2\/","title":{"rendered":"Resv\u00e4ska"},"content":{"rendered":"<p style=\"text-align: center\" data-start=\"69\" data-end=\"240\"><strong>\ud83d\udc5c Den Perfekta V\u00e4skan F\u00f6r Resor, Arbete Eller Vardagsliv!<\/strong><\/p>\n<p style=\"text-align: center\" data-start=\"69\" data-end=\"240\">Denna snygga och rymliga resv\u00e4ska f\u00f6r kvinnor rymmer alla dina dagliga m\u00e5sten &#8211; utan att kompromissa med komfort eller stil. Oavsett om du \u00e4r p\u00e5 v\u00e4g p\u00e5 en weekendresa eller bara g\u00f6r \u00e4renden, har den h\u00e4r v\u00e4skan din rygg.<\/p>\n<p data-start=\"69\" data-end=\"240\"><img decoding=\"async\" class=\"size-full wp-image-26099 aligncenter\" src=\"https:\/\/keluvo.com\/template\/wp-content\/uploads\/sites\/5\/2025\/07\/4dd03c234f167ab015dd3bcd8d58216ce54d2a81006f0afc8d99ba713dbc583c_480x480.webp\" alt=\"\" \/><\/p>\n<h2 style=\"text-align: center\" data-start=\"336\" data-end=\"357\">\u2728 Huvudf\u00f6rdelar<\/h2>\n<p data-start=\"360\" data-end=\"417\">\ud83e\uddf5 Tillverkad av h\u00f6gkvalitativt PU-l\u00e4der &#8211; h\u00e5llbar och modern<\/p>\n<p data-start=\"420\" data-end=\"488\">\ud83e\uddf3 Stor kapacitet f\u00f6r dokument, en b\u00e4rbar dator, kl\u00e4der eller andra viktiga saker<\/p>\n<p data-start=\"491\" data-end=\"545\">\ud83d\udd12 Magnetisk st\u00e4ngning h\u00e5ller dina saker s\u00e4kra och trygga<\/p>\n<p data-start=\"548\" data-end=\"625\">\ud83d\udc5b Inkluderar flera fack f\u00f6r telefoner, sm\u00e5saker och snabb \u00e5tkomst<\/p>\n<p data-start=\"628\" data-end=\"696\">\ud83c\udf81 En omt\u00e4nksam present f\u00f6r f\u00f6delsedagar, helgdagar eller speciella tillf\u00e4llen<\/p>\n<p data-start=\"628\" data-end=\"696\"><img decoding=\"async\" class=\"size-full wp-image-26100 aligncenter\" src=\"https:\/\/keluvo.com\/template\/wp-content\/uploads\/sites\/5\/2025\/07\/45fecc1d75f39fc709d115b15874f40b76c7de5f7d53c01d5e8e2f1c34acb3f4_480x480.webp\" alt=\"\" \/><\/p>\n<h2 style=\"text-align: center\" data-start=\"908\" data-end=\"932\">\ud83d\udccf Produktdetaljer<\/h2>\n<ul data-start=\"933\" data-end=\"1075\">\n<li data-start=\"933\" data-end=\"957\">\n<p data-start=\"935\" data-end=\"957\"><strong>Material<\/strong>: PU-l\u00e4der<\/p>\n<\/li>\n<li data-start=\"958\" data-end=\"983\">\n<p data-start=\"960\" data-end=\"983\"><strong>Storlek<\/strong>: 32 x 28 x 35 cm<\/p>\n<\/li>\n<li data-start=\"984\" data-end=\"1008\">\n<p data-start=\"986\" data-end=\"1008\"><strong>Handtagsl\u00e4ngd<\/strong>: 30 cm<\/p>\n<\/li>\n<li data-start=\"1009\" data-end=\"1025\">\n<p data-start=\"1011\" data-end=\"1025\"><strong>Vikt<\/strong>: 530g<\/p>\n<\/li>\n<\/ul>\n<h2 style=\"text-align: center\" data-start=\"1077\" data-end=\"1102\">\ud83d\udce6 Paketet Inneh\u00e5ller<\/h2>\n<ul data-start=\"1103\" data-end=\"1130\">\n<li data-start=\"1103\" data-end=\"1130\">\n<p data-start=\"1105\" data-end=\"1130\">1x resv\u00e4ska f\u00f6r kvinnor.<\/p>\n<\/li>\n<\/ul>\n","protected":false},"excerpt":{"rendered":"<p>\ud83d\udc5c Den Perfekta V\u00e4skan F\u00f6r Resor, Arbete Eller Vardagsliv! Denna snygga och rymliga resv\u00e4ska f\u00f6r kvinnor rymmer alla dina dagliga [&hellip;]<\/p>\n","protected":false},"featured_media":34326,"comment_status":"open","ping_status":"closed","template":"","meta":{"site-sidebar-layout":"default","site-content-layout":"","ast-site-content-layout":"default","site-content-style":"default","site-sidebar-style":"default","ast-global-header-display":"","ast-banner-title-visibility":"","ast-main-header-display":"","ast-hfb-above-header-display":"","ast-hfb-below-header-display":"","ast-hfb-mobile-header-display":"","site-post-title":"","ast-breadcrumbs-content":"","ast-featured-img":"","footer-sml-layout":"","theme-transparent-header-meta":"default","adv-header-id-meta":"","stick-header-meta":"","header-above-stick-meta":"","header-main-stick-meta":"","header-below-stick-meta":"","astra-migrate-meta-layouts":"set","ast-page-background-enabled":"default","ast-page-background-meta":{"desktop":{"background-color":"var(--ast-global-color-4)","background-image":"","background-repeat":"repeat","background-position":"center center","background-size":"auto","background-attachment":"scroll","background-type":"","background-media":"","overlay-type":"","overlay-color":"","overlay-opacity":"","overlay-gradient":""},"tablet":{"background-color":"","background-image":"","background-repeat":"repeat","background-position":"center center","background-size":"auto","background-attachment":"scroll","background-type":"","background-media":"","overlay-type":"","overlay-color":"","overlay-opacity":"","overlay-gradient":""},"mobile":{"background-color":"","background-image":"","background-repeat":"repeat","background-position":"center center","background-size":"auto","background-attachment":"scroll","background-type":"","background-media":"","overlay-type":"","overlay-color":"","overlay-opacity":"","overlay-gradient":""}},"ast-content-background-meta":{"desktop":{"background-color":"var(--ast-global-color-5)","background-image":"","background-repeat":"repeat","background-position":"center center","background-size":"auto","background-attachment":"scroll","background-type":"","background-media":"","overlay-type":"","overlay-color":"","overlay-opacity":"","overlay-gradient":""},"tablet":{"background-color":"var(--ast-global-color-5)","background-image":"","background-repeat":"repeat","background-position":"center center","background-size":"auto","background-attachment":"scroll","background-type":"","background-media":"","overlay-type":"","overlay-color":"","overlay-opacity":"","overlay-gradient":""},"mobile":{"background-color":"var(--ast-global-color-5)","background-image":"","background-repeat":"repeat","background-position":"center center","background-size":"auto","background-attachment":"scroll","background-type":"","background-media":"","overlay-type":"","overlay-color":"","overlay-opacity":"","overlay-gradient":""}}},"product_brand":[],"product_cat":[994,993],"product_tag":[],"class_list":{"0":"post-34330","1":"product","2":"type-product","3":"status-publish","4":"has-post-thumbnail","6":"product_cat-clothing-for-women","7":"product_cat-footwear-accessories","8":"pa_18635_8byr8y6m-brun","9":"pa_18635_8byr8y6m-gron","10":"pa_18635_8byr8y6m-gul","11":"pa_18635_8byr8y6m-svart","12":"pa_18635_8byr8y6m-vinrod","13":"desktop-align-left","14":"tablet-align-left","15":"mobile-align-left","17":"first","18":"instock","19":"shipping-taxable","20":"purchasable","21":"product-type-variable"},"_links":{"self":[{"href":"https:\/\/keluvo.com\/se\/wp-json\/wp\/v2\/product\/34330","targetHints":{"allow":["GET"]}}],"collection":[{"href":"https:\/\/keluvo.com\/se\/wp-json\/wp\/v2\/product"}],"about":[{"href":"https:\/\/keluvo.com\/se\/wp-json\/wp\/v2\/types\/product"}],"replies":[{"embeddable":true,"href":"https:\/\/keluvo.com\/se\/wp-json\/wp\/v2\/comments?post=34330"}],"wp:featuredmedia":[{"embeddable":true,"href":"https:\/\/keluvo.com\/se\/wp-json\/wp\/v2\/media\/34326"}],"wp:attachment":[{"href":"https:\/\/keluvo.com\/se\/wp-json\/wp\/v2\/media?parent=34330"}],"wp:term":[{"taxonomy":"product_brand","embeddable":true,"href":"https:\/\/keluvo.com\/se\/wp-json\/wp\/v2\/product_brand?post=34330"},{"taxonomy":"product_cat","embeddable":true,"href":"https:\/\/keluvo.com\/se\/wp-json\/wp\/v2\/product_cat?post=34330"},{"taxonomy":"product_tag","embeddable":true,"href":"https:\/\/keluvo.com\/se\/wp-json\/wp\/v2\/product_tag?post=34330"}],"curies":[{"name":"wp","href":"https:\/\/api.w.org\/{rel}","templated":true}]}}