{"id":34219,"date":"2025-09-18T19:15:39","date_gmt":"2025-09-18T16:15:39","guid":{"rendered":"https:\/\/keluvo.com\/se\/product\/multifunktionell-hangare\/"},"modified":"2025-09-18T19:16:22","modified_gmt":"2025-09-18T16:16:22","slug":"multifunktionell-hangare","status":"publish","type":"product","link":"https:\/\/keluvo.com\/se\/product\/multifunktionell-hangare\/","title":{"rendered":"Multifunktionell h\u00e4ngare"},"content":{"rendered":"<p style=\"text-align: center\" data-start=\"94\" data-end=\"261\"><strong>\ud83d\udc5a Skapa Omedelbart Mer Utrymme I Garderoben! <\/strong><\/p>\n<p style=\"text-align: center\" data-start=\"94\" data-end=\"261\">Denna multifunktionella galge l\u00e5ter dig organisera upp till 9 plagg vertikalt, vilket frig\u00f6r utrymme och h\u00e5ller din garderob snygg och prydlig. Perfekt f\u00f6r sm\u00e5 garderober, delade utrymmen eller alla som \u00e4r tr\u00f6tta p\u00e5 trassliga galgar!<\/p>\n<p data-start=\"94\" data-end=\"261\"><img decoding=\"async\" class=\"size-full wp-image-25946 aligncenter\" src=\"https:\/\/keluvo.com\/template\/wp-content\/uploads\/sites\/5\/2025\/07\/06252-ezgif.com-video-to-webp-converter.webp\" alt=\"\" \/><\/p>\n<h2 style=\"text-align: center\" data-start=\"344\" data-end=\"365\"><strong>\u2728 Huvudf\u00f6rdelar<\/strong><\/h2>\n<p data-start=\"368\" data-end=\"407\">\ud83e\ude9d H\u00e5ller upp till 9 galgar i ett utrymme<\/p>\n<p data-start=\"410\" data-end=\"457\">\ud83e\udde5 H\u00e5ller kl\u00e4derna skrynkelfria och l\u00e4tta att se<\/p>\n<p data-start=\"460\" data-end=\"495\">\ud83e\uddfc R\u00f6rfri garderob p\u00e5 n\u00e5gra sekunder<\/p>\n<p data-start=\"498\" data-end=\"533\">\ud83d\udcaa H\u00e5llbar design i rostfritt st\u00e5l<\/p>\n<p data-start=\"536\" data-end=\"574\">\ud83e\uddf3 Perfekt f\u00f6r sm\u00e5 garderober eller resor<\/p>\n<p data-start=\"536\" data-end=\"574\"><img decoding=\"async\" class=\"size-full wp-image-25945 aligncenter\" src=\"https:\/\/keluvo.com\/template\/wp-content\/uploads\/sites\/5\/2025\/07\/df7a0175-b8bd-471b-95c3-f256a7c05217.jpg\" alt=\"\" \/><\/p>\n<h2 style=\"text-align: center\" data-start=\"576\" data-end=\"595\"><strong>\ud83d\udd27 Hur Man Anv\u00e4nder<\/strong><\/h2>\n<ol data-start=\"596\" data-end=\"740\">\n<li data-start=\"596\" data-end=\"639\">\n<p data-start=\"599\" data-end=\"639\">H\u00e4ng upp organisat\u00f6ren p\u00e5 din garderobsst\u00e5ng.<\/p>\n<\/li>\n<li data-start=\"640\" data-end=\"676\">\n<p data-start=\"643\" data-end=\"676\">Skjut in galgar i de 9 sp\u00e5ren.<\/p>\n<\/li>\n<li data-start=\"677\" data-end=\"740\">\n<p data-start=\"680\" data-end=\"740\">Sl\u00e4pp en krok f\u00f6r att h\u00e4nga vertikalt och spara utrymme direkt!<\/p>\n<\/li>\n<\/ol>\n<h2 style=\"text-align: center\" data-start=\"742\" data-end=\"766\"><strong>\ud83d\udccf Produktdetaljer<\/strong><\/h2>\n<ul data-start=\"767\" data-end=\"919\">\n<li data-start=\"767\" data-end=\"810\">\n<p data-start=\"769\" data-end=\"810\">Material: H\u00f6gh\u00e5llfast rostfritt st\u00e5l<\/p>\n<\/li>\n<li data-start=\"811\" data-end=\"847\">\n<p data-start=\"813\" data-end=\"847\">Storlek: 33,5 cm x 6,5 cm (ca)<\/p>\n<\/li>\n<li data-start=\"870\" data-end=\"919\">\n<p data-start=\"872\" data-end=\"919\">St\u00f6djer b\u00e5de horisontell och vertikal upph\u00e4ngning<\/p>\n<\/li>\n<\/ul>\n<h2 style=\"text-align: center\" data-start=\"921\" data-end=\"946\"><strong>\ud83d\udce6 Paketet Inneh\u00e5ller<\/strong><\/h2>\n<ul data-start=\"947\" data-end=\"983\">\n<li data-start=\"947\" data-end=\"983\">\n<p data-start=\"949\" data-end=\"983\">1, 2, 4x multifunktionell kl\u00e4dh\u00e4ngare.<\/p>\n<\/li>\n<\/ul>\n","protected":false},"excerpt":{"rendered":"<p>\ud83d\udc5a Skapa Omedelbart Mer Utrymme I Garderoben! Denna multifunktionella galge l\u00e5ter dig organisera upp till 9 plagg vertikalt, vilket frig\u00f6r [&hellip;]<\/p>\n","protected":false},"featured_media":34215,"comment_status":"open","ping_status":"closed","template":"","meta":{"site-sidebar-layout":"default","site-content-layout":"","ast-site-content-layout":"default","site-content-style":"default","site-sidebar-style":"default","ast-global-header-display":"","ast-banner-title-visibility":"","ast-main-header-display":"","ast-hfb-above-header-display":"","ast-hfb-below-header-display":"","ast-hfb-mobile-header-display":"","site-post-title":"","ast-breadcrumbs-content":"","ast-featured-img":"","footer-sml-layout":"","theme-transparent-header-meta":"default","adv-header-id-meta":"","stick-header-meta":"","header-above-stick-meta":"","header-main-stick-meta":"","header-below-stick-meta":"","astra-migrate-meta-layouts":"set","ast-page-background-enabled":"default","ast-page-background-meta":{"desktop":{"background-color":"var(--ast-global-color-4)","background-image":"","background-repeat":"repeat","background-position":"center center","background-size":"auto","background-attachment":"scroll","background-type":"","background-media":"","overlay-type":"","overlay-color":"","overlay-opacity":"","overlay-gradient":""},"tablet":{"background-color":"","background-image":"","background-repeat":"repeat","background-position":"center center","background-size":"auto","background-attachment":"scroll","background-type":"","background-media":"","overlay-type":"","overlay-color":"","overlay-opacity":"","overlay-gradient":""},"mobile":{"background-color":"","background-image":"","background-repeat":"repeat","background-position":"center center","background-size":"auto","background-attachment":"scroll","background-type":"","background-media":"","overlay-type":"","overlay-color":"","overlay-opacity":"","overlay-gradient":""}},"ast-content-background-meta":{"desktop":{"background-color":"var(--ast-global-color-5)","background-image":"","background-repeat":"repeat","background-position":"center center","background-size":"auto","background-attachment":"scroll","background-type":"","background-media":"","overlay-type":"","overlay-color":"","overlay-opacity":"","overlay-gradient":""},"tablet":{"background-color":"var(--ast-global-color-5)","background-image":"","background-repeat":"repeat","background-position":"center center","background-size":"auto","background-attachment":"scroll","background-type":"","background-media":"","overlay-type":"","overlay-color":"","overlay-opacity":"","overlay-gradient":""},"mobile":{"background-color":"var(--ast-global-color-5)","background-image":"","background-repeat":"repeat","background-position":"center center","background-size":"auto","background-attachment":"scroll","background-type":"","background-media":"","overlay-type":"","overlay-color":"","overlay-opacity":"","overlay-gradient":""}}},"product_brand":[],"product_cat":[1001,15],"product_tag":[],"class_list":{"0":"post-34219","1":"product","2":"type-product","3":"status-publish","4":"has-post-thumbnail","6":"product_cat-household-goods","7":"product_cat-uncategorized","8":"pa_42937_c80nbs4m-gra-lock","9":"pa_42937_c80nbs4m-svart-keps","10":"pa_42937_c80nbs4m-transparent-lock","11":"pa_42937_c80nbs4m-vitt-lock","12":"pa_42937_pbjy3ku5-1-st","13":"pa_42937_pbjy3ku5-2-st","14":"pa_42937_pbjy3ku5-4-st","15":"desktop-align-left","16":"tablet-align-left","17":"mobile-align-left","19":"first","20":"instock","21":"shipping-taxable","22":"purchasable","23":"product-type-variable","24":"has-default-attributes"},"_links":{"self":[{"href":"https:\/\/keluvo.com\/se\/wp-json\/wp\/v2\/product\/34219","targetHints":{"allow":["GET"]}}],"collection":[{"href":"https:\/\/keluvo.com\/se\/wp-json\/wp\/v2\/product"}],"about":[{"href":"https:\/\/keluvo.com\/se\/wp-json\/wp\/v2\/types\/product"}],"replies":[{"embeddable":true,"href":"https:\/\/keluvo.com\/se\/wp-json\/wp\/v2\/comments?post=34219"}],"wp:featuredmedia":[{"embeddable":true,"href":"https:\/\/keluvo.com\/se\/wp-json\/wp\/v2\/media\/34215"}],"wp:attachment":[{"href":"https:\/\/keluvo.com\/se\/wp-json\/wp\/v2\/media?parent=34219"}],"wp:term":[{"taxonomy":"product_brand","embeddable":true,"href":"https:\/\/keluvo.com\/se\/wp-json\/wp\/v2\/product_brand?post=34219"},{"taxonomy":"product_cat","embeddable":true,"href":"https:\/\/keluvo.com\/se\/wp-json\/wp\/v2\/product_cat?post=34219"},{"taxonomy":"product_tag","embeddable":true,"href":"https:\/\/keluvo.com\/se\/wp-json\/wp\/v2\/product_tag?post=34219"}],"curies":[{"name":"wp","href":"https:\/\/api.w.org\/{rel}","templated":true}]}}