{"id":34203,"date":"2025-09-18T19:14:43","date_gmt":"2025-09-18T16:14:43","guid":{"rendered":"https:\/\/keluvo.com\/se\/product\/klocka-med-magnetisk-levitation\/"},"modified":"2025-09-19T17:24:25","modified_gmt":"2025-09-19T14:24:25","slug":"klocka-med-magnetisk-levitation","status":"publish","type":"product","link":"https:\/\/keluvo.com\/se\/product\/klocka-med-magnetisk-levitation\/","title":{"rendered":"Klocka med magnetisk levitation"},"content":{"rendered":"<p style=\"text-align: center\" data-start=\"76\" data-end=\"292\"><strong>\ud83e\uddf2 Tid som sv\u00e4var p\u00e5 din handled!\u231a<\/strong><\/p>\n<p style=\"text-align: center\" data-start=\"76\" data-end=\"292\">Den h\u00e4r magnetiska levitationsklockan f\u00e5r folk att h\u00e4pna med sin futuristiska design &#8211; d\u00e4r tiden bokstavligen r\u00f6r sig genom luften. Inga traditionella visare, bara eleganta magnetiska bollar som kretsar i stil. Modern, dj\u00e4rv och som ingenting du har sett f\u00f6rut.<\/p>\n<p data-start=\"76\" data-end=\"292\"><img decoding=\"async\" class=\"size-full wp-image-25931 aligncenter\" src=\"https:\/\/keluvo.com\/template\/wp-content\/uploads\/sites\/5\/2025\/07\/06251-ezgif.com-video-to-webp-converter.webp\" alt=\"\" \/><\/p>\n<h2 style=\"text-align: center\" data-start=\"348\" data-end=\"369\">\u2728 Huvudf\u00f6rdelar<\/h2>\n<p data-start=\"372\" data-end=\"417\">\ud83c\udf00 Unik magnetisk r\u00f6relse &#8211; inga visare beh\u00f6vs<\/p>\n<p data-start=\"420\" data-end=\"456\">\ud83e\uddf2 Tiden sv\u00e4var synligt p\u00e5 urtavlan<\/p>\n<p data-start=\"459\" data-end=\"521\">\ud83d\udcbc Elegant, maskulin look perfekt f\u00f6r vardag eller fest<\/p>\n<p data-start=\"524\" data-end=\"558\">\ud83d\udca7 Vattent\u00e5lig f\u00f6r daglig anv\u00e4ndning<\/p>\n<p data-start=\"561\" data-end=\"597\">\ud83e\ude84 Garanterad konversationsstartare<\/p>\n<p data-start=\"561\" data-end=\"597\"><img decoding=\"async\" class=\"size-full wp-image-25932 aligncenter\" src=\"https:\/\/keluvo.com\/template\/wp-content\/uploads\/sites\/5\/2025\/07\/cb0e8f08-4ef0-40d4-ada1-60965f1b9918.gif\" alt=\"\" \/><\/p>\n<h2 style=\"text-align: center\" data-start=\"599\" data-end=\"618\">\ud83d\udd27 Hur man anv\u00e4nder<\/h2>\n<ol data-start=\"619\" data-end=\"804\">\n<li data-start=\"619\" data-end=\"677\">\n<p data-start=\"622\" data-end=\"677\">Kl\u00e4 p\u00e5 den som vilken klocka som helst och justera armbandet s\u00e5 att det passar.<\/p>\n<\/li>\n<li data-start=\"678\" data-end=\"755\">\n<p data-start=\"681\" data-end=\"755\">L\u00e4s av tiden med hj\u00e4lp av den yttre kulan f\u00f6r timmar och den inre kulan f\u00f6r minuter.<\/p>\n<\/li>\n<li data-start=\"756\" data-end=\"804\">\n<p data-start=\"759\" data-end=\"804\">Njut av komplimangerna och de nyfikna blickarna \ud83d\ude0e<\/p>\n<\/li>\n<\/ol>\n<h2 style=\"text-align: center\" data-start=\"806\" data-end=\"830\">\ud83d\udccf Produktdetaljer<\/h2>\n<ul data-start=\"831\" data-end=\"991\">\n<li data-start=\"831\" data-end=\"860\">\n<p data-start=\"833\" data-end=\"860\">Mekanism: Magnetisk kvarts<\/p>\n<\/li>\n<li data-start=\"861\" data-end=\"887\">\n<p data-start=\"863\" data-end=\"887\">Vattent\u00e5lighet: 3ATM<\/p>\n<\/li>\n<li data-start=\"888\" data-end=\"911\">\n<p data-start=\"890\" data-end=\"911\">Sk\u00e5pets diameter: 42 mm<\/p>\n<\/li>\n<li data-start=\"912\" data-end=\"948\">\n<p data-start=\"914\" data-end=\"948\">Materiale til rem: St\u00e5l eller l\u00e6der<\/p>\n<\/li>\n<li data-start=\"949\" data-end=\"971\">\n<p data-start=\"951\" data-end=\"971\">Bandl\u00e4ngd: 22cm<\/p>\n<\/li>\n<li data-start=\"972\" data-end=\"991\">\n<p data-start=\"974\" data-end=\"991\">Tjocklek: 12mm<\/p>\n<\/li>\n<\/ul>\n<h2 style=\"text-align: center\" data-start=\"993\" data-end=\"1018\">\ud83d\udce6 Paketet inneh\u00e5ller<\/h2>\n<ul data-start=\"1019\" data-end=\"1073\">\n<li data-start=\"1019\" data-end=\"1051\">\n<p data-start=\"1021\" data-end=\"1051\">1x magnetisk levitationsklocka<\/p>\n<\/li>\n<li data-start=\"1052\" data-end=\"1073\">\n<p data-start=\"1054\" data-end=\"1073\">1x premium presentf\u00f6rpackning.<\/p>\n<\/li>\n<\/ul>\n","protected":false},"excerpt":{"rendered":"<p>\ud83e\uddf2 Tid som sv\u00e4var p\u00e5 din handled!\u231a Den h\u00e4r magnetiska levitationsklockan f\u00e5r folk att h\u00e4pna med sin futuristiska design &#8211; [&hellip;]<\/p>\n","protected":false},"featured_media":34199,"comment_status":"open","ping_status":"closed","template":"","meta":{"site-sidebar-layout":"default","site-content-layout":"","ast-site-content-layout":"default","site-content-style":"default","site-sidebar-style":"default","ast-global-header-display":"","ast-banner-title-visibility":"","ast-main-header-display":"","ast-hfb-above-header-display":"","ast-hfb-below-header-display":"","ast-hfb-mobile-header-display":"","site-post-title":"","ast-breadcrumbs-content":"","ast-featured-img":"","footer-sml-layout":"","theme-transparent-header-meta":"default","adv-header-id-meta":"","stick-header-meta":"","header-above-stick-meta":"","header-main-stick-meta":"","header-below-stick-meta":"","astra-migrate-meta-layouts":"set","ast-page-background-enabled":"default","ast-page-background-meta":{"desktop":{"background-color":"var(--ast-global-color-4)","background-image":"","background-repeat":"repeat","background-position":"center center","background-size":"auto","background-attachment":"scroll","background-type":"","background-media":"","overlay-type":"","overlay-color":"","overlay-opacity":"","overlay-gradient":""},"tablet":{"background-color":"","background-image":"","background-repeat":"repeat","background-position":"center center","background-size":"auto","background-attachment":"scroll","background-type":"","background-media":"","overlay-type":"","overlay-color":"","overlay-opacity":"","overlay-gradient":""},"mobile":{"background-color":"","background-image":"","background-repeat":"repeat","background-position":"center center","background-size":"auto","background-attachment":"scroll","background-type":"","background-media":"","overlay-type":"","overlay-color":"","overlay-opacity":"","overlay-gradient":""}},"ast-content-background-meta":{"desktop":{"background-color":"var(--ast-global-color-5)","background-image":"","background-repeat":"repeat","background-position":"center center","background-size":"auto","background-attachment":"scroll","background-type":"","background-media":"","overlay-type":"","overlay-color":"","overlay-opacity":"","overlay-gradient":""},"tablet":{"background-color":"var(--ast-global-color-5)","background-image":"","background-repeat":"repeat","background-position":"center center","background-size":"auto","background-attachment":"scroll","background-type":"","background-media":"","overlay-type":"","overlay-color":"","overlay-opacity":"","overlay-gradient":""},"mobile":{"background-color":"var(--ast-global-color-5)","background-image":"","background-repeat":"repeat","background-position":"center center","background-size":"auto","background-attachment":"scroll","background-type":"","background-media":"","overlay-type":"","overlay-color":"","overlay-opacity":"","overlay-gradient":""}}},"product_brand":[],"product_cat":[995,993],"product_tag":[],"class_list":{"0":"post-34203","1":"product","2":"type-product","3":"status-publish","4":"has-post-thumbnail","6":"product_cat-clothing-for-men","7":"product_cat-footwear-accessories","8":"pa_37608_0kmcvojp-a","9":"pa_37608_0kmcvojp-b","10":"pa_37608_0kmcvojp-c","11":"desktop-align-left","12":"tablet-align-left","13":"mobile-align-left","15":"first","16":"instock","17":"shipping-taxable","18":"purchasable","19":"product-type-variable"},"_links":{"self":[{"href":"https:\/\/keluvo.com\/se\/wp-json\/wp\/v2\/product\/34203","targetHints":{"allow":["GET"]}}],"collection":[{"href":"https:\/\/keluvo.com\/se\/wp-json\/wp\/v2\/product"}],"about":[{"href":"https:\/\/keluvo.com\/se\/wp-json\/wp\/v2\/types\/product"}],"replies":[{"embeddable":true,"href":"https:\/\/keluvo.com\/se\/wp-json\/wp\/v2\/comments?post=34203"}],"wp:featuredmedia":[{"embeddable":true,"href":"https:\/\/keluvo.com\/se\/wp-json\/wp\/v2\/media\/34199"}],"wp:attachment":[{"href":"https:\/\/keluvo.com\/se\/wp-json\/wp\/v2\/media?parent=34203"}],"wp:term":[{"taxonomy":"product_brand","embeddable":true,"href":"https:\/\/keluvo.com\/se\/wp-json\/wp\/v2\/product_brand?post=34203"},{"taxonomy":"product_cat","embeddable":true,"href":"https:\/\/keluvo.com\/se\/wp-json\/wp\/v2\/product_cat?post=34203"},{"taxonomy":"product_tag","embeddable":true,"href":"https:\/\/keluvo.com\/se\/wp-json\/wp\/v2\/product_tag?post=34203"}],"curies":[{"name":"wp","href":"https:\/\/api.w.org\/{rel}","templated":true}]}}