{"id":34186,"date":"2025-09-18T19:13:40","date_gmt":"2025-09-18T16:13:40","guid":{"rendered":"https:\/\/keluvo.com\/se\/product\/mini-locktang\/"},"modified":"2025-09-18T19:13:49","modified_gmt":"2025-09-18T16:13:49","slug":"mini-locktang","status":"publish","type":"product","link":"https:\/\/keluvo.com\/se\/product\/mini-locktang\/","title":{"rendered":"Mini lockt\u00e5ng"},"content":{"rendered":"<p style=\"text-align: center\" data-start=\"78\" data-end=\"248\"><strong>\ud83d\udc87\u200d\u2640\ufe0f Vackert H\u00e5r P\u00e5 Spr\u00e5ng!<\/strong><\/p>\n<p style=\"text-align: center\" data-start=\"78\" data-end=\"248\">Denna mini-curlingt\u00e5ng ger dig felfria lockar och snygga stilar n\u00e4r som helst, var som helst &#8211; perfekt f\u00f6r snabba touch-ups, resor eller vardagsglam. Liten i storlek, stor p\u00e5 resultat.<\/p>\n<p data-start=\"78\" data-end=\"248\"><img decoding=\"async\" class=\"size-full wp-image-25917 aligncenter\" src=\"https:\/\/keluvo.com\/template\/wp-content\/uploads\/sites\/5\/2025\/07\/0625-ezgif.com-video-to-webp-converter.webp\" alt=\"\" \/><\/p>\n<h2 style=\"text-align: center\" data-start=\"287\" data-end=\"308\">\u2728 Huvudf\u00f6rdelar<\/h2>\n<p data-start=\"311\" data-end=\"347\">\ud83d\udd25 V\u00e4rms upp snabbt f\u00f6r snabb styling<\/p>\n<p data-start=\"350\" data-end=\"400\">\ud83d\udc5c Kompakt &amp; l\u00e4ttvikt &#8211; passar enkelt i din v\u00e4ska<\/p>\n<p data-start=\"403\" data-end=\"441\">\ud83e\uddf3 Perfekt f\u00f6r resor eller p\u00e5 spr\u00e5ng use<\/p>\n<p data-start=\"444\" data-end=\"498\">\ud83d\udc87\u200d\u2640\ufe0f Skapar mjuka lockar, v\u00e5gor eller raka looker<\/p>\n<p data-start=\"501\" data-end=\"547\">\ud83c\udf21 Justerbar temperatur f\u00f6r alla h\u00e5rtyper<\/p>\n<p data-start=\"501\" data-end=\"547\"><img decoding=\"async\" class=\"size-full wp-image-25920 aligncenter\" src=\"https:\/\/keluvo.com\/template\/wp-content\/uploads\/sites\/5\/2025\/07\/468ef44610c31b5b50b747b4f9f5ee49_72119cae-bdea-4a6d-b030-84ef71f657a8_480x480.webp\" alt=\"\" \/><\/p>\n<h2 style=\"text-align: center\" data-start=\"549\" data-end=\"568\">\ud83d\udd27 Hur Man Anv\u00e4nder<\/h2>\n<ol data-start=\"569\" data-end=\"720\">\n<li data-start=\"569\" data-end=\"615\">\n<p data-start=\"572\" data-end=\"615\">Koppla in den och l\u00e5t den v\u00e4rmas upp p\u00e5 n\u00e5gra sekunder.<\/p>\n<\/li>\n<li data-start=\"616\" data-end=\"682\">\n<p data-start=\"619\" data-end=\"682\">Kl\u00e4m fast en del av ditt h\u00e5r och glid f\u00f6r att locka eller r\u00e4ta ut.<\/p>\n<\/li>\n<li data-start=\"683\" data-end=\"720\">\n<p data-start=\"686\" data-end=\"720\">Styla, l\u00e5s in looken och k\u00f6r!<\/p>\n<\/li>\n<\/ol>\n<h2 style=\"text-align: center\" data-start=\"722\" data-end=\"746\">\ud83d\udccf Produktdetaljer<\/h2>\n<ul data-start=\"747\" data-end=\"943\">\n<li data-start=\"775\" data-end=\"802\">\n<p data-start=\"777\" data-end=\"802\">Plattmaterial: Keramisk<\/p>\n<\/li>\n<li data-start=\"803\" data-end=\"829\">\n<p data-start=\"805\" data-end=\"829\">Max temperatur: 200\u00b0C<\/p>\n<\/li>\n<li data-start=\"830\" data-end=\"871\">\n<p data-start=\"832\" data-end=\"871\">Cord: Roterande med USB-str\u00f6mf\u00f6rs\u00f6rjning<\/p>\n<\/li>\n<li data-start=\"872\" data-end=\"904\">\n<p data-start=\"874\" data-end=\"904\">Storlek: 20 cm (kompakt design)<\/p>\n<\/li>\n<\/ul>\n<h2 style=\"text-align: center\" data-start=\"945\" data-end=\"970\">\ud83d\udce6 Paketet Inneh\u00e5ller<\/h2>\n<ul data-start=\"971\" data-end=\"1014\">\n<li data-start=\"971\" data-end=\"995\">\n<p data-start=\"973\" data-end=\"995\">1x mini lockt\u00e5ng<\/p>\n<\/li>\n<li data-start=\"996\" data-end=\"1014\">\n<p data-start=\"998\" data-end=\"1014\">1x f\u00f6rvaringsp\u00e5se.<\/p>\n<\/li>\n<\/ul>\n","protected":false},"excerpt":{"rendered":"<p>\ud83d\udc87\u200d\u2640\ufe0f Vackert H\u00e5r P\u00e5 Spr\u00e5ng! Denna mini-curlingt\u00e5ng ger dig felfria lockar och snygga stilar n\u00e4r som helst, var som helst [&hellip;]<\/p>\n","protected":false},"featured_media":34182,"comment_status":"open","ping_status":"closed","template":"","meta":{"site-sidebar-layout":"default","site-content-layout":"","ast-site-content-layout":"default","site-content-style":"default","site-sidebar-style":"default","ast-global-header-display":"","ast-banner-title-visibility":"","ast-main-header-display":"","ast-hfb-above-header-display":"","ast-hfb-below-header-display":"","ast-hfb-mobile-header-display":"","site-post-title":"","ast-breadcrumbs-content":"","ast-featured-img":"","footer-sml-layout":"","theme-transparent-header-meta":"default","adv-header-id-meta":"","stick-header-meta":"","header-above-stick-meta":"","header-main-stick-meta":"","header-below-stick-meta":"","astra-migrate-meta-layouts":"set","ast-page-background-enabled":"default","ast-page-background-meta":{"desktop":{"background-color":"var(--ast-global-color-4)","background-image":"","background-repeat":"repeat","background-position":"center center","background-size":"auto","background-attachment":"scroll","background-type":"","background-media":"","overlay-type":"","overlay-color":"","overlay-opacity":"","overlay-gradient":""},"tablet":{"background-color":"","background-image":"","background-repeat":"repeat","background-position":"center center","background-size":"auto","background-attachment":"scroll","background-type":"","background-media":"","overlay-type":"","overlay-color":"","overlay-opacity":"","overlay-gradient":""},"mobile":{"background-color":"","background-image":"","background-repeat":"repeat","background-position":"center center","background-size":"auto","background-attachment":"scroll","background-type":"","background-media":"","overlay-type":"","overlay-color":"","overlay-opacity":"","overlay-gradient":""}},"ast-content-background-meta":{"desktop":{"background-color":"var(--ast-global-color-5)","background-image":"","background-repeat":"repeat","background-position":"center center","background-size":"auto","background-attachment":"scroll","background-type":"","background-media":"","overlay-type":"","overlay-color":"","overlay-opacity":"","overlay-gradient":""},"tablet":{"background-color":"var(--ast-global-color-5)","background-image":"","background-repeat":"repeat","background-position":"center center","background-size":"auto","background-attachment":"scroll","background-type":"","background-media":"","overlay-type":"","overlay-color":"","overlay-opacity":"","overlay-gradient":""},"mobile":{"background-color":"var(--ast-global-color-5)","background-image":"","background-repeat":"repeat","background-position":"center center","background-size":"auto","background-attachment":"scroll","background-type":"","background-media":"","overlay-type":"","overlay-color":"","overlay-opacity":"","overlay-gradient":""}}},"product_brand":[],"product_cat":[992],"product_tag":[],"class_list":{"0":"post-34186","1":"product","2":"type-product","3":"status-publish","4":"has-post-thumbnail","6":"product_cat-beauty-and-hygiene-products","7":"pa_45211_9xixqjaq-bla","8":"pa_45211_9xixqjaq-gron","9":"pa_45211_9xixqjaq-rosa","10":"pa_45211_9xixqjaq-vit","11":"desktop-align-left","12":"tablet-align-left","13":"mobile-align-left","15":"first","16":"instock","17":"shipping-taxable","18":"purchasable","19":"product-type-variable"},"_links":{"self":[{"href":"https:\/\/keluvo.com\/se\/wp-json\/wp\/v2\/product\/34186","targetHints":{"allow":["GET"]}}],"collection":[{"href":"https:\/\/keluvo.com\/se\/wp-json\/wp\/v2\/product"}],"about":[{"href":"https:\/\/keluvo.com\/se\/wp-json\/wp\/v2\/types\/product"}],"replies":[{"embeddable":true,"href":"https:\/\/keluvo.com\/se\/wp-json\/wp\/v2\/comments?post=34186"}],"wp:featuredmedia":[{"embeddable":true,"href":"https:\/\/keluvo.com\/se\/wp-json\/wp\/v2\/media\/34182"}],"wp:attachment":[{"href":"https:\/\/keluvo.com\/se\/wp-json\/wp\/v2\/media?parent=34186"}],"wp:term":[{"taxonomy":"product_brand","embeddable":true,"href":"https:\/\/keluvo.com\/se\/wp-json\/wp\/v2\/product_brand?post=34186"},{"taxonomy":"product_cat","embeddable":true,"href":"https:\/\/keluvo.com\/se\/wp-json\/wp\/v2\/product_cat?post=34186"},{"taxonomy":"product_tag","embeddable":true,"href":"https:\/\/keluvo.com\/se\/wp-json\/wp\/v2\/product_tag?post=34186"}],"curies":[{"name":"wp","href":"https:\/\/api.w.org\/{rel}","templated":true}]}}