{"id":34123,"date":"2025-09-18T19:10:40","date_gmt":"2025-09-18T16:10:40","guid":{"rendered":"https:\/\/keluvo.com\/se\/product\/leksak-krabba\/"},"modified":"2025-09-30T11:19:06","modified_gmt":"2025-09-30T08:19:06","slug":"leksak-krabba","status":"publish","type":"product","link":"https:\/\/keluvo.com\/se\/product\/leksak-krabba\/","title":{"rendered":"Leksak krabba"},"content":{"rendered":"<p style=\"text-align: center\" data-start=\"95\" data-end=\"154\"><strong>\ud83e\udd80 En krabba som springer iv\u00e4g &#8211; bara f\u00f6r att ditt barn ska kunna jaga den! \ud83d\ude04<\/strong><\/p>\n<p style=\"text-align: center\" data-start=\"156\" data-end=\"369\">Den krypande krabbleksaken \u00e4r den perfekta lilla kompisen f\u00f6r att f\u00e5 ditt barn att r\u00f6ra p\u00e5 sig! Med musik, ljus och rolig krypning i sidled f\u00e5ngar den ditt barns uppm\u00e4rksamhet och uppmuntrar till att krypa, jaga och fnissa oavbrutet. Det \u00e4r mer \u00e4n en leksak &#8211; det \u00e4r ett roligt s\u00e4tt att bygga upp motoriken och stimulera sinnena!<\/p>\n<p data-start=\"156\" data-end=\"369\"><img decoding=\"async\" class=\"size-full wp-image-25720 aligncenter\" src=\"https:\/\/keluvo.com\/template\/wp-content\/uploads\/sites\/5\/2025\/06\/Crabot_Gif.webp\" alt=\"\" \/><\/p>\n<h2 style=\"text-align: center\" data-start=\"455\" data-end=\"476\"><strong>\ud83d\udc76 Huvudf\u00f6rdelar<\/strong><\/h2>\n<p data-start=\"479\" data-end=\"530\">\ud83e\udd80 Kryper snabbt med rolig musik och blinkande lampor<\/p>\n<p data-start=\"533\" data-end=\"573\">\ud83d\udcaa Uppmuntrar till krypning och aktiv lek<\/p>\n<p data-start=\"576\" data-end=\"624\">\ud83e\udde0 \u00d6kar den sensoriska utvecklingen och koordinationen<\/p>\n<p data-start=\"627\" data-end=\"666\">\ud83d\ude0d Underh\u00e5ller barnet i timmar<\/p>\n<p data-start=\"669\" data-end=\"707\">\ud83e\udeb6 Tillverkad av s\u00e4kra, h\u00e5llbara material<\/p>\n<p data-start=\"669\" data-end=\"707\"><img decoding=\"async\" class=\"size-full wp-image-25721 aligncenter\" src=\"https:\/\/keluvo.com\/template\/wp-content\/uploads\/sites\/5\/2025\/06\/Crabot_pattes.webp\" alt=\"\" \/><\/p>\n<h2 style=\"text-align: center\" data-start=\"709\" data-end=\"727\"><strong>\ud83d\udee0 Anv\u00e4ndning<\/strong><\/h2>\n<ol data-start=\"728\" data-end=\"857\">\n<li data-start=\"728\" data-end=\"765\">\n<p data-start=\"731\" data-end=\"765\">S\u00e4tt p\u00e5 den med en enkel knapp.<\/p>\n<\/li>\n<li data-start=\"766\" data-end=\"798\">\n<p data-start=\"769\" data-end=\"798\">Placera den p\u00e5 en plan yta.<\/p>\n<\/li>\n<li data-start=\"799\" data-end=\"857\">\n<p data-start=\"802\" data-end=\"857\">Se den krypa iv\u00e4g medan ditt barn jagar och skrattar!<\/p>\n<\/li>\n<\/ol>\n<h2 style=\"text-align: center\" data-start=\"859\" data-end=\"882\"><strong>\ud83d\udccf Produktdetaljer<\/strong><\/h2>\n<ul data-start=\"883\" data-end=\"1013\">\n<li data-start=\"883\" data-end=\"919\">\n<p data-start=\"885\" data-end=\"919\">Material: barns\u00e4ker ABS-plast<\/p>\n<\/li>\n<li data-start=\"920\" data-end=\"972\">\n<p data-start=\"922\" data-end=\"972\">Funktioner: krypande r\u00f6relse, musik och LED-lampor<\/p>\n<\/li>\n<li data-start=\"973\" data-end=\"1013\">\n<p data-start=\"975\" data-end=\"1013\">Laddningsbar med medf\u00f6ljande USB-kabel<\/p>\n<\/li>\n<\/ul>\n<h2 style=\"text-align: center\" data-start=\"1015\" data-end=\"1039\"><strong>\ud83d\udce6 F\u00f6rpackningen inneh\u00e5ller<\/strong><\/h2>\n<ul data-start=\"1040\" data-end=\"1123\">\n<li data-start=\"1040\" data-end=\"1063\">\n<p data-start=\"1042\" data-end=\"1063\">1x krabbleksak<\/p>\n<\/li>\n<li data-start=\"1064\" data-end=\"1088\">\n<p data-start=\"1066\" data-end=\"1088\">1x USB-laddningskabel.<\/p>\n<\/li>\n<\/ul>\n","protected":false},"excerpt":{"rendered":"<p>\ud83e\udd80 En krabba som springer iv\u00e4g &#8211; bara f\u00f6r att ditt barn ska kunna jaga den! \ud83d\ude04 Den krypande krabbleksaken [&hellip;]<\/p>\n","protected":false},"featured_media":34119,"comment_status":"open","ping_status":"closed","template":"","meta":{"site-sidebar-layout":"default","site-content-layout":"","ast-site-content-layout":"default","site-content-style":"default","site-sidebar-style":"default","ast-global-header-display":"","ast-banner-title-visibility":"","ast-main-header-display":"","ast-hfb-above-header-display":"","ast-hfb-below-header-display":"","ast-hfb-mobile-header-display":"","site-post-title":"","ast-breadcrumbs-content":"","ast-featured-img":"","footer-sml-layout":"","theme-transparent-header-meta":"default","adv-header-id-meta":"","stick-header-meta":"","header-above-stick-meta":"","header-main-stick-meta":"","header-below-stick-meta":"","astra-migrate-meta-layouts":"set","ast-page-background-enabled":"default","ast-page-background-meta":{"desktop":{"background-color":"var(--ast-global-color-4)","background-image":"","background-repeat":"repeat","background-position":"center center","background-size":"auto","background-attachment":"scroll","background-type":"","background-media":"","overlay-type":"","overlay-color":"","overlay-opacity":"","overlay-gradient":""},"tablet":{"background-color":"","background-image":"","background-repeat":"repeat","background-position":"center center","background-size":"auto","background-attachment":"scroll","background-type":"","background-media":"","overlay-type":"","overlay-color":"","overlay-opacity":"","overlay-gradient":""},"mobile":{"background-color":"","background-image":"","background-repeat":"repeat","background-position":"center center","background-size":"auto","background-attachment":"scroll","background-type":"","background-media":"","overlay-type":"","overlay-color":"","overlay-opacity":"","overlay-gradient":""}},"ast-content-background-meta":{"desktop":{"background-color":"var(--ast-global-color-5)","background-image":"","background-repeat":"repeat","background-position":"center center","background-size":"auto","background-attachment":"scroll","background-type":"","background-media":"","overlay-type":"","overlay-color":"","overlay-opacity":"","overlay-gradient":""},"tablet":{"background-color":"var(--ast-global-color-5)","background-image":"","background-repeat":"repeat","background-position":"center center","background-size":"auto","background-attachment":"scroll","background-type":"","background-media":"","overlay-type":"","overlay-color":"","overlay-opacity":"","overlay-gradient":""},"mobile":{"background-color":"var(--ast-global-color-5)","background-image":"","background-repeat":"repeat","background-position":"center center","background-size":"auto","background-attachment":"scroll","background-type":"","background-media":"","overlay-type":"","overlay-color":"","overlay-opacity":"","overlay-gradient":""}}},"product_brand":[],"product_cat":[990],"product_tag":[],"class_list":{"0":"post-34123","1":"product","2":"type-product","3":"status-publish","4":"has-post-thumbnail","6":"product_cat-toys-childrens-and-baby-products","7":"pa_41130_hrim6wbi-bla","8":"pa_41130_hrim6wbi-orange","9":"desktop-align-left","10":"tablet-align-left","11":"mobile-align-left","13":"first","14":"instock","15":"shipping-taxable","16":"purchasable","17":"product-type-variable"},"_links":{"self":[{"href":"https:\/\/keluvo.com\/se\/wp-json\/wp\/v2\/product\/34123","targetHints":{"allow":["GET"]}}],"collection":[{"href":"https:\/\/keluvo.com\/se\/wp-json\/wp\/v2\/product"}],"about":[{"href":"https:\/\/keluvo.com\/se\/wp-json\/wp\/v2\/types\/product"}],"replies":[{"embeddable":true,"href":"https:\/\/keluvo.com\/se\/wp-json\/wp\/v2\/comments?post=34123"}],"wp:featuredmedia":[{"embeddable":true,"href":"https:\/\/keluvo.com\/se\/wp-json\/wp\/v2\/media\/34119"}],"wp:attachment":[{"href":"https:\/\/keluvo.com\/se\/wp-json\/wp\/v2\/media?parent=34123"}],"wp:term":[{"taxonomy":"product_brand","embeddable":true,"href":"https:\/\/keluvo.com\/se\/wp-json\/wp\/v2\/product_brand?post=34123"},{"taxonomy":"product_cat","embeddable":true,"href":"https:\/\/keluvo.com\/se\/wp-json\/wp\/v2\/product_cat?post=34123"},{"taxonomy":"product_tag","embeddable":true,"href":"https:\/\/keluvo.com\/se\/wp-json\/wp\/v2\/product_tag?post=34123"}],"curies":[{"name":"wp","href":"https:\/\/api.w.org\/{rel}","templated":true}]}}