{"id":34060,"date":"2025-09-18T19:05:15","date_gmt":"2025-09-18T16:05:15","guid":{"rendered":"https:\/\/keluvo.com\/se\/product\/tandborste-for-husdjur\/"},"modified":"2025-09-30T11:19:07","modified_gmt":"2025-09-30T08:19:07","slug":"tandborste-for-husdjur","status":"publish","type":"product","link":"https:\/\/keluvo.com\/se\/product\/tandborste-for-husdjur\/","title":{"rendered":"Tandborste f\u00f6r husdjur (3 st)"},"content":{"rendered":"<p style=\"text-align: center\" data-start=\"67\" data-end=\"240\"><strong>S\u00e4g Adj\u00f6 Till D\u00e5lig Andedr\u00e4kt \ud83d\udc3e\ud83e\uddb7<\/strong><\/p>\n<p style=\"text-align: center\" data-start=\"67\" data-end=\"240\">Den h\u00e4r tandborsten f\u00f6r husdjur avl\u00e4gsnar f\u00f6rsiktigt plack och matrester samtidigt som den fr\u00e4schar upp ditt husdjurs andedr\u00e4kt &#8211; allt p\u00e5 bara n\u00e5gra minuter om dagen! Den \u00e4r utformad som en penna och \u00e4r l\u00e4tt att h\u00e5lla, s\u00e4ker att anv\u00e4nda och fungerar f\u00f6r b\u00e5de hundar och katter. De mjuka borsten skyddar tandk\u00f6ttet, medan den naturliga tandkr\u00e4men h\u00e5ller t\u00e4nderna rena och friska.<\/p>\n<p data-start=\"67\" data-end=\"240\"><img fetchpriority=\"high\" decoding=\"async\" class=\" wp-image-25658 aligncenter\" src=\"https:\/\/keluvo.com\/template\/wp-content\/uploads\/sites\/5\/2025\/06\/6657c6a99f581194cfd8e0f3147b9c56f6fbc666.webp\" alt=\"\" width=\"452\" height=\"803\" \/><\/p>\n<h2 style=\"text-align: center\" data-start=\"422\" data-end=\"444\">Huvudf\u00f6rdelar<\/h2>\n<p data-start=\"447\" data-end=\"503\">\ud83e\udea5 Mjuka borst reng\u00f6r f\u00f6rsiktigt t\u00e4nderna utan irritation<\/p>\n<p data-start=\"506\" data-end=\"549\">\ud83c\udf3f Naturlig formula som \u00e4r s\u00e4ker f\u00f6r hundar och katter<\/p>\n<p data-start=\"552\" data-end=\"597\">\ud83d\udc36 Hj\u00e4lper till att f\u00f6rebygga tandk\u00f6ttssjukdomar och d\u00e5lig breath<\/p>\n<p data-start=\"600\" data-end=\"651\">\u270f\ufe0f Borste i pennformat f\u00f6r enkelt grepp och precision<\/p>\n<p data-start=\"600\" data-end=\"651\">\ud83d\udc5c Resev\u00e4nlig storlek f\u00f6r n\u00e4r du \u00e4r p\u00e5 spr\u00e5ng use<\/p>\n<p data-start=\"600\" data-end=\"651\"><img decoding=\"async\" class=\"size-full wp-image-25659 aligncenter\" src=\"https:\/\/keluvo.com\/template\/wp-content\/uploads\/sites\/5\/2025\/06\/acb1e9b4-f45c-4799-be53-0d93c6252d88.webp\" alt=\"\" \/><\/p>\n<h2 style=\"text-align: center\" data-start=\"699\" data-end=\"720\">Hur Man Anv\u00e4nder<\/h2>\n<ol data-start=\"721\" data-end=\"852\">\n<li data-start=\"721\" data-end=\"765\">\n<p data-start=\"724\" data-end=\"765\">Vrid pennan f\u00f6r att frig\u00f6ra tandkr\u00e4men.<\/p>\n<\/li>\n<li data-start=\"766\" data-end=\"820\">\n<p data-start=\"769\" data-end=\"820\">Borsta f\u00f6rsiktigt ditt husdjurs t\u00e4nder med cirkul\u00e4ra r\u00f6relser.<\/p>\n<\/li>\n<li data-start=\"821\" data-end=\"852\">\n<p data-start=\"824\" data-end=\"852\">Anv\u00e4nd dagligen f\u00f6r b\u00e4sta resultat.<\/p>\n<\/li>\n<\/ol>\n<h2 style=\"text-align: center\" data-start=\"854\" data-end=\"879\">Produktdetaljer<\/h2>\n<ul data-start=\"880\" data-end=\"1001\">\n<li data-start=\"880\" data-end=\"907\">\n<p data-start=\"882\" data-end=\"907\">S\u00e4ker f\u00f6r: hundar och katter<\/p>\n<\/li>\n<li data-start=\"908\" data-end=\"956\">\n<p data-start=\"910\" data-end=\"956\">Ingredienser: inneh\u00e5ller naturliga v\u00e4xtextrakt<\/p>\n<\/li>\n<li data-start=\"957\" data-end=\"1001\">\n<p data-start=\"959\" data-end=\"1001\">Kompakt och l\u00e4tt f\u00f6r enkel f\u00f6rvaring<\/p>\n<\/li>\n<\/ul>\n<h2 style=\"text-align: center\" data-start=\"1003\" data-end=\"1029\">F\u00f6rpackningen Inneh\u00e5ller<\/h2>\n<ul data-start=\"1030\" data-end=\"1096\">\n<li data-start=\"1030\" data-end=\"1096\">\n<p data-start=\"1032\" data-end=\"1096\">3x tandborste f\u00f6r husdjur.<\/p>\n<\/li>\n<\/ul>\n","protected":false},"excerpt":{"rendered":"<p>S\u00e4g Adj\u00f6 Till D\u00e5lig Andedr\u00e4kt \ud83d\udc3e\ud83e\uddb7 Den h\u00e4r tandborsten f\u00f6r husdjur avl\u00e4gsnar f\u00f6rsiktigt plack och matrester samtidigt som den fr\u00e4schar [&hellip;]<\/p>\n","protected":false},"featured_media":38482,"comment_status":"open","ping_status":"closed","template":"","meta":{"site-sidebar-layout":"default","site-content-layout":"","ast-site-content-layout":"default","site-content-style":"default","site-sidebar-style":"default","ast-global-header-display":"","ast-banner-title-visibility":"","ast-main-header-display":"","ast-hfb-above-header-display":"","ast-hfb-below-header-display":"","ast-hfb-mobile-header-display":"","site-post-title":"","ast-breadcrumbs-content":"","ast-featured-img":"","footer-sml-layout":"","theme-transparent-header-meta":"default","adv-header-id-meta":"","stick-header-meta":"","header-above-stick-meta":"","header-main-stick-meta":"","header-below-stick-meta":"","astra-migrate-meta-layouts":"set","ast-page-background-enabled":"default","ast-page-background-meta":{"desktop":{"background-color":"var(--ast-global-color-4)","background-image":"","background-repeat":"repeat","background-position":"center center","background-size":"auto","background-attachment":"scroll","background-type":"","background-media":"","overlay-type":"","overlay-color":"","overlay-opacity":"","overlay-gradient":""},"tablet":{"background-color":"","background-image":"","background-repeat":"repeat","background-position":"center center","background-size":"auto","background-attachment":"scroll","background-type":"","background-media":"","overlay-type":"","overlay-color":"","overlay-opacity":"","overlay-gradient":""},"mobile":{"background-color":"","background-image":"","background-repeat":"repeat","background-position":"center center","background-size":"auto","background-attachment":"scroll","background-type":"","background-media":"","overlay-type":"","overlay-color":"","overlay-opacity":"","overlay-gradient":""}},"ast-content-background-meta":{"desktop":{"background-color":"var(--ast-global-color-5)","background-image":"","background-repeat":"repeat","background-position":"center center","background-size":"auto","background-attachment":"scroll","background-type":"","background-media":"","overlay-type":"","overlay-color":"","overlay-opacity":"","overlay-gradient":""},"tablet":{"background-color":"var(--ast-global-color-5)","background-image":"","background-repeat":"repeat","background-position":"center center","background-size":"auto","background-attachment":"scroll","background-type":"","background-media":"","overlay-type":"","overlay-color":"","overlay-opacity":"","overlay-gradient":""},"mobile":{"background-color":"var(--ast-global-color-5)","background-image":"","background-repeat":"repeat","background-position":"center center","background-size":"auto","background-attachment":"scroll","background-type":"","background-media":"","overlay-type":"","overlay-color":"","overlay-opacity":"","overlay-gradient":""}}},"product_brand":[],"product_cat":[997],"product_tag":[],"class_list":{"0":"post-34060","1":"product","2":"type-product","3":"status-publish","4":"has-post-thumbnail","6":"product_cat-pets-products","7":"desktop-align-left","8":"tablet-align-left","9":"mobile-align-left","11":"first","12":"instock","13":"shipping-taxable","14":"purchasable","15":"product-type-simple"},"_links":{"self":[{"href":"https:\/\/keluvo.com\/se\/wp-json\/wp\/v2\/product\/34060","targetHints":{"allow":["GET"]}}],"collection":[{"href":"https:\/\/keluvo.com\/se\/wp-json\/wp\/v2\/product"}],"about":[{"href":"https:\/\/keluvo.com\/se\/wp-json\/wp\/v2\/types\/product"}],"replies":[{"embeddable":true,"href":"https:\/\/keluvo.com\/se\/wp-json\/wp\/v2\/comments?post=34060"}],"wp:featuredmedia":[{"embeddable":true,"href":"https:\/\/keluvo.com\/se\/wp-json\/wp\/v2\/media\/38482"}],"wp:attachment":[{"href":"https:\/\/keluvo.com\/se\/wp-json\/wp\/v2\/media?parent=34060"}],"wp:term":[{"taxonomy":"product_brand","embeddable":true,"href":"https:\/\/keluvo.com\/se\/wp-json\/wp\/v2\/product_brand?post=34060"},{"taxonomy":"product_cat","embeddable":true,"href":"https:\/\/keluvo.com\/se\/wp-json\/wp\/v2\/product_cat?post=34060"},{"taxonomy":"product_tag","embeddable":true,"href":"https:\/\/keluvo.com\/se\/wp-json\/wp\/v2\/product_tag?post=34060"}],"curies":[{"name":"wp","href":"https:\/\/api.w.org\/{rel}","templated":true}]}}