{"id":34040,"date":"2025-09-18T19:04:05","date_gmt":"2025-09-18T16:04:05","guid":{"rendered":"https:\/\/keluvo.com\/se\/product\/digital-klocka\/"},"modified":"2025-09-18T19:04:15","modified_gmt":"2025-09-18T16:04:15","slug":"digital-klocka","status":"publish","type":"product","link":"https:\/\/keluvo.com\/se\/product\/digital-klocka\/","title":{"rendered":"Digital klocka"},"content":{"rendered":"<p style=\"text-align: center\" data-start=\"67\" data-end=\"310\"><strong>Byggd f\u00f6r action. Snygg f\u00f6r vardagen. \u231a\ud83d\udd25 <\/strong><\/p>\n<p style=\"text-align: center\" data-start=\"67\" data-end=\"310\">Denna digitala klocka \u00e4r den ultimata kombinationen av robust prestanda och dj\u00e4rv design. Oavsett om du vandrar, tr\u00e4nar eller bara beh\u00f6ver en p\u00e5litlig klocka, \u00e4r den h\u00e4r klockan redo f\u00f6r allt. Med en st\u00f6ts\u00e4ker konstruktion, bakgrundsbelyst display och vattent\u00e4tt h\u00f6lje hanterar den h\u00e4r klockan tuffa f\u00f6rh\u00e5llanden utan att svettas &#8211; och ser bra ut n\u00e4r du g\u00f6r det.<\/p>\n<p data-start=\"67\" data-end=\"310\"><img decoding=\"async\" class=\"size-full wp-image-25646 aligncenter\" src=\"https:\/\/keluvo.com\/template\/wp-content\/uploads\/sites\/5\/2025\/06\/xxGpxaTfXsFX88ueqgX6.jpg\" alt=\"\" \/><\/p>\n<h2 style=\"text-align: center\" data-start=\"463\" data-end=\"485\"><strong>Huvudf\u00f6rdelar<\/strong><\/h2>\n<p data-start=\"488\" data-end=\"526\">\ud83d\udd52 L\u00e4ttl\u00e4st digital tidsvisning<\/p>\n<p data-start=\"529\" data-end=\"573\">\ud83d\udca1 Bakgrundsbelyst sk\u00e4rm f\u00f6r synlighet nattetid<\/p>\n<p data-start=\"529\" data-end=\"573\">\ud83d\udca7 Vattenresistent (WR30M) f\u00f6r vardagliga st\u00e4nk<\/p>\n<p data-start=\"629\" data-end=\"665\">\ud83e\uddf1 H\u00e5llbar st\u00f6ts\u00e4ker konstruktion<\/p>\n<p data-start=\"629\" data-end=\"665\">\ud83c\udfaf Perfekt f\u00f6r sport, tr\u00e4ning och vardag wear<\/p>\n<p data-start=\"629\" data-end=\"665\"><img decoding=\"async\" class=\"size-full wp-image-25645 aligncenter\" src=\"https:\/\/keluvo.com\/template\/wp-content\/uploads\/sites\/5\/2025\/06\/stive.webp\" alt=\"\" \/><\/p>\n<h2 style=\"text-align: center\" data-start=\"718\" data-end=\"739\"><strong>Hur man anv\u00e4nder<\/strong><\/h2>\n<ol data-start=\"740\" data-end=\"878\">\n<li data-start=\"740\" data-end=\"780\">\n<p data-start=\"743\" data-end=\"780\">St\u00e4ll in tiden med sidoknapparna.<\/p>\n<\/li>\n<li data-start=\"781\" data-end=\"829\">\n<p data-start=\"784\" data-end=\"829\">Anv\u00e4nd alarm- och stoppursfunktionerna efter behov.<\/p>\n<\/li>\n<li data-start=\"830\" data-end=\"878\">\n<p data-start=\"833\" data-end=\"878\">Toggle light mode to check time in the dark.<\/p>\n<\/li>\n<\/ol>\n<h2 style=\"text-align: center\" data-start=\"880\" data-end=\"905\"><strong>Produktdetaljer<\/strong><\/h2>\n<ul data-start=\"906\" data-end=\"1070\">\n<li data-start=\"906\" data-end=\"930\">\n<p data-start=\"908\" data-end=\"930\">H\u00f6ljets diameter: 55 mm<\/p>\n<\/li>\n<li data-start=\"931\" data-end=\"956\">\n<p data-start=\"933\" data-end=\"956\">H\u00f6ljets tjocklek: 18 mm<\/p>\n<\/li>\n<li data-start=\"957\" data-end=\"978\">\n<p data-start=\"959\" data-end=\"978\">Bandets bredd: 22 mm<\/p>\n<\/li>\n<li data-start=\"979\" data-end=\"1018\">\n<p data-start=\"981\" data-end=\"1018\">Bandets l\u00e4ngd: justerbar upp till 26 cm<\/p>\n<\/li>\n<li data-start=\"1019\" data-end=\"1043\">\n<p data-start=\"1021\" data-end=\"1043\">Vikt: ca 65 g<\/p>\n<\/li>\n<li data-start=\"1044\" data-end=\"1070\">\n<p data-start=\"1046\" data-end=\"1070\">Vattent\u00e4thetsklassning: 30M<\/p>\n<\/li>\n<\/ul>\n<h2 style=\"text-align: center\" data-start=\"1072\" data-end=\"1098\"><strong>Paketet inneh\u00e5ller<\/strong><\/h2>\n<ul data-start=\"1099\" data-end=\"1151\">\n<li data-start=\"1099\" data-end=\"1133\">\n<p data-start=\"1101\" data-end=\"1133\">1x digitalklocka f\u00f6r m\u00e4n<\/p>\n<\/li>\n<li data-start=\"1134\" data-end=\"1151\">\n<p data-start=\"1136\" data-end=\"1151\">1 anv\u00e4ndarmanual.<\/p>\n<\/li>\n<\/ul>\n","protected":false},"excerpt":{"rendered":"<p>Byggd f\u00f6r action. Snygg f\u00f6r vardagen. \u231a\ud83d\udd25 Denna digitala klocka \u00e4r den ultimata kombinationen av robust prestanda och dj\u00e4rv design. [&hellip;]<\/p>\n","protected":false},"featured_media":34036,"comment_status":"open","ping_status":"closed","template":"","meta":{"site-sidebar-layout":"default","site-content-layout":"","ast-site-content-layout":"default","site-content-style":"default","site-sidebar-style":"default","ast-global-header-display":"","ast-banner-title-visibility":"","ast-main-header-display":"","ast-hfb-above-header-display":"","ast-hfb-below-header-display":"","ast-hfb-mobile-header-display":"","site-post-title":"","ast-breadcrumbs-content":"","ast-featured-img":"","footer-sml-layout":"","theme-transparent-header-meta":"default","adv-header-id-meta":"","stick-header-meta":"","header-above-stick-meta":"","header-main-stick-meta":"","header-below-stick-meta":"","astra-migrate-meta-layouts":"set","ast-page-background-enabled":"default","ast-page-background-meta":{"desktop":{"background-color":"var(--ast-global-color-4)","background-image":"","background-repeat":"repeat","background-position":"center center","background-size":"auto","background-attachment":"scroll","background-type":"","background-media":"","overlay-type":"","overlay-color":"","overlay-opacity":"","overlay-gradient":""},"tablet":{"background-color":"","background-image":"","background-repeat":"repeat","background-position":"center center","background-size":"auto","background-attachment":"scroll","background-type":"","background-media":"","overlay-type":"","overlay-color":"","overlay-opacity":"","overlay-gradient":""},"mobile":{"background-color":"","background-image":"","background-repeat":"repeat","background-position":"center center","background-size":"auto","background-attachment":"scroll","background-type":"","background-media":"","overlay-type":"","overlay-color":"","overlay-opacity":"","overlay-gradient":""}},"ast-content-background-meta":{"desktop":{"background-color":"var(--ast-global-color-5)","background-image":"","background-repeat":"repeat","background-position":"center center","background-size":"auto","background-attachment":"scroll","background-type":"","background-media":"","overlay-type":"","overlay-color":"","overlay-opacity":"","overlay-gradient":""},"tablet":{"background-color":"var(--ast-global-color-5)","background-image":"","background-repeat":"repeat","background-position":"center center","background-size":"auto","background-attachment":"scroll","background-type":"","background-media":"","overlay-type":"","overlay-color":"","overlay-opacity":"","overlay-gradient":""},"mobile":{"background-color":"var(--ast-global-color-5)","background-image":"","background-repeat":"repeat","background-position":"center center","background-size":"auto","background-attachment":"scroll","background-type":"","background-media":"","overlay-type":"","overlay-color":"","overlay-opacity":"","overlay-gradient":""}}},"product_brand":[],"product_cat":[995,993],"product_tag":[],"class_list":{"0":"post-34040","1":"product","2":"type-product","3":"status-publish","4":"has-post-thumbnail","6":"product_cat-clothing-for-men","7":"product_cat-footwear-accessories","8":"pa_47636_9rphrffd-bla","9":"pa_47636_9rphrffd-guld","10":"pa_47636_9rphrffd-rod","11":"pa_47636_9rphrffd-svart","12":"desktop-align-left","13":"tablet-align-left","14":"mobile-align-left","16":"first","17":"instock","18":"shipping-taxable","19":"purchasable","20":"product-type-variable"},"_links":{"self":[{"href":"https:\/\/keluvo.com\/se\/wp-json\/wp\/v2\/product\/34040","targetHints":{"allow":["GET"]}}],"collection":[{"href":"https:\/\/keluvo.com\/se\/wp-json\/wp\/v2\/product"}],"about":[{"href":"https:\/\/keluvo.com\/se\/wp-json\/wp\/v2\/types\/product"}],"replies":[{"embeddable":true,"href":"https:\/\/keluvo.com\/se\/wp-json\/wp\/v2\/comments?post=34040"}],"wp:featuredmedia":[{"embeddable":true,"href":"https:\/\/keluvo.com\/se\/wp-json\/wp\/v2\/media\/34036"}],"wp:attachment":[{"href":"https:\/\/keluvo.com\/se\/wp-json\/wp\/v2\/media?parent=34040"}],"wp:term":[{"taxonomy":"product_brand","embeddable":true,"href":"https:\/\/keluvo.com\/se\/wp-json\/wp\/v2\/product_brand?post=34040"},{"taxonomy":"product_cat","embeddable":true,"href":"https:\/\/keluvo.com\/se\/wp-json\/wp\/v2\/product_cat?post=34040"},{"taxonomy":"product_tag","embeddable":true,"href":"https:\/\/keluvo.com\/se\/wp-json\/wp\/v2\/product_tag?post=34040"}],"curies":[{"name":"wp","href":"https:\/\/api.w.org\/{rel}","templated":true}]}}