{"id":33997,"date":"2025-09-18T19:02:19","date_gmt":"2025-09-18T16:02:19","guid":{"rendered":"https:\/\/keluvo.com\/se\/product\/latexfarg\/"},"modified":"2025-09-19T17:08:43","modified_gmt":"2025-09-19T14:08:43","slug":"latexfarg","status":"publish","type":"product","link":"https:\/\/keluvo.com\/se\/product\/latexfarg\/","title":{"rendered":"Latexf\u00e4rg"},"content":{"rendered":"<p style=\"text-align: center\" data-start=\"67\" data-end=\"323\"><strong>\u00c5tg\u00e4rda V\u00e4ggskador P\u00e5 N\u00e5gra Sekunder \u2014 Inga Verktyg, Ingen R\u00f6ra! \ud83e\uddf1\ud83c\udfa8<\/strong><\/p>\n<p style=\"text-align: center\" data-start=\"67\" data-end=\"323\">Latexf\u00e4rgen med inbyggd pasta \u00e4r det enklaste s\u00e4ttet att t\u00e4cka \u00f6ver sprickor, h\u00e5l, fl\u00e4ckar och repor. Rulla bara p\u00e5 den, l\u00e5t den torka och njut av en felfri finish &#8211; allt i en snabb r\u00f6relse. Perfekt f\u00f6r hemmafixare, hyresg\u00e4ster eller alla som vill ha snabba resultat utan att beh\u00f6va ringa en hantverkare!<\/p>\n<p data-start=\"67\" data-end=\"323\"><img decoding=\"async\" class=\"size-full wp-image-25605 aligncenter\" src=\"https:\/\/keluvo.com\/template\/wp-content\/uploads\/sites\/5\/2025\/06\/06257-ezgif.com-video-to-webp-converter.webp\" alt=\"\" \/><\/p>\n<h2 style=\"text-align: center\" data-start=\"416\" data-end=\"438\">\u2705 De viktigaste f\u00f6rdelarna<\/h2>\n<p data-start=\"441\" data-end=\"490\">\ud83d\udd8c\ufe0f Inbyggd reparationspasta f\u00f6r snabb applicering<\/p>\n<p data-start=\"493\" data-end=\"545\">\ud83d\udd27 Inga verktyg eller blandningar beh\u00f6vs &#8211; bara skaka och rulla<\/p>\n<p data-start=\"548\" data-end=\"602\">\u2728 T\u00e4cker fl\u00e4ckar, sprickor och flagnande f\u00e4rg direkt<\/p>\n<p data-start=\"605\" data-end=\"638\">\ud83d\udcaa Stark, l\u00e5ngvarig formula<\/p>\n<p data-start=\"641\" data-end=\"677\">\ud83e\uddfd Kladdfri och f\u00f6r nyb\u00f6rjare friendly<\/p>\n<p data-start=\"641\" data-end=\"677\"><img decoding=\"async\" class=\"size-full wp-image-25607 aligncenter\" src=\"https:\/\/keluvo.com\/template\/wp-content\/uploads\/sites\/5\/2025\/06\/sku_2_4f6adc58-8c64-4e2a-9768-ecf621ee74c9_720x.webp\" alt=\"\" \/><\/p>\n<h2 style=\"text-align: center\" data-start=\"679\" data-end=\"700\">\ud83d\udee0\ufe0f Hur Man Anv\u00e4nder<\/h2>\n<ol data-start=\"701\" data-end=\"817\">\n<li data-start=\"701\" data-end=\"727\">\n<p data-start=\"704\" data-end=\"727\">Skaka flaskan v\u00e4l.<\/p>\n<\/li>\n<li data-start=\"728\" data-end=\"773\">\n<p data-start=\"731\" data-end=\"773\">Rulla direkt p\u00e5 det skadade v\u00e4ggomr\u00e5det.<\/p>\n<\/li>\n<li data-start=\"774\" data-end=\"817\">\n<p data-start=\"777\" data-end=\"817\">L\u00e5t det torka och beundra det rena resultatet.<\/p>\n<\/li>\n<\/ol>\n<h2 style=\"text-align: center\" data-start=\"819\" data-end=\"844\">\ud83d\udccf Produktdetaljer<\/h2>\n<ul data-start=\"845\" data-end=\"988\">\n<li data-start=\"845\" data-end=\"896\">\n<p data-start=\"847\" data-end=\"896\">Material: plastflaska med integrerad roller<\/p>\n<\/li>\n<li data-start=\"897\" data-end=\"923\">\n<p data-start=\"899\" data-end=\"923\">Volym: ca 100 ml<\/p>\n<\/li>\n<li data-start=\"963\" data-end=\"988\">\n<p data-start=\"965\" data-end=\"988\">Bara f\u00f6r inomhusbruk<\/p>\n<\/li>\n<\/ul>\n<h2 style=\"text-align: center\" data-start=\"990\" data-end=\"1016\">\ud83d\udce6 F\u00f6rpackningen Inneh\u00e5ller<\/h2>\n<ul data-start=\"1017\" data-end=\"1074\">\n<li data-start=\"1017\" data-end=\"1074\">\n<p data-start=\"1019\" data-end=\"1074\">1x latexf\u00e4rg.<\/p>\n<\/li>\n<\/ul>\n","protected":false},"excerpt":{"rendered":"<p>\u00c5tg\u00e4rda V\u00e4ggskador P\u00e5 N\u00e5gra Sekunder \u2014 Inga Verktyg, Ingen R\u00f6ra! \ud83e\uddf1\ud83c\udfa8 Latexf\u00e4rgen med inbyggd pasta \u00e4r det enklaste s\u00e4ttet att [&hellip;]<\/p>\n","protected":false},"featured_media":33993,"comment_status":"open","ping_status":"closed","template":"","meta":{"site-sidebar-layout":"default","site-content-layout":"","ast-site-content-layout":"default","site-content-style":"default","site-sidebar-style":"default","ast-global-header-display":"","ast-banner-title-visibility":"","ast-main-header-display":"","ast-hfb-above-header-display":"","ast-hfb-below-header-display":"","ast-hfb-mobile-header-display":"","site-post-title":"","ast-breadcrumbs-content":"","ast-featured-img":"","footer-sml-layout":"","theme-transparent-header-meta":"default","adv-header-id-meta":"","stick-header-meta":"","header-above-stick-meta":"","header-main-stick-meta":"","header-below-stick-meta":"","astra-migrate-meta-layouts":"set","ast-page-background-enabled":"default","ast-page-background-meta":{"desktop":{"background-color":"var(--ast-global-color-4)","background-image":"","background-repeat":"repeat","background-position":"center center","background-size":"auto","background-attachment":"scroll","background-type":"","background-media":"","overlay-type":"","overlay-color":"","overlay-opacity":"","overlay-gradient":""},"tablet":{"background-color":"","background-image":"","background-repeat":"repeat","background-position":"center center","background-size":"auto","background-attachment":"scroll","background-type":"","background-media":"","overlay-type":"","overlay-color":"","overlay-opacity":"","overlay-gradient":""},"mobile":{"background-color":"","background-image":"","background-repeat":"repeat","background-position":"center center","background-size":"auto","background-attachment":"scroll","background-type":"","background-media":"","overlay-type":"","overlay-color":"","overlay-opacity":"","overlay-gradient":""}},"ast-content-background-meta":{"desktop":{"background-color":"var(--ast-global-color-5)","background-image":"","background-repeat":"repeat","background-position":"center center","background-size":"auto","background-attachment":"scroll","background-type":"","background-media":"","overlay-type":"","overlay-color":"","overlay-opacity":"","overlay-gradient":""},"tablet":{"background-color":"var(--ast-global-color-5)","background-image":"","background-repeat":"repeat","background-position":"center center","background-size":"auto","background-attachment":"scroll","background-type":"","background-media":"","overlay-type":"","overlay-color":"","overlay-opacity":"","overlay-gradient":""},"mobile":{"background-color":"var(--ast-global-color-5)","background-image":"","background-repeat":"repeat","background-position":"center center","background-size":"auto","background-attachment":"scroll","background-type":"","background-media":"","overlay-type":"","overlay-color":"","overlay-opacity":"","overlay-gradient":""}}},"product_brand":[],"product_cat":[1001],"product_tag":[],"class_list":{"0":"post-33997","1":"product","2":"type-product","3":"status-publish","4":"has-post-thumbnail","6":"product_cat-household-goods","7":"pa_22285_ywi4t10e-a","8":"pa_22285_ywi4t10e-b","9":"pa_22285_ywi4t10e-c","10":"pa_22285_ywi4t10e-d","11":"pa_22285_ywi4t10e-e","12":"pa_22285_ywi4t10e-f","13":"pa_22285_ywi4t10e-g","14":"pa_22285_ywi4t10e-h","15":"pa_22285_ywi4t10e-i","16":"pa_22285_ywi4t10e-j","17":"pa_22285_ywi4t10e-k","18":"pa_22285_ywi4t10e-l","19":"pa_22285_ywi4t10e-m","20":"pa_22285_ywi4t10e-n","21":"pa_22285_ywi4t10e-o","22":"pa_22285_ywi4t10e-p","23":"desktop-align-left","24":"tablet-align-left","25":"mobile-align-left","27":"first","28":"instock","29":"shipping-taxable","30":"purchasable","31":"product-type-variable"},"_links":{"self":[{"href":"https:\/\/keluvo.com\/se\/wp-json\/wp\/v2\/product\/33997","targetHints":{"allow":["GET"]}}],"collection":[{"href":"https:\/\/keluvo.com\/se\/wp-json\/wp\/v2\/product"}],"about":[{"href":"https:\/\/keluvo.com\/se\/wp-json\/wp\/v2\/types\/product"}],"replies":[{"embeddable":true,"href":"https:\/\/keluvo.com\/se\/wp-json\/wp\/v2\/comments?post=33997"}],"wp:featuredmedia":[{"embeddable":true,"href":"https:\/\/keluvo.com\/se\/wp-json\/wp\/v2\/media\/33993"}],"wp:attachment":[{"href":"https:\/\/keluvo.com\/se\/wp-json\/wp\/v2\/media?parent=33997"}],"wp:term":[{"taxonomy":"product_brand","embeddable":true,"href":"https:\/\/keluvo.com\/se\/wp-json\/wp\/v2\/product_brand?post=33997"},{"taxonomy":"product_cat","embeddable":true,"href":"https:\/\/keluvo.com\/se\/wp-json\/wp\/v2\/product_cat?post=33997"},{"taxonomy":"product_tag","embeddable":true,"href":"https:\/\/keluvo.com\/se\/wp-json\/wp\/v2\/product_tag?post=33997"}],"curies":[{"name":"wp","href":"https:\/\/api.w.org\/{rel}","templated":true}]}}