{"id":33967,"date":"2025-09-18T19:00:16","date_gmt":"2025-09-18T16:00:16","guid":{"rendered":"https:\/\/keluvo.com\/se\/product\/hangande-rack\/"},"modified":"2025-09-30T11:19:16","modified_gmt":"2025-09-30T08:19:16","slug":"hangande-rack","status":"publish","type":"product","link":"https:\/\/keluvo.com\/se\/product\/hangande-rack\/","title":{"rendered":"H\u00e4ngande rack (2 st)"},"content":{"rendered":"<p style=\"text-align: center\" data-start=\"67\" data-end=\"312\"><strong>F\u00f6rvandla Alla Hyllor Till Smart F\u00f6rvaring! \ud83e\uddf0\ud83e\ude9d<\/strong><\/p>\n<p style=\"text-align: center\" data-start=\"67\" data-end=\"312\">Dessa verktygs- och f\u00f6rem\u00e5lsh\u00e4ngare \u00e4r det enklaste s\u00e4ttet att l\u00e4gga till 6 extra krokar under dina hyllor &#8211; ingen borrning, inget kr\u00e5ngel. Skjut bara p\u00e5 dem och b\u00f6rja organisera dina k\u00f6ksredskap, muggar, handdukar eller tillbeh\u00f6r. De \u00e4r starka, eleganta och rostfria och passar perfekt f\u00f6r anv\u00e4ndning i k\u00f6ket, badrummet, hallen eller garderoben.<\/p>\n<p data-start=\"67\" data-end=\"312\"><img fetchpriority=\"high\" decoding=\"async\" class=\" wp-image-25579 aligncenter\" src=\"https:\/\/keluvo.com\/template\/wp-content\/uploads\/sites\/5\/2025\/06\/GIF2_0e934f52-0564-40b5-ae9a-1c75b8274b40_480x480.webp\" alt=\"\" width=\"400\" height=\"400\" \/><\/p>\n<h2 style=\"text-align: center\" data-start=\"422\" data-end=\"444\">Huvudf\u00f6rdelar<\/h2>\n<p data-start=\"447\" data-end=\"481\">\ud83e\ude9d 6 krokar i en kompakt h\u00e4ngare<\/p>\n<p data-start=\"484\" data-end=\"535\">\ud83d\udd27 Ingen installation beh\u00f6vs &#8211; skjut bara p\u00e5 plats<\/p>\n<p data-start=\"538\" data-end=\"585\">\ud83d\udcaa Tillverkad av h\u00f6gkvalitativt, rostbest\u00e4ndigt st\u00e5l<\/p>\n<p data-start=\"588\" data-end=\"653\">\ud83e\uddfc Perfekt f\u00f6r att organisera muggar, verktyg, redskap, handdukar med mera<\/p>\n<p data-start=\"656\" data-end=\"707\">\ud83c\udfaf Passar perfekt i sm\u00e5 utrymmen utan clutter<\/p>\n<p data-start=\"656\" data-end=\"707\"><img decoding=\"async\" class=\" wp-image-25580 aligncenter\" src=\"https:\/\/keluvo.com\/template\/wp-content\/uploads\/sites\/5\/2025\/06\/GIF2_4307990a-bdce-45f3-874b-c77986480fe2_480x480.webp\" alt=\"\" width=\"386\" height=\"386\" \/><\/p>\n<h2 style=\"text-align: center\" data-start=\"709\" data-end=\"730\">Hur Man Anv\u00e4nder<\/h2>\n<ol data-start=\"731\" data-end=\"887\">\n<li data-start=\"731\" data-end=\"796\">\n<p data-start=\"734\" data-end=\"796\">Skjut upp h\u00e4ngaren p\u00e5 kanten av en hylla (max 2,2 cm tjock).<\/p>\n<\/li>\n<li data-start=\"797\" data-end=\"847\">\n<p data-start=\"800\" data-end=\"847\">Justera efter behov &#8211; inga skruvar eller lim kr\u00e4vs.<\/p>\n<\/li>\n<li data-start=\"848\" data-end=\"887\">\n<p data-start=\"851\" data-end=\"887\">B\u00f6rja h\u00e4nga upp dina f\u00f6rem\u00e5l direkt.<\/p>\n<\/li>\n<\/ol>\n<h2 style=\"text-align: center\" data-start=\"889\" data-end=\"914\">Produktdetaljer<\/h2>\n<ul data-start=\"915\" data-end=\"1020\">\n<li data-start=\"915\" data-end=\"947\">\n<p data-start=\"917\" data-end=\"947\">Material: h\u00f6gkvalitativt st\u00e5l<\/p>\n<\/li>\n<li data-start=\"948\" data-end=\"974\">\n<p data-start=\"950\" data-end=\"974\">Storlek: 7,2 \u00d7 3 \u00d7 1,7 cm<\/p>\n<\/li>\n<li data-start=\"975\" data-end=\"992\">\n<p data-start=\"977\" data-end=\"992\">Vikt: 106 g<\/p>\n<\/li>\n<\/ul>\n<h2 style=\"text-align: center\" data-start=\"1022\" data-end=\"1048\">Paketet Inneh\u00e5ller<\/h2>\n<ul data-start=\"1049\" data-end=\"1091\">\n<li data-start=\"1049\" data-end=\"1091\">\n<p data-start=\"1051\" data-end=\"1091\">2x H\u00e4ngande st\u00e4ll<\/p>\n<\/li>\n<\/ul>\n","protected":false},"excerpt":{"rendered":"<p>F\u00f6rvandla Alla Hyllor Till Smart F\u00f6rvaring! \ud83e\uddf0\ud83e\ude9d Dessa verktygs- och f\u00f6rem\u00e5lsh\u00e4ngare \u00e4r det enklaste s\u00e4ttet att l\u00e4gga till 6 extra [&hellip;]<\/p>\n","protected":false},"featured_media":33963,"comment_status":"open","ping_status":"closed","template":"","meta":{"site-sidebar-layout":"default","site-content-layout":"","ast-site-content-layout":"default","site-content-style":"default","site-sidebar-style":"default","ast-global-header-display":"","ast-banner-title-visibility":"","ast-main-header-display":"","ast-hfb-above-header-display":"","ast-hfb-below-header-display":"","ast-hfb-mobile-header-display":"","site-post-title":"","ast-breadcrumbs-content":"","ast-featured-img":"","footer-sml-layout":"","theme-transparent-header-meta":"default","adv-header-id-meta":"","stick-header-meta":"","header-above-stick-meta":"","header-main-stick-meta":"","header-below-stick-meta":"","astra-migrate-meta-layouts":"set","ast-page-background-enabled":"default","ast-page-background-meta":{"desktop":{"background-color":"var(--ast-global-color-4)","background-image":"","background-repeat":"repeat","background-position":"center center","background-size":"auto","background-attachment":"scroll","background-type":"","background-media":"","overlay-type":"","overlay-color":"","overlay-opacity":"","overlay-gradient":""},"tablet":{"background-color":"","background-image":"","background-repeat":"repeat","background-position":"center center","background-size":"auto","background-attachment":"scroll","background-type":"","background-media":"","overlay-type":"","overlay-color":"","overlay-opacity":"","overlay-gradient":""},"mobile":{"background-color":"","background-image":"","background-repeat":"repeat","background-position":"center center","background-size":"auto","background-attachment":"scroll","background-type":"","background-media":"","overlay-type":"","overlay-color":"","overlay-opacity":"","overlay-gradient":""}},"ast-content-background-meta":{"desktop":{"background-color":"var(--ast-global-color-5)","background-image":"","background-repeat":"repeat","background-position":"center center","background-size":"auto","background-attachment":"scroll","background-type":"","background-media":"","overlay-type":"","overlay-color":"","overlay-opacity":"","overlay-gradient":""},"tablet":{"background-color":"var(--ast-global-color-5)","background-image":"","background-repeat":"repeat","background-position":"center center","background-size":"auto","background-attachment":"scroll","background-type":"","background-media":"","overlay-type":"","overlay-color":"","overlay-opacity":"","overlay-gradient":""},"mobile":{"background-color":"var(--ast-global-color-5)","background-image":"","background-repeat":"repeat","background-position":"center center","background-size":"auto","background-attachment":"scroll","background-type":"","background-media":"","overlay-type":"","overlay-color":"","overlay-opacity":"","overlay-gradient":""}}},"product_brand":[],"product_cat":[1001,993],"product_tag":[],"class_list":{"0":"post-33967","1":"product","2":"type-product","3":"status-publish","4":"has-post-thumbnail","6":"product_cat-household-goods","7":"product_cat-footwear-accessories","8":"pa_21393_c7dc3t9j-svart","9":"pa_21393_c7dc3t9j-vit","10":"desktop-align-left","11":"tablet-align-left","12":"mobile-align-left","14":"first","15":"instock","16":"shipping-taxable","17":"purchasable","18":"product-type-variable"},"_links":{"self":[{"href":"https:\/\/keluvo.com\/se\/wp-json\/wp\/v2\/product\/33967","targetHints":{"allow":["GET"]}}],"collection":[{"href":"https:\/\/keluvo.com\/se\/wp-json\/wp\/v2\/product"}],"about":[{"href":"https:\/\/keluvo.com\/se\/wp-json\/wp\/v2\/types\/product"}],"replies":[{"embeddable":true,"href":"https:\/\/keluvo.com\/se\/wp-json\/wp\/v2\/comments?post=33967"}],"wp:featuredmedia":[{"embeddable":true,"href":"https:\/\/keluvo.com\/se\/wp-json\/wp\/v2\/media\/33963"}],"wp:attachment":[{"href":"https:\/\/keluvo.com\/se\/wp-json\/wp\/v2\/media?parent=33967"}],"wp:term":[{"taxonomy":"product_brand","embeddable":true,"href":"https:\/\/keluvo.com\/se\/wp-json\/wp\/v2\/product_brand?post=33967"},{"taxonomy":"product_cat","embeddable":true,"href":"https:\/\/keluvo.com\/se\/wp-json\/wp\/v2\/product_cat?post=33967"},{"taxonomy":"product_tag","embeddable":true,"href":"https:\/\/keluvo.com\/se\/wp-json\/wp\/v2\/product_tag?post=33967"}],"curies":[{"name":"wp","href":"https:\/\/api.w.org\/{rel}","templated":true}]}}