{"id":33952,"date":"2025-09-18T18:59:13","date_gmt":"2025-09-18T15:59:13","guid":{"rendered":"https:\/\/keluvo.com\/se\/product\/godningsmedel-for-grasmattor\/"},"modified":"2025-09-19T17:03:20","modified_gmt":"2025-09-19T14:03:20","slug":"godningsmedel-for-grasmattor","status":"publish","type":"product","link":"https:\/\/keluvo.com\/se\/product\/godningsmedel-for-grasmattor\/","title":{"rendered":"G\u00f6dningsmedel f\u00f6r gr\u00e4smattor"},"content":{"rendered":"<p style=\"text-align: center\" data-start=\"67\" data-end=\"300\"><strong>S\u00e4g Adj\u00f6 Till Bruna Fl\u00e4ckar Och Hej Till Frodigt Gr\u00f6nt Gr\u00e4s \ud83c\udf31\ud83d\udca6<\/strong><\/p>\n<p style=\"text-align: center\" data-start=\"67\" data-end=\"300\">Gr\u00f6nt gr\u00e4s flytande gr\u00e4smatteg\u00f6dsel \u00e4r det snabba och enkla s\u00e4ttet att \u00e5teruppliva din tr\u00e4dg\u00e5rd. Bara spraya, v\u00e4nta och se din gr\u00e4smatta f\u00f6rvandlas till en tjock, livfull matta av gr\u00f6nt. Perfekt f\u00f6r att t\u00e4cka torra fl\u00e4ckar, husdjursfl\u00e4ckar eller oj\u00e4mn tillv\u00e4xt &#8211; och s\u00e4kert f\u00f6r husdjur, barn och milj\u00f6n.<\/p>\n<p data-start=\"67\" data-end=\"300\"><img decoding=\"async\" class=\"size-full wp-image-25565 aligncenter\" src=\"https:\/\/keluvo.com\/template\/wp-content\/uploads\/sites\/5\/2025\/06\/06256-ezgif.com-video-to-webp-converter.webp\" alt=\"\" \/><\/p>\n<h2 style=\"text-align: center\" data-start=\"412\" data-end=\"434\">\u2705 Huvudf\u00f6rdelar<\/h2>\n<p data-start=\"437\" data-end=\"486\">\ud83c\udf3f F\u00f6rvandlar oj\u00e4mnt gr\u00e4s till en frisk gr\u00f6n gr\u00e4smatta<\/p>\n<p data-start=\"489\" data-end=\"532\">\ud83d\udebf Enkel sprayapplicering utan kladd<\/p>\n<p data-start=\"535\" data-end=\"571\">\ud83d\udc3e S\u00e4ker f\u00f6r husdjur, barn och plants<\/p>\n<p data-start=\"574\" data-end=\"618\">\ud83c\udf27\ufe0f Fungerar \u00e4ven p\u00e5 tuff jord och torra fl\u00e4ckar<\/p>\n<p data-start=\"621\" data-end=\"680\">\ud83d\udca7 L\u00e5ngtidsverkande formula med synliga resultat p\u00e5 bara days<\/p>\n<p data-start=\"621\" data-end=\"680\"><img decoding=\"async\" class=\"size-full wp-image-25571 aligncenter\" src=\"https:\/\/keluvo.com\/template\/wp-content\/uploads\/sites\/5\/2025\/06\/Se5b8a647fe5d4f678306c2676d81a1baX.jpg_960x960q75.jpg_.avif\" alt=\"\" \/><\/p>\n<h2 style=\"text-align: center\" data-start=\"682\" data-end=\"703\">\ud83d\udee0\ufe0f Hur Man Anv\u00e4nder<\/h2>\n<ol data-start=\"704\" data-end=\"869\">\n<li data-start=\"704\" data-end=\"752\">\n<p data-start=\"707\" data-end=\"752\">Spraya v\u00e4tskan p\u00e5 s\u00e5dda eller problemomr\u00e5den.<\/p>\n<\/li>\n<li data-start=\"753\" data-end=\"821\">\n<p data-start=\"756\" data-end=\"821\">V\u00e4nta 4-7 dagar f\u00f6r groning och upp till 17 dagar f\u00f6r full tillv\u00e4xt.<\/p>\n<\/li>\n<li data-start=\"822\" data-end=\"869\">\n<p data-start=\"825\" data-end=\"869\">Upprepa vid behov f\u00f6r att bibeh\u00e5lla frodig t\u00e4ckning.<\/p>\n<\/li>\n<\/ol>\n<h2 style=\"text-align: center\" data-start=\"871\" data-end=\"896\">\ud83d\udccf Produktdetaljer<\/h2>\n<ul data-start=\"897\" data-end=\"1078\">\n<li data-start=\"897\" data-end=\"937\">\n<p data-start=\"899\" data-end=\"937\">Varje 59 ml flaska t\u00e4cker upp till 10 m\u00b2<\/p>\n<\/li>\n<li data-start=\"938\" data-end=\"981\">\n<p data-start=\"940\" data-end=\"981\">L\u00f6sg\u00f6r h\u00e5rd jord f\u00f6r b\u00e4ttre absorption<\/p>\n<\/li>\n<li data-start=\"982\" data-end=\"1036\">\n<p data-start=\"984\" data-end=\"1036\">T\u00e4cker bruna fl\u00e4ckar fr\u00e5n urin, torka och skador<\/p>\n<\/li>\n<li data-start=\"1037\" data-end=\"1078\">\n<p data-start=\"1039\" data-end=\"1078\">S\u00e4kert runt husdjur och tr\u00e4dg\u00e5rdsutrustning<\/p>\n<\/li>\n<\/ul>\n<h2 style=\"text-align: center\" data-start=\"1080\" data-end=\"1106\">\ud83d\udce6 Paketet Inneh\u00e5ller<\/h2>\n<ul data-start=\"1107\" data-end=\"1165\">\n<li data-start=\"1107\" data-end=\"1165\">\n<p data-start=\"1109\" data-end=\"1165\">1, 3, 5x flaska gr\u00e4smatteg\u00f6dsel.<\/p>\n<\/li>\n<\/ul>\n","protected":false},"excerpt":{"rendered":"<p>S\u00e4g Adj\u00f6 Till Bruna Fl\u00e4ckar Och Hej Till Frodigt Gr\u00f6nt Gr\u00e4s \ud83c\udf31\ud83d\udca6 Gr\u00f6nt gr\u00e4s flytande gr\u00e4smatteg\u00f6dsel \u00e4r det snabba och [&hellip;]<\/p>\n","protected":false},"featured_media":33948,"comment_status":"open","ping_status":"closed","template":"","meta":{"site-sidebar-layout":"default","site-content-layout":"","ast-site-content-layout":"default","site-content-style":"default","site-sidebar-style":"default","ast-global-header-display":"","ast-banner-title-visibility":"","ast-main-header-display":"","ast-hfb-above-header-display":"","ast-hfb-below-header-display":"","ast-hfb-mobile-header-display":"","site-post-title":"","ast-breadcrumbs-content":"","ast-featured-img":"","footer-sml-layout":"","theme-transparent-header-meta":"default","adv-header-id-meta":"","stick-header-meta":"","header-above-stick-meta":"","header-main-stick-meta":"","header-below-stick-meta":"","astra-migrate-meta-layouts":"set","ast-page-background-enabled":"default","ast-page-background-meta":{"desktop":{"background-color":"var(--ast-global-color-4)","background-image":"","background-repeat":"repeat","background-position":"center center","background-size":"auto","background-attachment":"scroll","background-type":"","background-media":"","overlay-type":"","overlay-color":"","overlay-opacity":"","overlay-gradient":""},"tablet":{"background-color":"","background-image":"","background-repeat":"repeat","background-position":"center center","background-size":"auto","background-attachment":"scroll","background-type":"","background-media":"","overlay-type":"","overlay-color":"","overlay-opacity":"","overlay-gradient":""},"mobile":{"background-color":"","background-image":"","background-repeat":"repeat","background-position":"center center","background-size":"auto","background-attachment":"scroll","background-type":"","background-media":"","overlay-type":"","overlay-color":"","overlay-opacity":"","overlay-gradient":""}},"ast-content-background-meta":{"desktop":{"background-color":"var(--ast-global-color-5)","background-image":"","background-repeat":"repeat","background-position":"center center","background-size":"auto","background-attachment":"scroll","background-type":"","background-media":"","overlay-type":"","overlay-color":"","overlay-opacity":"","overlay-gradient":""},"tablet":{"background-color":"var(--ast-global-color-5)","background-image":"","background-repeat":"repeat","background-position":"center center","background-size":"auto","background-attachment":"scroll","background-type":"","background-media":"","overlay-type":"","overlay-color":"","overlay-opacity":"","overlay-gradient":""},"mobile":{"background-color":"var(--ast-global-color-5)","background-image":"","background-repeat":"repeat","background-position":"center center","background-size":"auto","background-attachment":"scroll","background-type":"","background-media":"","overlay-type":"","overlay-color":"","overlay-opacity":"","overlay-gradient":""}}},"product_brand":[],"product_cat":[15],"product_tag":[],"class_list":{"0":"post-33952","1":"product","2":"type-product","3":"status-publish","4":"has-post-thumbnail","6":"product_cat-uncategorized","7":"pa_45027_sfn7q18m-1-st","8":"pa_45027_sfn7q18m-3-st","9":"pa_45027_sfn7q18m-5-st","10":"desktop-align-left","11":"tablet-align-left","12":"mobile-align-left","14":"first","15":"instock","16":"shipping-taxable","17":"purchasable","18":"product-type-variable"},"_links":{"self":[{"href":"https:\/\/keluvo.com\/se\/wp-json\/wp\/v2\/product\/33952","targetHints":{"allow":["GET"]}}],"collection":[{"href":"https:\/\/keluvo.com\/se\/wp-json\/wp\/v2\/product"}],"about":[{"href":"https:\/\/keluvo.com\/se\/wp-json\/wp\/v2\/types\/product"}],"replies":[{"embeddable":true,"href":"https:\/\/keluvo.com\/se\/wp-json\/wp\/v2\/comments?post=33952"}],"wp:featuredmedia":[{"embeddable":true,"href":"https:\/\/keluvo.com\/se\/wp-json\/wp\/v2\/media\/33948"}],"wp:attachment":[{"href":"https:\/\/keluvo.com\/se\/wp-json\/wp\/v2\/media?parent=33952"}],"wp:term":[{"taxonomy":"product_brand","embeddable":true,"href":"https:\/\/keluvo.com\/se\/wp-json\/wp\/v2\/product_brand?post=33952"},{"taxonomy":"product_cat","embeddable":true,"href":"https:\/\/keluvo.com\/se\/wp-json\/wp\/v2\/product_cat?post=33952"},{"taxonomy":"product_tag","embeddable":true,"href":"https:\/\/keluvo.com\/se\/wp-json\/wp\/v2\/product_tag?post=33952"}],"curies":[{"name":"wp","href":"https:\/\/api.w.org\/{rel}","templated":true}]}}