{"id":33917,"date":"2025-09-18T18:57:05","date_gmt":"2025-09-18T15:57:05","guid":{"rendered":"https:\/\/keluvo.com\/se\/product\/muggar-av-glas\/"},"modified":"2025-09-19T16:57:54","modified_gmt":"2025-09-19T13:57:54","slug":"muggar-av-glas","status":"publish","type":"product","link":"https:\/\/keluvo.com\/se\/product\/muggar-av-glas\/","title":{"rendered":"Muggar av glas"},"content":{"rendered":"<p style=\"text-align: center\" data-start=\"67\" data-end=\"296\"><strong>Drick Med Stil Och Blommande Sk\u00f6nhet \ud83c\udf38\u2615<\/strong><\/p>\n<p style=\"text-align: center\" data-start=\"67\" data-end=\"296\">De h\u00e4r eleganta glasmuggarna med blommor g\u00f6r ditt vardagliga kaffe eller te till ett \u00f6gonblick av ren gl\u00e4dje. Varje mugg \u00e4r handbl\u00e5st och fylld med livfulla blomm\u00f6nster som f\u00e5r varje klunk att k\u00e4nnas som v\u00e5r. Oavsett om du serverar iskall latte eller varmt \u00f6rtte, ger det h\u00e4r glaset charm till alla tillf\u00e4llen &#8211; och \u00e4r dessutom en underbar present.<\/p>\n<p data-start=\"67\" data-end=\"296\"><img decoding=\"async\" class=\"size-full wp-image-25537 aligncenter\" src=\"https:\/\/keluvo.com\/template\/wp-content\/uploads\/sites\/5\/2025\/06\/7080fda0-6499-48f8-b9d9-994945f44098_480x480.webp\" alt=\"\" \/><\/p>\n<h2 style=\"text-align: center\" data-start=\"424\" data-end=\"446\"><strong>Huvudf\u00f6rdelar<\/strong><\/h2>\n<p data-start=\"449\" data-end=\"495\">\ud83c\udf3a Vacker handbl\u00e5st blomdesign<\/p>\n<p data-start=\"498\" data-end=\"541\">\ud83d\udd25\u2744\ufe0f Perfekt f\u00f6r b\u00e5de varma och kalla drycker<\/p>\n<p data-start=\"544\" data-end=\"594\">\ud83c\udf3f Ger elegans till alla k\u00f6k eller dukningar<\/p>\n<p data-start=\"597\" data-end=\"640\">\ud83c\udf81 Perfekt f\u00f6r g\u00e5vor eller egenv\u00e5rd moments<\/p>\n<p data-start=\"643\" data-end=\"687\">\ud83d\udd90\ufe0f Varje mugg \u00e4r unik och hantverksm\u00e4ssigt tillverkad<\/p>\n<p data-start=\"643\" data-end=\"687\"><img decoding=\"async\" class=\"size-full wp-image-25536 aligncenter\" src=\"https:\/\/keluvo.com\/template\/wp-content\/uploads\/sites\/5\/2025\/06\/052fd27f-13f0-4853-8758-bf78a8403a5e.webp\" alt=\"\" \/><\/p>\n<h2 style=\"text-align: center\" data-start=\"689\" data-end=\"710\"><strong>Hur Man Anv\u00e4nder<\/strong><\/h2>\n<ol data-start=\"711\" data-end=\"826\">\n<li data-start=\"711\" data-end=\"750\">\n<p data-start=\"714\" data-end=\"750\">H\u00e4ll upp din favoritdryck.<\/p>\n<\/li>\n<li data-start=\"751\" data-end=\"789\">\n<p data-start=\"754\" data-end=\"789\">Smutta l\u00e5ngsamt och njut av sk\u00f6nheten.<\/p>\n<\/li>\n<\/ol>\n<h2 style=\"text-align: center\" data-start=\"828\" data-end=\"853\"><strong>Produktdetaljer<\/strong><\/h2>\n<ul data-start=\"854\" data-end=\"1004\">\n<li data-start=\"854\" data-end=\"883\">\n<p data-start=\"856\" data-end=\"883\">Material: handbl\u00e5st glas<\/p>\n<\/li>\n<li data-start=\"884\" data-end=\"923\">\n<p data-start=\"886\" data-end=\"923\">Design: inv\u00e4ndiga 3D-blommor<\/p>\n<\/li>\n<li data-start=\"924\" data-end=\"963\">\n<p data-start=\"926\" data-end=\"963\">Anv\u00e4ndning: l\u00e4mplig f\u00f6r varma och kalla drycker<\/p>\n<\/li>\n<li data-start=\"924\" data-end=\"963\">250 ml<\/li>\n<\/ul>\n<h2 style=\"text-align: center\" data-start=\"1006\" data-end=\"1032\"><strong>Paketet Inneh\u00e5ller<\/strong><\/h2>\n<ul data-start=\"1033\" data-end=\"1085\">\n<li data-start=\"1033\" data-end=\"1085\">\n<p data-start=\"1035\" data-end=\"1085\">1, 2, 4x blossom glasmuggar.<\/p>\n<\/li>\n<\/ul>\n<p data-start=\"1087\" data-end=\"1132\">\n","protected":false},"excerpt":{"rendered":"<p>Drick Med Stil Och Blommande Sk\u00f6nhet \ud83c\udf38\u2615 De h\u00e4r eleganta glasmuggarna med blommor g\u00f6r ditt vardagliga kaffe eller te till [&hellip;]<\/p>\n","protected":false},"featured_media":33913,"comment_status":"open","ping_status":"closed","template":"","meta":{"site-sidebar-layout":"default","site-content-layout":"","ast-site-content-layout":"default","site-content-style":"default","site-sidebar-style":"default","ast-global-header-display":"","ast-banner-title-visibility":"","ast-main-header-display":"","ast-hfb-above-header-display":"","ast-hfb-below-header-display":"","ast-hfb-mobile-header-display":"","site-post-title":"","ast-breadcrumbs-content":"","ast-featured-img":"","footer-sml-layout":"","theme-transparent-header-meta":"default","adv-header-id-meta":"","stick-header-meta":"","header-above-stick-meta":"","header-main-stick-meta":"","header-below-stick-meta":"","astra-migrate-meta-layouts":"set","ast-page-background-enabled":"default","ast-page-background-meta":{"desktop":{"background-color":"var(--ast-global-color-4)","background-image":"","background-repeat":"repeat","background-position":"center center","background-size":"auto","background-attachment":"scroll","background-type":"","background-media":"","overlay-type":"","overlay-color":"","overlay-opacity":"","overlay-gradient":""},"tablet":{"background-color":"","background-image":"","background-repeat":"repeat","background-position":"center center","background-size":"auto","background-attachment":"scroll","background-type":"","background-media":"","overlay-type":"","overlay-color":"","overlay-opacity":"","overlay-gradient":""},"mobile":{"background-color":"","background-image":"","background-repeat":"repeat","background-position":"center center","background-size":"auto","background-attachment":"scroll","background-type":"","background-media":"","overlay-type":"","overlay-color":"","overlay-opacity":"","overlay-gradient":""}},"ast-content-background-meta":{"desktop":{"background-color":"var(--ast-global-color-5)","background-image":"","background-repeat":"repeat","background-position":"center center","background-size":"auto","background-attachment":"scroll","background-type":"","background-media":"","overlay-type":"","overlay-color":"","overlay-opacity":"","overlay-gradient":""},"tablet":{"background-color":"var(--ast-global-color-5)","background-image":"","background-repeat":"repeat","background-position":"center center","background-size":"auto","background-attachment":"scroll","background-type":"","background-media":"","overlay-type":"","overlay-color":"","overlay-opacity":"","overlay-gradient":""},"mobile":{"background-color":"var(--ast-global-color-5)","background-image":"","background-repeat":"repeat","background-position":"center center","background-size":"auto","background-attachment":"scroll","background-type":"","background-media":"","overlay-type":"","overlay-color":"","overlay-opacity":"","overlay-gradient":""}}},"product_brand":[],"product_cat":[1001],"product_tag":[],"class_list":{"0":"post-33917","1":"product","2":"type-product","3":"status-publish","4":"has-post-thumbnail","6":"product_cat-household-goods","7":"pa_31337_0518qo4i-1-st","8":"pa_31337_0518qo4i-2-st","9":"pa_31337_0518qo4i-4-st","10":"desktop-align-left","11":"tablet-align-left","12":"mobile-align-left","14":"first","15":"instock","16":"shipping-taxable","17":"purchasable","18":"product-type-variable"},"_links":{"self":[{"href":"https:\/\/keluvo.com\/se\/wp-json\/wp\/v2\/product\/33917","targetHints":{"allow":["GET"]}}],"collection":[{"href":"https:\/\/keluvo.com\/se\/wp-json\/wp\/v2\/product"}],"about":[{"href":"https:\/\/keluvo.com\/se\/wp-json\/wp\/v2\/types\/product"}],"replies":[{"embeddable":true,"href":"https:\/\/keluvo.com\/se\/wp-json\/wp\/v2\/comments?post=33917"}],"wp:featuredmedia":[{"embeddable":true,"href":"https:\/\/keluvo.com\/se\/wp-json\/wp\/v2\/media\/33913"}],"wp:attachment":[{"href":"https:\/\/keluvo.com\/se\/wp-json\/wp\/v2\/media?parent=33917"}],"wp:term":[{"taxonomy":"product_brand","embeddable":true,"href":"https:\/\/keluvo.com\/se\/wp-json\/wp\/v2\/product_brand?post=33917"},{"taxonomy":"product_cat","embeddable":true,"href":"https:\/\/keluvo.com\/se\/wp-json\/wp\/v2\/product_cat?post=33917"},{"taxonomy":"product_tag","embeddable":true,"href":"https:\/\/keluvo.com\/se\/wp-json\/wp\/v2\/product_tag?post=33917"}],"curies":[{"name":"wp","href":"https:\/\/api.w.org\/{rel}","templated":true}]}}