{"id":33908,"date":"2025-09-18T18:56:23","date_gmt":"2025-09-18T15:56:23","guid":{"rendered":"https:\/\/keluvo.com\/se\/product\/bradspel\/"},"modified":"2025-09-30T11:18:59","modified_gmt":"2025-09-30T08:18:59","slug":"bradspel","status":"publish","type":"product","link":"https:\/\/keluvo.com\/se\/product\/bradspel\/","title":{"rendered":"Br\u00e4dspel"},"content":{"rendered":"<p style=\"text-align: center\" data-start=\"67\" data-end=\"337\"><strong>Ta med sp\u00e4nningen i curling till ditt bord! \ud83e\udd4c\ud83c\udfaf<\/strong><\/p>\n<p style=\"text-align: center\" data-start=\"67\" data-end=\"337\">Detta br\u00e4dspel \u00e4r det perfekta s\u00e4ttet att knyta an till familj och v\u00e4nner &#8211; ingen isbana beh\u00f6vs! Dess sl\u00e4ta, glidliknande yta efterliknar riktig curling och ger dig allt det roliga med sporten i en kompakt, b\u00e4rbar version. Den \u00e4r l\u00e4tt att s\u00e4tta upp och rolig f\u00f6r alla \u00e5ldrar, perfekt f\u00f6r fester, resor eller underh\u00e5llning under regniga dagar.<\/p>\n<p data-start=\"67\" data-end=\"337\"><img decoding=\"async\" class=\"size-full wp-image-25530 aligncenter\" src=\"https:\/\/keluvo.com\/template\/wp-content\/uploads\/sites\/5\/2025\/06\/GIF11.webp\" alt=\"\" \/><\/p>\n<h2 style=\"text-align: center\" data-start=\"437\" data-end=\"459\"><strong>Huvudf\u00f6rdelar<\/strong><\/h2>\n<p data-start=\"462\" data-end=\"507\">\ud83e\udd73 Perfekt f\u00f6r 2-8 spelare &#8211; kul f\u00f6r alla \u00e5ldrar<\/p>\n<p data-start=\"510\" data-end=\"559\">\u2728 Realistisk isliknande yta f\u00f6r smidigt spel<\/p>\n<p data-start=\"562\" data-end=\"619\">\ud83e\udde0 Kombinerar strategi, precision och lite tur<\/p>\n<p data-start=\"622\" data-end=\"682\">\ud83d\udce6 L\u00e4tt och kompakt &#8211; enkel att f\u00f6rvara och resa med<\/p>\n<p data-start=\"685\" data-end=\"739\">\ud83c\udf89 Perfekt f\u00f6r spelkv\u00e4llar, familjetid och parties<\/p>\n<p data-start=\"685\" data-end=\"739\"><img decoding=\"async\" class=\"size-full wp-image-25529 aligncenter\" src=\"https:\/\/keluvo.com\/template\/wp-content\/uploads\/sites\/5\/2025\/06\/6_448636cb-8c3f-4490-bb43-ca1406df0a9d_480x480.webp\" alt=\"\" \/><\/p>\n<h2 style=\"text-align: center\" data-start=\"741\" data-end=\"762\"><strong>Hur man anv\u00e4nder<\/strong><\/h2>\n<ol data-start=\"763\" data-end=\"934\">\n<li data-start=\"763\" data-end=\"800\">\n<p data-start=\"766\" data-end=\"800\">Rulla ut mattan p\u00e5 en plan yta.<\/p>\n<\/li>\n<li data-start=\"801\" data-end=\"832\">\n<p data-start=\"804\" data-end=\"832\">Placera de magnetiska kanterna.<\/p>\n<\/li>\n<li data-start=\"833\" data-end=\"885\">\n<p data-start=\"836\" data-end=\"885\">Turas om att skjuta stenarna mot m\u00e5let.<\/p>\n<\/li>\n<li data-start=\"886\" data-end=\"934\">\n<p data-start=\"889\" data-end=\"934\">G\u00f6r po\u00e4ng och t\u00e4vla &#8211; precis som i riktig curling!<\/p>\n<\/li>\n<\/ol>\n<h2 style=\"text-align: center\" data-start=\"936\" data-end=\"961\"><strong>Produktdetaljer<\/strong><\/h2>\n<ul data-start=\"962\" data-end=\"1087\">\n<li data-start=\"962\" data-end=\"991\">\n<p data-start=\"964\" data-end=\"991\">Simulerar olympisk curling<\/p>\n<\/li>\n<li data-start=\"992\" data-end=\"1045\">\n<p data-start=\"994\" data-end=\"1045\">Flexibelt vinylmaterial med realistisk iseffekt<\/p>\n<\/li>\n<li data-start=\"1046\" data-end=\"1087\">\n<p data-start=\"1048\" data-end=\"1087\">T\u00e5lig, kompakt och resev\u00e4nlig<\/p>\n<\/li>\n<\/ul>\n<h2 style=\"text-align: center\" data-start=\"1089\" data-end=\"1115\"><strong>F\u00f6rpackningen inneh\u00e5ller<\/strong><\/h2>\n<ul data-start=\"1116\" data-end=\"1230\">\n<li data-start=\"1116\" data-end=\"1133\">\n<p data-start=\"1118\" data-end=\"1133\">1x f\u00f6rvaringsl\u00e5da<\/p>\n<\/li>\n<li data-start=\"1134\" data-end=\"1151\">\n<p data-start=\"1136\" data-end=\"1151\">1x curlingmatta<\/p>\n<\/li>\n<li data-start=\"1152\" data-end=\"1174\">\n<p data-start=\"1154\" data-end=\"1174\">2x magnetiska kanter<\/p>\n<\/li>\n<li data-start=\"1175\" data-end=\"1192\">\n<p data-start=\"1177\" data-end=\"1192\">4x bl\u00e5 stenar<\/p>\n<\/li>\n<li data-start=\"1193\" data-end=\"1212\">\n<p data-start=\"1195\" data-end=\"1212\">4x gula stenar<\/p>\n<\/li>\n<li data-start=\"1213\" data-end=\"1230\">\n<p data-start=\"1215\" data-end=\"1230\">1x bruksanvisning.<\/p>\n<\/li>\n<\/ul>\n","protected":false},"excerpt":{"rendered":"<p>Ta med sp\u00e4nningen i curling till ditt bord! \ud83e\udd4c\ud83c\udfaf Detta br\u00e4dspel \u00e4r det perfekta s\u00e4ttet att knyta an till familj [&hellip;]<\/p>\n","protected":false},"featured_media":33904,"comment_status":"open","ping_status":"closed","template":"","meta":{"site-sidebar-layout":"default","site-content-layout":"","ast-site-content-layout":"default","site-content-style":"default","site-sidebar-style":"default","ast-global-header-display":"","ast-banner-title-visibility":"","ast-main-header-display":"","ast-hfb-above-header-display":"","ast-hfb-below-header-display":"","ast-hfb-mobile-header-display":"","site-post-title":"","ast-breadcrumbs-content":"","ast-featured-img":"","footer-sml-layout":"","theme-transparent-header-meta":"default","adv-header-id-meta":"","stick-header-meta":"","header-above-stick-meta":"","header-main-stick-meta":"","header-below-stick-meta":"","astra-migrate-meta-layouts":"set","ast-page-background-enabled":"default","ast-page-background-meta":{"desktop":{"background-color":"var(--ast-global-color-4)","background-image":"","background-repeat":"repeat","background-position":"center center","background-size":"auto","background-attachment":"scroll","background-type":"","background-media":"","overlay-type":"","overlay-color":"","overlay-opacity":"","overlay-gradient":""},"tablet":{"background-color":"","background-image":"","background-repeat":"repeat","background-position":"center center","background-size":"auto","background-attachment":"scroll","background-type":"","background-media":"","overlay-type":"","overlay-color":"","overlay-opacity":"","overlay-gradient":""},"mobile":{"background-color":"","background-image":"","background-repeat":"repeat","background-position":"center center","background-size":"auto","background-attachment":"scroll","background-type":"","background-media":"","overlay-type":"","overlay-color":"","overlay-opacity":"","overlay-gradient":""}},"ast-content-background-meta":{"desktop":{"background-color":"var(--ast-global-color-5)","background-image":"","background-repeat":"repeat","background-position":"center center","background-size":"auto","background-attachment":"scroll","background-type":"","background-media":"","overlay-type":"","overlay-color":"","overlay-opacity":"","overlay-gradient":""},"tablet":{"background-color":"var(--ast-global-color-5)","background-image":"","background-repeat":"repeat","background-position":"center center","background-size":"auto","background-attachment":"scroll","background-type":"","background-media":"","overlay-type":"","overlay-color":"","overlay-opacity":"","overlay-gradient":""},"mobile":{"background-color":"var(--ast-global-color-5)","background-image":"","background-repeat":"repeat","background-position":"center center","background-size":"auto","background-attachment":"scroll","background-type":"","background-media":"","overlay-type":"","overlay-color":"","overlay-opacity":"","overlay-gradient":""}}},"product_brand":[],"product_cat":[990],"product_tag":[],"class_list":{"0":"post-33908","1":"product","2":"type-product","3":"status-publish","4":"has-post-thumbnail","6":"product_cat-toys-childrens-and-baby-products","7":"desktop-align-left","8":"tablet-align-left","9":"mobile-align-left","11":"first","12":"instock","13":"shipping-taxable","14":"purchasable","15":"product-type-simple"},"_links":{"self":[{"href":"https:\/\/keluvo.com\/se\/wp-json\/wp\/v2\/product\/33908","targetHints":{"allow":["GET"]}}],"collection":[{"href":"https:\/\/keluvo.com\/se\/wp-json\/wp\/v2\/product"}],"about":[{"href":"https:\/\/keluvo.com\/se\/wp-json\/wp\/v2\/types\/product"}],"replies":[{"embeddable":true,"href":"https:\/\/keluvo.com\/se\/wp-json\/wp\/v2\/comments?post=33908"}],"wp:featuredmedia":[{"embeddable":true,"href":"https:\/\/keluvo.com\/se\/wp-json\/wp\/v2\/media\/33904"}],"wp:attachment":[{"href":"https:\/\/keluvo.com\/se\/wp-json\/wp\/v2\/media?parent=33908"}],"wp:term":[{"taxonomy":"product_brand","embeddable":true,"href":"https:\/\/keluvo.com\/se\/wp-json\/wp\/v2\/product_brand?post=33908"},{"taxonomy":"product_cat","embeddable":true,"href":"https:\/\/keluvo.com\/se\/wp-json\/wp\/v2\/product_cat?post=33908"},{"taxonomy":"product_tag","embeddable":true,"href":"https:\/\/keluvo.com\/se\/wp-json\/wp\/v2\/product_tag?post=33908"}],"curies":[{"name":"wp","href":"https:\/\/api.w.org\/{rel}","templated":true}]}}