{"id":33856,"date":"2025-09-18T18:53:30","date_gmt":"2025-09-18T15:53:30","guid":{"rendered":"https:\/\/keluvo.com\/se\/product\/clips-for-sanglakan\/"},"modified":"2025-09-30T11:19:19","modified_gmt":"2025-09-30T08:19:19","slug":"clips-for-sanglakan","status":"publish","type":"product","link":"https:\/\/keluvo.com\/se\/product\/clips-for-sanglakan\/","title":{"rendered":"Clips f\u00f6r s\u00e4nglakan"},"content":{"rendered":"<p style=\"text-align: center\" data-start=\"67\" data-end=\"214\"><strong>Inga Fler R\u00f6riga Eller Skrynkliga Lakan! \ud83d\udecf\ufe0f\u2728<\/strong><\/p>\n<p style=\"text-align: center\" data-start=\"67\" data-end=\"214\">Dessa lakankl\u00e4mmor h\u00e5ller dina lakan perfekt p\u00e5 plats utan vassa stift eller irriterande kl\u00e4mmor. De \u00e4r enkla att anv\u00e4nda, s\u00e4kra f\u00f6r barn och husdjur och byggda f\u00f6r att h\u00e5lla dina lakan p\u00e5 plats hela natten. Skjut bara in dem i h\u00f6rnen p\u00e5 ditt underlakan och tryck &#8211; n\u00e4r de v\u00e4l \u00e4r l\u00e5sta sitter de kvar!<\/p>\n<p data-start=\"67\" data-end=\"214\"><img fetchpriority=\"high\" decoding=\"async\" class=\" wp-image-25486 aligncenter\" src=\"https:\/\/keluvo.com\/template\/wp-content\/uploads\/sites\/5\/2025\/06\/b06f19660ce1ac8b77352076d8935d0450d41dbf_480x480.webp\" alt=\"\" width=\"401\" height=\"401\" \/><\/p>\n<h2 style=\"text-align: center\" data-start=\"403\" data-end=\"425\"><strong>Huvudf\u00f6rdelar<\/strong><\/h2>\n<p data-start=\"428\" data-end=\"476\">\ud83e\uddf7 H\u00e5ller lakanen stadigt utan n\u00e5lar eller stift<\/p>\n<p data-start=\"479\" data-end=\"510\">\ud83d\udca1 L\u00e4tt att installera p\u00e5 n\u00e5gra sekunder<\/p>\n<p data-start=\"513\" data-end=\"573\">\ud83d\udcaa Tillverkad av h\u00f6gkvalitativ ABS-plast &#8211; stark och h\u00e5llbar<\/p>\n<p data-start=\"576\" data-end=\"618\">\ud83e\uddf8 S\u00e4ker f\u00f6r alla \u00e5ldrar &#8211; ingen risk f\u00f6r skador<\/p>\n<p data-start=\"621\" data-end=\"676\">\ud83c\udf08 S\u00f6t hj\u00e4rtdesign ger en rolig touch till ditt bedding<\/p>\n<p data-start=\"621\" data-end=\"676\"><img decoding=\"async\" class=\"size-full wp-image-25487 aligncenter\" src=\"https:\/\/keluvo.com\/template\/wp-content\/uploads\/sites\/5\/2025\/06\/1_af79615e-c4ca-494e-b3dc-36dc0654c86f_480x480.webp\" alt=\"\" \/><\/p>\n<h2 style=\"text-align: center\" data-start=\"678\" data-end=\"699\"><strong>Hur Man Anv\u00e4nder<\/strong><\/h2>\n<ol data-start=\"700\" data-end=\"845\">\n<li data-start=\"700\" data-end=\"741\">\n<p data-start=\"703\" data-end=\"741\">Rulla in ditt lakanh\u00f6rn i kl\u00e4mman.<\/p>\n<\/li>\n<li data-start=\"742\" data-end=\"790\">\n<p data-start=\"745\" data-end=\"790\">Skjut in proppen och tryck fast den.<\/p>\n<\/li>\n<li data-start=\"791\" data-end=\"845\">\n<p data-start=\"794\" data-end=\"845\">Klart &#8211; ditt lakan kommer inte att glida eller bunta ihop sig l\u00e4ngre!<\/p>\n<\/li>\n<\/ol>\n<h2 style=\"text-align: center\" data-start=\"847\" data-end=\"872\"><strong>Produktdetaljer<\/strong><\/h2>\n<ul data-start=\"873\" data-end=\"974\">\n<li data-start=\"873\" data-end=\"898\">\n<p data-start=\"875\" data-end=\"898\">Material: ABS-plast<\/p>\n<\/li>\n<li data-start=\"899\" data-end=\"933\">\n<p data-start=\"901\" data-end=\"933\">Storlek: 5,5 cm \u00d7 3,5 cm \u00d7 3,5 cm<\/p>\n<\/li>\n<li data-start=\"934\" data-end=\"956\">\n<p data-start=\"936\" data-end=\"956\">F\u00e4rger: rosa, bl\u00e5<\/p>\n<\/li>\n<li data-start=\"957\" data-end=\"974\">\n<p data-start=\"959\" data-end=\"974\">Vikt: 130 g<\/p>\n<\/li>\n<\/ul>\n<h2 style=\"text-align: center\" data-start=\"976\" data-end=\"1002\"><strong>I Paketet Ing\u00e5r<\/strong><\/h2>\n<ul data-start=\"1003\" data-end=\"1081\">\n<li data-start=\"1003\" data-end=\"1057\">\n<p data-start=\"1005\" data-end=\"1057\">6, 12x kl\u00e4mmor f\u00f6r lakan.<\/p>\n<\/li>\n<\/ul>\n","protected":false},"excerpt":{"rendered":"<p>Inga Fler R\u00f6riga Eller Skrynkliga Lakan! \ud83d\udecf\ufe0f\u2728 Dessa lakankl\u00e4mmor h\u00e5ller dina lakan perfekt p\u00e5 plats utan vassa stift eller irriterande [&hellip;]<\/p>\n","protected":false},"featured_media":33852,"comment_status":"open","ping_status":"closed","template":"","meta":{"site-sidebar-layout":"default","site-content-layout":"","ast-site-content-layout":"default","site-content-style":"default","site-sidebar-style":"default","ast-global-header-display":"","ast-banner-title-visibility":"","ast-main-header-display":"","ast-hfb-above-header-display":"","ast-hfb-below-header-display":"","ast-hfb-mobile-header-display":"","site-post-title":"","ast-breadcrumbs-content":"","ast-featured-img":"","footer-sml-layout":"","theme-transparent-header-meta":"default","adv-header-id-meta":"","stick-header-meta":"","header-above-stick-meta":"","header-main-stick-meta":"","header-below-stick-meta":"","astra-migrate-meta-layouts":"set","ast-page-background-enabled":"default","ast-page-background-meta":{"desktop":{"background-color":"var(--ast-global-color-4)","background-image":"","background-repeat":"repeat","background-position":"center center","background-size":"auto","background-attachment":"scroll","background-type":"","background-media":"","overlay-type":"","overlay-color":"","overlay-opacity":"","overlay-gradient":""},"tablet":{"background-color":"","background-image":"","background-repeat":"repeat","background-position":"center center","background-size":"auto","background-attachment":"scroll","background-type":"","background-media":"","overlay-type":"","overlay-color":"","overlay-opacity":"","overlay-gradient":""},"mobile":{"background-color":"","background-image":"","background-repeat":"repeat","background-position":"center center","background-size":"auto","background-attachment":"scroll","background-type":"","background-media":"","overlay-type":"","overlay-color":"","overlay-opacity":"","overlay-gradient":""}},"ast-content-background-meta":{"desktop":{"background-color":"var(--ast-global-color-5)","background-image":"","background-repeat":"repeat","background-position":"center center","background-size":"auto","background-attachment":"scroll","background-type":"","background-media":"","overlay-type":"","overlay-color":"","overlay-opacity":"","overlay-gradient":""},"tablet":{"background-color":"var(--ast-global-color-5)","background-image":"","background-repeat":"repeat","background-position":"center center","background-size":"auto","background-attachment":"scroll","background-type":"","background-media":"","overlay-type":"","overlay-color":"","overlay-opacity":"","overlay-gradient":""},"mobile":{"background-color":"var(--ast-global-color-5)","background-image":"","background-repeat":"repeat","background-position":"center center","background-size":"auto","background-attachment":"scroll","background-type":"","background-media":"","overlay-type":"","overlay-color":"","overlay-opacity":"","overlay-gradient":""}}},"product_brand":[],"product_cat":[1001],"product_tag":[],"class_list":{"0":"post-33856","1":"product","2":"type-product","3":"status-publish","4":"has-post-thumbnail","6":"product_cat-household-goods","7":"pa_37535_a1z783gd-bla","8":"pa_37535_a1z783gd-rosa","9":"pa_37535_s63txytm-4-st","10":"pa_37535_s63txytm-6-st","11":"pa_37535_s63txytm-12-st","12":"desktop-align-left","13":"tablet-align-left","14":"mobile-align-left","16":"first","17":"instock","18":"shipping-taxable","19":"purchasable","20":"product-type-variable","21":"has-default-attributes"},"_links":{"self":[{"href":"https:\/\/keluvo.com\/se\/wp-json\/wp\/v2\/product\/33856","targetHints":{"allow":["GET"]}}],"collection":[{"href":"https:\/\/keluvo.com\/se\/wp-json\/wp\/v2\/product"}],"about":[{"href":"https:\/\/keluvo.com\/se\/wp-json\/wp\/v2\/types\/product"}],"replies":[{"embeddable":true,"href":"https:\/\/keluvo.com\/se\/wp-json\/wp\/v2\/comments?post=33856"}],"wp:featuredmedia":[{"embeddable":true,"href":"https:\/\/keluvo.com\/se\/wp-json\/wp\/v2\/media\/33852"}],"wp:attachment":[{"href":"https:\/\/keluvo.com\/se\/wp-json\/wp\/v2\/media?parent=33856"}],"wp:term":[{"taxonomy":"product_brand","embeddable":true,"href":"https:\/\/keluvo.com\/se\/wp-json\/wp\/v2\/product_brand?post=33856"},{"taxonomy":"product_cat","embeddable":true,"href":"https:\/\/keluvo.com\/se\/wp-json\/wp\/v2\/product_cat?post=33856"},{"taxonomy":"product_tag","embeddable":true,"href":"https:\/\/keluvo.com\/se\/wp-json\/wp\/v2\/product_tag?post=33856"}],"curies":[{"name":"wp","href":"https:\/\/api.w.org\/{rel}","templated":true}]}}